{"id":98,"date":"2025-04-02T13:13:16","date_gmt":"2025-04-02T11:13:16","guid":{"rendered":"https:\/\/virtuscollege.com\/?page_id=98"},"modified":"2026-04-30T10:13:29","modified_gmt":"2026-04-30T08:13:29","slug":"comida-saludable-en-virtus-college","status":"publish","type":"page","link":"https:\/\/virtuscollege.com\/es\/vida-escolar\/comida-saludable-en-virtus-college\/","title":{"rendered":"Comedor"},"content":{"rendered":"\t\t<div data-elementor-type=\"wp-page\" data-elementor-id=\"98\" class=\"elementor elementor-98\" data-elementor-post-type=\"page\">\n\t\t\t\t<div class=\"elementor-element elementor-element-75af7e39 e-con-full e-flex e-con e-parent\" data-id=\"75af7e39\" data-element_type=\"container\" data-e-type=\"container\">\n\t\t\t\t<div class=\"elementor-element elementor-element-191688c5 elementor-widget__width-auto elementor-absolute elementor-widget elementor-widget-heading\" data-id=\"191688c5\" data-element_type=\"widget\" data-e-type=\"widget\" data-settings=\"{&quot;_position&quot;:&quot;absolute&quot;}\" data-widget_type=\"heading.default\">\n\t\t\t\t<div class=\"elementor-widget-container\">\n\t\t\t\t\t<h2 class=\"elementor-heading-title elementor-size-default\"><span style=\"color: #fff\">Comedor<\/span>.<\/h2>\t\t\t\t<\/div>\n\t\t\t\t<\/div>\n\t\t\t\t<div class=\"elementor-element elementor-element-453ac792 elementor-widget elementor-widget-text-editor\" data-id=\"453ac792\" data-element_type=\"widget\" data-e-type=\"widget\" data-widget_type=\"text-editor.default\">\n\t\t\t\t<div class=\"elementor-widget-container\">\n\t\t\t\t\t\t\t\t\t<p>En Virtus College adoptamos una visi\u00f3n cuidadosa y responsable de la nutrici\u00f3n. Cada d\u00eda servimos platos frescos y deliciosos, preparados sin aditivos ni ingredientes procesados, garantizando que nuestros estudiantes disfruten de una alimentaci\u00f3n sana, equilibrada y sostenible, en l\u00ednea con nuestro compromiso con el bienestar y la salud integral.<\/p>\t\t\t\t\t\t\t\t<\/div>\n\t\t\t\t<\/div>\n\t\t\t\t<\/div>\n\t\t<div class=\"elementor-element elementor-element-457bb35d e-con-full e-flex e-con e-parent\" data-id=\"457bb35d\" data-element_type=\"container\" data-e-type=\"container\">\n\t\t<div class=\"elementor-element elementor-element-6fbd7a20 e-flex e-con-boxed e-con e-child\" data-id=\"6fbd7a20\" data-element_type=\"container\" data-e-type=\"container\">\n\t\t\t\t\t<div class=\"e-con-inner\">\n\t\t\t\t<div class=\"elementor-element elementor-element-5b8521a4 elementor-widget elementor-widget-heading\" data-id=\"5b8521a4\" data-element_type=\"widget\" data-e-type=\"widget\" data-widget_type=\"heading.default\">\n\t\t\t\t<div class=\"elementor-widget-container\">\n\t\t\t\t\t<h4 class=\"elementor-heading-title elementor-size-default\">Nos tomamos<span style=\"color: #BF9A58\"> la nutrici\u00f3n muy en serio<\/span>.<\/h4>\t\t\t\t<\/div>\n\t\t\t\t<\/div>\n\t\t\t\t<div class=\"elementor-element elementor-element-23b1cbf0 elementor-widget elementor-widget-text-editor\" data-id=\"23b1cbf0\" data-element_type=\"widget\" data-e-type=\"widget\" data-widget_type=\"text-editor.default\">\n\t\t\t\t<div class=\"elementor-widget-container\">\n\t\t\t\t\t\t\t\t\t<p><span style=\"font-weight: 400;\">La comida se sirve a diario para todos nuestros alumnos, complementada cada ma\u00f1ana en el primer recreo con fruta fresca y yogur natural. Contamos con <\/span><b>una de las mejores empresas de catering de Madrid<\/b><span style=\"font-weight: 400;\">, que prepara los men\u00fas diariamente utilizando \u00fanicamente ingredientes <\/span><b>100% ecol\u00f3gicos certificados<\/b><span style=\"font-weight: 400;\">. De este modo, aseguramos que todos los alimentos est\u00e9n libres de productos qu\u00edmicos (pesticidas, conservantes, estabilizantes, colorantes, etc.), az\u00facares a\u00f1adidos y grasas saturadas. Adem\u00e1s, los platos nunca son fritos y est\u00e1n elaborados sin lactosa, harinas ni huevos, lo que los convierte en comidas m\u00e1s saludables y f\u00e1ciles de digerir. Por supuesto, adaptamos cada men\u00fa a cualquier intolerancia o alergia alimentaria que presente el alumnado.<\/span><\/p><p><span style=\"font-weight: 400;\">Nuestro catering es original y diferente, compartiendo plenamente nuestro compromiso con la salud, la alimentaci\u00f3n equilibrada y el respeto al medioambiente. Gracias al uso de ingredientes de origen ecol\u00f3gico y de materiales reciclables, tambi\u00e9n contribuimos activamente a la sostenibilidad de nuestro planeta.<\/span><\/p><p><strong>Consulta nuestro menu dise\u00f1ado para ofrecer una experiencia gastron\u00f3mica saludable, variada y sabrosa.<\/strong><\/p>\t\t\t\t\t\t\t\t<\/div>\n\t\t\t\t<\/div>\n\t\t\t\t<div class=\"elementor-element elementor-element-7ca1ed5a elementor-align-left elementor-mobile-align-center elementor-widget elementor-widget-button\" data-id=\"7ca1ed5a\" data-element_type=\"widget\" data-e-type=\"widget\" data-widget_type=\"button.default\">\n\t\t\t\t<div class=\"elementor-widget-container\">\n\t\t\t\t\t\t\t\t\t<div class=\"elementor-button-wrapper\">\n\t\t\t\t\t<a class=\"elementor-button elementor-button-link elementor-size-sm\" href=\"https:\/\/virtuscollege.com\/wp-content\/uploads\/2026\/04\/MENU-MAYO-2026-VIRTUS-COLLEGE.pdf\" target=\"_blank\">\n\t\t\t\t\t\t<span class=\"elementor-button-content-wrapper\">\n\t\t\t\t\t\t\t\t\t<span class=\"elementor-button-text\">descargar men\u00fa<\/span>\n\t\t\t\t\t<\/span>\n\t\t\t\t\t<\/a>\n\t\t\t\t<\/div>\n\t\t\t\t\t\t\t\t<\/div>\n\t\t\t\t<\/div>\n\t\t\t\t\t<\/div>\n\t\t\t\t<\/div>\n\t\t<div class=\"elementor-element elementor-element-9e9afe2 e-con-full e-flex e-con e-child\" data-id=\"9e9afe2\" data-element_type=\"container\" data-e-type=\"container\" data-settings=\"{&quot;background_background&quot;:&quot;classic&quot;}\">\n\t\t\t\t<div class=\"elementor-element elementor-element-68542b44 elementor-widget elementor-widget-spacer\" data-id=\"68542b44\" data-element_type=\"widget\" data-e-type=\"widget\" data-widget_type=\"spacer.default\">\n\t\t\t\t<div class=\"elementor-widget-container\">\n\t\t\t\t\t\t\t<div class=\"elementor-spacer\">\n\t\t\t<div class=\"elementor-spacer-inner\"><\/div>\n\t\t<\/div>\n\t\t\t\t\t\t<\/div>\n\t\t\t\t<\/div>\n\t\t\t\t<\/div>\n\t\t\t\t<\/div>\n\t\t\t\t<\/div>\n\t\t","protected":false},"excerpt":{"rendered":"<p>Comedor. En Virtus College adoptamos una visi\u00f3n cuidadosa y responsable de la nutrici\u00f3n. Cada d\u00eda servimos platos frescos y deliciosos, preparados sin aditivos ni ingredientes procesados, garantizando que nuestros estudiantes disfruten de una alimentaci\u00f3n sana, equilibrada y sostenible, en l\u00ednea con nuestro compromiso con el bienestar y la salud integral. Nos tomamos la nutrici\u00f3n muy [&hellip;]<\/p>\n","protected":false},"author":2,"featured_media":1809,"parent":84,"menu_order":0,"comment_status":"closed","ping_status":"closed","template":"","meta":{"_acf_changed":false,"footnotes":""},"class_list":["post-98","page","type-page","status-publish","has-post-thumbnail","hentry"],"acf":[],"_links":{"self":[{"href":"https:\/\/virtuscollege.com\/es\/wp-json\/wp\/v2\/pages\/98","targetHints":{"allow":["GET"]}}],"collection":[{"href":"https:\/\/virtuscollege.com\/es\/wp-json\/wp\/v2\/pages"}],"about":[{"href":"https:\/\/virtuscollege.com\/es\/wp-json\/wp\/v2\/types\/page"}],"author":[{"embeddable":true,"href":"https:\/\/virtuscollege.com\/es\/wp-json\/wp\/v2\/users\/2"}],"replies":[{"embeddable":true,"href":"https:\/\/virtuscollege.com\/es\/wp-json\/wp\/v2\/comments?post=98"}],"version-history":[{"count":62,"href":"https:\/\/virtuscollege.com\/es\/wp-json\/wp\/v2\/pages\/98\/revisions"}],"predecessor-version":[{"id":11763,"href":"https:\/\/virtuscollege.com\/es\/wp-json\/wp\/v2\/pages\/98\/revisions\/11763"}],"up":[{"embeddable":true,"href":"https:\/\/virtuscollege.com\/es\/wp-json\/wp\/v2\/pages\/84"}],"wp:featuredmedia":[{"embeddable":true,"href":"https:\/\/virtuscollege.com\/es\/wp-json\/wp\/v2\/media\/1809"}],"wp:attachment":[{"href":"https:\/\/virtuscollege.com\/es\/wp-json\/wp\/v2\/media?parent=98"}],"curies":[{"name":"wp","href":"https:\/\/api.w.org\/{rel}","templated":true}]}}