{"id":96,"date":"2025-04-02T13:12:49","date_gmt":"2025-04-02T11:12:49","guid":{"rendered":"https:\/\/virtuscollege.com\/?page_id=96"},"modified":"2025-11-27T17:50:47","modified_gmt":"2025-11-27T16:50:47","slug":"deportes-y-clubes-extracurriculares","status":"publish","type":"page","link":"https:\/\/virtuscollege.com\/es\/vida-escolar\/deportes-y-clubes-extracurriculares\/","title":{"rendered":"Deportes"},"content":{"rendered":"\t\t<div data-elementor-type=\"wp-page\" data-elementor-id=\"96\" class=\"elementor elementor-96\" data-elementor-post-type=\"page\">\n\t\t\t\t<div class=\"elementor-element elementor-element-b849018 e-con-full e-flex e-con e-parent\" data-id=\"b849018\" data-element_type=\"container\" data-e-type=\"container\">\n\t\t\t\t<div class=\"elementor-element elementor-element-42e6899 elementor-widget__width-auto elementor-absolute elementor-widget elementor-widget-heading\" data-id=\"42e6899\" data-element_type=\"widget\" data-e-type=\"widget\" data-settings=\"{&quot;_position&quot;:&quot;absolute&quot;}\" data-widget_type=\"heading.default\">\n\t\t\t\t<div class=\"elementor-widget-container\">\n\t\t\t\t\t<h2 class=\"elementor-heading-title elementor-size-default\"><span style=\"color: #fff\">Deportes<\/span>.<\/h2>\t\t\t\t<\/div>\n\t\t\t\t<\/div>\n\t\t\t\t<div class=\"elementor-element elementor-element-a3c4e4b elementor-widget elementor-widget-text-editor\" data-id=\"a3c4e4b\" data-element_type=\"widget\" data-e-type=\"widget\" data-widget_type=\"text-editor.default\">\n\t\t\t\t<div class=\"elementor-widget-container\">\n\t\t\t\t\t\t\t\t\t<p>En Virtus College, el deporte es mucho m\u00e1s que una actividad: es un pilar fundamental para una vida sana y equilibrada. Nuestros estudiantes crecen y prosperan gracias a la pr\u00e1ctica regular de actividad f\u00edsica, desarrollando bienestar, resiliencia y esp\u00edritu de equipo como parte esencial de su recorrido educativo.<\/p>\t\t\t\t\t\t\t\t<\/div>\n\t\t\t\t<\/div>\n\t\t\t\t<\/div>\n\t\t<div class=\"elementor-element elementor-element-0918d17 e-con-full e-flex e-con e-parent\" data-id=\"0918d17\" data-element_type=\"container\" data-e-type=\"container\">\n\t\t<div class=\"elementor-element elementor-element-79d71d9 e-flex e-con-boxed e-con e-child\" data-id=\"79d71d9\" data-element_type=\"container\" data-e-type=\"container\">\n\t\t\t\t\t<div class=\"e-con-inner\">\n\t\t\t\t<div class=\"elementor-element elementor-element-95aa29c elementor-widget elementor-widget-heading\" data-id=\"95aa29c\" data-element_type=\"widget\" data-e-type=\"widget\" data-widget_type=\"heading.default\">\n\t\t\t\t<div class=\"elementor-widget-container\">\n\t\t\t\t\t<h4 class=\"elementor-heading-title elementor-size-default\">Un compromiso<span style=\"color: #BF9A58\">  con el deporte y el bienestar<\/span>.<\/h4>\t\t\t\t<\/div>\n\t\t\t\t<\/div>\n\t\t\t\t<div class=\"elementor-element elementor-element-eda1940 elementor-widget elementor-widget-text-editor\" data-id=\"eda1940\" data-element_type=\"widget\" data-e-type=\"widget\" data-widget_type=\"text-editor.default\">\n\t\t\t\t<div class=\"elementor-widget-container\">\n\t\t\t\t\t\t\t\t\t<p><span style=\"font-weight: 400;\">Reconocemos la importancia de un estilo de vida activo para apoyar tanto el bienestar f\u00edsico como el mental. En l\u00ednea con las recomendaciones de salud del Reino Unido y las cinco gu\u00edas de la NHS, el deporte forma parte integral de nuestro curr\u00edculo, garantizando que todos los alumnos disfruten de <\/span><b>sesiones semanales<\/b><span style=\"font-weight: 400;\"> enfocadas en mejorar su condici\u00f3n f\u00edsica, la comunicaci\u00f3n, la cooperaci\u00f3n y la resiliencia.<\/span><\/p><p><span style=\"font-weight: 400;\">Nuestros estudiantes disfrutan de una amplia variedad de disciplinas deportivas, entre ellas <\/span><b>baloncesto<\/b><span style=\"font-weight: 400;\">, <\/span><b>f\u00fatbol<\/b><span style=\"font-weight: 400;\">, <\/span><b>voleibol<\/b><span style=\"font-weight: 400;\">, <\/span><b>p\u00e1del<\/b><span style=\"font-weight: 400;\">, <\/span><b>tenis<\/b><span style=\"font-weight: 400;\"> y <\/span><b>gimnasia<\/b><span style=\"font-weight: 400;\">, fomentando la participaci\u00f3n y la pasi\u00f3n por el deporte en todos los niveles y habilidades.<\/span><\/p><p><span style=\"font-weight: 400;\">Para aquellos que aspiran a un rendimiento de \u00e9lite, nuestra alianza con la <a href=\"https:\/\/ess.school\/en\/\" target=\"_blank\" rel=\"noopener\">European School of Sports (ESS)<\/a> abre oportunidades \u00fanicas. Gracias a esta colaboraci\u00f3n, los alumnos que deseen dedicarse al deporte de alto nivel tienen acceso a <\/span><b>programas de alto rendimiento<\/b><span style=\"font-weight: 400;\">, con una beca del 10%, que les permite compaginar la excelencia deportiva con la ambici\u00f3n acad\u00e9mica.<\/span><\/p>\t\t\t\t\t\t\t\t<\/div>\n\t\t\t\t<\/div>\n\t\t\t\t<div class=\"elementor-element elementor-element-b4a3059 elementor-align-left elementor-mobile-align-center elementor-widget elementor-widget-button\" data-id=\"b4a3059\" data-element_type=\"widget\" data-e-type=\"widget\" data-widget_type=\"button.default\">\n\t\t\t\t<div class=\"elementor-widget-container\">\n\t\t\t\t\t\t\t\t\t<div class=\"elementor-button-wrapper\">\n\t\t\t\t\t<a class=\"elementor-button elementor-button-link elementor-size-sm\" href=\"https:\/\/virtuscollege.com\/es\/vida-escolar\/comida-saludable-en-virtus-college\/\">\n\t\t\t\t\t\t<span class=\"elementor-button-content-wrapper\">\n\t\t\t\t\t\t\t\t\t<span class=\"elementor-button-text\">Interesado en nutrici\u00f3n<\/span>\n\t\t\t\t\t<\/span>\n\t\t\t\t\t<\/a>\n\t\t\t\t<\/div>\n\t\t\t\t\t\t\t\t<\/div>\n\t\t\t\t<\/div>\n\t\t\t\t\t<\/div>\n\t\t\t\t<\/div>\n\t\t<div class=\"elementor-element elementor-element-5f30420 e-con-full e-flex e-con e-child\" data-id=\"5f30420\" data-element_type=\"container\" data-e-type=\"container\" data-settings=\"{&quot;background_background&quot;:&quot;classic&quot;}\">\n\t\t\t\t<div class=\"elementor-element elementor-element-04a7cd5 elementor-widget elementor-widget-spacer\" data-id=\"04a7cd5\" data-element_type=\"widget\" data-e-type=\"widget\" data-widget_type=\"spacer.default\">\n\t\t\t\t<div class=\"elementor-widget-container\">\n\t\t\t\t\t\t\t<div class=\"elementor-spacer\">\n\t\t\t<div class=\"elementor-spacer-inner\"><\/div>\n\t\t<\/div>\n\t\t\t\t\t\t<\/div>\n\t\t\t\t<\/div>\n\t\t\t\t<\/div>\n\t\t\t\t<\/div>\n\t\t<div class=\"elementor-element elementor-element-68a1739 e-flex e-con-boxed e-con e-parent\" data-id=\"68a1739\" data-element_type=\"container\" data-e-type=\"container\">\n\t\t\t\t\t<div class=\"e-con-inner\">\n\t\t\t\t<div class=\"elementor-element elementor-element-410b834 elementor-widget elementor-widget-heading\" data-id=\"410b834\" data-element_type=\"widget\" data-e-type=\"widget\" data-widget_type=\"heading.default\">\n\t\t\t\t<div class=\"elementor-widget-container\">\n\t\t\t\t\t<h4 class=\"elementor-heading-title elementor-size-default\">Oferta<span style=\"color: #BF9A58\"> deportiva<\/span>.<\/h4>\t\t\t\t<\/div>\n\t\t\t\t<\/div>\n\t\t<div class=\"elementor-element elementor-element-4d42f48 e-con-full e-flex e-con e-child\" data-id=\"4d42f48\" data-element_type=\"container\" data-e-type=\"container\">\n\t\t<div class=\"elementor-element elementor-element-bb43f53 e-con-full e-flex e-con e-child\" data-id=\"bb43f53\" data-element_type=\"container\" data-e-type=\"container\">\n\t\t\t\t<div class=\"elementor-element elementor-element-401e83e elementor-widget elementor-widget-heading\" data-id=\"401e83e\" data-element_type=\"widget\" data-e-type=\"widget\" data-widget_type=\"heading.default\">\n\t\t\t\t<div class=\"elementor-widget-container\">\n\t\t\t\t\t<h2 class=\"elementor-heading-title elementor-size-default\">Baloncesto<\/h2>\t\t\t\t<\/div>\n\t\t\t\t<\/div>\n\t\t\t\t<div class=\"elementor-element elementor-element-3b21bde elementor-widget elementor-widget-image\" data-id=\"3b21bde\" data-element_type=\"widget\" data-e-type=\"widget\" data-widget_type=\"image.default\">\n\t\t\t\t<div class=\"elementor-widget-container\">\n\t\t\t\t\t\t\t\t\t\t\t\t\t\t\t<img fetchpriority=\"high\" decoding=\"async\" width=\"800\" height=\"533\" src=\"https:\/\/virtuscollege.com\/wp-content\/uploads\/2025\/05\/Baloncesto.jpg\" class=\"attachment-large size-large wp-image-1022\" alt=\"\" srcset=\"https:\/\/virtuscollege.com\/wp-content\/uploads\/2025\/05\/Baloncesto.jpg 800w, https:\/\/virtuscollege.com\/wp-content\/uploads\/2025\/05\/Baloncesto-300x200.jpg 300w, https:\/\/virtuscollege.com\/wp-content\/uploads\/2025\/05\/Baloncesto-768x512.jpg 768w\" sizes=\"(max-width: 800px) 100vw, 800px\" \/>\t\t\t\t\t\t\t\t\t\t\t\t\t\t\t<\/div>\n\t\t\t\t<\/div>\n\t\t\t\t<\/div>\n\t\t<div class=\"elementor-element elementor-element-bb786f9 e-con-full e-flex e-con e-child\" data-id=\"bb786f9\" data-element_type=\"container\" data-e-type=\"container\">\n\t\t\t\t<div class=\"elementor-element elementor-element-270e65a elementor-widget elementor-widget-heading\" data-id=\"270e65a\" data-element_type=\"widget\" data-e-type=\"widget\" data-widget_type=\"heading.default\">\n\t\t\t\t<div class=\"elementor-widget-container\">\n\t\t\t\t\t<h2 class=\"elementor-heading-title elementor-size-default\">F\u00fatbol<\/h2>\t\t\t\t<\/div>\n\t\t\t\t<\/div>\n\t\t\t\t<div class=\"elementor-element elementor-element-bb0c924 elementor-widget elementor-widget-image\" data-id=\"bb0c924\" data-element_type=\"widget\" data-e-type=\"widget\" data-widget_type=\"image.default\">\n\t\t\t\t<div class=\"elementor-widget-container\">\n\t\t\t\t\t\t\t\t\t\t\t\t\t\t\t<img decoding=\"async\" width=\"800\" height=\"533\" src=\"https:\/\/virtuscollege.com\/wp-content\/uploads\/2025\/05\/Futbol.jpg\" class=\"attachment-large size-large wp-image-1023\" alt=\"\" srcset=\"https:\/\/virtuscollege.com\/wp-content\/uploads\/2025\/05\/Futbol.jpg 800w, https:\/\/virtuscollege.com\/wp-content\/uploads\/2025\/05\/Futbol-300x200.jpg 300w, https:\/\/virtuscollege.com\/wp-content\/uploads\/2025\/05\/Futbol-768x512.jpg 768w\" sizes=\"(max-width: 800px) 100vw, 800px\" \/>\t\t\t\t\t\t\t\t\t\t\t\t\t\t\t<\/div>\n\t\t\t\t<\/div>\n\t\t\t\t<\/div>\n\t\t<div class=\"elementor-element elementor-element-9246052 e-con-full e-flex e-con e-child\" data-id=\"9246052\" data-element_type=\"container\" data-e-type=\"container\">\n\t\t\t\t<div class=\"elementor-element elementor-element-d6b4aff elementor-widget elementor-widget-heading\" data-id=\"d6b4aff\" data-element_type=\"widget\" data-e-type=\"widget\" data-widget_type=\"heading.default\">\n\t\t\t\t<div class=\"elementor-widget-container\">\n\t\t\t\t\t<h2 class=\"elementor-heading-title elementor-size-default\">Voleibol<\/h2>\t\t\t\t<\/div>\n\t\t\t\t<\/div>\n\t\t\t\t<div class=\"elementor-element elementor-element-8eddd19 elementor-widget elementor-widget-image\" data-id=\"8eddd19\" data-element_type=\"widget\" data-e-type=\"widget\" data-widget_type=\"image.default\">\n\t\t\t\t<div class=\"elementor-widget-container\">\n\t\t\t\t\t\t\t\t\t\t\t\t\t\t\t<img decoding=\"async\" width=\"800\" height=\"533\" src=\"https:\/\/virtuscollege.com\/wp-content\/uploads\/2025\/05\/Voleibol.jpg\" class=\"attachment-large size-large wp-image-1027\" alt=\"\" srcset=\"https:\/\/virtuscollege.com\/wp-content\/uploads\/2025\/05\/Voleibol.jpg 800w, https:\/\/virtuscollege.com\/wp-content\/uploads\/2025\/05\/Voleibol-300x200.jpg 300w, https:\/\/virtuscollege.com\/wp-content\/uploads\/2025\/05\/Voleibol-768x512.jpg 768w\" sizes=\"(max-width: 800px) 100vw, 800px\" \/>\t\t\t\t\t\t\t\t\t\t\t\t\t\t\t<\/div>\n\t\t\t\t<\/div>\n\t\t\t\t<\/div>\n\t\t\t\t<\/div>\n\t\t<div class=\"elementor-element elementor-element-f7e3425 e-con-full e-flex e-con e-child\" data-id=\"f7e3425\" data-element_type=\"container\" data-e-type=\"container\">\n\t\t<div class=\"elementor-element elementor-element-31eca31 e-con-full e-flex e-con e-child\" data-id=\"31eca31\" data-element_type=\"container\" data-e-type=\"container\">\n\t\t\t\t<div class=\"elementor-element elementor-element-c5aade5 elementor-widget elementor-widget-heading\" data-id=\"c5aade5\" data-element_type=\"widget\" data-e-type=\"widget\" data-widget_type=\"heading.default\">\n\t\t\t\t<div class=\"elementor-widget-container\">\n\t\t\t\t\t<h2 class=\"elementor-heading-title elementor-size-default\">P\u00e1del<\/h2>\t\t\t\t<\/div>\n\t\t\t\t<\/div>\n\t\t\t\t<div class=\"elementor-element elementor-element-2b8ad5b elementor-widget elementor-widget-image\" data-id=\"2b8ad5b\" data-element_type=\"widget\" data-e-type=\"widget\" data-widget_type=\"image.default\">\n\t\t\t\t<div class=\"elementor-widget-container\">\n\t\t\t\t\t\t\t\t\t\t\t\t\t\t\t<img loading=\"lazy\" decoding=\"async\" width=\"800\" height=\"533\" src=\"https:\/\/virtuscollege.com\/wp-content\/uploads\/2025\/05\/Padel.jpg\" class=\"attachment-large size-large wp-image-1025\" alt=\"\" srcset=\"https:\/\/virtuscollege.com\/wp-content\/uploads\/2025\/05\/Padel.jpg 800w, https:\/\/virtuscollege.com\/wp-content\/uploads\/2025\/05\/Padel-300x200.jpg 300w, https:\/\/virtuscollege.com\/wp-content\/uploads\/2025\/05\/Padel-768x512.jpg 768w\" sizes=\"(max-width: 800px) 100vw, 800px\" \/>\t\t\t\t\t\t\t\t\t\t\t\t\t\t\t<\/div>\n\t\t\t\t<\/div>\n\t\t\t\t<\/div>\n\t\t<div class=\"elementor-element elementor-element-c1ce025 e-con-full e-flex e-con e-child\" data-id=\"c1ce025\" data-element_type=\"container\" data-e-type=\"container\">\n\t\t\t\t<div class=\"elementor-element elementor-element-de17f26 elementor-widget elementor-widget-heading\" data-id=\"de17f26\" data-element_type=\"widget\" data-e-type=\"widget\" data-widget_type=\"heading.default\">\n\t\t\t\t<div class=\"elementor-widget-container\">\n\t\t\t\t\t<h2 class=\"elementor-heading-title elementor-size-default\">Tenis<\/h2>\t\t\t\t<\/div>\n\t\t\t\t<\/div>\n\t\t\t\t<div class=\"elementor-element elementor-element-526f949 elementor-widget elementor-widget-image\" data-id=\"526f949\" data-element_type=\"widget\" data-e-type=\"widget\" data-widget_type=\"image.default\">\n\t\t\t\t<div class=\"elementor-widget-container\">\n\t\t\t\t\t\t\t\t\t\t\t\t\t\t\t<img loading=\"lazy\" decoding=\"async\" width=\"800\" height=\"533\" src=\"https:\/\/virtuscollege.com\/wp-content\/uploads\/2025\/05\/Tenis.jpg\" class=\"attachment-large size-large wp-image-1026\" alt=\"\" srcset=\"https:\/\/virtuscollege.com\/wp-content\/uploads\/2025\/05\/Tenis.jpg 800w, https:\/\/virtuscollege.com\/wp-content\/uploads\/2025\/05\/Tenis-300x200.jpg 300w, https:\/\/virtuscollege.com\/wp-content\/uploads\/2025\/05\/Tenis-768x512.jpg 768w\" sizes=\"(max-width: 800px) 100vw, 800px\" \/>\t\t\t\t\t\t\t\t\t\t\t\t\t\t\t<\/div>\n\t\t\t\t<\/div>\n\t\t\t\t<\/div>\n\t\t<div class=\"elementor-element elementor-element-36871f7 e-con-full e-flex e-con e-child\" data-id=\"36871f7\" data-element_type=\"container\" data-e-type=\"container\">\n\t\t\t\t<div class=\"elementor-element elementor-element-d91dab7 elementor-widget elementor-widget-heading\" data-id=\"d91dab7\" data-element_type=\"widget\" data-e-type=\"widget\" data-widget_type=\"heading.default\">\n\t\t\t\t<div class=\"elementor-widget-container\">\n\t\t\t\t\t<h2 class=\"elementor-heading-title elementor-size-default\">Gimnasia <\/h2>\t\t\t\t<\/div>\n\t\t\t\t<\/div>\n\t\t\t\t<div class=\"elementor-element elementor-element-a5f9669 elementor-widget elementor-widget-image\" data-id=\"a5f9669\" data-element_type=\"widget\" data-e-type=\"widget\" data-widget_type=\"image.default\">\n\t\t\t\t<div class=\"elementor-widget-container\">\n\t\t\t\t\t\t\t\t\t\t\t\t\t\t\t<img loading=\"lazy\" decoding=\"async\" width=\"800\" height=\"533\" src=\"https:\/\/virtuscollege.com\/wp-content\/uploads\/2025\/05\/Gymnastics.jpg\" class=\"attachment-large size-large wp-image-1024\" alt=\"\" srcset=\"https:\/\/virtuscollege.com\/wp-content\/uploads\/2025\/05\/Gymnastics.jpg 800w, https:\/\/virtuscollege.com\/wp-content\/uploads\/2025\/05\/Gymnastics-300x200.jpg 300w, https:\/\/virtuscollege.com\/wp-content\/uploads\/2025\/05\/Gymnastics-768x512.jpg 768w\" sizes=\"(max-width: 800px) 100vw, 800px\" \/>\t\t\t\t\t\t\t\t\t\t\t\t\t\t\t<\/div>\n\t\t\t\t<\/div>\n\t\t\t\t<\/div>\n\t\t\t\t<\/div>\n\t\t\t\t\t<\/div>\n\t\t\t\t<\/div>\n\t\t\t\t<\/div>\n\t\t","protected":false},"excerpt":{"rendered":"<p>Deportes. En Virtus College, el deporte es mucho m\u00e1s que una actividad: es un pilar fundamental para una vida sana y equilibrada. Nuestros estudiantes crecen y prosperan gracias a la pr\u00e1ctica regular de actividad f\u00edsica, desarrollando bienestar, resiliencia y esp\u00edritu de equipo como parte esencial de su recorrido educativo. Un compromiso con el deporte y [&hellip;]<\/p>\n","protected":false},"author":2,"featured_media":1799,"parent":84,"menu_order":0,"comment_status":"closed","ping_status":"closed","template":"","meta":{"_acf_changed":false,"footnotes":""},"class_list":["post-96","page","type-page","status-publish","has-post-thumbnail","hentry"],"acf":[],"_links":{"self":[{"href":"https:\/\/virtuscollege.com\/es\/wp-json\/wp\/v2\/pages\/96","targetHints":{"allow":["GET"]}}],"collection":[{"href":"https:\/\/virtuscollege.com\/es\/wp-json\/wp\/v2\/pages"}],"about":[{"href":"https:\/\/virtuscollege.com\/es\/wp-json\/wp\/v2\/types\/page"}],"author":[{"embeddable":true,"href":"https:\/\/virtuscollege.com\/es\/wp-json\/wp\/v2\/users\/2"}],"replies":[{"embeddable":true,"href":"https:\/\/virtuscollege.com\/es\/wp-json\/wp\/v2\/comments?post=96"}],"version-history":[{"count":53,"href":"https:\/\/virtuscollege.com\/es\/wp-json\/wp\/v2\/pages\/96\/revisions"}],"predecessor-version":[{"id":9793,"href":"https:\/\/virtuscollege.com\/es\/wp-json\/wp\/v2\/pages\/96\/revisions\/9793"}],"up":[{"embeddable":true,"href":"https:\/\/virtuscollege.com\/es\/wp-json\/wp\/v2\/pages\/84"}],"wp:featuredmedia":[{"embeddable":true,"href":"https:\/\/virtuscollege.com\/es\/wp-json\/wp\/v2\/media\/1799"}],"wp:attachment":[{"href":"https:\/\/virtuscollege.com\/es\/wp-json\/wp\/v2\/media?parent=96"}],"curies":[{"name":"wp","href":"https:\/\/api.w.org\/{rel}","templated":true}]}}