{"id":92,"date":"2025-04-02T13:12:18","date_gmt":"2025-04-02T11:12:18","guid":{"rendered":"https:\/\/virtuscollege.com\/?page_id=92"},"modified":"2025-11-27T17:48:13","modified_gmt":"2025-11-27T16:48:13","slug":"voluntariado-y-compromiso-con-la-comunidad-local","status":"publish","type":"page","link":"https:\/\/virtuscollege.com\/es\/vida-escolar\/voluntariado-y-compromiso-con-la-comunidad-local\/","title":{"rendered":"Voluntariado y servicio a la comunidad"},"content":{"rendered":"\t\t<div data-elementor-type=\"wp-page\" data-elementor-id=\"92\" class=\"elementor elementor-92\" data-elementor-post-type=\"page\">\n\t\t\t\t<div class=\"elementor-element elementor-element-88d21ec e-con-full e-flex e-con e-parent\" data-id=\"88d21ec\" data-element_type=\"container\" data-e-type=\"container\">\n\t\t\t\t<div class=\"elementor-element elementor-element-599156a elementor-widget__width-auto elementor-absolute elementor-widget elementor-widget-heading\" data-id=\"599156a\" data-element_type=\"widget\" data-e-type=\"widget\" data-settings=\"{&quot;_position&quot;:&quot;absolute&quot;}\" data-widget_type=\"heading.default\">\n\t\t\t\t<div class=\"elementor-widget-container\">\n\t\t\t\t\t<h2 class=\"elementor-heading-title elementor-size-default\">Voluntariado y<\/h2>\t\t\t\t<\/div>\n\t\t\t\t<\/div>\n\t\t\t\t<div class=\"elementor-element elementor-element-95ec6e8 elementor-widget__width-auto elementor-absolute elementor-widget elementor-widget-heading\" data-id=\"95ec6e8\" data-element_type=\"widget\" data-e-type=\"widget\" data-settings=\"{&quot;_position&quot;:&quot;absolute&quot;}\" data-widget_type=\"heading.default\">\n\t\t\t\t<div class=\"elementor-widget-container\">\n\t\t\t\t\t<h2 class=\"elementor-heading-title elementor-size-default\"><span style=\"color: #fff\">servicio a la comunidad<\/span>.<\/h2>\t\t\t\t<\/div>\n\t\t\t\t<\/div>\n\t\t\t\t<div class=\"elementor-element elementor-element-2fc159c elementor-widget elementor-widget-text-editor\" data-id=\"2fc159c\" data-element_type=\"widget\" data-e-type=\"widget\" data-widget_type=\"text-editor.default\">\n\t\t\t\t<div class=\"elementor-widget-container\">\n\t\t\t\t\t\t\t\t\t<p>En Virtus College creemos en el poder del servicio para formar el car\u00e1cter y fomentar la compasi\u00f3n. A trav\u00e9s de alianzas significativas e iniciativas lideradas por estudiantes, cultivamos una cultura de generosidad, responsabilidad y conciencia social que va mucho m\u00e1s all\u00e1 del aula.<\/p>\t\t\t\t\t\t\t\t<\/div>\n\t\t\t\t<\/div>\n\t\t\t\t<\/div>\n\t\t<div class=\"elementor-element elementor-element-4c7612b e-flex e-con-boxed e-con e-parent\" data-id=\"4c7612b\" data-element_type=\"container\" data-e-type=\"container\">\n\t\t\t\t\t<div class=\"e-con-inner\">\n\t\t<div class=\"elementor-element elementor-element-200cc40 e-con-full e-grid e-con e-child\" data-id=\"200cc40\" data-element_type=\"container\" data-e-type=\"container\">\n\t\t<div class=\"elementor-element elementor-element-ec40b50 e-con-full e-flex e-con e-child\" data-id=\"ec40b50\" data-element_type=\"container\" data-e-type=\"container\">\n\t\t\t\t<div class=\"elementor-element elementor-element-bbb19ce elementor-widget elementor-widget-heading\" data-id=\"bbb19ce\" data-element_type=\"widget\" data-e-type=\"widget\" data-widget_type=\"heading.default\">\n\t\t\t\t<div class=\"elementor-widget-container\">\n\t\t\t\t\t<h4 class=\"elementor-heading-title elementor-size-default\">Comprometidos con<span style=\"color: #BF9A58\"> devolver a la sociedad<\/span>.<\/h4>\t\t\t\t<\/div>\n\t\t\t\t<\/div>\n\t\t\t\t<div class=\"elementor-element elementor-element-8065a1a elementor-widget elementor-widget-text-editor\" data-id=\"8065a1a\" data-element_type=\"widget\" data-e-type=\"widget\" data-widget_type=\"text-editor.default\">\n\t\t\t\t<div class=\"elementor-widget-container\">\n\t\t\t\t\t\t\t\t\t<p><span style=\"font-weight: 400;\">En Virtus College tenemos un firme compromiso con <\/span><b>contribuir positivamente a nuestra comunidad<\/b><span style=\"font-weight: 400;\">. Convencidos de que debemos dejar el mundo mejor de lo que lo encontramos, animamos a nuestros estudiantes a participar tanto en acciones de servicio organizadas por el colegio como en iniciativas independientes.<\/span><\/p><p><span style=\"font-weight: 400;\">A trav\u00e9s del voluntariado, la recaudaci\u00f3n de fondos y la acci\u00f3n directa, los alumnos desarrollan un profundo sentido de <\/span><b>responsabilidad social<\/b><span style=\"font-weight: 400;\">, al mismo tiempo que fortalecen su empat\u00eda y su capacidad de liderazgo.<\/span><\/p>\t\t\t\t\t\t\t\t<\/div>\n\t\t\t\t<\/div>\n\t\t\t\t<div class=\"elementor-element elementor-element-d90a612 elementor-align-left elementor-mobile-align-center elementor-widget elementor-widget-button\" data-id=\"d90a612\" data-element_type=\"widget\" data-e-type=\"widget\" data-widget_type=\"button.default\">\n\t\t\t\t<div class=\"elementor-widget-container\">\n\t\t\t\t\t\t\t\t\t<div class=\"elementor-button-wrapper\">\n\t\t\t\t\t<a class=\"elementor-button elementor-button-link elementor-size-sm\" href=\"https:\/\/virtuscollege.com\/es\/sobre-nosotros\/valores-vision-educativa-virtus-college\/\">\n\t\t\t\t\t\t<span class=\"elementor-button-content-wrapper\">\n\t\t\t\t\t\t\t\t\t<span class=\"elementor-button-text\">Valores y objetivos<\/span>\n\t\t\t\t\t<\/span>\n\t\t\t\t\t<\/a>\n\t\t\t\t<\/div>\n\t\t\t\t\t\t\t\t<\/div>\n\t\t\t\t<\/div>\n\t\t\t\t<\/div>\n\t\t<div class=\"elementor-element elementor-element-0eb49e6 e-con-full e-flex e-con e-child\" data-id=\"0eb49e6\" data-element_type=\"container\" data-e-type=\"container\" data-settings=\"{&quot;background_background&quot;:&quot;classic&quot;}\">\n\t\t\t\t<div class=\"elementor-element elementor-element-72abf5d elementor-widget elementor-widget-spacer\" data-id=\"72abf5d\" data-element_type=\"widget\" data-e-type=\"widget\" data-widget_type=\"spacer.default\">\n\t\t\t\t<div class=\"elementor-widget-container\">\n\t\t\t\t\t\t\t<div class=\"elementor-spacer\">\n\t\t\t<div class=\"elementor-spacer-inner\"><\/div>\n\t\t<\/div>\n\t\t\t\t\t\t<\/div>\n\t\t\t\t<\/div>\n\t\t\t\t<\/div>\n\t\t\t\t<\/div>\n\t\t\t\t\t<\/div>\n\t\t\t\t<\/div>\n\t\t<div class=\"elementor-element elementor-element-f5ba662 e-flex e-con-boxed e-con e-parent\" data-id=\"f5ba662\" data-element_type=\"container\" data-e-type=\"container\" data-settings=\"{&quot;background_background&quot;:&quot;classic&quot;}\">\n\t\t\t\t\t<div class=\"e-con-inner\">\n\t\t<div class=\"elementor-element elementor-element-9e818cd e-con-full e-flex e-con e-child\" data-id=\"9e818cd\" data-element_type=\"container\" data-e-type=\"container\" data-settings=\"{&quot;background_background&quot;:&quot;classic&quot;}\">\n\t\t\t\t<div class=\"elementor-element elementor-element-d063157 elementor-widget elementor-widget-heading\" data-id=\"d063157\" data-element_type=\"widget\" data-e-type=\"widget\" data-widget_type=\"heading.default\">\n\t\t\t\t<div class=\"elementor-widget-container\">\n\t\t\t\t\t<h4 class=\"elementor-heading-title elementor-size-default\">Alianzas<span style=\"color: #BF9A58\">  con prop\u00f3sito<\/span>.<\/h4>\t\t\t\t<\/div>\n\t\t\t\t<\/div>\n\t\t\t\t<div class=\"elementor-element elementor-element-f8717d6 elementor-widget elementor-widget-text-editor\" data-id=\"f8717d6\" data-element_type=\"widget\" data-e-type=\"widget\" data-widget_type=\"text-editor.default\">\n\t\t\t\t<div class=\"elementor-widget-container\">\n\t\t\t\t\t\t\t\t\t<p><span style=\"font-weight: 400;\">Nuestro <\/span><i><span style=\"font-weight: 400;\">Charity Prefect<\/span><\/i><span style=\"font-weight: 400;\"> desempe\u00f1a un papel esencial en la selecci\u00f3n de causas y la coordinaci\u00f3n con organizaciones colaboradoras. Desde la planificaci\u00f3n de eventos hasta el liderazgo de iniciativas, los estudiantes asumen un <\/span><b>rol activo en proyectos que generan un impacto real.<\/b><\/p><p><span style=\"font-weight: 400;\">Colaboramos con entidades como la<\/span><span style=\"font-family: -apple-system, BlinkMacSystemFont, 'Segoe UI', Roboto, 'Helvetica Neue', Arial, 'Noto Sans', sans-serif, 'Apple Color Emoji', 'Segoe UI Emoji', 'Segoe UI Symbol', 'Noto Color Emoji';\">\u00a0<\/span><a style=\"font-family: -apple-system, BlinkMacSystemFont, 'Segoe UI', Roboto, 'Helvetica Neue', Arial, 'Noto Sans', sans-serif, 'Apple Color Emoji', 'Segoe UI Emoji', 'Segoe UI Symbol', 'Noto Color Emoji';\" href=\"https:\/\/www.santegidiomadrid.org\" target=\"_blank\" rel=\"noopener\" data-wplink-url-error=\"true\">Sant\u2019Egidio<\/a><span style=\"font-family: -apple-system, BlinkMacSystemFont, 'Segoe UI', Roboto, 'Helvetica Neue', Arial, 'Noto Sans', sans-serif, 'Apple Color Emoji', 'Segoe UI Emoji', 'Segoe UI Symbol', 'Noto Color Emoji';\">, <span style=\"font-weight: 400;\">donde nuestros alumnos participan mensualmente preparando bocadillos para personas sin hogar, o con la iniciativa de<\/span>\u00a0<\/span><a style=\"font-family: -apple-system, BlinkMacSystemFont, 'Segoe UI', Roboto, 'Helvetica Neue', Arial, 'Noto Sans', sans-serif, 'Apple Color Emoji', 'Segoe UI Emoji', 'Segoe UI Symbol', 'Noto Color Emoji';\" href=\"https:\/\/www.fundacionecoalf.org\/proyectos\/salva-rios\" target=\"_blank\" rel=\"noopener\">ECOALF\u2019s Limpia R\u00edos, Salva Oc\u00e9anos<\/a><span style=\"font-family: -apple-system, BlinkMacSystemFont, 'Segoe UI', Roboto, 'Helvetica Neue', Arial, 'Noto Sans', sans-serif, 'Apple Color Emoji', 'Segoe UI Emoji', 'Segoe UI Symbol', 'Noto Color Emoji';\">, <\/span><span style=\"font-weight: 400;\">apoyando campa\u00f1as anuales de limpieza de r\u00edos en Madrid.<\/span><\/p><p><span style=\"font-weight: 400;\">Adem\u00e1s, organizan <\/span><b>actividades de recaudaci\u00f3n<\/b><span style=\"font-weight: 400;\"> como los d\u00edas de disfraces en Halloween, las rifas en la feria de Navidad o las ventas de reposter\u00eda casera. Con estas acciones, los estudiantes aprenden que el cambio verdadero comienza con peque\u00f1os gestos constantes de generosidad y compromiso.<\/span><\/p>\t\t\t\t\t\t\t\t<\/div>\n\t\t\t\t<\/div>\n\t\t\t\t<\/div>\n\t\t\t\t\t<\/div>\n\t\t\t\t<\/div>\n\t\t<div class=\"elementor-element elementor-element-9be18d2 e-flex e-con-boxed e-con e-parent\" data-id=\"9be18d2\" data-element_type=\"container\" data-e-type=\"container\">\n\t\t\t\t\t<div class=\"e-con-inner\">\n\t\t\t\t<div class=\"elementor-element elementor-element-fc69dbf elementor-widget elementor-widget-heading\" data-id=\"fc69dbf\" data-element_type=\"widget\" data-e-type=\"widget\" data-widget_type=\"heading.default\">\n\t\t\t\t<div class=\"elementor-widget-container\">\n\t\t\t\t\t<h2 class=\"elementor-heading-title elementor-size-default\">Asociaciones y causas que apoyamos<\/h2>\t\t\t\t<\/div>\n\t\t\t\t<\/div>\n\t\t\t\t\t<\/div>\n\t\t\t\t<\/div>\n\t\t<div class=\"elementor-element elementor-element-b6d650f e-grid e-con-boxed e-con e-parent\" data-id=\"b6d650f\" data-element_type=\"container\" data-e-type=\"container\">\n\t\t\t\t\t<div class=\"e-con-inner\">\n\t\t\t\t<div class=\"elementor-element elementor-element-c44c5ea elementor-widget elementor-widget-image\" data-id=\"c44c5ea\" data-element_type=\"widget\" data-e-type=\"widget\" data-widget_type=\"image.default\">\n\t\t\t\t<div class=\"elementor-widget-container\">\n\t\t\t\t\t\t\t\t\t\t\t\t\t\t\t<img fetchpriority=\"high\" decoding=\"async\" width=\"660\" height=\"347\" src=\"https:\/\/virtuscollege.com\/wp-content\/uploads\/2025\/07\/ecoalf-logo-93ddcde1.webp\" class=\"attachment-large size-large wp-image-4630\" alt=\"\" srcset=\"https:\/\/virtuscollege.com\/wp-content\/uploads\/2025\/07\/ecoalf-logo-93ddcde1.webp 660w, https:\/\/virtuscollege.com\/wp-content\/uploads\/2025\/07\/ecoalf-logo-93ddcde1-300x158.webp 300w\" sizes=\"(max-width: 660px) 100vw, 660px\" \/>\t\t\t\t\t\t\t\t\t\t\t\t\t\t\t<\/div>\n\t\t\t\t<\/div>\n\t\t\t\t<div class=\"elementor-element elementor-element-070bae7 elementor-widget elementor-widget-image\" data-id=\"070bae7\" data-element_type=\"widget\" data-e-type=\"widget\" data-widget_type=\"image.default\">\n\t\t\t\t<div class=\"elementor-widget-container\">\n\t\t\t\t\t\t\t\t\t\t\t\t\t\t\t<img decoding=\"async\" width=\"300\" height=\"140\" src=\"https:\/\/virtuscollege.com\/wp-content\/uploads\/2025\/05\/vida.png\" class=\"attachment-large size-large wp-image-1009\" alt=\"\" \/>\t\t\t\t\t\t\t\t\t\t\t\t\t\t\t<\/div>\n\t\t\t\t<\/div>\n\t\t\t\t<div class=\"elementor-element elementor-element-9fd7efa elementor-widget elementor-widget-image\" data-id=\"9fd7efa\" data-element_type=\"widget\" data-e-type=\"widget\" data-widget_type=\"image.default\">\n\t\t\t\t<div class=\"elementor-widget-container\">\n\t\t\t\t\t\t\t\t\t\t\t\t\t\t\t<img decoding=\"async\" width=\"356\" height=\"93\" src=\"https:\/\/virtuscollege.com\/wp-content\/uploads\/2025\/05\/elsuenodevicky-logo.svg\" class=\"attachment-large size-large wp-image-1005\" alt=\"\" \/>\t\t\t\t\t\t\t\t\t\t\t\t\t\t\t<\/div>\n\t\t\t\t<\/div>\n\t\t\t\t<div class=\"elementor-element elementor-element-482482b elementor-widget elementor-widget-image\" data-id=\"482482b\" data-element_type=\"widget\" data-e-type=\"widget\" data-widget_type=\"image.default\">\n\t\t\t\t<div class=\"elementor-widget-container\">\n\t\t\t\t\t\t\t\t\t\t\t\t\t\t\t<img loading=\"lazy\" decoding=\"async\" width=\"477\" height=\"480\" src=\"https:\/\/virtuscollege.com\/wp-content\/uploads\/2025\/05\/IWCA.jpg\" class=\"attachment-large size-large wp-image-1006\" alt=\"\" srcset=\"https:\/\/virtuscollege.com\/wp-content\/uploads\/2025\/05\/IWCA.jpg 477w, https:\/\/virtuscollege.com\/wp-content\/uploads\/2025\/05\/IWCA-298x300.jpg 298w, https:\/\/virtuscollege.com\/wp-content\/uploads\/2025\/05\/IWCA-150x150.jpg 150w\" sizes=\"(max-width: 477px) 100vw, 477px\" \/>\t\t\t\t\t\t\t\t\t\t\t\t\t\t\t<\/div>\n\t\t\t\t<\/div>\n\t\t\t\t<div class=\"elementor-element elementor-element-7c372e8 elementor-widget elementor-widget-image\" data-id=\"7c372e8\" data-element_type=\"widget\" data-e-type=\"widget\" data-widget_type=\"image.default\">\n\t\t\t\t<div class=\"elementor-widget-container\">\n\t\t\t\t\t\t\t\t\t\t\t\t\t\t\t<img loading=\"lazy\" decoding=\"async\" width=\"800\" height=\"253\" src=\"https:\/\/virtuscollege.com\/wp-content\/uploads\/2025\/05\/logo-ACAA-SSRR.png\" class=\"attachment-large size-large wp-image-1007\" alt=\"\" srcset=\"https:\/\/virtuscollege.com\/wp-content\/uploads\/2025\/05\/logo-ACAA-SSRR.png 1005w, https:\/\/virtuscollege.com\/wp-content\/uploads\/2025\/05\/logo-ACAA-SSRR-300x95.png 300w, https:\/\/virtuscollege.com\/wp-content\/uploads\/2025\/05\/logo-ACAA-SSRR-768x243.png 768w\" sizes=\"(max-width: 800px) 100vw, 800px\" \/>\t\t\t\t\t\t\t\t\t\t\t\t\t\t\t<\/div>\n\t\t\t\t<\/div>\n\t\t\t\t<div class=\"elementor-element elementor-element-4952c92 elementor-widget elementor-widget-image\" data-id=\"4952c92\" data-element_type=\"widget\" data-e-type=\"widget\" data-widget_type=\"image.default\">\n\t\t\t\t<div class=\"elementor-widget-container\">\n\t\t\t\t\t\t\t\t\t\t\t\t\t\t\t<img loading=\"lazy\" decoding=\"async\" width=\"283\" height=\"181\" src=\"https:\/\/virtuscollege.com\/wp-content\/uploads\/2025\/05\/the-royal-british-legion-logo.svg\" class=\"attachment-large size-large wp-image-1008\" alt=\"\" \/>\t\t\t\t\t\t\t\t\t\t\t\t\t\t\t<\/div>\n\t\t\t\t<\/div>\n\t\t\t\t<div class=\"elementor-element elementor-element-09e39a7 elementor-widget elementor-widget-image\" data-id=\"09e39a7\" data-element_type=\"widget\" data-e-type=\"widget\" data-widget_type=\"image.default\">\n\t\t\t\t<div class=\"elementor-widget-container\">\n\t\t\t\t\t\t\t\t\t\t\t\t\t\t\t<img loading=\"lazy\" decoding=\"async\" width=\"203\" height=\"249\" src=\"https:\/\/virtuscollege.com\/wp-content\/uploads\/2025\/05\/Banco-de-Alimentos-\u2013-Operacion-Kilo-blanco.png\" class=\"attachment-large size-large wp-image-1004\" alt=\"\" \/>\t\t\t\t\t\t\t\t\t\t\t\t\t\t\t<\/div>\n\t\t\t\t<\/div>\n\t\t\t\t<div class=\"elementor-element elementor-element-969a3de elementor-widget elementor-widget-image\" data-id=\"969a3de\" data-element_type=\"widget\" data-e-type=\"widget\" data-widget_type=\"image.default\">\n\t\t\t\t<div class=\"elementor-widget-container\">\n\t\t\t\t\t\t\t\t\t\t\t\t\t\t\t<img loading=\"lazy\" decoding=\"async\" width=\"316\" height=\"159\" src=\"https:\/\/virtuscollege.com\/wp-content\/uploads\/2025\/11\/logo-aladina.png\" class=\"attachment-large size-large wp-image-7445\" alt=\"\" srcset=\"https:\/\/virtuscollege.com\/wp-content\/uploads\/2025\/11\/logo-aladina.png 316w, https:\/\/virtuscollege.com\/wp-content\/uploads\/2025\/11\/logo-aladina-300x151.png 300w\" sizes=\"(max-width: 316px) 100vw, 316px\" \/>\t\t\t\t\t\t\t\t\t\t\t\t\t\t\t<\/div>\n\t\t\t\t<\/div>\n\t\t\t\t\t<\/div>\n\t\t\t\t<\/div>\n\t\t\t\t<\/div>\n\t\t","protected":false},"excerpt":{"rendered":"<p>Voluntariado y servicio a la comunidad. En Virtus College creemos en el poder del servicio para formar el car\u00e1cter y fomentar la compasi\u00f3n. A trav\u00e9s de alianzas significativas e iniciativas lideradas por estudiantes, cultivamos una cultura de generosidad, responsabilidad y conciencia social que va mucho m\u00e1s all\u00e1 del aula. Comprometidos con devolver a la sociedad. [&hellip;]<\/p>\n","protected":false},"author":2,"featured_media":1784,"parent":84,"menu_order":0,"comment_status":"closed","ping_status":"closed","template":"","meta":{"_acf_changed":false,"footnotes":""},"class_list":["post-92","page","type-page","status-publish","has-post-thumbnail","hentry"],"acf":[],"_links":{"self":[{"href":"https:\/\/virtuscollege.com\/es\/wp-json\/wp\/v2\/pages\/92","targetHints":{"allow":["GET"]}}],"collection":[{"href":"https:\/\/virtuscollege.com\/es\/wp-json\/wp\/v2\/pages"}],"about":[{"href":"https:\/\/virtuscollege.com\/es\/wp-json\/wp\/v2\/types\/page"}],"author":[{"embeddable":true,"href":"https:\/\/virtuscollege.com\/es\/wp-json\/wp\/v2\/users\/2"}],"replies":[{"embeddable":true,"href":"https:\/\/virtuscollege.com\/es\/wp-json\/wp\/v2\/comments?post=92"}],"version-history":[{"count":59,"href":"https:\/\/virtuscollege.com\/es\/wp-json\/wp\/v2\/pages\/92\/revisions"}],"predecessor-version":[{"id":9787,"href":"https:\/\/virtuscollege.com\/es\/wp-json\/wp\/v2\/pages\/92\/revisions\/9787"}],"up":[{"embeddable":true,"href":"https:\/\/virtuscollege.com\/es\/wp-json\/wp\/v2\/pages\/84"}],"wp:featuredmedia":[{"embeddable":true,"href":"https:\/\/virtuscollege.com\/es\/wp-json\/wp\/v2\/media\/1784"}],"wp:attachment":[{"href":"https:\/\/virtuscollege.com\/es\/wp-json\/wp\/v2\/media?parent=92"}],"curies":[{"name":"wp","href":"https:\/\/api.w.org\/{rel}","templated":true}]}}