{"id":82,"date":"2025-04-02T13:10:56","date_gmt":"2025-04-02T11:10:56","guid":{"rendered":"https:\/\/virtuscollege.com\/?page_id=82"},"modified":"2025-11-27T18:17:33","modified_gmt":"2025-11-27T17:17:33","slug":"vida-de-estudiantes-internacionales-en-madrid","status":"publish","type":"page","link":"https:\/\/virtuscollege.com\/es\/campus\/vida-de-estudiantes-internacionales-en-madrid\/","title":{"rendered":"Vivir en Madrid"},"content":{"rendered":"\t\t<div data-elementor-type=\"wp-page\" data-elementor-id=\"82\" class=\"elementor elementor-82\" data-elementor-post-type=\"page\">\n\t\t\t\t<div class=\"elementor-element elementor-element-2e81e5f e-con-full e-flex e-con e-parent\" data-id=\"2e81e5f\" data-element_type=\"container\" data-e-type=\"container\">\n\t\t\t\t<div class=\"elementor-element elementor-element-25e7c1a elementor-widget__width-auto elementor-absolute elementor-widget elementor-widget-heading\" data-id=\"25e7c1a\" data-element_type=\"widget\" data-e-type=\"widget\" data-settings=\"{&quot;_position&quot;:&quot;absolute&quot;}\" data-widget_type=\"heading.default\">\n\t\t\t\t<div class=\"elementor-widget-container\">\n\t\t\t\t\t<h2 class=\"elementor-heading-title elementor-size-default\">Vivir en<span style=\"color: #fff\">  Madrid<\/span>.<\/h2>\t\t\t\t<\/div>\n\t\t\t\t<\/div>\n\t\t\t\t<div class=\"elementor-element elementor-element-894ebd0 elementor-widget elementor-widget-text-editor\" data-id=\"894ebd0\" data-element_type=\"widget\" data-e-type=\"widget\" data-widget_type=\"text-editor.default\">\n\t\t\t\t<div class=\"elementor-widget-container\">\n\t\t\t\t\t\t\t\t\t<p>Descubre lo que significa vivir en una de las ciudades m\u00e1s din\u00e1micas de Europa. Madrid combina cultura, comunidad y numerosas oportunidades, creando el entorno perfecto para que los estudiantes crezcan en lo acad\u00e9mico, lo social y lo personal.<\/p>\t\t\t\t\t\t\t\t<\/div>\n\t\t\t\t<\/div>\n\t\t\t\t<\/div>\n\t\t<div class=\"elementor-element elementor-element-2b07074 e-con-full e-flex e-con e-parent\" data-id=\"2b07074\" data-element_type=\"container\" data-e-type=\"container\">\n\t\t<div class=\"elementor-element elementor-element-8186848 e-flex e-con-boxed e-con e-child\" data-id=\"8186848\" data-element_type=\"container\" data-e-type=\"container\">\n\t\t\t\t\t<div class=\"e-con-inner\">\n\t\t\t\t<div class=\"elementor-element elementor-element-9900386 elementor-widget elementor-widget-heading\" data-id=\"9900386\" data-element_type=\"widget\" data-e-type=\"widget\" data-widget_type=\"heading.default\">\n\t\t\t\t<div class=\"elementor-widget-container\">\n\t\t\t\t\t<h4 class=\"elementor-heading-title elementor-size-default\">Sum\u00e9rgete en la<span style=\"color: #BF9A58\"> esencia de Madrid<\/span>.<\/h4>\t\t\t\t<\/div>\n\t\t\t\t<\/div>\n\t\t\t\t<div class=\"elementor-element elementor-element-deae898 elementor-widget elementor-widget-text-editor\" data-id=\"deae898\" data-element_type=\"widget\" data-e-type=\"widget\" data-widget_type=\"text-editor.default\">\n\t\t\t\t<div class=\"elementor-widget-container\">\n\t\t\t\t\t\t\t\t\t<p><span style=\"font-weight: 400;\">La capital espa\u00f1ola destaca por unir de forma \u00fanica su <\/span><b>profundo legado hist\u00f3rico con una energ\u00eda moderna y cosmopolita.<\/b><span style=\"font-weight: 400;\"> Como punto de encuentro cultural, ofrece un entorno especialmente enriquecedor para j\u00f3venes de toda Espa\u00f1a y de distintos pa\u00edses. Estudiar en Virtus College mientras vives en Madrid te brinda la posibilidad de experimentar <\/span><b>una de las ciudades m\u00e1s vibrantes de Europa<\/b><span style=\"font-weight: 400;\">, donde el aprendizaje va mucho m\u00e1s all\u00e1 del aula y se respira en cada rinc\u00f3n de esta metr\u00f3polis llena de vida.<\/span><\/p>\t\t\t\t\t\t\t\t<\/div>\n\t\t\t\t<\/div>\n\t\t\t\t\t<\/div>\n\t\t\t\t<\/div>\n\t\t<div class=\"elementor-element elementor-element-4bfc561 e-con-full e-flex e-con e-child\" data-id=\"4bfc561\" data-element_type=\"container\" data-e-type=\"container\" data-settings=\"{&quot;background_background&quot;:&quot;classic&quot;}\">\n\t\t\t\t<div class=\"elementor-element elementor-element-3fa08d0 elementor-widget elementor-widget-spacer\" data-id=\"3fa08d0\" data-element_type=\"widget\" data-e-type=\"widget\" data-widget_type=\"spacer.default\">\n\t\t\t\t<div class=\"elementor-widget-container\">\n\t\t\t\t\t\t\t<div class=\"elementor-spacer\">\n\t\t\t<div class=\"elementor-spacer-inner\"><\/div>\n\t\t<\/div>\n\t\t\t\t\t\t<\/div>\n\t\t\t\t<\/div>\n\t\t\t\t<\/div>\n\t\t\t\t<\/div>\n\t\t<footer class=\"elementor-element elementor-element-c3f7451 e-con-full e-flex e-con e-parent\" data-id=\"c3f7451\" data-element_type=\"container\" data-e-type=\"container\">\n\t\t<div class=\"elementor-element elementor-element-5a07512 e-con-full e-flex e-con e-child\" data-id=\"5a07512\" data-element_type=\"container\" data-e-type=\"container\" data-settings=\"{&quot;background_background&quot;:&quot;classic&quot;}\">\n\t\t\t\t<div class=\"elementor-element elementor-element-869aa23 elementor-widget__width-initial elementor-absolute animated-fast elementor-hidden-tablet elementor-hidden-mobile elementor-invisible elementor-widget elementor-widget-spacer\" data-id=\"869aa23\" data-element_type=\"widget\" data-e-type=\"widget\" data-settings=\"{&quot;_position&quot;:&quot;absolute&quot;,&quot;_animation&quot;:&quot;slideInLeft&quot;}\" data-widget_type=\"spacer.default\">\n\t\t\t\t<div class=\"elementor-widget-container\">\n\t\t\t\t\t\t\t<div class=\"elementor-spacer\">\n\t\t\t<div class=\"elementor-spacer-inner\"><\/div>\n\t\t<\/div>\n\t\t\t\t\t\t<\/div>\n\t\t\t\t<\/div>\n\t\t\t\t<\/div>\n\t\t<div class=\"elementor-element elementor-element-cbb0522 e-con-full e-flex e-con e-child\" data-id=\"cbb0522\" data-element_type=\"container\" data-e-type=\"container\" data-settings=\"{&quot;background_background&quot;:&quot;classic&quot;}\">\n\t\t\t\t<div class=\"elementor-element elementor-element-0808048 elementor-widget__width-initial elementor-widget elementor-widget-heading\" data-id=\"0808048\" data-element_type=\"widget\" data-e-type=\"widget\" data-widget_type=\"heading.default\">\n\t\t\t\t<div class=\"elementor-widget-container\">\n\t\t\t\t\t<h4 class=\"elementor-heading-title elementor-size-default\">\"Madrid es un lugar extra\u00f1o, en cualquier caso\u2026 Pero cuando llegas a conocerlo, es la ciudad m\u00e1s espa\u00f1ola de todas, la mejor para vivir y la que tiene a la gente m\u00e1s extraordinaria.\"<\/h4>\t\t\t\t<\/div>\n\t\t\t\t<\/div>\n\t\t\t\t<div class=\"elementor-element elementor-element-25185db elementor-widget__width-initial elementor-widget elementor-widget-heading\" data-id=\"25185db\" data-element_type=\"widget\" data-e-type=\"widget\" data-widget_type=\"heading.default\">\n\t\t\t\t<div class=\"elementor-widget-container\">\n\t\t\t\t\t<h2 class=\"elementor-heading-title elementor-size-default\">Ernest Hemingway<\/h2>\t\t\t\t<\/div>\n\t\t\t\t<\/div>\n\t\t\t\t<\/div>\n\t\t\t\t<\/footer>\n\t\t<div class=\"elementor-element elementor-element-57732b3 e-flex e-con-boxed e-con e-parent\" data-id=\"57732b3\" data-element_type=\"container\" data-e-type=\"container\">\n\t\t\t\t\t<div class=\"e-con-inner\">\n\t\t<div class=\"elementor-element elementor-element-b13b964 e-con-full e-flex e-con e-child\" data-id=\"b13b964\" data-element_type=\"container\" data-e-type=\"container\">\n\t\t\t\t<div class=\"elementor-element elementor-element-bed8653 elementor-widget elementor-widget-heading\" data-id=\"bed8653\" data-element_type=\"widget\" data-e-type=\"widget\" data-widget_type=\"heading.default\">\n\t\t\t\t<div class=\"elementor-widget-container\">\n\t\t\t\t\t<h4 class=\"elementor-heading-title elementor-size-default\">La vida estudiantil<span style=\"color: #BF9A58\">  en Madrid<\/span>.<\/h4>\t\t\t\t<\/div>\n\t\t\t\t<\/div>\n\t\t\t\t<div class=\"elementor-element elementor-element-b5f29f3 elementor-widget elementor-widget-text-editor\" data-id=\"b5f29f3\" data-element_type=\"widget\" data-e-type=\"widget\" data-widget_type=\"text-editor.default\">\n\t\t\t\t<div class=\"elementor-widget-container\">\n\t\t\t\t\t\t\t\t\t<p><span style=\"font-weight: 400;\">Madrid ofrece un <\/span><b>ambiente especialmente c\u00e1lido y favorable para los estudiantes,<\/b><span style=\"font-weight: 400;\"> con infinidad de cafeter\u00edas, parques y comercios por descubrir. Su car\u00e1cter acogedor convierte a la ciudad en un lugar ideal para que los alumnos internacionales practiquen espa\u00f1ol y se integren en la vida local.<\/span><\/p><p><span style=\"font-weight: 400;\">Adem\u00e1s, es sede de museos de renombre mundial, como el Museo del Prado o el Museo Reina Sof\u00eda, y cuenta con una escena art\u00edstica din\u00e1mica repleta de teatros, galer\u00edas y espacios culturales. Estudiar en Madrid te permitir\u00e1 conectar con la historia y la cultura contempor\u00e1nea del pa\u00eds a trav\u00e9s de <\/span><b>visitas organizadas, actividades culturales y eventos comunitarios<\/b><span style=\"font-weight: 400;\">. Su ubicaci\u00f3n c\u00e9ntrica, adem\u00e1s, convierte a Madrid en una excelente base para explorar otras regiones de Espa\u00f1a y Europa, ampliando horizontes y enriqueciendo tu experiencia educativa.<\/span><\/p>\t\t\t\t\t\t\t\t<\/div>\n\t\t\t\t<\/div>\n\t\t\t\t<\/div>\n\t\t\t\t\t<\/div>\n\t\t\t\t<\/div>\n\t\t<div class=\"elementor-element elementor-element-9ec3dd7 e-con-full e-flex e-con e-parent\" data-id=\"9ec3dd7\" data-element_type=\"container\" data-e-type=\"container\">\n\t\t<div class=\"elementor-element elementor-element-856aaa8 e-con-full e-flex e-con e-child\" data-id=\"856aaa8\" data-element_type=\"container\" data-e-type=\"container\">\n\t\t\t\t<div class=\"elementor-element elementor-element-e678528 elementor-widget elementor-widget-heading\" data-id=\"e678528\" data-element_type=\"widget\" data-e-type=\"widget\" data-widget_type=\"heading.default\">\n\t\t\t\t<div class=\"elementor-widget-container\">\n\t\t\t\t\t<h4 class=\"elementor-heading-title elementor-size-default\">Ventajas para estudiantes<span style=\"color: #BF9A58\"> nacionales e internacionales<\/span>.<\/h4>\t\t\t\t<\/div>\n\t\t\t\t<\/div>\n\t\t\t\t<div class=\"elementor-element elementor-element-cc8f3b0 elementor-widget elementor-widget-text-editor\" data-id=\"cc8f3b0\" data-element_type=\"widget\" data-e-type=\"widget\" data-widget_type=\"text-editor.default\">\n\t\t\t\t<div class=\"elementor-widget-container\">\n\t\t\t\t\t\t\t\t\t<p><span style=\"font-weight: 400;\">Tanto si procedes de otra comunidad aut\u00f3noma como si llegas desde el extranjero, Madrid ofrece un entorno seguro, diverso y muy estimulante para tus estudios. Su amplia comunidad internacional facilita que alumnos de distintos or\u00edgenes encuentren su espacio y prosperen tanto a nivel acad\u00e9mico como personal. La <\/span><b>seguridad de la ciudad<\/b><span style=\"font-weight: 400;\">, la <\/span><b>calidad de su sistema sanitario<\/b><span style=\"font-weight: 400;\"> y los <\/span><b>descuentos para estudiantes <\/b><span style=\"font-weight: 400;\">en transporte y actividades culturales hacen que el d\u00eda a d\u00eda en Madrid sea c\u00f3modo, accesible y lleno de posibilidades.<\/span><\/p>\t\t\t\t\t\t\t\t<\/div>\n\t\t\t\t<\/div>\n\t\t\t\t<\/div>\n\t\t<div class=\"elementor-element elementor-element-69085c8 e-con-full e-flex e-con e-child\" data-id=\"69085c8\" data-element_type=\"container\" data-e-type=\"container\" data-settings=\"{&quot;background_background&quot;:&quot;classic&quot;}\">\n\t\t\t\t<div class=\"elementor-element elementor-element-d608339 elementor-widget elementor-widget-spacer\" data-id=\"d608339\" data-element_type=\"widget\" data-e-type=\"widget\" data-widget_type=\"spacer.default\">\n\t\t\t\t<div class=\"elementor-widget-container\">\n\t\t\t\t\t\t\t<div class=\"elementor-spacer\">\n\t\t\t<div class=\"elementor-spacer-inner\"><\/div>\n\t\t<\/div>\n\t\t\t\t\t\t<\/div>\n\t\t\t\t<\/div>\n\t\t\t\t<\/div>\n\t\t\t\t<\/div>\n\t\t\t\t<\/div>\n\t\t","protected":false},"excerpt":{"rendered":"<p>Vivir en Madrid. Descubre lo que significa vivir en una de las ciudades m\u00e1s din\u00e1micas de Europa. Madrid combina cultura, comunidad y numerosas oportunidades, creando el entorno perfecto para que los estudiantes crezcan en lo acad\u00e9mico, lo social y lo personal. Sum\u00e9rgete en la esencia de Madrid. La capital espa\u00f1ola destaca por unir de forma [&hellip;]<\/p>\n","protected":false},"author":2,"featured_media":1709,"parent":76,"menu_order":0,"comment_status":"closed","ping_status":"closed","template":"","meta":{"_acf_changed":false,"footnotes":""},"class_list":["post-82","page","type-page","status-publish","has-post-thumbnail","hentry"],"acf":[],"_links":{"self":[{"href":"https:\/\/virtuscollege.com\/es\/wp-json\/wp\/v2\/pages\/82","targetHints":{"allow":["GET"]}}],"collection":[{"href":"https:\/\/virtuscollege.com\/es\/wp-json\/wp\/v2\/pages"}],"about":[{"href":"https:\/\/virtuscollege.com\/es\/wp-json\/wp\/v2\/types\/page"}],"author":[{"embeddable":true,"href":"https:\/\/virtuscollege.com\/es\/wp-json\/wp\/v2\/users\/2"}],"replies":[{"embeddable":true,"href":"https:\/\/virtuscollege.com\/es\/wp-json\/wp\/v2\/comments?post=82"}],"version-history":[{"count":56,"href":"https:\/\/virtuscollege.com\/es\/wp-json\/wp\/v2\/pages\/82\/revisions"}],"predecessor-version":[{"id":9836,"href":"https:\/\/virtuscollege.com\/es\/wp-json\/wp\/v2\/pages\/82\/revisions\/9836"}],"up":[{"embeddable":true,"href":"https:\/\/virtuscollege.com\/es\/wp-json\/wp\/v2\/pages\/76"}],"wp:featuredmedia":[{"embeddable":true,"href":"https:\/\/virtuscollege.com\/es\/wp-json\/wp\/v2\/media\/1709"}],"wp:attachment":[{"href":"https:\/\/virtuscollege.com\/es\/wp-json\/wp\/v2\/media?parent=82"}],"curies":[{"name":"wp","href":"https:\/\/api.w.org\/{rel}","templated":true}]}}