{"id":8136,"date":"2025-11-17T11:51:59","date_gmt":"2025-11-17T10:51:59","guid":{"rendered":"https:\/\/virtuscollege.com\/?page_id=8136"},"modified":"2025-11-17T12:12:21","modified_gmt":"2025-11-17T11:12:21","slug":"instalaciones-de-virtus-college","status":"publish","type":"page","link":"https:\/\/virtuscollege.com\/es\/campus\/instalaciones-de-virtus-college\/","title":{"rendered":"Campus del colegio"},"content":{"rendered":"\t\t<div data-elementor-type=\"wp-page\" data-elementor-id=\"8136\" class=\"elementor elementor-8136\" data-elementor-post-type=\"page\">\n\t\t\t\t<div class=\"elementor-element elementor-element-95cb2d1 e-con-full e-flex e-con e-parent\" data-id=\"95cb2d1\" data-element_type=\"container\" data-e-type=\"container\">\n\t\t\t\t<div class=\"elementor-element elementor-element-2708819 elementor-widget__width-auto elementor-absolute elementor-widget elementor-widget-heading\" data-id=\"2708819\" data-element_type=\"widget\" data-e-type=\"widget\" data-settings=\"{&quot;_position&quot;:&quot;absolute&quot;}\" data-widget_type=\"heading.default\">\n\t\t\t\t<div class=\"elementor-widget-container\">\n\t\t\t\t\t<h2 class=\"elementor-heading-title elementor-size-default\">Campus<span style=\"color: #fff\">  del colegio<\/span><\/h2>\t\t\t\t<\/div>\n\t\t\t\t<\/div>\n\t\t\t\t<div class=\"elementor-element elementor-element-149b8b4 elementor-widget elementor-widget-text-editor\" data-id=\"149b8b4\" data-element_type=\"widget\" data-e-type=\"widget\" data-widget_type=\"text-editor.default\">\n\t\t\t\t<div class=\"elementor-widget-container\">\n\t\t\t\t\t\t\t\t\t<p>Un campus moderno y luminoso de Sixth Form en uno de los barrios m\u00e1s exclusivos de Madrid. Virtus College ofrece un entorno inspirador para la excelencia acad\u00e9mica, el crecimiento personal y la preparaci\u00f3n universitaria.<\/p>\t\t\t\t\t\t\t\t<\/div>\n\t\t\t\t<\/div>\n\t\t\t\t<\/div>\n\t\t<div class=\"elementor-element elementor-element-301df81 e-con-full e-flex e-con e-parent\" data-id=\"301df81\" data-element_type=\"container\" data-e-type=\"container\">\n\t\t<div class=\"elementor-element elementor-element-cc220d3 e-flex e-con-boxed e-con e-child\" data-id=\"cc220d3\" data-element_type=\"container\" data-e-type=\"container\">\n\t\t\t\t\t<div class=\"e-con-inner\">\n\t\t\t\t<div class=\"elementor-element elementor-element-5919574 elementor-widget elementor-widget-heading\" data-id=\"5919574\" data-element_type=\"widget\" data-e-type=\"widget\" data-widget_type=\"heading.default\">\n\t\t\t\t<div class=\"elementor-widget-container\">\n\t\t\t\t\t<h4 class=\"elementor-heading-title elementor-size-default\">Un campus excepcional<br><span style=\"color: #BF9A58\"> en Madrid<\/span>.<\/h4>\t\t\t\t<\/div>\n\t\t\t\t<\/div>\n\t\t\t\t<div class=\"elementor-element elementor-element-1e46791 elementor-widget elementor-widget-text-editor\" data-id=\"1e46791\" data-element_type=\"widget\" data-e-type=\"widget\" data-widget_type=\"text-editor.default\">\n\t\t\t\t<div class=\"elementor-widget-container\">\n\t\t\t\t\t\t\t\t\t<p><span style=\"font-weight: 400;\">Situado en el coraz\u00f3n de una de <\/span><b>las zonas m\u00e1s prestigiosas de Madrid<\/b><span style=\"font-weight: 400;\">, nuestro campus es un espacio vibrante y de mentalidad innovadora donde los estudiantes prosperan.<\/span><span style=\"font-weight: 400;\"><br \/><\/span><span style=\"font-weight: 400;\">Con aulas acristaladas y llenas de luz, laboratorios de ciencias totalmente equipados y zonas de estudio din\u00e1micas, nuestro entorno refleja los valores de apertura, innovaci\u00f3n y excelencia acad\u00e9mica.<\/span><\/p><p><span style=\"font-weight: 400;\">Los alumnos disfrutan de espacios de trabajo dedicados, una biblioteca digital y zonas colaborativas, que les permiten dise\u00f1ar su propia experiencia de aprendizaje.<\/span><span style=\"font-weight: 400;\"><br \/><\/span><span style=\"font-weight: 400;\">Las terrazas en la azotea y los espacios de bienestar ofrecen lugares para relajarse, reflexionar y conectar, fomentando el equilibrio en la vida acad\u00e9mica.<\/span><\/p><p><span style=\"font-weight: 400;\">Dise\u00f1ado pensando en el futuro, el campus cuenta con <\/span><b>tecnolog\u00eda de vanguardia<\/b><span style=\"font-weight: 400;\">, <\/span><b>herramientas con est\u00e1ndares profesionales<\/b><span style=\"font-weight: 400;\"> y un fuerte compromiso con la <\/span><b>sostenibilidad<\/b><span style=\"font-weight: 400;\">, que incluye sistemas energ\u00e9ticamente eficientes e iniciativas ecol\u00f3gicas.<\/span><\/p><p><span style=\"font-weight: 400;\">Las excelentes conexiones de transporte garantizan una gran accesibilidad.<\/span><span style=\"font-weight: 400;\"><br \/><\/span><span style=\"font-weight: 400;\">Ya sea estudiando, socializando o simplemente disfrutando del entorno, Virtus College ofrece un espacio excepcional de Sixth Form, creado para la ambici\u00f3n, la creatividad y el desarrollo personal.<\/span><\/p>\t\t\t\t\t\t\t\t<\/div>\n\t\t\t\t<\/div>\n\t\t\t\t<div class=\"elementor-element elementor-element-0606aa4 elementor-align-left elementor-widget elementor-widget-button\" data-id=\"0606aa4\" data-element_type=\"widget\" data-e-type=\"widget\" data-widget_type=\"button.default\">\n\t\t\t\t<div class=\"elementor-widget-container\">\n\t\t\t\t\t\t\t\t\t<div class=\"elementor-button-wrapper\">\n\t\t\t\t\t<a class=\"elementor-button elementor-button-link elementor-size-sm\" href=\"https:\/\/virtuscollege.com\/es\/campus\/residencia-de-estudiantes-en-madrid\/\">\n\t\t\t\t\t\t<span class=\"elementor-button-content-wrapper\">\n\t\t\t\t\t\t\t\t\t<span class=\"elementor-button-text\">Opciones de alojamiento<\/span>\n\t\t\t\t\t<\/span>\n\t\t\t\t\t<\/a>\n\t\t\t\t<\/div>\n\t\t\t\t\t\t\t\t<\/div>\n\t\t\t\t<\/div>\n\t\t\t\t\t<\/div>\n\t\t\t\t<\/div>\n\t\t<div class=\"elementor-element elementor-element-6efe8a5 e-con-full e-flex e-con e-child\" data-id=\"6efe8a5\" data-element_type=\"container\" data-e-type=\"container\" data-settings=\"{&quot;background_background&quot;:&quot;classic&quot;}\">\n\t\t\t\t<div class=\"elementor-element elementor-element-189b5fd elementor-widget elementor-widget-spacer\" data-id=\"189b5fd\" data-element_type=\"widget\" data-e-type=\"widget\" data-widget_type=\"spacer.default\">\n\t\t\t\t<div class=\"elementor-widget-container\">\n\t\t\t\t\t\t\t<div class=\"elementor-spacer\">\n\t\t\t<div class=\"elementor-spacer-inner\"><\/div>\n\t\t<\/div>\n\t\t\t\t\t\t<\/div>\n\t\t\t\t<\/div>\n\t\t\t\t<\/div>\n\t\t\t\t<\/div>\n\t\t\t\t<\/div>\n\t\t","protected":false},"excerpt":{"rendered":"<p>Campus del colegio Un campus moderno y luminoso de Sixth Form en uno de los barrios m\u00e1s exclusivos de Madrid. Virtus College ofrece un entorno inspirador para la excelencia acad\u00e9mica, el crecimiento personal y la preparaci\u00f3n universitaria. Un campus excepcional en Madrid. Situado en el coraz\u00f3n de una de las zonas m\u00e1s prestigiosas de Madrid, [&hellip;]<\/p>\n","protected":false},"author":2,"featured_media":1652,"parent":76,"menu_order":0,"comment_status":"closed","ping_status":"closed","template":"","meta":{"_acf_changed":false,"footnotes":""},"class_list":["post-8136","page","type-page","status-publish","has-post-thumbnail","hentry"],"acf":[],"_links":{"self":[{"href":"https:\/\/virtuscollege.com\/es\/wp-json\/wp\/v2\/pages\/8136","targetHints":{"allow":["GET"]}}],"collection":[{"href":"https:\/\/virtuscollege.com\/es\/wp-json\/wp\/v2\/pages"}],"about":[{"href":"https:\/\/virtuscollege.com\/es\/wp-json\/wp\/v2\/types\/page"}],"author":[{"embeddable":true,"href":"https:\/\/virtuscollege.com\/es\/wp-json\/wp\/v2\/users\/2"}],"replies":[{"embeddable":true,"href":"https:\/\/virtuscollege.com\/es\/wp-json\/wp\/v2\/comments?post=8136"}],"version-history":[{"count":11,"href":"https:\/\/virtuscollege.com\/es\/wp-json\/wp\/v2\/pages\/8136\/revisions"}],"predecessor-version":[{"id":8165,"href":"https:\/\/virtuscollege.com\/es\/wp-json\/wp\/v2\/pages\/8136\/revisions\/8165"}],"up":[{"embeddable":true,"href":"https:\/\/virtuscollege.com\/es\/wp-json\/wp\/v2\/pages\/76"}],"wp:featuredmedia":[{"embeddable":true,"href":"https:\/\/virtuscollege.com\/es\/wp-json\/wp\/v2\/media\/1652"}],"wp:attachment":[{"href":"https:\/\/virtuscollege.com\/es\/wp-json\/wp\/v2\/media?parent=8136"}],"curies":[{"name":"wp","href":"https:\/\/api.w.org\/{rel}","templated":true}]}}