{"id":80,"date":"2025-04-02T13:10:42","date_gmt":"2025-04-02T11:10:42","guid":{"rendered":"https:\/\/virtuscollege.com\/?page_id=80"},"modified":"2025-11-18T16:06:30","modified_gmt":"2025-11-18T15:06:30","slug":"residencia-de-estudiantes-en-madrid","status":"publish","type":"page","link":"https:\/\/virtuscollege.com\/es\/campus\/residencia-de-estudiantes-en-madrid\/","title":{"rendered":"Residencia de estudiantes"},"content":{"rendered":"\t\t<div data-elementor-type=\"wp-page\" data-elementor-id=\"80\" class=\"elementor elementor-80\" data-elementor-post-type=\"page\">\n\t\t\t\t<div class=\"elementor-element elementor-element-7756647 e-con-full e-flex e-con e-parent\" data-id=\"7756647\" data-element_type=\"container\" data-e-type=\"container\">\n\t\t\t\t<div class=\"elementor-element elementor-element-4376dcd elementor-widget__width-auto elementor-absolute elementor-widget elementor-widget-heading\" data-id=\"4376dcd\" data-element_type=\"widget\" data-e-type=\"widget\" data-settings=\"{&quot;_position&quot;:&quot;absolute&quot;}\" data-widget_type=\"heading.default\">\n\t\t\t\t<div class=\"elementor-widget-container\">\n\t\t\t\t\t<h2 class=\"elementor-heading-title elementor-size-default\">Residencia<\/h2>\t\t\t\t<\/div>\n\t\t\t\t<\/div>\n\t\t\t\t<div class=\"elementor-element elementor-element-93028f4 elementor-widget__width-auto elementor-absolute elementor-widget elementor-widget-heading\" data-id=\"93028f4\" data-element_type=\"widget\" data-e-type=\"widget\" data-settings=\"{&quot;_position&quot;:&quot;absolute&quot;}\" data-widget_type=\"heading.default\">\n\t\t\t\t<div class=\"elementor-widget-container\">\n\t\t\t\t\t<h2 class=\"elementor-heading-title elementor-size-default\"><span style=\"color: #fff\">   de estudiantes<\/span>.<\/h2>\t\t\t\t<\/div>\n\t\t\t\t<\/div>\n\t\t\t\t<div class=\"elementor-element elementor-element-b055ccc elementor-widget elementor-widget-text-editor\" data-id=\"b055ccc\" data-element_type=\"widget\" data-e-type=\"widget\" data-widget_type=\"text-editor.default\">\n\t\t\t\t<div class=\"elementor-widget-container\">\n\t\t\t\t\t\t\t\t\t<p>Virtus College ofrece alojamiento residencial premium en Madrid, combinando confort, seguridad y apoyo integral.<br \/>Un aut\u00e9ntico <em>hogar lejos de casa<\/em> donde los estudiantes prosperan en lo acad\u00e9mico, lo social y lo personal.<\/p>\t\t\t\t\t\t\t\t<\/div>\n\t\t\t\t<\/div>\n\t\t\t\t<\/div>\n\t\t<div class=\"elementor-element elementor-element-2b02b31 e-con-full e-flex e-con e-parent\" data-id=\"2b02b31\" data-element_type=\"container\" data-e-type=\"container\">\n\t\t<div class=\"elementor-element elementor-element-b7b1a38 e-flex e-con-boxed e-con e-child\" data-id=\"b7b1a38\" data-element_type=\"container\" data-e-type=\"container\">\n\t\t\t\t\t<div class=\"e-con-inner\">\n\t\t\t\t<div class=\"elementor-element elementor-element-83304e3 elementor-widget elementor-widget-heading\" data-id=\"83304e3\" data-element_type=\"widget\" data-e-type=\"widget\" data-widget_type=\"heading.default\">\n\t\t\t\t<div class=\"elementor-widget-container\">\n\t\t\t\t\t<h4 class=\"elementor-heading-title elementor-size-default\">Residencia con<span style=\"color: #BF9A58\">  Virtus College<\/span>.<\/h4>\t\t\t\t<\/div>\n\t\t\t\t<\/div>\n\t\t\t\t<div class=\"elementor-element elementor-element-d60ccfc elementor-widget elementor-widget-text-editor\" data-id=\"d60ccfc\" data-element_type=\"widget\" data-e-type=\"widget\" data-widget_type=\"text-editor.default\">\n\t\t\t\t<div class=\"elementor-widget-container\">\n\t\t\t\t\t\t\t\t\t<p><span style=\"font-weight: 400;\">En Virtus College, nos comprometemos a ofrecer una experiencia de vida inmersiva y de apoyo, que enriquezca el recorrido educativo de nuestros alumnos.<\/span><span style=\"font-weight: 400;\"><br \/><\/span><span style=\"font-weight: 400;\">Gracias a nuestras <\/span><b>alianzas con proveedores l\u00edderes de alojamiento<\/b><span style=\"font-weight: 400;\">, ponemos a disposici\u00f3n residencias de alta calidad en las que los estudiantes se sienten como en casa, acompa\u00f1ados y cuidados.<\/span><\/p><p><span style=\"font-weight: 400;\">Aunque se gestionan de forma independiente, estas residencias reflejan nuestros propios altos est\u00e1ndares, garantizando que los alumnos se sientan seguros, integrados y parte de una comunidad vibrante desde el primer d\u00eda.<\/span><\/p><p><span style=\"font-weight: 400;\">Cada espacio est\u00e1 dise\u00f1ado para fomentar la independencia, al mismo tiempo que ofrece la estructura y el cuidado necesarios para que los j\u00f3venes florezcan. M\u00e1s que un lugar donde vivir, nuestra oferta residencial se convierte en una <\/span><b>extensi\u00f3n de la experiencia Virtus College<\/b><span style=\"font-weight: 400;\">, un entorno donde los estudiantes conviven, crecen y construyen amistades para toda la vida mientras refuerzan su trayectoria acad\u00e9mica.<\/span><\/p>\t\t\t\t\t\t\t\t<\/div>\n\t\t\t\t<\/div>\n\t\t\t\t<div class=\"elementor-element elementor-element-95290c3 elementor-align-center elementor-widget elementor-widget-button\" data-id=\"95290c3\" data-element_type=\"widget\" data-e-type=\"widget\" data-widget_type=\"button.default\">\n\t\t\t\t<div class=\"elementor-widget-container\">\n\t\t\t\t\t\t\t\t\t<div class=\"elementor-button-wrapper\">\n\t\t\t\t\t<a class=\"elementor-button elementor-button-link elementor-size-sm\" href=\"https:\/\/virtuscollege.com\/es\/campus\/vida-de-estudiantes-internacionales-en-madrid\/\">\n\t\t\t\t\t\t<span class=\"elementor-button-content-wrapper\">\n\t\t\t\t\t\t\t\t\t<span class=\"elementor-button-text\">VIVIR EN MADRID<\/span>\n\t\t\t\t\t<\/span>\n\t\t\t\t\t<\/a>\n\t\t\t\t<\/div>\n\t\t\t\t\t\t\t\t<\/div>\n\t\t\t\t<\/div>\n\t\t\t\t\t<\/div>\n\t\t\t\t<\/div>\n\t\t<div class=\"elementor-element elementor-element-5cf80e1 e-con-full e-flex e-con e-child\" data-id=\"5cf80e1\" data-element_type=\"container\" data-e-type=\"container\" data-settings=\"{&quot;background_background&quot;:&quot;classic&quot;}\">\n\t\t\t\t<div class=\"elementor-element elementor-element-e727b6d elementor-widget elementor-widget-spacer\" data-id=\"e727b6d\" data-element_type=\"widget\" data-e-type=\"widget\" data-widget_type=\"spacer.default\">\n\t\t\t\t<div class=\"elementor-widget-container\">\n\t\t\t\t\t\t\t<div class=\"elementor-spacer\">\n\t\t\t<div class=\"elementor-spacer-inner\"><\/div>\n\t\t<\/div>\n\t\t\t\t\t\t<\/div>\n\t\t\t\t<\/div>\n\t\t\t\t<\/div>\n\t\t\t\t<\/div>\n\t\t<div class=\"elementor-element elementor-element-48802e9 e-con-full e-flex e-con e-parent\" data-id=\"48802e9\" data-element_type=\"container\" data-e-type=\"container\">\n\t\t<div class=\"elementor-element elementor-element-7ec585b e-con-full e-flex e-con e-child\" data-id=\"7ec585b\" data-element_type=\"container\" data-e-type=\"container\" data-settings=\"{&quot;background_background&quot;:&quot;classic&quot;}\">\n\t\t\t\t<div class=\"elementor-element elementor-element-681ae2b elementor-widget elementor-widget-heading\" data-id=\"681ae2b\" data-element_type=\"widget\" data-e-type=\"widget\" data-widget_type=\"heading.default\">\n\t\t\t\t<div class=\"elementor-widget-container\">\n\t\t\t\t\t<h4 class=\"elementor-heading-title elementor-size-default\">Instalaciones dise\u00f1adas para<span style=\"color: #ffff\"> la comodidad y el bienestar<\/span>.<\/h4>\t\t\t\t<\/div>\n\t\t\t\t<\/div>\n\t\t\t\t<div class=\"elementor-element elementor-element-3937a45 elementor-widget elementor-widget-text-editor\" data-id=\"3937a45\" data-element_type=\"widget\" data-e-type=\"widget\" data-widget_type=\"text-editor.default\">\n\t\t\t\t<div class=\"elementor-widget-container\">\n\t\t\t\t\t\t\t\t\t<p><span style=\"font-weight: 400;\">Ubicadas a <\/span><b>poca distancia del colegio<\/b><span style=\"font-weight: 400;\">, nuestras residencias est\u00e1n cuidadosamente equipadas para mejorar tanto la vida acad\u00e9mica como la personal de los estudiantes.<\/span><span style=\"font-weight: 400;\"><br \/><\/span><span style=\"font-weight: 400;\">Se puede elegir entre una variedad de <\/span><b>estudios modernos totalmente amueblados<\/b><span style=\"font-weight: 400;\">, todos ellos con ba\u00f1o privado para mayor comodidad e intimidad. Los sistemas de seguridad avanzada garantizan un entorno protegido y sin preocupaciones, permitiendo a los alumnos centrarse en sus estudios y en su desarrollo personal.<\/span><\/p><p><span style=\"font-weight: 400;\">Todas nuestras residencias incluyen <\/span><b>instalaciones de \u00faltima generaci\u00f3n<\/b><span style=\"font-weight: 400;\"> como gimnasio, amplias zonas comunes, espacios dedicados al estudio y jardines cuidados, proporcionando un entorno c\u00f3modo y enriquecedor.<\/span><span style=\"font-weight: 400;\"><br \/><\/span><span style=\"font-weight: 400;\">Para los <\/span><b>estudiantes internacionales que cursan A-Levels en Madrid<\/b><span style=\"font-weight: 400;\">, estas residencias representan el lugar ideal para disfrutar de una experiencia preuniversitaria gratificante y completa.<\/span><\/p>\t\t\t\t\t\t\t\t<\/div>\n\t\t\t\t<\/div>\n\t\t\t\t<\/div>\n\t\t<div class=\"elementor-element elementor-element-1c649e9 e-con-full elementor-hidden-tablet elementor-hidden-mobile e-flex e-con e-child\" data-id=\"1c649e9\" data-element_type=\"container\" data-e-type=\"container\">\n\t\t\t\t<div class=\"elementor-element elementor-element-e4ae198 elementor-widget elementor-widget-image\" data-id=\"e4ae198\" data-element_type=\"widget\" data-e-type=\"widget\" data-widget_type=\"image.default\">\n\t\t\t\t<div class=\"elementor-widget-container\">\n\t\t\t\t\t\t\t\t\t\t\t\t\t\t\t<img fetchpriority=\"high\" decoding=\"async\" width=\"1000\" height=\"525\" src=\"https:\/\/virtuscollege.com\/wp-content\/uploads\/2025\/06\/Facilities-designed.jpg\" class=\"attachment-full size-full wp-image-1701\" alt=\"\" srcset=\"https:\/\/virtuscollege.com\/wp-content\/uploads\/2025\/06\/Facilities-designed.jpg 1000w, https:\/\/virtuscollege.com\/wp-content\/uploads\/2025\/06\/Facilities-designed-300x158.jpg 300w, https:\/\/virtuscollege.com\/wp-content\/uploads\/2025\/06\/Facilities-designed-768x403.jpg 768w\" sizes=\"(max-width: 1000px) 100vw, 1000px\" \/>\t\t\t\t\t\t\t\t\t\t\t\t\t\t\t<\/div>\n\t\t\t\t<\/div>\n\t\t\t\t<\/div>\n\t\t\t\t<\/div>\n\t\t<div class=\"elementor-element elementor-element-d4f7a3f e-con-full e-flex e-con e-parent\" data-id=\"d4f7a3f\" data-element_type=\"container\" data-e-type=\"container\">\n\t\t<div class=\"elementor-element elementor-element-01ed024 e-con-full e-flex e-con e-child\" data-id=\"01ed024\" data-element_type=\"container\" data-e-type=\"container\" data-settings=\"{&quot;background_background&quot;:&quot;classic&quot;}\">\n\t\t\t\t<div class=\"elementor-element elementor-element-2d69cc5 elementor-widget elementor-widget-spacer\" data-id=\"2d69cc5\" data-element_type=\"widget\" data-e-type=\"widget\" data-widget_type=\"spacer.default\">\n\t\t\t\t<div class=\"elementor-widget-container\">\n\t\t\t\t\t\t\t<div class=\"elementor-spacer\">\n\t\t\t<div class=\"elementor-spacer-inner\"><\/div>\n\t\t<\/div>\n\t\t\t\t\t\t<\/div>\n\t\t\t\t<\/div>\n\t\t\t\t<\/div>\n\t\t<div class=\"elementor-element elementor-element-c655c62 e-flex e-con-boxed e-con e-child\" data-id=\"c655c62\" data-element_type=\"container\" data-e-type=\"container\" data-settings=\"{&quot;background_background&quot;:&quot;classic&quot;}\">\n\t\t\t\t\t<div class=\"e-con-inner\">\n\t\t\t\t<div class=\"elementor-element elementor-element-ba1cbd6 elementor-widget elementor-widget-heading\" data-id=\"ba1cbd6\" data-element_type=\"widget\" data-e-type=\"widget\" data-widget_type=\"heading.default\">\n\t\t\t\t<div class=\"elementor-widget-container\">\n\t\t\t\t\t<h4 class=\"elementor-heading-title elementor-size-default\">Conexiones<span style=\"color: #BF9A58\">   y apoyo continuo<\/span>.<\/h4>\t\t\t\t<\/div>\n\t\t\t\t<\/div>\n\t\t\t\t<div class=\"elementor-element elementor-element-6a3fa0f elementor-widget elementor-widget-text-editor\" data-id=\"6a3fa0f\" data-element_type=\"widget\" data-e-type=\"widget\" data-widget_type=\"text-editor.default\">\n\t\t\t\t<div class=\"elementor-widget-container\">\n\t\t\t\t\t\t\t\t\t<p><span style=\"font-weight: 400;\">La vida en Virtus College no se limita a lo acad\u00e9mico, tambi\u00e9n se trata de construir un aut\u00e9ntico sentido de pertenencia. Nuestros socios residenciales organizan una amplia variedad de actividades, desde eventos sociales hasta talleres y clases, fomentando la <\/span><b>conexi\u00f3n entre los estudiantes y la creaci\u00f3n de amistades duraderas.<\/b><\/p><p><span style=\"font-weight: 400;\">Adem\u00e1s, contamos con coordinadores residenciales disponibles cada d\u00eda para proporcionar apoyo continuo, ayudando en aspectos como la orientaci\u00f3n acad\u00e9mica o la gesti\u00f3n del tiempo. Mantienen tambi\u00e9n una comunicaci\u00f3n fluida con las familias, asegurando que los alumnos se sientan respaldados tanto en lo acad\u00e9mico como en lo emocional durante toda su estancia.<\/span><\/p>\t\t\t\t\t\t\t\t<\/div>\n\t\t\t\t<\/div>\n\t\t\t\t\t<\/div>\n\t\t\t\t<\/div>\n\t\t\t\t<\/div>\n\t\t\t\t<\/div>\n\t\t","protected":false},"excerpt":{"rendered":"<p>Residencia de estudiantes. Virtus College ofrece alojamiento residencial premium en Madrid, combinando confort, seguridad y apoyo integral.Un aut\u00e9ntico hogar lejos de casa donde los estudiantes prosperan en lo acad\u00e9mico, lo social y lo personal. Residencia con Virtus College. En Virtus College, nos comprometemos a ofrecer una experiencia de vida inmersiva y de apoyo, que enriquezca [&hellip;]<\/p>\n","protected":false},"author":2,"featured_media":1693,"parent":76,"menu_order":0,"comment_status":"closed","ping_status":"closed","template":"","meta":{"_acf_changed":false,"footnotes":""},"class_list":["post-80","page","type-page","status-publish","has-post-thumbnail","hentry"],"acf":[],"_links":{"self":[{"href":"https:\/\/virtuscollege.com\/es\/wp-json\/wp\/v2\/pages\/80","targetHints":{"allow":["GET"]}}],"collection":[{"href":"https:\/\/virtuscollege.com\/es\/wp-json\/wp\/v2\/pages"}],"about":[{"href":"https:\/\/virtuscollege.com\/es\/wp-json\/wp\/v2\/types\/page"}],"author":[{"embeddable":true,"href":"https:\/\/virtuscollege.com\/es\/wp-json\/wp\/v2\/users\/2"}],"replies":[{"embeddable":true,"href":"https:\/\/virtuscollege.com\/es\/wp-json\/wp\/v2\/comments?post=80"}],"version-history":[{"count":59,"href":"https:\/\/virtuscollege.com\/es\/wp-json\/wp\/v2\/pages\/80\/revisions"}],"predecessor-version":[{"id":8754,"href":"https:\/\/virtuscollege.com\/es\/wp-json\/wp\/v2\/pages\/80\/revisions\/8754"}],"up":[{"embeddable":true,"href":"https:\/\/virtuscollege.com\/es\/wp-json\/wp\/v2\/pages\/76"}],"wp:featuredmedia":[{"embeddable":true,"href":"https:\/\/virtuscollege.com\/es\/wp-json\/wp\/v2\/media\/1693"}],"wp:attachment":[{"href":"https:\/\/virtuscollege.com\/es\/wp-json\/wp\/v2\/media?parent=80"}],"curies":[{"name":"wp","href":"https:\/\/api.w.org\/{rel}","templated":true}]}}