{"id":76,"date":"2025-04-02T13:10:00","date_gmt":"2025-04-02T11:10:00","guid":{"rendered":"https:\/\/virtuscollege.com\/?page_id=76"},"modified":"2025-12-19T11:18:32","modified_gmt":"2025-12-19T10:18:32","slug":"campus","status":"publish","type":"page","link":"https:\/\/virtuscollege.com\/es\/campus\/","title":{"rendered":"Campus y residencia"},"content":{"rendered":"\t\t<div data-elementor-type=\"wp-page\" data-elementor-id=\"76\" class=\"elementor elementor-76\" data-elementor-post-type=\"page\">\n\t\t\t\t<div class=\"elementor-element elementor-element-f6fed36 e-con-full e-flex e-con e-parent\" data-id=\"f6fed36\" data-element_type=\"container\" data-e-type=\"container\" data-settings=\"{&quot;background_background&quot;:&quot;classic&quot;}\">\n\t\t<div class=\"elementor-element elementor-element-3e80b3d6 e-con-full e-flex e-con e-child\" data-id=\"3e80b3d6\" data-element_type=\"container\" data-e-type=\"container\">\n\t\t\t\t<div class=\"elementor-element elementor-element-49e49fe6 elementor-widget elementor-widget-heading\" data-id=\"49e49fe6\" data-element_type=\"widget\" data-e-type=\"widget\" data-widget_type=\"heading.default\">\n\t\t\t\t<div class=\"elementor-widget-container\">\n\t\t\t\t\t<h2 class=\"elementor-heading-title elementor-size-default\"><span style=\"color: #fff\">Campus y residencia<\/span>.<\/h2>\t\t\t\t<\/div>\n\t\t\t\t<\/div>\n\t\t\t\t<div class=\"elementor-element elementor-element-1b3e19ae elementor-widget__width-initial elementor-widget elementor-widget-heading\" data-id=\"1b3e19ae\" data-element_type=\"widget\" data-e-type=\"widget\" data-widget_type=\"heading.default\">\n\t\t\t\t<div class=\"elementor-widget-container\">\n\t\t\t\t\t<h2 class=\"elementor-heading-title elementor-size-default\">Descubre el innovador campus de nuestro colegio brit\u00e1nico en Madrid, dise\u00f1ado espec\u00edficamente para el \u00e9xito en el bachillerato brit\u00e1nico.<\/h2>\t\t\t\t<\/div>\n\t\t\t\t<\/div>\n\t\t\t\t<div class=\"elementor-element elementor-element-33f146d6 elementor-widget__width-initial elementor-absolute elementor-widget elementor-widget-spacer\" data-id=\"33f146d6\" data-element_type=\"widget\" data-e-type=\"widget\" data-settings=\"{&quot;_position&quot;:&quot;absolute&quot;}\" data-widget_type=\"spacer.default\">\n\t\t\t\t<div class=\"elementor-widget-container\">\n\t\t\t\t\t\t\t<div class=\"elementor-spacer\">\n\t\t\t<div class=\"elementor-spacer-inner\"><\/div>\n\t\t<\/div>\n\t\t\t\t\t\t<\/div>\n\t\t\t\t<\/div>\n\t\t\t\t<\/div>\n\t\t\t\t<\/div>\n\t\t<div class=\"elementor-element elementor-element-dc3b1d4 e-con-full e-flex e-con e-parent\" data-id=\"dc3b1d4\" data-element_type=\"container\" data-e-type=\"container\" data-settings=\"{&quot;background_background&quot;:&quot;classic&quot;}\">\n\t\t<div class=\"elementor-element elementor-element-ecad3cb e-con-full e-flex e-con e-child\" data-id=\"ecad3cb\" data-element_type=\"container\" data-e-type=\"container\" data-settings=\"{&quot;background_background&quot;:&quot;classic&quot;}\">\n\t\t\t\t<div class=\"elementor-element elementor-element-b5d5550 elementor-widget elementor-widget-heading\" data-id=\"b5d5550\" data-element_type=\"widget\" data-e-type=\"widget\" data-widget_type=\"heading.default\">\n\t\t\t\t<div class=\"elementor-widget-container\">\n\t\t\t\t\t<h4 class=\"elementor-heading-title elementor-size-default\">Un campus \u00fanico en el<span style=\"color: #BF9A58\"> coraz\u00f3n de La Moraleja<\/span>.<\/h4>\t\t\t\t<\/div>\n\t\t\t\t<\/div>\n\t\t\t\t<div class=\"elementor-element elementor-element-030708b elementor-widget elementor-widget-text-editor\" data-id=\"030708b\" data-element_type=\"widget\" data-e-type=\"widget\" data-widget_type=\"text-editor.default\">\n\t\t\t\t<div class=\"elementor-widget-container\">\n\t\t\t\t\t\t\t\t\t<p><b>Virtus College<\/b><span style=\"font-weight: 400;\"> se encuentra en <\/span><b>La Moraleja<\/b><span style=\"font-weight: 400;\">, uno de los distritos m\u00e1s prestigiosos de Madrid, ofreciendo a los estudiantes un entorno inspirador para el enfoque acad\u00e9mico y el crecimiento personal. Dise\u00f1ado pensando en el recorrido de A-Level, el campus cuenta con aulas luminosas, laboratorios de ciencias de \u00faltima generaci\u00f3n y zonas de estudio tranquilas. Las \u00e1reas comunes, las bibliotecas digitales y una terraza en la azotea fomentan la colaboraci\u00f3n y el bienestar. Con excelentes conexiones de transporte y un claro compromiso con la sostenibilidad, el campus refleja el <\/span><b>esp\u00edritu innovador de un colegio internacional<\/b><span style=\"font-weight: 400;\"> en pleno coraz\u00f3n de la ciudad.<\/span><\/p>\t\t\t\t\t\t\t\t<\/div>\n\t\t\t\t<\/div>\n\t\t\t\t<\/div>\n\t\t<div class=\"elementor-element elementor-element-2cefb33 e-con-full e-flex e-con e-child\" data-id=\"2cefb33\" data-element_type=\"container\" data-e-type=\"container\" data-settings=\"{&quot;background_background&quot;:&quot;classic&quot;}\">\n\t\t\t\t<div class=\"elementor-element elementor-element-e0a0fd9 elementor-widget elementor-widget-spacer\" data-id=\"e0a0fd9\" data-element_type=\"widget\" data-e-type=\"widget\" data-widget_type=\"spacer.default\">\n\t\t\t\t<div class=\"elementor-widget-container\">\n\t\t\t\t\t\t\t<div class=\"elementor-spacer\">\n\t\t\t<div class=\"elementor-spacer-inner\"><\/div>\n\t\t<\/div>\n\t\t\t\t\t\t<\/div>\n\t\t\t\t<\/div>\n\t\t\t\t<\/div>\n\t\t\t\t<\/div>\n\t\t<footer class=\"elementor-element elementor-element-319c70bd e-con-full elementor-hidden-tablet elementor-hidden-mobile e-flex e-con e-parent\" data-id=\"319c70bd\" data-element_type=\"container\" data-e-type=\"container\">\n\t\t<div class=\"elementor-element elementor-element-142fb1c8 e-con-full e-flex e-con e-child\" data-id=\"142fb1c8\" data-element_type=\"container\" data-e-type=\"container\" data-settings=\"{&quot;background_background&quot;:&quot;classic&quot;}\">\n\t\t\t\t<div class=\"elementor-element elementor-element-4500e5bd elementor-widget__width-initial elementor-absolute animated-fast elementor-hidden-tablet elementor-hidden-mobile elementor-invisible elementor-widget elementor-widget-spacer\" data-id=\"4500e5bd\" data-element_type=\"widget\" data-e-type=\"widget\" data-settings=\"{&quot;_position&quot;:&quot;absolute&quot;,&quot;_animation&quot;:&quot;slideInLeft&quot;}\" data-widget_type=\"spacer.default\">\n\t\t\t\t<div class=\"elementor-widget-container\">\n\t\t\t\t\t\t\t<div class=\"elementor-spacer\">\n\t\t\t<div class=\"elementor-spacer-inner\"><\/div>\n\t\t<\/div>\n\t\t\t\t\t\t<\/div>\n\t\t\t\t<\/div>\n\t\t\t\t<\/div>\n\t\t\t\t<\/footer>\n\t\t<div class=\"elementor-element elementor-element-20711bc4 e-flex e-con-boxed e-con e-parent\" data-id=\"20711bc4\" data-element_type=\"container\" data-e-type=\"container\">\n\t\t\t\t\t<div class=\"e-con-inner\">\n\t\t<div class=\"elementor-element elementor-element-28efbc29 e-flex e-con-boxed e-con e-child\" data-id=\"28efbc29\" data-element_type=\"container\" data-e-type=\"container\">\n\t\t\t\t\t<div class=\"e-con-inner\">\n\t\t\t\t<div class=\"elementor-element elementor-element-3e38247c elementor-widget elementor-widget-heading\" data-id=\"3e38247c\" data-element_type=\"widget\" data-e-type=\"widget\" data-widget_type=\"heading.default\">\n\t\t\t\t<div class=\"elementor-widget-container\">\n\t\t\t\t\t<h4 class=\"elementor-heading-title elementor-size-default\">Residencia premium<span style=\"color: #BF9A58\"> cerca del colegio<\/span>.<\/h4>\t\t\t\t<\/div>\n\t\t\t\t<\/div>\n\t\t\t\t<div class=\"elementor-element elementor-element-43456f0c elementor-widget elementor-widget-text-editor\" data-id=\"43456f0c\" data-element_type=\"widget\" data-e-type=\"widget\" data-widget_type=\"text-editor.default\">\n\t\t\t\t<div class=\"elementor-widget-container\">\n\t\t\t\t\t\t\t\t\t<p><span style=\"font-weight: 400;\">Colaboramos con proveedores l\u00edderes para ofrecer <\/span><b>residencias de estudiantes en Madrid<\/b><span style=\"font-weight: 400;\"> que cumplen con los m\u00e1s altos est\u00e1ndares de comodidad, seguridad y atenci\u00f3n al alumno.<\/span><span style=\"font-weight: 400;\"><br \/><\/span><span style=\"font-weight: 400;\">Estas residencias totalmente amuebladas se encuentran cerca del campus e incluyen ba\u00f1os privados, acceso a gimnasio, zonas de estudio y espacios verdes. La seguridad es prioritaria, con sistemas de vigilancia 24\/7. Ideales tanto para <\/span><b>estudiantes internacionales<\/b><span style=\"font-weight: 400;\"> como para aquellos procedentes de otras regiones de Espa\u00f1a, estas residencias fomentan la independencia sin perder el sentido de comunidad.<\/span><\/p><p><span style=\"font-weight: 400;\">Nuestra experiencia residencial impulsa la amistad, el bienestar y el desarrollo personal.<\/span><span style=\"font-weight: 400;\"><br \/><\/span><span style=\"font-weight: 400;\">Los estudiantes participan en talleres, eventos sociales y actividades culturales organizadas por nuestros socios residenciales. Coordinadores formados est\u00e1n disponibles a diario para ofrecer orientaci\u00f3n acad\u00e9mica y apoyo emocional, manteniendo un contacto regular con las familias.<\/span><\/p>\t\t\t\t\t\t\t\t<\/div>\n\t\t\t\t<\/div>\n\t\t\t\t\t<\/div>\n\t\t\t\t<\/div>\n\t\t\t\t\t<\/div>\n\t\t\t\t<\/div>\n\t\t<div class=\"elementor-element elementor-element-6a54c3 e-con-full e-flex e-con e-parent\" data-id=\"6a54c3\" data-element_type=\"container\" data-e-type=\"container\">\n\t\t<div class=\"elementor-element elementor-element-1e79fd8b e-con-full e-flex e-con e-child\" data-id=\"1e79fd8b\" data-element_type=\"container\" data-e-type=\"container\" data-settings=\"{&quot;background_background&quot;:&quot;classic&quot;}\">\n\t\t\t\t<div class=\"elementor-element elementor-element-e493178 elementor-widget elementor-widget-spacer\" data-id=\"e493178\" data-element_type=\"widget\" data-e-type=\"widget\" data-widget_type=\"spacer.default\">\n\t\t\t\t<div class=\"elementor-widget-container\">\n\t\t\t\t\t\t\t<div class=\"elementor-spacer\">\n\t\t\t<div class=\"elementor-spacer-inner\"><\/div>\n\t\t<\/div>\n\t\t\t\t\t\t<\/div>\n\t\t\t\t<\/div>\n\t\t\t\t<\/div>\n\t\t<div class=\"elementor-element elementor-element-4368d512 e-flex e-con-boxed e-con e-child\" data-id=\"4368d512\" data-element_type=\"container\" data-e-type=\"container\">\n\t\t\t\t\t<div class=\"e-con-inner\">\n\t\t\t\t<div class=\"elementor-element elementor-element-753e5352 elementor-widget elementor-widget-heading\" data-id=\"753e5352\" data-element_type=\"widget\" data-e-type=\"widget\" data-widget_type=\"heading.default\">\n\t\t\t\t<div class=\"elementor-widget-container\">\n\t\t\t\t\t<h4 class=\"elementor-heading-title elementor-size-default\">Vida estudiantil en Madrid:<span style=\"color: #BF9A58\"> cultura, idioma y oportunidades<\/span>.<\/h4>\t\t\t\t<\/div>\n\t\t\t\t<\/div>\n\t\t\t\t<div class=\"elementor-element elementor-element-1b6b92fd elementor-widget elementor-widget-text-editor\" data-id=\"1b6b92fd\" data-element_type=\"widget\" data-e-type=\"widget\" data-widget_type=\"text-editor.default\">\n\t\t\t\t<div class=\"elementor-widget-container\">\n\t\t\t\t\t\t\t\t\t<p><span style=\"font-weight: 400;\">Vivir en Madrid como <\/span><b>estudiante de un colegio brit\u00e1nico<\/b><span style=\"font-weight: 400;\"> ofrece beneficios culturales, sociales y acad\u00e9micos incomparables. Desde museos y teatros de primer nivel hasta cafeter\u00edas locales y parques verdes, la ciudad brinda un entorno rico para la exploraci\u00f3n personal. Con descuentos para estudiantes, un entorno seguro y una comunidad internacional, Madrid es una elecci\u00f3n ideal para quienes buscan una educaci\u00f3n global en una ciudad vibrante.<\/span><\/p>\t\t\t\t\t\t\t\t<\/div>\n\t\t\t\t<\/div>\n\t\t\t\t\t<\/div>\n\t\t\t\t<\/div>\n\t\t\t\t<\/div>\n\t\t<div class=\"elementor-element elementor-element-5a57c89 e-con-full e-flex e-con e-parent\" data-id=\"5a57c89\" data-element_type=\"container\" data-e-type=\"container\" data-settings=\"{&quot;background_background&quot;:&quot;classic&quot;}\">\n\t\t<div class=\"elementor-element elementor-element-8388ba0 e-con-full e-flex e-con e-child\" data-id=\"8388ba0\" data-element_type=\"container\" data-e-type=\"container\">\n\t\t\t\t<div class=\"elementor-element elementor-element-f06a485 elementor-widget__width-auto elementor-widget elementor-widget-heading\" data-id=\"f06a485\" data-element_type=\"widget\" data-e-type=\"widget\" data-widget_type=\"heading.default\">\n\t\t\t\t<div class=\"elementor-widget-container\">\n\t\t\t\t\t<h2 class=\"elementor-heading-title elementor-size-default\">Si necesita m\u00e1s informaci\u00f3n sobre<\/h2>\t\t\t\t<\/div>\n\t\t\t\t<\/div>\n\t\t\t\t<div class=\"elementor-element elementor-element-e22fd32 elementor-widget elementor-widget-heading\" data-id=\"e22fd32\" data-element_type=\"widget\" data-e-type=\"widget\" data-widget_type=\"heading.default\">\n\t\t\t\t<div class=\"elementor-widget-container\">\n\t\t\t\t\t<h4 class=\"elementor-heading-title elementor-size-default\">Virtus College<span style=\"color: #BF9A58\"> The British Sixth Form<\/span>.<\/h4>\t\t\t\t<\/div>\n\t\t\t\t<\/div>\n\t\t\t\t<div class=\"elementor-element elementor-element-1be47c1 elementor-widget-tablet__width-inherit elementor-widget elementor-widget-text-editor\" data-id=\"1be47c1\" data-element_type=\"widget\" data-e-type=\"widget\" data-widget_type=\"text-editor.default\">\n\t\t\t\t<div class=\"elementor-widget-container\">\n\t\t\t\t\t\t\t\t\t<p>Rellene el siguiente formulario y nos pondremos en contacto en un plazo de 24 horas.<\/p><p>Si prefiere que hablemos por tel\u00e9fono, estaremos encantados de atenderle en el\u00a0<strong>+34 605 844 968<\/strong>.<\/p>\t\t\t\t\t\t\t\t<\/div>\n\t\t\t\t<\/div>\n\t\t\t\t<\/div>\n\t\t<div class=\"elementor-element elementor-element-cb079e6 e-con-full e-flex e-con e-child\" data-id=\"cb079e6\" data-element_type=\"container\" data-e-type=\"container\">\n\t\t\t\t<div class=\"elementor-element elementor-element-7072974 elementor-button-align-center elementor-mobile-button-align-stretch elementor-widget elementor-widget-form\" data-id=\"7072974\" data-element_type=\"widget\" data-e-type=\"widget\" data-settings=\"{&quot;step_next_label&quot;:&quot;Next&quot;,&quot;step_previous_label&quot;:&quot;Previous&quot;,&quot;step_type&quot;:&quot;number_text&quot;,&quot;step_icon_shape&quot;:&quot;circle&quot;}\" data-widget_type=\"form.default\">\n\t\t\t\t<div class=\"elementor-widget-container\">\n\t\t\t\t\t\t\t<form class=\"elementor-form\" method=\"post\" name=\"Need Some Advice?\" aria-label=\"Need Some Advice?\">\n\t\t\t<input type=\"hidden\" name=\"post_id\" value=\"76\"\/>\n\t\t\t<input type=\"hidden\" name=\"form_id\" value=\"7072974\"\/>\n\t\t\t<input type=\"hidden\" name=\"referer_title\" value=\"Campus y residencia\" \/>\n\n\t\t\t\t\t\t\t<input type=\"hidden\" name=\"queried_id\" value=\"76\"\/>\n\t\t\t\n\t\t\t<div class=\"elementor-form-fields-wrapper elementor-labels-\">\n\t\t\t\t\t\t\t\t<div class=\"elementor-field-type-text elementor-field-group elementor-column elementor-field-group-name elementor-col-33 elementor-field-required\">\n\t\t\t\t\t\t\t\t\t\t\t\t<label for=\"form-field-name\" class=\"elementor-field-label elementor-screen-only\">\n\t\t\t\t\t\t\t\tNombre\t\t\t\t\t\t\t<\/label>\n\t\t\t\t\t\t\t\t\t\t\t\t\t\t<input size=\"1\" type=\"text\" name=\"form_fields[name]\" id=\"form-field-name\" class=\"elementor-field elementor-size-xs  elementor-field-textual\" placeholder=\"*Nombre\" required=\"required\">\n\t\t\t\t\t\t\t\t\t\t\t<\/div>\n\t\t\t\t\t\t\t\t<div class=\"elementor-field-type-text elementor-field-group elementor-column elementor-field-group-field_e3ce211 elementor-col-33 elementor-field-required\">\n\t\t\t\t\t\t\t\t\t\t\t\t<label for=\"form-field-field_e3ce211\" class=\"elementor-field-label elementor-screen-only\">\n\t\t\t\t\t\t\t\tApellidos\t\t\t\t\t\t\t<\/label>\n\t\t\t\t\t\t\t\t\t\t\t\t\t\t<input size=\"1\" type=\"text\" name=\"form_fields[field_e3ce211]\" id=\"form-field-field_e3ce211\" class=\"elementor-field elementor-size-xs  elementor-field-textual\" placeholder=\"*Apellidos\" required=\"required\">\n\t\t\t\t\t\t\t\t\t\t\t<\/div>\n\t\t\t\t\t\t\t\t<div class=\"elementor-field-type-tel elementor-field-group elementor-column elementor-field-group-message elementor-col-33 elementor-field-required\">\n\t\t\t\t\t\t\t\t\t\t\t\t<label for=\"form-field-message\" class=\"elementor-field-label elementor-screen-only\">\n\t\t\t\t\t\t\t\tN\u00famero de tel\u00e9fono\t\t\t\t\t\t\t<\/label>\n\t\t\t\t\t\t<span class=\"ccfef-editor-intl-input\" data-id=\"form-field-message\" data-field-id=\"4896e25\" data-default-country=\"es\" data-include-countries=\"\" data-exclude-countries=\"\" data-dial-code-visibility=\"show\" data-strict-mode=\"no\" style=\"display: none;\"><\/span>\t\t<input size=\"1\" type=\"tel\" name=\"form_fields[message]\" id=\"form-field-message\" class=\"elementor-field elementor-size-xs  elementor-field-textual\" placeholder=\"*N\u00famero de tel\u00e9fono\" required=\"required\" pattern=\"[0-9()#&amp;+*-=.]+\" title=\"Solo se aceptan n\u00fameros y caracteres de tel\u00e9fono (#,-,*,etc).\">\n\n\t\t\t\t\t\t<\/div>\n\t\t\t\t\t\t\t\t<div class=\"elementor-field-type-email elementor-field-group elementor-column elementor-field-group-email elementor-col-50 elementor-field-required\">\n\t\t\t\t\t\t\t\t\t\t\t\t<label for=\"form-field-email\" class=\"elementor-field-label elementor-screen-only\">\n\t\t\t\t\t\t\t\tEmail\t\t\t\t\t\t\t<\/label>\n\t\t\t\t\t\t\t\t\t\t\t\t\t\t<input size=\"1\" type=\"email\" name=\"form_fields[email]\" id=\"form-field-email\" class=\"elementor-field elementor-size-xs  elementor-field-textual\" placeholder=\"*Email\" required=\"required\">\n\t\t\t\t\t\t\t\t\t\t\t<\/div>\n\t\t\t\t\t\t\t\t<div class=\"elementor-field-type-select elementor-field-group elementor-column elementor-field-group-field_86372db elementor-col-50 elementor-field-required\">\n\t\t\t\t\t\t\t\t\t\t\t\t<label for=\"form-field-field_86372db\" class=\"elementor-field-label elementor-screen-only\">\n\t\t\t\t\t\t\t\t\u00bfC\u00f3mo nos has conocido?\t\t\t\t\t\t\t<\/label>\n\t\t\t\t\t\t\t\t<div class=\"elementor-field elementor-select-wrapper remove-before \">\n\t\t\t<div class=\"select-caret-down-wrapper\">\n\t\t\t\t<svg aria-hidden=\"true\" class=\"e-font-icon-svg e-eicon-caret-down\" viewBox=\"0 0 571.4 571.4\" xmlns=\"http:\/\/www.w3.org\/2000\/svg\"><path d=\"M571 393Q571 407 561 418L311 668Q300 679 286 679T261 668L11 418Q0 407 0 393T11 368 36 357H536Q550 357 561 368T571 393Z\"><\/path><\/svg>\t\t\t<\/div>\n\t\t\t<select name=\"form_fields[field_86372db]\" id=\"form-field-field_86372db\" class=\"elementor-field-textual elementor-size-xs\" required=\"required\">\n\t\t\t\t\t\t\t\t\t<option value=\"\">\u00bfC\u00f3mo nos has conocido?* <\/option>\n\t\t\t\t\t\t\t\t\t<option value=\"Alumno actual\">Alumno actual<\/option>\n\t\t\t\t\t\t\t\t\t<option value=\"Antiguo alumno\">Antiguo alumno<\/option>\n\t\t\t\t\t\t\t\t\t<option value=\"Recomendaci\u00f3n\">Recomendaci\u00f3n<\/option>\n\t\t\t\t\t\t\t\t\t<option value=\"Familiar\">Familiar<\/option>\n\t\t\t\t\t\t\t\t\t<option value=\"B\u00fasqueda Google\">B\u00fasqueda Google<\/option>\n\t\t\t\t\t\t\t\t\t<option value=\"B\u00fasqueda ChatGPT\">B\u00fasqueda ChatGPT<\/option>\n\t\t\t\t\t\t\t\t\t<option value=\"RRSS\">RRSS<\/option>\n\t\t\t\t\t\t\t\t\t<option value=\"Email marketing\">Email marketing<\/option>\n\t\t\t\t\t\t\t\t\t<option value=\"Prensa\">Prensa<\/option>\n\t\t\t\t\t\t\t\t\t<option value=\"Carteler\u00eda\">Carteler\u00eda<\/option>\n\t\t\t\t\t\t\t\t\t<option value=\"Eventos  \">Eventos  <\/option>\n\t\t\t\t\t\t\t<\/select>\n\t\t<\/div>\n\t\t\t\t\t\t<\/div>\n\t\t\t\t\t\t\t\t<div class=\"elementor-field-type-textarea elementor-field-group elementor-column elementor-field-group-field_99bb4ab elementor-col-100 elementor-field-required\">\n\t\t\t\t\t\t\t\t\t\t\t\t<label for=\"form-field-field_99bb4ab\" class=\"elementor-field-label elementor-screen-only\">\n\t\t\t\t\t\t\t\tMensaje\t\t\t\t\t\t\t<\/label>\n\t\t\t\t\t\t<textarea class=\"elementor-field-textual elementor-field  elementor-size-xs\" name=\"form_fields[field_99bb4ab]\" id=\"form-field-field_99bb4ab\" rows=\"1\" placeholder=\"Mensaje*\" required=\"required\"><\/textarea>\t\t\t\t<\/div>\n\t\t\t\t\t\t\t\t<div class=\"elementor-field-type-acceptance elementor-field-group elementor-column elementor-field-group-field_d7980be elementor-col-100 elementor-field-required\">\n\t\t\t\t\t\t\t\t\t\t\t\t<label for=\"form-field-field_d7980be\" class=\"elementor-field-label elementor-screen-only\">\n\t\t\t\t\t\t\t\tConsentimiento\t\t\t\t\t\t\t<\/label>\n\t\t\t\t\t\t\t\t<div class=\"elementor-field-subgroup\">\n\t\t\t<span class=\"elementor-field-option\">\n\t\t\t\t<input type=\"checkbox\" name=\"form_fields[field_d7980be]\" id=\"form-field-field_d7980be\" class=\"elementor-field elementor-size-xs  elementor-acceptance-field\" required=\"required\">\n\t\t\t\t<label for=\"form-field-field_d7980be\"><span><span style=\"font-size: 11px; line-height: 13px; color: #33333;\">He le\u00eddo y acepto de forma expresa los t\u00e9rminos expuestos en la <\/span> <a href=\"https:\/\/virtuscollege.com\/es\/politica-de-privacidad\/\" target=\"_blank\"><span style=\"font-size: 11px; line-height: 13px; color: #33333;\"> Pol\u00edtica de privacidad<\/span><\/a> <\/span> <span style=\"font-size: 11px; line-height: 13px; color: #33333;\"> y los <\/span> <a href=\"https:\/\/virtuscollege.com\/es\/terminos-y-condiciones\/\" target=\"_blank\"><span style=\"font-size: 11px; line-height: 13px; color: #33333;\">T\u00e9rminos y condiciones. <\/span><\/a><\/span><\/label>\t\t\t<\/span>\n\t\t<\/div>\n\t\t\t\t\t\t<\/div>\n\t\t\t\t\t\t\t\t<div class=\"elementor-field-type-text\">\n\t\t\t\t\t<input size=\"1\" type=\"text\" name=\"form_fields[field_a721d68]\" id=\"form-field-field_a721d68\" class=\"elementor-field elementor-size-xs \" style=\"display:none !important;\">\t\t\t\t<\/div>\n\t\t\t\t\t\t\t\t<div class=\"elementor-field-type-recaptcha elementor-field-group elementor-column elementor-field-group-field_aeff7f1 elementor-col-100\">\n\t\t\t\t\t<div class=\"elementor-field\" id=\"form-field-field_aeff7f1\"><div class=\"elementor-g-recaptcha\" data-sitekey=\"6Lde9B4sAAAAALnwanrwxS-WSNv4M05rgyD1yrcs\" data-type=\"v2_checkbox\" data-theme=\"light\" data-size=\"normal\"><\/div><\/div>\t\t\t\t<\/div>\n\t\t\t\t\t\t\t\t<div class=\"elementor-field-group elementor-column elementor-field-type-submit elementor-col-100 e-form__buttons\">\n\t\t\t\t\t<button class=\"elementor-button elementor-size-sm\" type=\"submit\">\n\t\t\t\t\t\t<span class=\"elementor-button-content-wrapper\">\n\t\t\t\t\t\t\t\t\t\t\t\t\t\t\t\t\t\t\t\t\t\t<span class=\"elementor-button-text\">Enviar<\/span>\n\t\t\t\t\t\t\t\t\t\t\t\t\t<\/span>\n\t\t\t\t\t<\/button>\n\t\t\t\t<\/div>\n\t\t\t<\/div>\n\t\t<\/form>\n\t\t\t\t\t\t<\/div>\n\t\t\t\t<\/div>\n\t\t\t\t<\/div>\n\t\t\t\t<\/div>\n\t\t\t\t<\/div>\n\t\t","protected":false},"excerpt":{"rendered":"<p>Campus y residencia. Descubre el innovador campus de nuestro colegio brit\u00e1nico en Madrid, dise\u00f1ado espec\u00edficamente para el \u00e9xito en el bachillerato brit\u00e1nico. Un campus \u00fanico en el coraz\u00f3n de La Moraleja. Virtus College se encuentra en La Moraleja, uno de los distritos m\u00e1s prestigiosos de Madrid, ofreciendo a los estudiantes un entorno inspirador para el [&hellip;]<\/p>\n","protected":false},"author":2,"featured_media":4390,"parent":0,"menu_order":0,"comment_status":"closed","ping_status":"closed","template":"","meta":{"_acf_changed":false,"footnotes":""},"class_list":["post-76","page","type-page","status-publish","has-post-thumbnail","hentry"],"acf":[],"_links":{"self":[{"href":"https:\/\/virtuscollege.com\/es\/wp-json\/wp\/v2\/pages\/76","targetHints":{"allow":["GET"]}}],"collection":[{"href":"https:\/\/virtuscollege.com\/es\/wp-json\/wp\/v2\/pages"}],"about":[{"href":"https:\/\/virtuscollege.com\/es\/wp-json\/wp\/v2\/types\/page"}],"author":[{"embeddable":true,"href":"https:\/\/virtuscollege.com\/es\/wp-json\/wp\/v2\/users\/2"}],"replies":[{"embeddable":true,"href":"https:\/\/virtuscollege.com\/es\/wp-json\/wp\/v2\/comments?post=76"}],"version-history":[{"count":68,"href":"https:\/\/virtuscollege.com\/es\/wp-json\/wp\/v2\/pages\/76\/revisions"}],"predecessor-version":[{"id":10781,"href":"https:\/\/virtuscollege.com\/es\/wp-json\/wp\/v2\/pages\/76\/revisions\/10781"}],"wp:featuredmedia":[{"embeddable":true,"href":"https:\/\/virtuscollege.com\/es\/wp-json\/wp\/v2\/media\/4390"}],"wp:attachment":[{"href":"https:\/\/virtuscollege.com\/es\/wp-json\/wp\/v2\/media?parent=76"}],"curies":[{"name":"wp","href":"https:\/\/api.w.org\/{rel}","templated":true}]}}