{"id":74,"date":"2025-04-02T13:09:46","date_gmt":"2025-04-02T11:09:46","guid":{"rendered":"https:\/\/virtuscollege.com\/?page_id=74"},"modified":"2025-11-18T15:06:39","modified_gmt":"2025-11-18T14:06:39","slug":"programas-de-practicas-profesionales","status":"publish","type":"page","link":"https:\/\/virtuscollege.com\/es\/universidades-internacionales\/programas-de-practicas-profesionales\/","title":{"rendered":"Pr\u00e1cticas en empresas"},"content":{"rendered":"\t\t<div data-elementor-type=\"wp-page\" data-elementor-id=\"74\" class=\"elementor elementor-74\" data-elementor-post-type=\"page\">\n\t\t\t\t<div class=\"elementor-element elementor-element-a55b381 e-con-full e-flex e-con e-parent\" data-id=\"a55b381\" data-element_type=\"container\" data-e-type=\"container\">\n\t\t\t\t<div class=\"elementor-element elementor-element-1b72de6 elementor-widget__width-auto elementor-absolute elementor-widget elementor-widget-heading\" data-id=\"1b72de6\" data-element_type=\"widget\" data-e-type=\"widget\" data-settings=\"{&quot;_position&quot;:&quot;absolute&quot;}\" data-widget_type=\"heading.default\">\n\t\t\t\t<div class=\"elementor-widget-container\">\n\t\t\t\t\t<h2 class=\"elementor-heading-title elementor-size-default\">Experiencia<span style=\"color: #fff\"> laboral<\/span>.<\/h2>\t\t\t\t<\/div>\n\t\t\t\t<\/div>\n\t\t\t\t<div class=\"elementor-element elementor-element-76b1b59 elementor-widget elementor-widget-text-editor\" data-id=\"76b1b59\" data-element_type=\"widget\" data-e-type=\"widget\" data-widget_type=\"text-editor.default\">\n\t\t\t\t<div class=\"elementor-widget-container\">\n\t\t\t\t\t\t\t\t\t<p>En Virtus College, los estudiantes acceden a una amplia red de empresas y universidades, obteniendo experiencias reales y una visi\u00f3n directa que respalda tanto sus decisiones acad\u00e9micas como sus aspiraciones profesionales.<\/p>\t\t\t\t\t\t\t\t<\/div>\n\t\t\t\t<\/div>\n\t\t\t\t<\/div>\n\t\t<div class=\"elementor-element elementor-element-3e46aa5 e-con-full e-flex e-con e-parent\" data-id=\"3e46aa5\" data-element_type=\"container\" data-e-type=\"container\">\n\t\t<div class=\"elementor-element elementor-element-5b93e3b e-flex e-con-boxed e-con e-child\" data-id=\"5b93e3b\" data-element_type=\"container\" data-e-type=\"container\">\n\t\t\t\t\t<div class=\"e-con-inner\">\n\t\t\t\t<div class=\"elementor-element elementor-element-0fa34cd elementor-widget elementor-widget-heading\" data-id=\"0fa34cd\" data-element_type=\"widget\" data-e-type=\"widget\" data-widget_type=\"heading.default\">\n\t\t\t\t<div class=\"elementor-widget-container\">\n\t\t\t\t\t<h4 class=\"elementor-heading-title elementor-size-default\">Encuentros con empresas<span style=\"color: #BF9A58\"> y universidades<\/span>.<\/h4>\t\t\t\t<\/div>\n\t\t\t\t<\/div>\n\t\t\t\t<div class=\"elementor-element elementor-element-0ba3b6b elementor-widget elementor-widget-text-editor\" data-id=\"0ba3b6b\" data-element_type=\"widget\" data-e-type=\"widget\" data-widget_type=\"text-editor.default\">\n\t\t\t\t<div class=\"elementor-widget-container\">\n\t\t\t\t\t\t\t\t\t<p><span style=\"font-weight: 400;\">Nuestros alumnos participan en un completo programa de <\/span><b>interacci\u00f3n directa con las universidades y el mundo laboral<\/b><span style=\"font-weight: 400;\">, que les ayuda a explorar posibles carreras y tomar decisiones acad\u00e9micas fundamentadas. Recibimos regularmente a <\/span><b>ponentes de prestigio <\/b><span style=\"font-weight: 400;\">procedentes de organizaciones globales como Google, Airbus y Amazon, ofreciendo a los estudiantes una visi\u00f3n \u00fanica de entornos profesionales diversos.<\/span><\/p><p><span style=\"font-weight: 400;\">Fuera del aula, organizamos <\/span><b>visitas a empresas l\u00edderes<\/b><span style=\"font-weight: 400;\"> para que experimenten de primera mano distintos sectores. Del mismo modo, damos prioridad a los <\/span><b>encuentros con universidades<\/b><span style=\"font-weight: 400;\">, mediante visitas regulares de representantes, exalumnos y especialistas de diversas \u00e1reas, que presentan opciones de grado, la vida en el campus y las expectativas de admisi\u00f3n. Nuestros estudiantes tambi\u00e9n asisten a jornadas de puertas abiertas y ferias universitarias, ampliando as\u00ed su conocimiento sobre las oportunidades acad\u00e9micas a nivel global.<\/span><\/p><p><span style=\"font-weight: 400;\">Colaboramos estrechamente con proveedores especializados como Meducators UK, ofreciendo experiencias acad\u00e9micas espec\u00edficas mediante talleres presenciales y programas de verano especializados.<\/span><\/p><p><br style=\"font-weight: 400;\" \/><br \/><\/p>\t\t\t\t\t\t\t\t<\/div>\n\t\t\t\t<\/div>\n\t\t\t\t\t<\/div>\n\t\t\t\t<\/div>\n\t\t<div class=\"elementor-element elementor-element-74ad90e e-con-full e-flex e-con e-child\" data-id=\"74ad90e\" data-element_type=\"container\" data-e-type=\"container\" data-settings=\"{&quot;background_background&quot;:&quot;classic&quot;}\">\n\t\t\t\t<div class=\"elementor-element elementor-element-65de7a9 elementor-widget elementor-widget-spacer\" data-id=\"65de7a9\" data-element_type=\"widget\" data-e-type=\"widget\" data-widget_type=\"spacer.default\">\n\t\t\t\t<div class=\"elementor-widget-container\">\n\t\t\t\t\t\t\t<div class=\"elementor-spacer\">\n\t\t\t<div class=\"elementor-spacer-inner\"><\/div>\n\t\t<\/div>\n\t\t\t\t\t\t<\/div>\n\t\t\t\t<\/div>\n\t\t\t\t<\/div>\n\t\t\t\t<\/div>\n\t\t<footer class=\"elementor-element elementor-element-7f69806 e-con-full elementor-hidden-tablet elementor-hidden-mobile e-flex e-con e-parent\" data-id=\"7f69806\" data-element_type=\"container\" data-e-type=\"container\">\n\t\t<div class=\"elementor-element elementor-element-a986472 e-con-full e-flex e-con e-child\" data-id=\"a986472\" data-element_type=\"container\" data-e-type=\"container\" data-settings=\"{&quot;background_background&quot;:&quot;classic&quot;}\">\n\t\t\t\t<div class=\"elementor-element elementor-element-85b76aa elementor-widget__width-initial elementor-absolute animated-fast elementor-hidden-tablet elementor-hidden-mobile elementor-invisible elementor-widget elementor-widget-spacer\" data-id=\"85b76aa\" data-element_type=\"widget\" data-e-type=\"widget\" data-settings=\"{&quot;_position&quot;:&quot;absolute&quot;,&quot;_animation&quot;:&quot;slideInLeft&quot;}\" data-widget_type=\"spacer.default\">\n\t\t\t\t<div class=\"elementor-widget-container\">\n\t\t\t\t\t\t\t<div class=\"elementor-spacer\">\n\t\t\t<div class=\"elementor-spacer-inner\"><\/div>\n\t\t<\/div>\n\t\t\t\t\t\t<\/div>\n\t\t\t\t<\/div>\n\t\t\t\t<\/div>\n\t\t\t\t<\/footer>\n\t\t<div class=\"elementor-element elementor-element-c788c56 e-con-full e-flex e-con e-parent\" data-id=\"c788c56\" data-element_type=\"container\" data-e-type=\"container\">\n\t\t<div class=\"elementor-element elementor-element-1a65325 e-flex e-con-boxed e-con e-child\" data-id=\"1a65325\" data-element_type=\"container\" data-e-type=\"container\" data-settings=\"{&quot;background_background&quot;:&quot;classic&quot;}\">\n\t\t\t\t\t<div class=\"e-con-inner\">\n\t\t\t\t<div class=\"elementor-element elementor-element-eb7f0c6 elementor-widget elementor-widget-heading\" data-id=\"eb7f0c6\" data-element_type=\"widget\" data-e-type=\"widget\" data-widget_type=\"heading.default\">\n\t\t\t\t<div class=\"elementor-widget-container\">\n\t\t\t\t\t<h4 class=\"elementor-heading-title elementor-size-default\">La red de pr\u00e1cticas laborales<span style=\"color: #BF9A58\"> m\u00e1s amplia\n<\/span>.<\/h4>\t\t\t\t<\/div>\n\t\t\t\t<\/div>\n\t\t\t\t<div class=\"elementor-element elementor-element-9d5bfea elementor-widget elementor-widget-text-editor\" data-id=\"9d5bfea\" data-element_type=\"widget\" data-e-type=\"widget\" data-widget_type=\"text-editor.default\">\n\t\t\t\t<div class=\"elementor-widget-container\">\n\t\t\t\t\t\t\t\t\t<p><span style=\"font-weight: 400;\">Virtus College se enorgullece de tener <\/span><b>una de las redes de pr\u00e1cticas profesionales m\u00e1s amplias <\/b><span style=\"font-weight: 400;\">dentro del conglomerado de colegios internacionales en Espa\u00f1a. Colaboramos con empresas de sectores tan diversos como la ingenier\u00eda, las finanzas, la medicina, la hosteler\u00eda y el sector inmobiliario.<\/span><\/p><p><span style=\"font-weight: 400;\">Los estudiantes son asignados a empresas cuidadosamente seleccionadas y alineadas con sus intereses profesionales, donde <\/span><b>acompa\u00f1an a expertos en su trabajo<\/b><span style=\"font-weight: 400;\"> y adquieren un conocimiento pr\u00e1ctico y valioso sobre <\/span><b>el funcionamiento de las organizaciones. <\/b><span style=\"font-weight: 400;\">Estas pr\u00e1cticas suelen realizarse en verano, ofreciendo una preparaci\u00f3n clave para solicitudes universitarias competitivas en el Reino Unido, Estados Unidos y otros pa\u00edses.<\/span><\/p>\t\t\t\t\t\t\t\t<\/div>\n\t\t\t\t<\/div>\n\t\t\t\t<div class=\"elementor-element elementor-element-51cfbb0 elementor-widget__width-initial elementor-widget elementor-widget-text-editor\" data-id=\"51cfbb0\" data-element_type=\"widget\" data-e-type=\"widget\" data-widget_type=\"text-editor.default\">\n\t\t\t\t<div class=\"elementor-widget-container\">\n\t\t\t\t\t\t\t\t\t<p><span style=\"font-weight: 400;\">Si tu empresa est\u00e1 interesada en colaborar, puedes ponerte en contacto con nuestro equipo en info@virtuscollege.com<\/span><\/p>\t\t\t\t\t\t\t\t<\/div>\n\t\t\t\t<\/div>\n\t\t\t\t\t<\/div>\n\t\t\t\t<\/div>\n\t\t\t\t<\/div>\n\t\t\t\t<\/div>\n\t\t","protected":false},"excerpt":{"rendered":"<p>Experiencia laboral. En Virtus College, los estudiantes acceden a una amplia red de empresas y universidades, obteniendo experiencias reales y una visi\u00f3n directa que respalda tanto sus decisiones acad\u00e9micas como sus aspiraciones profesionales. Encuentros con empresas y universidades. Nuestros alumnos participan en un completo programa de interacci\u00f3n directa con las universidades y el mundo laboral, [&hellip;]<\/p>\n","protected":false},"author":2,"featured_media":1651,"parent":64,"menu_order":0,"comment_status":"closed","ping_status":"closed","template":"","meta":{"_acf_changed":false,"footnotes":""},"class_list":["post-74","page","type-page","status-publish","has-post-thumbnail","hentry"],"acf":[],"_links":{"self":[{"href":"https:\/\/virtuscollege.com\/es\/wp-json\/wp\/v2\/pages\/74","targetHints":{"allow":["GET"]}}],"collection":[{"href":"https:\/\/virtuscollege.com\/es\/wp-json\/wp\/v2\/pages"}],"about":[{"href":"https:\/\/virtuscollege.com\/es\/wp-json\/wp\/v2\/types\/page"}],"author":[{"embeddable":true,"href":"https:\/\/virtuscollege.com\/es\/wp-json\/wp\/v2\/users\/2"}],"replies":[{"embeddable":true,"href":"https:\/\/virtuscollege.com\/es\/wp-json\/wp\/v2\/comments?post=74"}],"version-history":[{"count":71,"href":"https:\/\/virtuscollege.com\/es\/wp-json\/wp\/v2\/pages\/74\/revisions"}],"predecessor-version":[{"id":8636,"href":"https:\/\/virtuscollege.com\/es\/wp-json\/wp\/v2\/pages\/74\/revisions\/8636"}],"up":[{"embeddable":true,"href":"https:\/\/virtuscollege.com\/es\/wp-json\/wp\/v2\/pages\/64"}],"wp:featuredmedia":[{"embeddable":true,"href":"https:\/\/virtuscollege.com\/es\/wp-json\/wp\/v2\/media\/1651"}],"wp:attachment":[{"href":"https:\/\/virtuscollege.com\/es\/wp-json\/wp\/v2\/media?parent=74"}],"curies":[{"name":"wp","href":"https:\/\/api.w.org\/{rel}","templated":true}]}}