{"id":72,"date":"2025-04-02T13:09:19","date_gmt":"2025-04-02T11:09:19","guid":{"rendered":"https:\/\/virtuscollege.com\/?page_id=72"},"modified":"2025-11-18T15:03:34","modified_gmt":"2025-11-18T14:03:34","slug":"preparacion-para-oxbridge-e-ivy-league","status":"publish","type":"page","link":"https:\/\/virtuscollege.com\/es\/universidades-internacionales\/preparacion-para-oxbridge-e-ivy-league\/","title":{"rendered":"Oxbridge e Ivy-League"},"content":{"rendered":"\t\t<div data-elementor-type=\"wp-page\" data-elementor-id=\"72\" class=\"elementor elementor-72\" data-elementor-post-type=\"page\">\n\t\t\t\t<div class=\"elementor-element elementor-element-1da370a e-con-full e-flex e-con e-parent\" data-id=\"1da370a\" data-element_type=\"container\" data-e-type=\"container\">\n\t\t\t\t<div class=\"elementor-element elementor-element-119c398 elementor-widget__width-auto elementor-absolute elementor-widget elementor-widget-heading\" data-id=\"119c398\" data-element_type=\"widget\" data-e-type=\"widget\" data-settings=\"{&quot;_position&quot;:&quot;absolute&quot;}\" data-widget_type=\"heading.default\">\n\t\t\t\t<div class=\"elementor-widget-container\">\n\t\t\t\t\t<h2 class=\"elementor-heading-title elementor-size-default\">Oxbridge<\/h2>\t\t\t\t<\/div>\n\t\t\t\t<\/div>\n\t\t\t\t<div class=\"elementor-element elementor-element-1ae26a2 elementor-widget__width-auto elementor-absolute elementor-widget elementor-widget-heading\" data-id=\"1ae26a2\" data-element_type=\"widget\" data-e-type=\"widget\" data-settings=\"{&quot;_position&quot;:&quot;absolute&quot;}\" data-widget_type=\"heading.default\">\n\t\t\t\t<div class=\"elementor-widget-container\">\n\t\t\t\t\t<h2 class=\"elementor-heading-title elementor-size-default\"><span style=\"color: #fff\">  &amp; Ivy League<\/span>.<\/h2>\t\t\t\t<\/div>\n\t\t\t\t<\/div>\n\t\t\t\t<div class=\"elementor-element elementor-element-1091283 elementor-widget elementor-widget-text-editor\" data-id=\"1091283\" data-element_type=\"widget\" data-e-type=\"widget\" data-widget_type=\"text-editor.default\">\n\t\t\t\t<div class=\"elementor-widget-container\">\n\t\t\t\t\t\t\t\t\t<p>Dise\u00f1ado para las universidades m\u00e1s competitivas del mundo, nuestro programa Oxbridge &amp; Ivy League prepara a los estudiantes con el rigor acad\u00e9mico, la mentalidad y las competencias necesarias para lograr el \u00e9xito en admisiones de \u00e9lite.<\/p>\t\t\t\t\t\t\t\t<\/div>\n\t\t\t\t<\/div>\n\t\t\t\t<\/div>\n\t\t<div class=\"elementor-element elementor-element-272497a e-con-full e-flex e-con e-parent\" data-id=\"272497a\" data-element_type=\"container\" data-e-type=\"container\">\n\t\t<div class=\"elementor-element elementor-element-80b9ad4 e-flex e-con-boxed e-con e-child\" data-id=\"80b9ad4\" data-element_type=\"container\" data-e-type=\"container\">\n\t\t\t\t\t<div class=\"e-con-inner\">\n\t\t\t\t<div class=\"elementor-element elementor-element-dc6052f elementor-widget elementor-widget-heading\" data-id=\"dc6052f\" data-element_type=\"widget\" data-e-type=\"widget\" data-widget_type=\"heading.default\">\n\t\t\t\t<div class=\"elementor-widget-container\">\n\t\t\t\t\t<h4 class=\"elementor-heading-title elementor-size-default\">Preparaci\u00f3n para Oxford,<span style=\"color: #BF9A58\"> Cambridge y la Ivy League<\/span>.<\/h4>\t\t\t\t<\/div>\n\t\t\t\t<\/div>\n\t\t\t\t<div class=\"elementor-element elementor-element-7c54784 elementor-widget elementor-widget-text-editor\" data-id=\"7c54784\" data-element_type=\"widget\" data-e-type=\"widget\" data-widget_type=\"text-editor.default\">\n\t\t\t\t<div class=\"elementor-widget-container\">\n\t\t\t\t\t\t\t\t\t<p><span style=\"font-weight: 400;\">Virtus College ofrece un programa exclusivo para alumnos que aspiran a ingresar en las instituciones m\u00e1s prestigiosas del mundo, como <\/span><b>Oxford<\/b><span style=\"font-weight: 400;\">, <\/span><b>Cambridge<\/b><span style=\"font-weight: 400;\">, <\/span><b>Imperial College<\/b><span style=\"font-weight: 400;\">, <\/span><b>Harvard<\/b><span style=\"font-weight: 400;\">, <\/span><b>MIT<\/b><span style=\"font-weight: 400;\"> y otras que forman parte del top 1% mundial. Dise\u00f1ado para retarse e inspirar, este itinerario combina profundidad acad\u00e9mica con orientaci\u00f3n experta en admisiones universitarias.<\/span><\/p><p><span style=\"font-weight: 400;\">Los estudiantes seleccionados participan en seminarios semanales dirigidos por asesores especializados en universidades del Reino Unido y Estados Unidos. Estas sesiones desarrollan habilidades en <\/span><b>lectura cr\u00edtica<\/b><span style=\"font-weight: 400;\">, <\/span><b>debate acad\u00e9mico<\/b><span style=\"font-weight: 400;\"> y <\/span><b>pensamiento interdisciplinar<\/b><span style=\"font-weight: 400;\">, esenciales para solicitudes competitivas y exigentes entrevistas de admisi\u00f3n. El objetivo no es solo lograr la admisi\u00f3n, sino tambi\u00e9n prepararlos para prosperar acad\u00e9micamente en estas instituciones.<\/span><\/p><p><span style=\"font-weight: 400;\">A trav\u00e9s de este programa, los estudiantes aprenden a transformar sus intereses en proyectos acad\u00e9micos significativos, a construir un <\/span><b>perfil extracurricular<\/b><span style=\"font-weight: 400;\"> s\u00f3lido y a <\/span><b>dominar h\u00e1bitos intelectuales<\/b><span style=\"font-weight: 400;\"> clave como escribir con precisi\u00f3n, leer en profundidad y aprender con prop\u00f3sito.<\/span><\/p><p><span style=\"font-weight: 400;\">Adem\u00e1s, reciben una preparaci\u00f3n espec\u00edfica para <\/span><b>pruebas de acceso<\/b><span style=\"font-weight: 400;\"> como el <\/span><b>SAT\/ACT (EE.UU.), ESAT, STEP, MAT, PAT y UCAT<\/b><span style=\"font-weight: 400;\">. Esta formaci\u00f3n intensiva garantiza que cada alumno est\u00e9 plenamente preparado para afrontar las demandas \u00fanicas de su proceso de solicitud<\/span><\/p>\t\t\t\t\t\t\t\t<\/div>\n\t\t\t\t<\/div>\n\t\t\t\t\t<\/div>\n\t\t\t\t<\/div>\n\t\t<div class=\"elementor-element elementor-element-2e8ccb1 e-con-full e-flex e-con e-child\" data-id=\"2e8ccb1\" data-element_type=\"container\" data-e-type=\"container\" data-settings=\"{&quot;background_background&quot;:&quot;classic&quot;}\">\n\t\t\t\t<div class=\"elementor-element elementor-element-6922b0a elementor-widget elementor-widget-spacer\" data-id=\"6922b0a\" data-element_type=\"widget\" data-e-type=\"widget\" data-widget_type=\"spacer.default\">\n\t\t\t\t<div class=\"elementor-widget-container\">\n\t\t\t\t\t\t\t<div class=\"elementor-spacer\">\n\t\t\t<div class=\"elementor-spacer-inner\"><\/div>\n\t\t<\/div>\n\t\t\t\t\t\t<\/div>\n\t\t\t\t<\/div>\n\t\t\t\t<\/div>\n\t\t\t\t<\/div>\n\t\t\t\t<\/div>\n\t\t","protected":false},"excerpt":{"rendered":"<p>Oxbridge &amp; Ivy League. Dise\u00f1ado para las universidades m\u00e1s competitivas del mundo, nuestro programa Oxbridge &amp; Ivy League prepara a los estudiantes con el rigor acad\u00e9mico, la mentalidad y las competencias necesarias para lograr el \u00e9xito en admisiones de \u00e9lite. Preparaci\u00f3n para Oxford, Cambridge y la Ivy League. Virtus College ofrece un programa exclusivo para [&hellip;]<\/p>\n","protected":false},"author":2,"featured_media":1669,"parent":64,"menu_order":0,"comment_status":"closed","ping_status":"closed","template":"","meta":{"_acf_changed":false,"footnotes":""},"class_list":["post-72","page","type-page","status-publish","has-post-thumbnail","hentry"],"acf":[],"_links":{"self":[{"href":"https:\/\/virtuscollege.com\/es\/wp-json\/wp\/v2\/pages\/72","targetHints":{"allow":["GET"]}}],"collection":[{"href":"https:\/\/virtuscollege.com\/es\/wp-json\/wp\/v2\/pages"}],"about":[{"href":"https:\/\/virtuscollege.com\/es\/wp-json\/wp\/v2\/types\/page"}],"author":[{"embeddable":true,"href":"https:\/\/virtuscollege.com\/es\/wp-json\/wp\/v2\/users\/2"}],"replies":[{"embeddable":true,"href":"https:\/\/virtuscollege.com\/es\/wp-json\/wp\/v2\/comments?post=72"}],"version-history":[{"count":26,"href":"https:\/\/virtuscollege.com\/es\/wp-json\/wp\/v2\/pages\/72\/revisions"}],"predecessor-version":[{"id":8633,"href":"https:\/\/virtuscollege.com\/es\/wp-json\/wp\/v2\/pages\/72\/revisions\/8633"}],"up":[{"embeddable":true,"href":"https:\/\/virtuscollege.com\/es\/wp-json\/wp\/v2\/pages\/64"}],"wp:featuredmedia":[{"embeddable":true,"href":"https:\/\/virtuscollege.com\/es\/wp-json\/wp\/v2\/media\/1669"}],"wp:attachment":[{"href":"https:\/\/virtuscollege.com\/es\/wp-json\/wp\/v2\/media?parent=72"}],"curies":[{"name":"wp","href":"https:\/\/api.w.org\/{rel}","templated":true}]}}