{"id":6629,"date":"2025-10-31T15:10:16","date_gmt":"2025-10-31T14:10:16","guid":{"rendered":"https:\/\/virtuscollege.com\/?page_id=6629"},"modified":"2025-12-02T12:42:16","modified_gmt":"2025-12-02T11:42:16","slug":"virtus-college-at-model-united-nations","status":"publish","type":"page","link":"https:\/\/virtuscollege.com\/es\/virtus-college-at-model-united-nations\/","title":{"rendered":"Virtus College en Modelo de Naciones Unidas"},"content":{"rendered":"\t\t<div data-elementor-type=\"wp-page\" data-elementor-id=\"6629\" class=\"elementor elementor-6629\" data-elementor-post-type=\"page\">\n\t\t\t\t<div class=\"elementor-element elementor-element-20d7484 e-flex e-con-boxed e-con e-parent\" data-id=\"20d7484\" data-element_type=\"container\" data-e-type=\"container\" data-settings=\"{&quot;background_background&quot;:&quot;classic&quot;}\">\n\t\t\t\t\t<div class=\"e-con-inner\">\n\t\t\t\t<div class=\"elementor-element elementor-element-cb48fad elementor-widget__width-initial elementor-widget elementor-widget-heading\" data-id=\"cb48fad\" data-element_type=\"widget\" data-e-type=\"widget\" data-widget_type=\"heading.default\">\n\t\t\t\t<div class=\"elementor-widget-container\">\n\t\t\t\t\t<h4 class=\"elementor-heading-title elementor-size-default\">Virtus College<span style=\"color: #BF9A58\"> en Modelo de Naciones Unidas<\/span>.<\/h4>\t\t\t\t<\/div>\n\t\t\t\t<\/div>\n\t\t\t\t<div class=\"elementor-element elementor-element-fc50a20 elementor-widget elementor-widget-heading\" data-id=\"fc50a20\" data-element_type=\"widget\" data-e-type=\"widget\" data-widget_type=\"heading.default\">\n\t\t\t\t<div class=\"elementor-widget-container\">\n\t\t\t\t\t<h2 class=\"elementor-heading-title elementor-size-default\">#EducacionBritanica #PreparacionUniversitaria #StudentLeadership<\/h2>\t\t\t\t<\/div>\n\t\t\t\t<\/div>\n\t\t<div class=\"elementor-element elementor-element-a86d628 e-flex e-con-boxed e-con e-child\" data-id=\"a86d628\" data-element_type=\"container\" data-e-type=\"container\" data-settings=\"{&quot;background_background&quot;:&quot;classic&quot;}\">\n\t\t\t\t\t<div class=\"e-con-inner\">\n\t\t<div class=\"elementor-element elementor-element-eb0aa86 e-con-full e-flex e-con e-child\" data-id=\"eb0aa86\" data-element_type=\"container\" data-e-type=\"container\" data-settings=\"{&quot;background_background&quot;:&quot;classic&quot;}\">\n\t\t\t\t<div class=\"elementor-element elementor-element-b7ae551 elementor-widget elementor-widget-text-editor\" data-id=\"b7ae551\" data-element_type=\"widget\" data-e-type=\"widget\" data-widget_type=\"text-editor.default\">\n\t\t\t\t<div class=\"elementor-widget-container\">\n\t\t\t\t\t\t\t\t\t<p><span style=\"font-weight: 400;\">Una delegaci\u00f3n de 12 alumnos de Virtus particip\u00f3 recientemente en su primera conferencia de <\/span><b>Modelo de Naciones Unidas (MUN)<\/b><span style=\"font-weight: 400;\">, celebrada del 15 al 18 de <\/span><span style=\"font-weight: 400;\">octubre<\/span><span style=\"font-weight: 400;\"> en la Universidad Carlos III. El evento, SYMUN, permiti\u00f3 a los alumnos asumir el <\/span><b>papel de diplom\u00e1ticos de la ONU<\/b><span style=\"font-weight: 400;\"> y debatir sobre temas globales cr\u00edticos, como el impacto de las armas de nueva generaci\u00f3n, estrategias para cortar las fuentes de ingresos de las organizaciones criminales y los efectos sociales de las innovaciones m\u00e9dicas.<\/span><\/p>\t\t\t\t\t\t\t\t<\/div>\n\t\t\t\t<\/div>\n\t\t\t\t<div class=\"elementor-element elementor-element-ec5fa0b elementor-widget elementor-widget-image\" data-id=\"ec5fa0b\" data-element_type=\"widget\" data-e-type=\"widget\" data-widget_type=\"image.default\">\n\t\t\t\t<div class=\"elementor-widget-container\">\n\t\t\t\t\t\t\t\t\t\t\t\t\t\t\t<img fetchpriority=\"high\" decoding=\"async\" width=\"800\" height=\"534\" src=\"https:\/\/virtuscollege.com\/wp-content\/uploads\/2025\/06\/Virtus-College-at-Model-United-Nations-1024x683.jpg\" class=\"attachment-large size-large wp-image-7327\" alt=\"\" srcset=\"https:\/\/virtuscollege.com\/wp-content\/uploads\/2025\/06\/Virtus-College-at-Model-United-Nations-1024x683.jpg 1024w, https:\/\/virtuscollege.com\/wp-content\/uploads\/2025\/06\/Virtus-College-at-Model-United-Nations-300x200.jpg 300w, https:\/\/virtuscollege.com\/wp-content\/uploads\/2025\/06\/Virtus-College-at-Model-United-Nations-768x512.jpg 768w, https:\/\/virtuscollege.com\/wp-content\/uploads\/2025\/06\/Virtus-College-at-Model-United-Nations-1536x1024.jpg 1536w, https:\/\/virtuscollege.com\/wp-content\/uploads\/2025\/06\/Virtus-College-at-Model-United-Nations.jpg 1600w\" sizes=\"(max-width: 800px) 100vw, 800px\" \/>\t\t\t\t\t\t\t\t\t\t\t\t\t\t\t<\/div>\n\t\t\t\t<\/div>\n\t\t\t\t<div class=\"elementor-element elementor-element-6b5a4b4 elementor-widget elementor-widget-text-editor\" data-id=\"6b5a4b4\" data-element_type=\"widget\" data-e-type=\"widget\" data-widget_type=\"text-editor.default\">\n\t\t\t\t<div class=\"elementor-widget-container\">\n\t\t\t\t\t\t\t\t\t<p><span style=\"font-weight: 400;\">At Virtus College, students are actively encouraged to develop essential soft skills such as<\/span><b> public speaking, teamwork, and leadership <\/b><span style=\"font-weight: 400;\">through dedicated weekly classes. This preparation equips them to excel in events like SYMUN, where their ability to engage in structured debate and problem-solving shines. The delegation returned enthusiastic and energized, having been highly engaged throughout the sessions.<\/span><\/p><p><span style=\"font-weight: 400;\">En Virtus College, se anima activamente a los alumnos a desarrollar habilidades esenciales, como la <\/span><b>oratoria, el trabajo en equipo y el liderazgo<\/b><span style=\"font-weight: 400;\">, a trav\u00e9s de clases semanales. Esta preparaci\u00f3n les permite destacar en eventos como SYMUN, donde su capacidad para intervenir en debates estructurados y resolver problemas brilla. La delegaci\u00f3n regres\u00f3 entusiasta y llena de energ\u00eda, habi\u00e9ndose mostrado altamente comprometida durante todas las sesiones.<\/span><\/p>\t\t\t\t\t\t\t\t<\/div>\n\t\t\t\t<\/div>\n\t\t\t\t<\/div>\n\t\t\t\t\t<\/div>\n\t\t\t\t<\/div>\n\t\t\t\t\t<\/div>\n\t\t\t\t<\/div>\n\t\t\t\t<\/div>\n\t\t","protected":false},"excerpt":{"rendered":"<p>Virtus College en Modelo de Naciones Unidas. #EducacionBritanica #PreparacionUniversitaria #StudentLeadership Una delegaci\u00f3n de 12 alumnos de Virtus particip\u00f3 recientemente en su primera conferencia de Modelo de Naciones Unidas (MUN), celebrada del 15 al 18 de octubre en la Universidad Carlos III. El evento, SYMUN, permiti\u00f3 a los alumnos asumir el papel de diplom\u00e1ticos de la [&hellip;]<\/p>\n","protected":false},"author":2,"featured_media":6732,"parent":0,"menu_order":0,"comment_status":"closed","ping_status":"closed","template":"","meta":{"_acf_changed":false,"footnotes":""},"class_list":["post-6629","page","type-page","status-publish","has-post-thumbnail","hentry"],"acf":[],"_links":{"self":[{"href":"https:\/\/virtuscollege.com\/es\/wp-json\/wp\/v2\/pages\/6629","targetHints":{"allow":["GET"]}}],"collection":[{"href":"https:\/\/virtuscollege.com\/es\/wp-json\/wp\/v2\/pages"}],"about":[{"href":"https:\/\/virtuscollege.com\/es\/wp-json\/wp\/v2\/types\/page"}],"author":[{"embeddable":true,"href":"https:\/\/virtuscollege.com\/es\/wp-json\/wp\/v2\/users\/2"}],"replies":[{"embeddable":true,"href":"https:\/\/virtuscollege.com\/es\/wp-json\/wp\/v2\/comments?post=6629"}],"version-history":[{"count":22,"href":"https:\/\/virtuscollege.com\/es\/wp-json\/wp\/v2\/pages\/6629\/revisions"}],"predecessor-version":[{"id":10096,"href":"https:\/\/virtuscollege.com\/es\/wp-json\/wp\/v2\/pages\/6629\/revisions\/10096"}],"wp:featuredmedia":[{"embeddable":true,"href":"https:\/\/virtuscollege.com\/es\/wp-json\/wp\/v2\/media\/6732"}],"wp:attachment":[{"href":"https:\/\/virtuscollege.com\/es\/wp-json\/wp\/v2\/media?parent=6629"}],"curies":[{"name":"wp","href":"https:\/\/api.w.org\/{rel}","templated":true}]}}