{"id":6605,"date":"2025-10-31T15:01:17","date_gmt":"2025-10-31T14:01:17","guid":{"rendered":"https:\/\/virtuscollege.com\/?page_id=6605"},"modified":"2025-12-02T12:43:02","modified_gmt":"2025-12-02T11:43:02","slug":"virtus-college-in-the-community-making-a-difference-matters","status":"publish","type":"page","link":"https:\/\/virtuscollege.com\/es\/virtus-college-in-the-community-making-a-difference-matters\/","title":{"rendered":"Virtus College en la Comunidad: Marcar la diferencia importa"},"content":{"rendered":"\t\t<div data-elementor-type=\"wp-page\" data-elementor-id=\"6605\" class=\"elementor elementor-6605\" data-elementor-post-type=\"page\">\n\t\t\t\t<div class=\"elementor-element elementor-element-20d7484 e-flex e-con-boxed e-con e-parent\" data-id=\"20d7484\" data-element_type=\"container\" data-e-type=\"container\" data-settings=\"{&quot;background_background&quot;:&quot;classic&quot;}\">\n\t\t\t\t\t<div class=\"e-con-inner\">\n\t\t\t\t<div class=\"elementor-element elementor-element-cb48fad elementor-widget__width-initial elementor-widget elementor-widget-heading\" data-id=\"cb48fad\" data-element_type=\"widget\" data-e-type=\"widget\" data-widget_type=\"heading.default\">\n\t\t\t\t<div class=\"elementor-widget-container\">\n\t\t\t\t\t<h4 class=\"elementor-heading-title elementor-size-default\">Virtus College en la Comunidad: <span style=\"color: #BF9A58\"> Marcar la diferencia importa<\/span>.<\/h4>\t\t\t\t<\/div>\n\t\t\t\t<\/div>\n\t\t\t\t<div class=\"elementor-element elementor-element-fc50a20 elementor-widget elementor-widget-heading\" data-id=\"fc50a20\" data-element_type=\"widget\" data-e-type=\"widget\" data-widget_type=\"heading.default\">\n\t\t\t\t<div class=\"elementor-widget-container\">\n\t\t\t\t\t<h2 class=\"elementor-heading-title elementor-size-default\">#Solidaridad #ColegioBritanico #Liderazgo<\/h2>\t\t\t\t<\/div>\n\t\t\t\t<\/div>\n\t\t<div class=\"elementor-element elementor-element-a86d628 e-flex e-con-boxed e-con e-child\" data-id=\"a86d628\" data-element_type=\"container\" data-e-type=\"container\" data-settings=\"{&quot;background_background&quot;:&quot;classic&quot;}\">\n\t\t\t\t\t<div class=\"e-con-inner\">\n\t\t<div class=\"elementor-element elementor-element-eb0aa86 e-con-full e-flex e-con e-child\" data-id=\"eb0aa86\" data-element_type=\"container\" data-e-type=\"container\" data-settings=\"{&quot;background_background&quot;:&quot;classic&quot;}\">\n\t\t\t\t<div class=\"elementor-element elementor-element-b7ae551 elementor-widget elementor-widget-text-editor\" data-id=\"b7ae551\" data-element_type=\"widget\" data-e-type=\"widget\" data-widget_type=\"text-editor.default\">\n\t\t\t\t<div class=\"elementor-widget-container\">\n\t\t\t\t\t\t\t\t\t<p><span style=\"font-weight: 400;\">\u00bfC\u00f3mo podemos hacer nuestro rinc\u00f3n del mundo un poco mejor? En Virtus College, los alumnos est\u00e1n encontrando maneras de marcar la diferencia\u2014por peque\u00f1as que sean\u2014a trav\u00e9s de actos solidarios. Recientemente, colaboraron con la <\/span><b>organizaci\u00f3n ben\u00e9fica Comunidad Sant\u2019Egidio<\/b><span style=\"font-weight: 400;\"> para preparar bocadillos destinados a las personas sin hogar, brindando apoyo a algunos de los miembros m\u00e1s vulnerables de nuestra sociedad.<\/span><\/p>\t\t\t\t\t\t\t\t<\/div>\n\t\t\t\t<\/div>\n\t\t\t\t<div class=\"elementor-element elementor-element-ec5fa0b elementor-widget elementor-widget-image\" data-id=\"ec5fa0b\" data-element_type=\"widget\" data-e-type=\"widget\" data-widget_type=\"image.default\">\n\t\t\t\t<div class=\"elementor-widget-container\">\n\t\t\t\t\t\t\t\t\t\t\t\t\t\t\t<img fetchpriority=\"high\" decoding=\"async\" width=\"800\" height=\"534\" src=\"https:\/\/virtuscollege.com\/wp-content\/uploads\/2025\/06\/Virtus-College-in-the-community-Making-a-difference-matters-1024x683.jpg\" class=\"attachment-large size-large wp-image-7326\" alt=\"\" srcset=\"https:\/\/virtuscollege.com\/wp-content\/uploads\/2025\/06\/Virtus-College-in-the-community-Making-a-difference-matters-1024x683.jpg 1024w, https:\/\/virtuscollege.com\/wp-content\/uploads\/2025\/06\/Virtus-College-in-the-community-Making-a-difference-matters-300x200.jpg 300w, https:\/\/virtuscollege.com\/wp-content\/uploads\/2025\/06\/Virtus-College-in-the-community-Making-a-difference-matters-768x512.jpg 768w, https:\/\/virtuscollege.com\/wp-content\/uploads\/2025\/06\/Virtus-College-in-the-community-Making-a-difference-matters-1536x1024.jpg 1536w, https:\/\/virtuscollege.com\/wp-content\/uploads\/2025\/06\/Virtus-College-in-the-community-Making-a-difference-matters.jpg 1600w\" sizes=\"(max-width: 800px) 100vw, 800px\" \/>\t\t\t\t\t\t\t\t\t\t\t\t\t\t\t<\/div>\n\t\t\t\t<\/div>\n\t\t\t\t<div class=\"elementor-element elementor-element-6b5a4b4 elementor-widget elementor-widget-text-editor\" data-id=\"6b5a4b4\" data-element_type=\"widget\" data-e-type=\"widget\" data-widget_type=\"text-editor.default\">\n\t\t\t\t<div class=\"elementor-widget-container\">\n\t\t\t\t\t\t\t\t\t<p><span style=\"font-weight: 400;\">Trabajando juntos como un equipo, los alumnos demostraron un entusiasmo y una eficiencia incre\u00edbles, preparando cientos de bocadillos en tan solo una hora. La actividad no s\u00f3lo destac\u00f3 su capacidad para trabajar hacia un objetivo com\u00fan, sino que tambi\u00e9n les ofreci\u00f3 una <\/span><b>oportunidad pr\u00e1ctica de retribuir a la sociedad.<\/b><\/p><p><span style=\"font-weight: 400;\">Esta iniciativa permiti\u00f3 a los alumnos desarrollar habilidades esenciales como el t<\/span><b>rabajo en equipo, la comunicaci\u00f3n y la empat\u00eda<\/b><span style=\"font-weight: 400;\">, al mismo tiempo que experimentaron la satisfacci\u00f3n de contribuir al bien com\u00fan.<\/span> <\/p>\t\t\t\t\t\t\t\t<\/div>\n\t\t\t\t<\/div>\n\t\t\t\t<\/div>\n\t\t\t\t\t<\/div>\n\t\t\t\t<\/div>\n\t\t\t\t\t<\/div>\n\t\t\t\t<\/div>\n\t\t\t\t<\/div>\n\t\t","protected":false},"excerpt":{"rendered":"<p>Virtus College en la Comunidad: Marcar la diferencia importa. #Solidaridad #ColegioBritanico #Liderazgo \u00bfC\u00f3mo podemos hacer nuestro rinc\u00f3n del mundo un poco mejor? En Virtus College, los alumnos est\u00e1n encontrando maneras de marcar la diferencia\u2014por peque\u00f1as que sean\u2014a trav\u00e9s de actos solidarios. Recientemente, colaboraron con la organizaci\u00f3n ben\u00e9fica Comunidad Sant\u2019Egidio para preparar bocadillos destinados a las [&hellip;]<\/p>\n","protected":false},"author":2,"featured_media":6732,"parent":0,"menu_order":0,"comment_status":"closed","ping_status":"closed","template":"","meta":{"_acf_changed":false,"footnotes":""},"class_list":["post-6605","page","type-page","status-publish","has-post-thumbnail","hentry"],"acf":[],"_links":{"self":[{"href":"https:\/\/virtuscollege.com\/es\/wp-json\/wp\/v2\/pages\/6605","targetHints":{"allow":["GET"]}}],"collection":[{"href":"https:\/\/virtuscollege.com\/es\/wp-json\/wp\/v2\/pages"}],"about":[{"href":"https:\/\/virtuscollege.com\/es\/wp-json\/wp\/v2\/types\/page"}],"author":[{"embeddable":true,"href":"https:\/\/virtuscollege.com\/es\/wp-json\/wp\/v2\/users\/2"}],"replies":[{"embeddable":true,"href":"https:\/\/virtuscollege.com\/es\/wp-json\/wp\/v2\/comments?post=6605"}],"version-history":[{"count":28,"href":"https:\/\/virtuscollege.com\/es\/wp-json\/wp\/v2\/pages\/6605\/revisions"}],"predecessor-version":[{"id":10099,"href":"https:\/\/virtuscollege.com\/es\/wp-json\/wp\/v2\/pages\/6605\/revisions\/10099"}],"wp:featuredmedia":[{"embeddable":true,"href":"https:\/\/virtuscollege.com\/es\/wp-json\/wp\/v2\/media\/6732"}],"wp:attachment":[{"href":"https:\/\/virtuscollege.com\/es\/wp-json\/wp\/v2\/media?parent=6605"}],"curies":[{"name":"wp","href":"https:\/\/api.w.org\/{rel}","templated":true}]}}