{"id":6599,"date":"2025-10-31T14:59:23","date_gmt":"2025-10-31T13:59:23","guid":{"rendered":"https:\/\/virtuscollege.com\/?page_id=6599"},"modified":"2025-12-02T12:43:58","modified_gmt":"2025-12-02T11:43:58","slug":"world-class-university-destinations-2025","status":"publish","type":"page","link":"https:\/\/virtuscollege.com\/es\/world-class-university-destinations-2025\/","title":{"rendered":"World-class University Destinations 2025"},"content":{"rendered":"\t\t<div data-elementor-type=\"wp-page\" data-elementor-id=\"6599\" class=\"elementor elementor-6599\" data-elementor-post-type=\"page\">\n\t\t\t\t<div class=\"elementor-element elementor-element-20d7484 e-flex e-con-boxed e-con e-parent\" data-id=\"20d7484\" data-element_type=\"container\" data-e-type=\"container\" data-settings=\"{&quot;background_background&quot;:&quot;classic&quot;}\">\n\t\t\t\t\t<div class=\"e-con-inner\">\n\t\t\t\t<div class=\"elementor-element elementor-element-cb48fad elementor-widget__width-initial elementor-widget elementor-widget-heading\" data-id=\"cb48fad\" data-element_type=\"widget\" data-e-type=\"widget\" data-widget_type=\"heading.default\">\n\t\t\t\t<div class=\"elementor-widget-container\">\n\t\t\t\t\t<h4 class=\"elementor-heading-title elementor-size-default\">World-class<span style=\"color: #BF9A58\"> University Destinations 2025<\/span>.<\/h4>\t\t\t\t<\/div>\n\t\t\t\t<\/div>\n\t\t\t\t<div class=\"elementor-element elementor-element-fc50a20 elementor-widget elementor-widget-heading\" data-id=\"fc50a20\" data-element_type=\"widget\" data-e-type=\"widget\" data-widget_type=\"heading.default\">\n\t\t\t\t<div class=\"elementor-widget-container\">\n\t\t\t\t\t<h2 class=\"elementor-heading-title elementor-size-default\">#VirtusGraduation #EducacionBritanica #FuturosLideres<\/h2>\t\t\t\t<\/div>\n\t\t\t\t<\/div>\n\t\t<div class=\"elementor-element elementor-element-a86d628 e-flex e-con-boxed e-con e-child\" data-id=\"a86d628\" data-element_type=\"container\" data-e-type=\"container\" data-settings=\"{&quot;background_background&quot;:&quot;classic&quot;}\">\n\t\t\t\t\t<div class=\"e-con-inner\">\n\t\t<div class=\"elementor-element elementor-element-eb0aa86 e-con-full e-flex e-con e-child\" data-id=\"eb0aa86\" data-element_type=\"container\" data-e-type=\"container\" data-settings=\"{&quot;background_background&quot;:&quot;classic&quot;}\">\n\t\t\t\t<div class=\"elementor-element elementor-element-b7ae551 elementor-widget elementor-widget-text-editor\" data-id=\"b7ae551\" data-element_type=\"widget\" data-e-type=\"widget\" data-widget_type=\"text-editor.default\">\n\t\t\t\t<div class=\"elementor-widget-container\">\n\t\t\t\t\t\t\t\t\t<p><span style=\"font-weight: 400;\">Estamos encantados de celebrar los <\/span><b>extraordinarios destinos y ofertas universitarias de la Promoci\u00f3n 2025 de Virtus College<\/b><span style=\"font-weight: 400;\">, una generaci\u00f3n que ha demostrado una capacidad acad\u00e9mica excepcional, determinaci\u00f3n y ambici\u00f3n a lo largo de toda su etapa en Sixth Form.<\/span><\/p><p><span style=\"font-weight: 400;\">Los graduados de este a\u00f1o han recibido una <\/span><b>impresionante variedad de ofertas de universidades de primer nivel en Reino Unido, Europa y Espa\u00f1a<\/b><span style=\"font-weight: 400;\">, reflejo tanto de su talento individual como del compromiso de nuestros equipos docentes y de orientaci\u00f3n universitaria.<\/span><\/p>\t\t\t\t\t\t\t\t<\/div>\n\t\t\t\t<\/div>\n\t\t\t\t<div class=\"elementor-element elementor-element-ec5fa0b elementor-widget elementor-widget-image\" data-id=\"ec5fa0b\" data-element_type=\"widget\" data-e-type=\"widget\" data-widget_type=\"image.default\">\n\t\t\t\t<div class=\"elementor-widget-container\">\n\t\t\t\t\t\t\t\t\t\t\t\t\t\t\t<img fetchpriority=\"high\" decoding=\"async\" width=\"800\" height=\"534\" src=\"https:\/\/virtuscollege.com\/wp-content\/uploads\/2025\/10\/World-class-University-Destinations-2025-1024x683.jpg\" class=\"attachment-large size-large wp-image-6601\" alt=\"\" srcset=\"https:\/\/virtuscollege.com\/wp-content\/uploads\/2025\/10\/World-class-University-Destinations-2025-1024x683.jpg 1024w, https:\/\/virtuscollege.com\/wp-content\/uploads\/2025\/10\/World-class-University-Destinations-2025-300x200.jpg 300w, https:\/\/virtuscollege.com\/wp-content\/uploads\/2025\/10\/World-class-University-Destinations-2025-768x512.jpg 768w, https:\/\/virtuscollege.com\/wp-content\/uploads\/2025\/10\/World-class-University-Destinations-2025.jpg 1200w\" sizes=\"(max-width: 800px) 100vw, 800px\" \/>\t\t\t\t\t\t\t\t\t\t\t\t\t\t\t<\/div>\n\t\t\t\t<\/div>\n\t\t\t\t<div class=\"elementor-element elementor-element-6b5a4b4 elementor-widget elementor-widget-text-editor\" data-id=\"6b5a4b4\" data-element_type=\"widget\" data-e-type=\"widget\" data-widget_type=\"text-editor.default\">\n\t\t\t\t<div class=\"elementor-widget-container\">\n\t\t\t\t\t\t\t\t\t<p><span style=\"font-weight: 400;\">Entre las ofertas m\u00e1s destacadas del Reino Unido se encuentran <\/span><b>University of Cambridge, King\u2019s College London, Durham University, University of Bath, University of Glasgow, Queen Mary University of London, University of Westminster y Oxford Brookes University<\/b><span style=\"font-weight: 400;\">, una representaci\u00f3n excepcional de la fortaleza y competitividad de nuestros alumnos dentro del sistema universitario brit\u00e1nico.<\/span><\/p><p><span style=\"font-weight: 400;\">Nuestros estudiantes tambi\u00e9n han recibido ofertas de destacadas instituciones europeas como <\/span><b>TU Delft<\/b><span style=\"font-weight: 400;\"> y <\/span><b>Eindhoven University of Technology<\/b><span style=\"font-weight: 400;\"> en los Pa\u00edses Bajos, as\u00ed como de <\/span><b>University College Dublin<\/b><span style=\"font-weight: 400;\"> en Irlanda, confirmando el alcance internacional de las aspiraciones de los alumnos de Virtus.<\/span><\/p><p><span style=\"font-weight: 400;\">En Espa\u00f1a, nuestros graduados han conseguido ofertas de algunas de las universidades m\u00e1s prestigiosas del pa\u00eds, entre ellas <\/span><b>IE University (con beca)<\/b><span style=\"font-weight: 400;\">, <\/span><b>Universidad de Navarra<\/b><span style=\"font-weight: 400;\">, <\/span><b>Universidad Francisco de Vitoria<\/b><span style=\"font-weight: 400;\">, <\/span><b>ICADE<\/b><span style=\"font-weight: 400;\">, <\/span><b>CEU San Pablo<\/b><span style=\"font-weight: 400;\">, <\/span><b>ESIC<\/b><span style=\"font-weight: 400;\">, <\/span><b>La Salle Centro Universitario<\/b><span style=\"font-weight: 400;\"> y <\/span><b>Universidad Europea<\/b><span style=\"font-weight: 400;\">, abarcando una amplia variedad de disciplinas que van desde <\/span><b>Administraci\u00f3n y Direcci\u00f3n de Empresas (ADE)<\/b><span style=\"font-weight: 400;\"> y <\/span><b>Econom\u00eda<\/b><span style=\"font-weight: 400;\">, hasta <\/span><b>Ingenier\u00eda<\/b><span style=\"font-weight: 400;\">, <\/span><b>Relaciones Internacionales<\/b><span style=\"font-weight: 400;\"> y <\/span><b>Arquitectura<\/b><span style=\"font-weight: 400;\">.<\/span><\/p><p><span style=\"font-weight: 400;\">Cada una de estas ofertas representa no solo la excelencia acad\u00e9mica, sino tambi\u00e9n la curiosidad, la resiliencia y el liderazgo que caracterizan a los estudiantes de Virtus College. Nos sentimos inmensamente orgullosos de sus logros y estamos seguros de que seguir\u00e1n brillando en la pr\u00f3xima etapa de su camino acad\u00e9mico y personal.<\/span><\/p><p><span style=\"font-weight: 400;\">Enhorabuena a la Promoci\u00f3n 2025 de Virtus College. Su futuro es brillante, y esto es solo el comienzo.<\/span><\/p>\t\t\t\t\t\t\t\t<\/div>\n\t\t\t\t<\/div>\n\t\t\t\t<\/div>\n\t\t\t\t\t<\/div>\n\t\t\t\t<\/div>\n\t\t\t\t\t<\/div>\n\t\t\t\t<\/div>\n\t\t\t\t<\/div>\n\t\t","protected":false},"excerpt":{"rendered":"<p>World-class University Destinations 2025. #VirtusGraduation #EducacionBritanica #FuturosLideres Estamos encantados de celebrar los extraordinarios destinos y ofertas universitarias de la Promoci\u00f3n 2025 de Virtus College, una generaci\u00f3n que ha demostrado una capacidad acad\u00e9mica excepcional, determinaci\u00f3n y ambici\u00f3n a lo largo de toda su etapa en Sixth Form. Los graduados de este a\u00f1o han recibido una impresionante [&hellip;]<\/p>\n","protected":false},"author":2,"featured_media":6732,"parent":0,"menu_order":0,"comment_status":"closed","ping_status":"closed","template":"","meta":{"_acf_changed":false,"footnotes":""},"class_list":["post-6599","page","type-page","status-publish","has-post-thumbnail","hentry"],"acf":[],"_links":{"self":[{"href":"https:\/\/virtuscollege.com\/es\/wp-json\/wp\/v2\/pages\/6599","targetHints":{"allow":["GET"]}}],"collection":[{"href":"https:\/\/virtuscollege.com\/es\/wp-json\/wp\/v2\/pages"}],"about":[{"href":"https:\/\/virtuscollege.com\/es\/wp-json\/wp\/v2\/types\/page"}],"author":[{"embeddable":true,"href":"https:\/\/virtuscollege.com\/es\/wp-json\/wp\/v2\/users\/2"}],"replies":[{"embeddable":true,"href":"https:\/\/virtuscollege.com\/es\/wp-json\/wp\/v2\/comments?post=6599"}],"version-history":[{"count":22,"href":"https:\/\/virtuscollege.com\/es\/wp-json\/wp\/v2\/pages\/6599\/revisions"}],"predecessor-version":[{"id":10102,"href":"https:\/\/virtuscollege.com\/es\/wp-json\/wp\/v2\/pages\/6599\/revisions\/10102"}],"wp:featuredmedia":[{"embeddable":true,"href":"https:\/\/virtuscollege.com\/es\/wp-json\/wp\/v2\/media\/6732"}],"wp:attachment":[{"href":"https:\/\/virtuscollege.com\/es\/wp-json\/wp\/v2\/media?parent=6599"}],"curies":[{"name":"wp","href":"https:\/\/api.w.org\/{rel}","templated":true}]}}