{"id":6581,"date":"2025-10-31T14:51:56","date_gmt":"2025-10-31T13:51:56","guid":{"rendered":"https:\/\/virtuscollege.com\/?page_id=6581"},"modified":"2025-12-02T12:44:40","modified_gmt":"2025-12-02T11:44:40","slug":"shakespeare-an-immersive-experience","status":"publish","type":"page","link":"https:\/\/virtuscollege.com\/es\/shakespeare-an-immersive-experience\/","title":{"rendered":"Shakespeare, una experiencia inmersiva"},"content":{"rendered":"\t\t<div data-elementor-type=\"wp-page\" data-elementor-id=\"6581\" class=\"elementor elementor-6581\" data-elementor-post-type=\"page\">\n\t\t\t\t<div class=\"elementor-element elementor-element-20d7484 e-flex e-con-boxed e-con e-parent\" data-id=\"20d7484\" data-element_type=\"container\" data-e-type=\"container\" data-settings=\"{&quot;background_background&quot;:&quot;classic&quot;}\">\n\t\t\t\t\t<div class=\"e-con-inner\">\n\t\t\t\t<div class=\"elementor-element elementor-element-cb48fad elementor-widget__width-initial elementor-widget elementor-widget-heading\" data-id=\"cb48fad\" data-element_type=\"widget\" data-e-type=\"widget\" data-widget_type=\"heading.default\">\n\t\t\t\t<div class=\"elementor-widget-container\">\n\t\t\t\t\t<h4 class=\"elementor-heading-title elementor-size-default\">Shakespeare,<span style=\"color: #BF9A58\">  una experiencia inmersiva<\/span>.<\/h4>\t\t\t\t<\/div>\n\t\t\t\t<\/div>\n\t\t\t\t<div class=\"elementor-element elementor-element-fc50a20 elementor-widget elementor-widget-heading\" data-id=\"fc50a20\" data-element_type=\"widget\" data-e-type=\"widget\" data-widget_type=\"heading.default\">\n\t\t\t\t<div class=\"elementor-widget-container\">\n\t\t\t\t\t<h2 class=\"elementor-heading-title elementor-size-default\">#EducacionBritanica #Shakespeare #Teatro<\/h2>\t\t\t\t<\/div>\n\t\t\t\t<\/div>\n\t\t<div class=\"elementor-element elementor-element-a86d628 e-flex e-con-boxed e-con e-child\" data-id=\"a86d628\" data-element_type=\"container\" data-e-type=\"container\" data-settings=\"{&quot;background_background&quot;:&quot;classic&quot;}\">\n\t\t\t\t\t<div class=\"e-con-inner\">\n\t\t<div class=\"elementor-element elementor-element-eb0aa86 e-con-full e-flex e-con e-child\" data-id=\"eb0aa86\" data-element_type=\"container\" data-e-type=\"container\" data-settings=\"{&quot;background_background&quot;:&quot;classic&quot;}\">\n\t\t\t\t<div class=\"elementor-element elementor-element-b7ae551 elementor-widget elementor-widget-text-editor\" data-id=\"b7ae551\" data-element_type=\"widget\" data-e-type=\"widget\" data-widget_type=\"text-editor.default\">\n\t\t\t\t<div class=\"elementor-widget-container\">\n\t\t\t\t\t\t\t\t\t<p><span style=\"font-weight: 400;\">Los alumnos de Virtus College han disfrutado recientemente de un viaje m\u00e1gico al universo de Shakespeare, asistiendo a una representaci\u00f3n de<\/span><b> El sue\u00f1o de una noche de verano<\/b><span style=\"font-weight: 400;\"> a cargo del veterano grupo Madrid Players, en el Teatro Soho, situado en pleno coraz\u00f3n de Plaza de Espa\u00f1a.<\/span><\/p><p><span style=\"font-weight: 400;\">La obra brind\u00f3 a estudiantes, profesores y familias una oportunidad \u00fanica de vivir en directo y en ingl\u00e9s una de las piezas m\u00e1s queridas del dramaturgo brit\u00e1nico. Tanto los seguidores habituales de Shakespeare como quienes se acercaban por primera vez a su obra quedaron cautivados por una puesta en escena llena de ingenio, fantas\u00eda y encanto teatral. <\/span><\/p>\t\t\t\t\t\t\t\t<\/div>\n\t\t\t\t<\/div>\n\t\t\t\t<div class=\"elementor-element elementor-element-ec5fa0b elementor-widget elementor-widget-image\" data-id=\"ec5fa0b\" data-element_type=\"widget\" data-e-type=\"widget\" data-widget_type=\"image.default\">\n\t\t\t\t<div class=\"elementor-widget-container\">\n\t\t\t\t\t\t\t\t\t\t\t\t\t\t\t<img fetchpriority=\"high\" decoding=\"async\" width=\"800\" height=\"534\" src=\"https:\/\/virtuscollege.com\/wp-content\/uploads\/2025\/06\/Shakespeare-an-immersive-experience-1024x683.jpg\" class=\"attachment-large size-large wp-image-7324\" alt=\"\" srcset=\"https:\/\/virtuscollege.com\/wp-content\/uploads\/2025\/06\/Shakespeare-an-immersive-experience-1024x683.jpg 1024w, https:\/\/virtuscollege.com\/wp-content\/uploads\/2025\/06\/Shakespeare-an-immersive-experience-300x200.jpg 300w, https:\/\/virtuscollege.com\/wp-content\/uploads\/2025\/06\/Shakespeare-an-immersive-experience-768x512.jpg 768w, https:\/\/virtuscollege.com\/wp-content\/uploads\/2025\/06\/Shakespeare-an-immersive-experience-1536x1024.jpg 1536w, https:\/\/virtuscollege.com\/wp-content\/uploads\/2025\/06\/Shakespeare-an-immersive-experience.jpg 1600w\" sizes=\"(max-width: 800px) 100vw, 800px\" \/>\t\t\t\t\t\t\t\t\t\t\t\t\t\t\t<\/div>\n\t\t\t\t<\/div>\n\t\t\t\t<div class=\"elementor-element elementor-element-6b5a4b4 elementor-widget elementor-widget-text-editor\" data-id=\"6b5a4b4\" data-element_type=\"widget\" data-e-type=\"widget\" data-widget_type=\"text-editor.default\">\n\t\t\t\t<div class=\"elementor-widget-container\">\n\t\t\t\t\t\t\t\t\t<p><span style=\"font-weight: 400;\">Esta salida cultural forma parte del compromiso de Virtus College con una<\/span><b> educaci\u00f3n inmersiva y conectada con el mundo real.<\/b><span style=\"font-weight: 400;\"> A trav\u00e9s del contacto con las artes esc\u00e9nicas, nuestros alumnos enriquecen su sensibilidad literaria, ampl\u00edan sus horizontes culturales y descubren de primera mano el poder transformador de los cl\u00e1sicos sobre el escenario.<\/span><\/p><p><span style=\"font-weight: 400;\">En Virtus College, creemos que el gran aprendizaje no ocurre solo en las aulas, sino tambi\u00e9n en los teatros, museos y espacios reales, donde el conocimiento y la curiosidad se encuentran con la emoci\u00f3n y la creatividad.<\/span><\/p>\t\t\t\t\t\t\t\t<\/div>\n\t\t\t\t<\/div>\n\t\t\t\t<\/div>\n\t\t\t\t\t<\/div>\n\t\t\t\t<\/div>\n\t\t\t\t\t<\/div>\n\t\t\t\t<\/div>\n\t\t\t\t<\/div>\n\t\t","protected":false},"excerpt":{"rendered":"<p>Shakespeare, una experiencia inmersiva. #EducacionBritanica #Shakespeare #Teatro Los alumnos de Virtus College han disfrutado recientemente de un viaje m\u00e1gico al universo de Shakespeare, asistiendo a una representaci\u00f3n de El sue\u00f1o de una noche de verano a cargo del veterano grupo Madrid Players, en el Teatro Soho, situado en pleno coraz\u00f3n de Plaza de Espa\u00f1a. La [&hellip;]<\/p>\n","protected":false},"author":2,"featured_media":6732,"parent":0,"menu_order":0,"comment_status":"closed","ping_status":"closed","template":"","meta":{"_acf_changed":false,"footnotes":""},"class_list":["post-6581","page","type-page","status-publish","has-post-thumbnail","hentry"],"acf":[],"_links":{"self":[{"href":"https:\/\/virtuscollege.com\/es\/wp-json\/wp\/v2\/pages\/6581","targetHints":{"allow":["GET"]}}],"collection":[{"href":"https:\/\/virtuscollege.com\/es\/wp-json\/wp\/v2\/pages"}],"about":[{"href":"https:\/\/virtuscollege.com\/es\/wp-json\/wp\/v2\/types\/page"}],"author":[{"embeddable":true,"href":"https:\/\/virtuscollege.com\/es\/wp-json\/wp\/v2\/users\/2"}],"replies":[{"embeddable":true,"href":"https:\/\/virtuscollege.com\/es\/wp-json\/wp\/v2\/comments?post=6581"}],"version-history":[{"count":31,"href":"https:\/\/virtuscollege.com\/es\/wp-json\/wp\/v2\/pages\/6581\/revisions"}],"predecessor-version":[{"id":10105,"href":"https:\/\/virtuscollege.com\/es\/wp-json\/wp\/v2\/pages\/6581\/revisions\/10105"}],"wp:featuredmedia":[{"embeddable":true,"href":"https:\/\/virtuscollege.com\/es\/wp-json\/wp\/v2\/media\/6732"}],"wp:attachment":[{"href":"https:\/\/virtuscollege.com\/es\/wp-json\/wp\/v2\/media?parent=6581"}],"curies":[{"name":"wp","href":"https:\/\/api.w.org\/{rel}","templated":true}]}}