{"id":6575,"date":"2025-10-31T14:48:49","date_gmt":"2025-10-31T13:48:49","guid":{"rendered":"https:\/\/virtuscollege.com\/?page_id=6575"},"modified":"2025-12-02T12:45:01","modified_gmt":"2025-12-02T11:45:01","slug":"parent-information-evening","status":"publish","type":"page","link":"https:\/\/virtuscollege.com\/es\/parent-information-evening\/","title":{"rendered":"Parent Information Evening"},"content":{"rendered":"\t\t<div data-elementor-type=\"wp-page\" data-elementor-id=\"6575\" class=\"elementor elementor-6575\" data-elementor-post-type=\"page\">\n\t\t\t\t<div class=\"elementor-element elementor-element-20d7484 e-flex e-con-boxed e-con e-parent\" data-id=\"20d7484\" data-element_type=\"container\" data-e-type=\"container\" data-settings=\"{&quot;background_background&quot;:&quot;classic&quot;}\">\n\t\t\t\t\t<div class=\"e-con-inner\">\n\t\t\t\t<div class=\"elementor-element elementor-element-cb48fad elementor-widget__width-initial elementor-widget elementor-widget-heading\" data-id=\"cb48fad\" data-element_type=\"widget\" data-e-type=\"widget\" data-widget_type=\"heading.default\">\n\t\t\t\t<div class=\"elementor-widget-container\">\n\t\t\t\t\t<h4 class=\"elementor-heading-title elementor-size-default\">Parent information <span style=\"color: #BF9A58\">evening<\/span>.<\/h4>\t\t\t\t<\/div>\n\t\t\t\t<\/div>\n\t\t\t\t<div class=\"elementor-element elementor-element-fc50a20 elementor-widget elementor-widget-heading\" data-id=\"fc50a20\" data-element_type=\"widget\" data-e-type=\"widget\" data-widget_type=\"heading.default\">\n\t\t\t\t<div class=\"elementor-widget-container\">\n\t\t\t\t\t<h2 class=\"elementor-heading-title elementor-size-default\">#PIE #EducacionBritanica #A-Levels<\/h2>\t\t\t\t<\/div>\n\t\t\t\t<\/div>\n\t\t<div class=\"elementor-element elementor-element-a86d628 e-flex e-con-boxed e-con e-child\" data-id=\"a86d628\" data-element_type=\"container\" data-e-type=\"container\" data-settings=\"{&quot;background_background&quot;:&quot;classic&quot;}\">\n\t\t\t\t\t<div class=\"e-con-inner\">\n\t\t<div class=\"elementor-element elementor-element-eb0aa86 e-con-full e-flex e-con e-child\" data-id=\"eb0aa86\" data-element_type=\"container\" data-e-type=\"container\" data-settings=\"{&quot;background_background&quot;:&quot;classic&quot;}\">\n\t\t\t\t<div class=\"elementor-element elementor-element-b7ae551 elementor-widget elementor-widget-text-editor\" data-id=\"b7ae551\" data-element_type=\"widget\" data-e-type=\"widget\" data-widget_type=\"text-editor.default\">\n\t\t\t\t<div class=\"elementor-widget-container\">\n\t\t\t\t\t\t\t\t\t<p><span style=\"font-weight: 400;\">Tuvimos el placer de celebrar nuestra <\/span><b>Reuni\u00f3n Informativa para Padres (PIE)<\/b><span style=\"font-weight: 400;\">, un encuentro clave al inicio del curso acad\u00e9mico. Fue fant\u00e1stico dar la bienvenida a los padres de nuestros estudiantes y compartir informaci\u00f3n valiosa sobre el a\u00f1o que tenemos por delante.<\/span><\/p>\t\t\t\t\t\t\t\t<\/div>\n\t\t\t\t<\/div>\n\t\t\t\t<div class=\"elementor-element elementor-element-ec5fa0b elementor-widget elementor-widget-image\" data-id=\"ec5fa0b\" data-element_type=\"widget\" data-e-type=\"widget\" data-widget_type=\"image.default\">\n\t\t\t\t<div class=\"elementor-widget-container\">\n\t\t\t\t\t\t\t\t\t\t\t\t\t\t\t<img fetchpriority=\"high\" decoding=\"async\" width=\"800\" height=\"534\" src=\"https:\/\/virtuscollege.com\/wp-content\/uploads\/2025\/06\/Parent-Information-Evening-1024x683.jpg\" class=\"attachment-large size-large wp-image-7322\" alt=\"\" srcset=\"https:\/\/virtuscollege.com\/wp-content\/uploads\/2025\/06\/Parent-Information-Evening-1024x683.jpg 1024w, https:\/\/virtuscollege.com\/wp-content\/uploads\/2025\/06\/Parent-Information-Evening-300x200.jpg 300w, https:\/\/virtuscollege.com\/wp-content\/uploads\/2025\/06\/Parent-Information-Evening-768x512.jpg 768w, https:\/\/virtuscollege.com\/wp-content\/uploads\/2025\/06\/Parent-Information-Evening-1536x1024.jpg 1536w, https:\/\/virtuscollege.com\/wp-content\/uploads\/2025\/06\/Parent-Information-Evening.jpg 1600w\" sizes=\"(max-width: 800px) 100vw, 800px\" \/>\t\t\t\t\t\t\t\t\t\t\t\t\t\t\t<\/div>\n\t\t\t\t<\/div>\n\t\t\t\t<div class=\"elementor-element elementor-element-37a4f64 elementor-widget elementor-widget-text-editor\" data-id=\"37a4f64\" data-element_type=\"widget\" data-e-type=\"widget\" data-widget_type=\"text-editor.default\">\n\t\t\t\t<div class=\"elementor-widget-container\">\n\t\t\t\t\t\t\t\t\t<p><span style=\"font-weight: 400;\">Durante la sesi\u00f3n, abordamos temas esenciales como la <\/span><b>elecci\u00f3n de asignaturas y trayectorias acad\u00e9micas, la preparaci\u00f3n para los ex\u00e1menes oficiales, y las estrategias de apoyo individualizado<\/b><span style=\"font-weight: 400;\"> que ofrecemos a cada alumno a lo largo del curso. Tambi\u00e9n presentamos el proceso de solicitud a universidades y c\u00f3mo acompa\u00f1amos a nuestros estudiantes en cada etapa , desde la orientaci\u00f3n inicial hasta la redacci\u00f3n de personal statements y entrevistas.<\/span><\/p><p><span style=\"font-weight: 400;\">El PIE fue una <\/span><b>excelente oportunidad para reforzar la colaboraci\u00f3n entre familias y el equipo docente<\/b><span style=\"font-weight: 400;\">, elemento fundamental para garantizar el \u00e9xito acad\u00e9mico y personal de nuestros alumnos. Agradecemos a todos los padres su asistencia, inter\u00e9s y compromiso con el proyecto educativo de Virtus College.<\/span><\/p><p><br style=\"font-weight: 400;\" \/><br \/><\/p>\t\t\t\t\t\t\t\t<\/div>\n\t\t\t\t<\/div>\n\t\t\t\t<\/div>\n\t\t\t\t\t<\/div>\n\t\t\t\t<\/div>\n\t\t\t\t\t<\/div>\n\t\t\t\t<\/div>\n\t\t\t\t<\/div>\n\t\t","protected":false},"excerpt":{"rendered":"<p>Parent information evening. #PIE #EducacionBritanica #A-Levels Tuvimos el placer de celebrar nuestra Reuni\u00f3n Informativa para Padres (PIE), un encuentro clave al inicio del curso acad\u00e9mico. Fue fant\u00e1stico dar la bienvenida a los padres de nuestros estudiantes y compartir informaci\u00f3n valiosa sobre el a\u00f1o que tenemos por delante. Durante la sesi\u00f3n, abordamos temas esenciales como la [&hellip;]<\/p>\n","protected":false},"author":2,"featured_media":6732,"parent":0,"menu_order":0,"comment_status":"closed","ping_status":"closed","template":"","meta":{"_acf_changed":false,"footnotes":""},"class_list":["post-6575","page","type-page","status-publish","has-post-thumbnail","hentry"],"acf":[],"_links":{"self":[{"href":"https:\/\/virtuscollege.com\/es\/wp-json\/wp\/v2\/pages\/6575","targetHints":{"allow":["GET"]}}],"collection":[{"href":"https:\/\/virtuscollege.com\/es\/wp-json\/wp\/v2\/pages"}],"about":[{"href":"https:\/\/virtuscollege.com\/es\/wp-json\/wp\/v2\/types\/page"}],"author":[{"embeddable":true,"href":"https:\/\/virtuscollege.com\/es\/wp-json\/wp\/v2\/users\/2"}],"replies":[{"embeddable":true,"href":"https:\/\/virtuscollege.com\/es\/wp-json\/wp\/v2\/comments?post=6575"}],"version-history":[{"count":28,"href":"https:\/\/virtuscollege.com\/es\/wp-json\/wp\/v2\/pages\/6575\/revisions"}],"predecessor-version":[{"id":10108,"href":"https:\/\/virtuscollege.com\/es\/wp-json\/wp\/v2\/pages\/6575\/revisions\/10108"}],"wp:featuredmedia":[{"embeddable":true,"href":"https:\/\/virtuscollege.com\/es\/wp-json\/wp\/v2\/media\/6732"}],"wp:attachment":[{"href":"https:\/\/virtuscollege.com\/es\/wp-json\/wp\/v2\/media?parent=6575"}],"curies":[{"name":"wp","href":"https:\/\/api.w.org\/{rel}","templated":true}]}}