{"id":6549,"date":"2025-10-30T18:56:49","date_gmt":"2025-10-30T17:56:49","guid":{"rendered":"https:\/\/virtuscollege.com\/?page_id=6549"},"modified":"2025-12-02T12:45:37","modified_gmt":"2025-12-02T11:45:37","slug":"virtus-college-international-university-fair-2025","status":"publish","type":"page","link":"https:\/\/virtuscollege.com\/es\/virtus-college-international-university-fair-2025\/","title":{"rendered":"Virtus College International University Fair 2025"},"content":{"rendered":"\t\t<div data-elementor-type=\"wp-page\" data-elementor-id=\"6549\" class=\"elementor elementor-6549\" data-elementor-post-type=\"page\">\n\t\t\t\t<div class=\"elementor-element elementor-element-20d7484 e-flex e-con-boxed e-con e-parent\" data-id=\"20d7484\" data-element_type=\"container\" data-e-type=\"container\" data-settings=\"{&quot;background_background&quot;:&quot;classic&quot;}\">\n\t\t\t\t\t<div class=\"e-con-inner\">\n\t\t\t\t<div class=\"elementor-element elementor-element-cb48fad elementor-widget__width-initial elementor-widget elementor-widget-heading\" data-id=\"cb48fad\" data-element_type=\"widget\" data-e-type=\"widget\" data-widget_type=\"heading.default\">\n\t\t\t\t<div class=\"elementor-widget-container\">\n\t\t\t\t\t<h4 class=\"elementor-heading-title elementor-size-default\">Virtus College <span style=\"color: #BF9A58\"> International University Fair 2025<\/span>.<\/h4>\t\t\t\t<\/div>\n\t\t\t\t<\/div>\n\t\t\t\t<div class=\"elementor-element elementor-element-fc50a20 elementor-widget elementor-widget-heading\" data-id=\"fc50a20\" data-element_type=\"widget\" data-e-type=\"widget\" data-widget_type=\"heading.default\">\n\t\t\t\t<div class=\"elementor-widget-container\">\n\t\t\t\t\t<h2 class=\"elementor-heading-title elementor-size-default\">#VirtusUniversityFair #EducacionGlobal #SixthFormBritanico<\/h2>\t\t\t\t<\/div>\n\t\t\t\t<\/div>\n\t\t<div class=\"elementor-element elementor-element-a86d628 e-flex e-con-boxed e-con e-child\" data-id=\"a86d628\" data-element_type=\"container\" data-e-type=\"container\" data-settings=\"{&quot;background_background&quot;:&quot;classic&quot;}\">\n\t\t\t\t\t<div class=\"e-con-inner\">\n\t\t<div class=\"elementor-element elementor-element-eb0aa86 e-con-full e-flex e-con e-child\" data-id=\"eb0aa86\" data-element_type=\"container\" data-e-type=\"container\" data-settings=\"{&quot;background_background&quot;:&quot;classic&quot;}\">\n\t\t\t\t<div class=\"elementor-element elementor-element-b7ae551 elementor-widget elementor-widget-text-editor\" data-id=\"b7ae551\" data-element_type=\"widget\" data-e-type=\"widget\" data-widget_type=\"text-editor.default\">\n\t\t\t\t<div class=\"elementor-widget-container\">\n\t\t\t\t\t\t\t\t\t<p><span style=\"font-weight: 400;\">Virtus College tuvo el placer de colaborar con IEC (International Education Consultancy) para organizar la <\/span><b>Feria Internacional de Universidades 2025<\/b><span style=\"font-weight: 400;\">, uno de los eventos acad\u00e9micos m\u00e1s esperados del a\u00f1o. La feria reuni\u00f3 a estudiantes, familias y representantes de algunas de<\/span><b> las universidades m\u00e1s prestigiosas del mundo<\/b><span style=\"font-weight: 400;\">, creando un espacio inspirador de exploraci\u00f3n, orientaci\u00f3n y planificaci\u00f3n del futuro acad\u00e9mico.<\/span><\/p><p style=\"text-align: left;\"><span style=\"font-weight: 400;\">El evento cont\u00f3 con una destacada selecci\u00f3n de instituciones del<\/span><b> Reino Unido<\/b><span style=\"font-weight: 400;\">, entre ellas University of St Andrews, King\u2019s College London, University of Edinburgh, University of Southampton, University of the Arts London, University of Bristol, University of Birmingham, University of Exeter, University of Lancaster, Royal Holloway University of London, UWE Bristol, University of Glasgow, University of Manchester, Loughborough University y Oxford Brookes University.<\/span><\/p>\t\t\t\t\t\t\t\t<\/div>\n\t\t\t\t<\/div>\n\t\t\t\t<div class=\"elementor-element elementor-element-ec5fa0b elementor-widget elementor-widget-image\" data-id=\"ec5fa0b\" data-element_type=\"widget\" data-e-type=\"widget\" data-widget_type=\"image.default\">\n\t\t\t\t<div class=\"elementor-widget-container\">\n\t\t\t\t\t\t\t\t\t\t\t\t\t\t\t<img fetchpriority=\"high\" decoding=\"async\" width=\"800\" height=\"534\" src=\"https:\/\/virtuscollege.com\/wp-content\/uploads\/2025\/06\/Virtus-College-International-University-Fair-2025-1024x683.jpg\" class=\"attachment-large size-large wp-image-7321\" alt=\"\" srcset=\"https:\/\/virtuscollege.com\/wp-content\/uploads\/2025\/06\/Virtus-College-International-University-Fair-2025-1024x683.jpg 1024w, https:\/\/virtuscollege.com\/wp-content\/uploads\/2025\/06\/Virtus-College-International-University-Fair-2025-300x200.jpg 300w, https:\/\/virtuscollege.com\/wp-content\/uploads\/2025\/06\/Virtus-College-International-University-Fair-2025-768x512.jpg 768w, https:\/\/virtuscollege.com\/wp-content\/uploads\/2025\/06\/Virtus-College-International-University-Fair-2025-1536x1024.jpg 1536w, https:\/\/virtuscollege.com\/wp-content\/uploads\/2025\/06\/Virtus-College-International-University-Fair-2025.jpg 1600w\" sizes=\"(max-width: 800px) 100vw, 800px\" \/>\t\t\t\t\t\t\t\t\t\t\t\t\t\t\t<\/div>\n\t\t\t\t<\/div>\n\t\t\t\t<div class=\"elementor-element elementor-element-c9f25b6 elementor-widget elementor-widget-text-editor\" data-id=\"c9f25b6\" data-element_type=\"widget\" data-e-type=\"widget\" data-widget_type=\"text-editor.default\">\n\t\t\t\t<div class=\"elementor-widget-container\">\n\t\t\t\t\t\t\t\t\t<p style=\"text-align: left;\">Desde<strong> Estados Unidos<\/strong>, los asistentes tuvieron la oportunidad de conocer a representantes de Harvard University, New York University (NYU), Brown University, Columbia University y University of Pennsylvania (UPenn), una ocasi\u00f3n excepcional para quienes desean conocer de cerca el proceso de admisi\u00f3n hol\u00edstico de las universidades americanas.<\/p><p style=\"text-align: left;\">La excelencia europea tambi\u00e9n estuvo muy presente, con instituciones como Universidad de Navarra, ICADE\/ICAI, IE University, Les Roches Global Hospitality Education, Karolinska Institute (Suecia) y Lancaster University Leipzig (Alemania) participando en el evento.<\/p><p style=\"text-align: left;\">Con <strong>m\u00e1s de 200 asistentes<\/strong>, la feria fue todo un \u00e9xito. Tanto estudiantes como familias disfrutaron de un d\u00eda repleto de conversaciones inspiradoras, asesoramiento sobre admisiones y orientaci\u00f3n para los pr\u00f3ximos pasos en su trayectoria educativa.<\/p><p style=\"text-align: left;\">La colaboraci\u00f3n con IEC permiti\u00f3 a Virtus College reforzar su compromiso con ofrecer a los estudiantes una orientaci\u00f3n universitaria de la m\u00e1s alta calidad y acceso a una red global de oportunidades acad\u00e9micas.<\/p><p style=\"text-align: left;\">Nos sentimos muy orgullosos de haber creado una experiencia tan significativa para nuestra comunidad, una que conecta la ambici\u00f3n con la oportunidad y ayuda a dar forma al futuro de la pr\u00f3xima generaci\u00f3n de estudiantes de Virtus.<\/p>\t\t\t\t\t\t\t\t<\/div>\n\t\t\t\t<\/div>\n\t\t\t\t<\/div>\n\t\t\t\t\t<\/div>\n\t\t\t\t<\/div>\n\t\t\t\t\t<\/div>\n\t\t\t\t<\/div>\n\t\t\t\t<\/div>\n\t\t","protected":false},"excerpt":{"rendered":"<p>Virtus College International University Fair 2025. #VirtusUniversityFair #EducacionGlobal #SixthFormBritanico Virtus College tuvo el placer de colaborar con IEC (International Education Consultancy) para organizar la Feria Internacional de Universidades 2025, uno de los eventos acad\u00e9micos m\u00e1s esperados del a\u00f1o. La feria reuni\u00f3 a estudiantes, familias y representantes de algunas de las universidades m\u00e1s prestigiosas del mundo, [&hellip;]<\/p>\n","protected":false},"author":2,"featured_media":6732,"parent":0,"menu_order":0,"comment_status":"closed","ping_status":"closed","template":"","meta":{"_acf_changed":false,"footnotes":""},"class_list":["post-6549","page","type-page","status-publish","has-post-thumbnail","hentry"],"acf":[],"_links":{"self":[{"href":"https:\/\/virtuscollege.com\/es\/wp-json\/wp\/v2\/pages\/6549","targetHints":{"allow":["GET"]}}],"collection":[{"href":"https:\/\/virtuscollege.com\/es\/wp-json\/wp\/v2\/pages"}],"about":[{"href":"https:\/\/virtuscollege.com\/es\/wp-json\/wp\/v2\/types\/page"}],"author":[{"embeddable":true,"href":"https:\/\/virtuscollege.com\/es\/wp-json\/wp\/v2\/users\/2"}],"replies":[{"embeddable":true,"href":"https:\/\/virtuscollege.com\/es\/wp-json\/wp\/v2\/comments?post=6549"}],"version-history":[{"count":46,"href":"https:\/\/virtuscollege.com\/es\/wp-json\/wp\/v2\/pages\/6549\/revisions"}],"predecessor-version":[{"id":10111,"href":"https:\/\/virtuscollege.com\/es\/wp-json\/wp\/v2\/pages\/6549\/revisions\/10111"}],"wp:featuredmedia":[{"embeddable":true,"href":"https:\/\/virtuscollege.com\/es\/wp-json\/wp\/v2\/media\/6732"}],"wp:attachment":[{"href":"https:\/\/virtuscollege.com\/es\/wp-json\/wp\/v2\/media?parent=6549"}],"curies":[{"name":"wp","href":"https:\/\/api.w.org\/{rel}","templated":true}]}}