{"id":62,"date":"2025-04-02T13:07:48","date_gmt":"2025-04-02T11:07:48","guid":{"rendered":"https:\/\/virtuscollege.com\/?page_id=62"},"modified":"2025-11-17T18:16:27","modified_gmt":"2025-11-17T17:16:27","slug":"entorno-escolar-positivo","status":"publish","type":"page","link":"https:\/\/virtuscollege.com\/es\/programa-de-mentoria\/entorno-escolar-positivo\/","title":{"rendered":"Bienestar del alumno"},"content":{"rendered":"\t\t<div data-elementor-type=\"wp-page\" data-elementor-id=\"62\" class=\"elementor elementor-62\" data-elementor-post-type=\"page\">\n\t\t\t\t<div class=\"elementor-element elementor-element-042a10f e-con-full e-flex e-con e-parent\" data-id=\"042a10f\" data-element_type=\"container\" data-e-type=\"container\">\n\t\t\t\t<div class=\"elementor-element elementor-element-ba5a881 elementor-widget__width-auto elementor-absolute elementor-widget elementor-widget-heading\" data-id=\"ba5a881\" data-element_type=\"widget\" data-e-type=\"widget\" data-settings=\"{&quot;_position&quot;:&quot;absolute&quot;}\" data-widget_type=\"heading.default\">\n\t\t\t\t<div class=\"elementor-widget-container\">\n\t\t\t\t\t<h2 class=\"elementor-heading-title elementor-size-default\">Bienestar<\/h2>\t\t\t\t<\/div>\n\t\t\t\t<\/div>\n\t\t\t\t<div class=\"elementor-element elementor-element-86c6b47 elementor-widget__width-auto elementor-absolute elementor-widget elementor-widget-heading\" data-id=\"86c6b47\" data-element_type=\"widget\" data-e-type=\"widget\" data-settings=\"{&quot;_position&quot;:&quot;absolute&quot;}\" data-widget_type=\"heading.default\">\n\t\t\t\t<div class=\"elementor-widget-container\">\n\t\t\t\t\t<h2 class=\"elementor-heading-title elementor-size-default\"><span style=\"color: #fff\">  del alumno<\/span>.<\/h2>\t\t\t\t<\/div>\n\t\t\t\t<\/div>\n\t\t\t\t<div class=\"elementor-element elementor-element-24af6c3 elementor-widget elementor-widget-text-editor\" data-id=\"24af6c3\" data-element_type=\"widget\" data-e-type=\"widget\" data-widget_type=\"text-editor.default\">\n\t\t\t\t<div class=\"elementor-widget-container\">\n\t\t\t\t\t\t\t\t\t<p>El bienestar est\u00e1 integrado en el d\u00eda a d\u00eda de Virtus College. En una comunidad unida y comprometida, los estudiantes crecen con confianza, equilibrio y prop\u00f3sito, guiados por mentores que les conocen, les retan y celebran sus logros.<\/p>\t\t\t\t\t\t\t\t<\/div>\n\t\t\t\t<\/div>\n\t\t\t\t<\/div>\n\t\t<div class=\"elementor-element elementor-element-ddb787e e-con-full e-flex e-con e-parent\" data-id=\"ddb787e\" data-element_type=\"container\" data-e-type=\"container\">\n\t\t<div class=\"elementor-element elementor-element-6d87e47 e-flex e-con-boxed e-con e-child\" data-id=\"6d87e47\" data-element_type=\"container\" data-e-type=\"container\">\n\t\t\t\t\t<div class=\"e-con-inner\">\n\t\t\t\t<div class=\"elementor-element elementor-element-96a3401 elementor-widget elementor-widget-heading\" data-id=\"96a3401\" data-element_type=\"widget\" data-e-type=\"widget\" data-widget_type=\"heading.default\">\n\t\t\t\t<div class=\"elementor-widget-container\">\n\t\t\t\t\t<h4 class=\"elementor-heading-title elementor-size-default\">Una cultura de cuidado,<span style=\"color: #BF9A58\"> conexi\u00f3n y comunidad<\/span>.<\/h4>\t\t\t\t<\/div>\n\t\t\t\t<\/div>\n\t\t\t\t<div class=\"elementor-element elementor-element-6a2a8a2 elementor-widget elementor-widget-text-editor\" data-id=\"6a2a8a2\" data-element_type=\"widget\" data-e-type=\"widget\" data-widget_type=\"text-editor.default\">\n\t\t\t\t<div class=\"elementor-widget-container\">\n\t\t\t\t\t\t\t\t\t<p><span style=\"font-weight: 400;\">Creemos que el <\/span><b>sentido de pertenencia<\/b><span style=\"font-weight: 400;\"> es la base del \u00e9xito personal y acad\u00e9mico.<\/span><span style=\"font-weight: 400;\"><br \/><\/span><\/p><p><span style=\"font-weight: 400;\">Lo que realmente nos diferencia es la fortaleza de nuestras relaciones y el <\/span><b>cuidado genuino<\/b><span style=\"font-weight: 400;\"> que inspira todo lo que hacemos. En nuestra comunidad, los estudiantes son conocidos como individuos \u00fanicos y reciben el apoyo necesario para prosperar no solo en sus estudios, sino en todos los aspectos de su vida.<\/span><\/p><p><span style=\"font-weight: 400;\">Estamos orgullosos de formar parte de una <\/span><b>comunidad<\/b> <b>c\u00e1lida y vibrante<\/b><span style=\"font-weight: 400;\">, donde los alumnos son animados a ser ellos mismos, cuestionar ideas y colaborar con un prop\u00f3sito.<\/span><span style=\"font-weight: 400;\"><br \/><\/span><\/p><p><span style=\"font-weight: 400;\">Esta cultura de respeto mutuo y confianza se alimenta gracias a profesores que, adem\u00e1s de ser expertos en sus materias, son mentores excepcionales, capacitados para guiar a los j\u00f3venes en una etapa vital de transformaci\u00f3n.<\/span><\/p>\t\t\t\t\t\t\t\t<\/div>\n\t\t\t\t<\/div>\n\t\t\t\t\t<\/div>\n\t\t\t\t<\/div>\n\t\t<div class=\"elementor-element elementor-element-758518b e-con-full e-flex e-con e-child\" data-id=\"758518b\" data-element_type=\"container\" data-e-type=\"container\" data-settings=\"{&quot;background_background&quot;:&quot;classic&quot;}\">\n\t\t\t\t<div class=\"elementor-element elementor-element-23c6e14 elementor-widget elementor-widget-spacer\" data-id=\"23c6e14\" data-element_type=\"widget\" data-e-type=\"widget\" data-widget_type=\"spacer.default\">\n\t\t\t\t<div class=\"elementor-widget-container\">\n\t\t\t\t\t\t\t<div class=\"elementor-spacer\">\n\t\t\t<div class=\"elementor-spacer-inner\"><\/div>\n\t\t<\/div>\n\t\t\t\t\t\t<\/div>\n\t\t\t\t<\/div>\n\t\t\t\t<\/div>\n\t\t\t\t<\/div>\n\t\t<div class=\"elementor-element elementor-element-d1a7540 e-flex e-con-boxed e-con e-parent\" data-id=\"d1a7540\" data-element_type=\"container\" data-e-type=\"container\">\n\t\t\t\t\t<div class=\"e-con-inner\">\n\t\t<div class=\"elementor-element elementor-element-d252d64 e-flex e-con-boxed e-con e-child\" data-id=\"d252d64\" data-element_type=\"container\" data-e-type=\"container\">\n\t\t\t\t\t<div class=\"e-con-inner\">\n\t\t\t\t<div class=\"elementor-element elementor-element-ab278b4 elementor-widget elementor-widget-heading\" data-id=\"ab278b4\" data-element_type=\"widget\" data-e-type=\"widget\" data-widget_type=\"heading.default\">\n\t\t\t\t<div class=\"elementor-widget-container\">\n\t\t\t\t\t<h4 class=\"elementor-heading-title elementor-size-default\">Creemos que la felicidad <span style=\"color: #BF9A58\"> y las altas expectativas son compatibles<\/span>.<\/h4>\t\t\t\t<\/div>\n\t\t\t\t<\/div>\n\t\t\t\t<div class=\"elementor-element elementor-element-b091eee elementor-widget elementor-widget-text-editor\" data-id=\"b091eee\" data-element_type=\"widget\" data-e-type=\"widget\" data-widget_type=\"text-editor.default\">\n\t\t\t\t<div class=\"elementor-widget-container\">\n\t\t\t\t\t\t\t\t\t<p>La ambici\u00f3n acad\u00e9mica y el bienestar personal van de la mano. Si bien mantenemos altas expectativas para todos nuestros estudiantes, nunca perdemos de vista la importancia de la felicidad, el equilibrio y la autoestima. Nuestro Sistema de Mentor\u00eda es central en esta filosof\u00eda, situando el cuidado individual y el desarrollo personal en el coraz\u00f3n de la experiencia educativa.<\/p><p>En colaboraci\u00f3n con<span style=\"font-weight: 400;\">\u00a0<\/span><a style=\"font-family: -apple-system, BlinkMacSystemFont, 'Segoe UI', Roboto, 'Helvetica Neue', Arial, 'Noto Sans', sans-serif, 'Apple Color Emoji', 'Segoe UI Emoji', 'Segoe UI Symbol', 'Noto Color Emoji';\" href=\"https:\/\/steer.education\/\" target=\"_blank\" rel=\"noopener\"><b>STEER Education<\/b><\/a><span style=\"font-weight: 400;\">, <\/span>adoptamos un enfoque proactivo del bienestar, ofreciendo a los estudiantes las herramientas necesarias para conocerse a s\u00ed mismos y afrontar los retos con resiliencia. Todo el personal recibe una formaci\u00f3n exhaustiva en protecci\u00f3n y salvaguarda, garantizando que cada alumno se sienta seguro, escuchado y apoyado.<\/p><p>A trav\u00e9s de la mentor\u00eda, tambi\u00e9n fomentamos que los estudiantes asuman roles de liderazgo, ya sea en clubes gestionados por alumnos, en debates o en el Consejo de Estudiantes, desarrollando as\u00ed un profundo sentido de prop\u00f3sito y esp\u00edritu comunitario. Nuestro objetivo es capacitar a cada alumno para que florezca como una persona reflexiva, capaz e \u00edntegra.<\/p>\t\t\t\t\t\t\t\t<\/div>\n\t\t\t\t<\/div>\n\t\t\t\t\t<\/div>\n\t\t\t\t<\/div>\n\t\t\t\t\t<\/div>\n\t\t\t\t<\/div>\n\t\t<div class=\"elementor-element elementor-element-0802903 e-con-full e-flex e-con e-parent\" data-id=\"0802903\" data-element_type=\"container\" data-e-type=\"container\">\n\t\t<div class=\"elementor-element elementor-element-15cd9bd e-con-full e-flex e-con e-child\" data-id=\"15cd9bd\" data-element_type=\"container\" data-e-type=\"container\" data-settings=\"{&quot;background_background&quot;:&quot;classic&quot;}\">\n\t\t\t\t<div class=\"elementor-element elementor-element-acb34dd elementor-widget elementor-widget-heading\" data-id=\"acb34dd\" data-element_type=\"widget\" data-e-type=\"widget\" data-widget_type=\"heading.default\">\n\t\t\t\t<div class=\"elementor-widget-container\">\n\t\t\t\t\t<h4 class=\"elementor-heading-title elementor-size-default\">Un uso regulado de la tecnolog\u00eda<span style=\"color: #ffff\"> para mejorar la concentraci\u00f3n y la disciplina<\/span>.<\/h4>\t\t\t\t<\/div>\n\t\t\t\t<\/div>\n\t\t\t\t<div class=\"elementor-element elementor-element-fb8c88c elementor-widget elementor-widget-text-editor\" data-id=\"fb8c88c\" data-element_type=\"widget\" data-e-type=\"widget\" data-widget_type=\"text-editor.default\">\n\t\t\t\t<div class=\"elementor-widget-container\">\n\t\t\t\t\t\t\t\t\t<p><span style=\"font-weight: 400;\">En un mundo lleno de distracciones digitales, nos comprometemos a ayudar a los estudiantes a construir una relaci\u00f3n saludable con la tecnolog\u00eda. <\/span><b>Los tel\u00e9fonos m\u00f3viles se recogen cada ma\u00f1ana<\/b><span style=\"font-weight: 400;\"> y se devuelven al final del d\u00eda, asegurando que los alumnos permanezcan presentes, concentrados y plenamente involucrados en la vida escolar.<\/span><\/p><p><span style=\"font-weight: 400;\">Los <\/span><b>iPads<\/b><span style=\"font-weight: 400;\"> de los estudiantes cuentan con <\/span><b>software de protecci\u00f3n<\/b><span style=\"font-weight: 400;\"> que monitoriza y limita el acceso externo, creando un entorno de aprendizaje seguro y enfocado. Estas pr\u00e1cticas no buscan restringir, sino fomentar la claridad, la disciplina y el bienestar digital en una era que lo demanda.<\/span><\/p>\t\t\t\t\t\t\t\t<\/div>\n\t\t\t\t<\/div>\n\t\t\t\t<\/div>\n\t\t<div class=\"elementor-element elementor-element-401d801 e-con-full elementor-hidden-tablet elementor-hidden-mobile e-flex e-con e-child\" data-id=\"401d801\" data-element_type=\"container\" data-e-type=\"container\">\n\t\t\t\t<div class=\"elementor-element elementor-element-5e5e9ad elementor-widget elementor-widget-image\" data-id=\"5e5e9ad\" data-element_type=\"widget\" data-e-type=\"widget\" data-widget_type=\"image.default\">\n\t\t\t\t<div class=\"elementor-widget-container\">\n\t\t\t\t\t\t\t\t\t\t\t\t\t\t\t<img fetchpriority=\"high\" decoding=\"async\" width=\"1200\" height=\"800\" src=\"https:\/\/virtuscollege.com\/wp-content\/uploads\/2025\/05\/A-regulated-use-of-technology.jpg\" class=\"attachment-full size-full wp-image-1553\" alt=\"\" srcset=\"https:\/\/virtuscollege.com\/wp-content\/uploads\/2025\/05\/A-regulated-use-of-technology.jpg 1200w, https:\/\/virtuscollege.com\/wp-content\/uploads\/2025\/05\/A-regulated-use-of-technology-300x200.jpg 300w, https:\/\/virtuscollege.com\/wp-content\/uploads\/2025\/05\/A-regulated-use-of-technology-1024x683.jpg 1024w, https:\/\/virtuscollege.com\/wp-content\/uploads\/2025\/05\/A-regulated-use-of-technology-768x512.jpg 768w\" sizes=\"(max-width: 1200px) 100vw, 1200px\" \/>\t\t\t\t\t\t\t\t\t\t\t\t\t\t\t<\/div>\n\t\t\t\t<\/div>\n\t\t\t\t<\/div>\n\t\t\t\t<\/div>\n\t\t\t\t<\/div>\n\t\t","protected":false},"excerpt":{"rendered":"<p>Bienestar del alumno. El bienestar est\u00e1 integrado en el d\u00eda a d\u00eda de Virtus College. En una comunidad unida y comprometida, los estudiantes crecen con confianza, equilibrio y prop\u00f3sito, guiados por mentores que les conocen, les retan y celebran sus logros. Una cultura de cuidado, conexi\u00f3n y comunidad. Creemos que el sentido de pertenencia es [&hellip;]<\/p>\n","protected":false},"author":2,"featured_media":1552,"parent":56,"menu_order":0,"comment_status":"closed","ping_status":"closed","template":"","meta":{"_acf_changed":false,"footnotes":""},"class_list":["post-62","page","type-page","status-publish","has-post-thumbnail","hentry"],"acf":[],"_links":{"self":[{"href":"https:\/\/virtuscollege.com\/es\/wp-json\/wp\/v2\/pages\/62","targetHints":{"allow":["GET"]}}],"collection":[{"href":"https:\/\/virtuscollege.com\/es\/wp-json\/wp\/v2\/pages"}],"about":[{"href":"https:\/\/virtuscollege.com\/es\/wp-json\/wp\/v2\/types\/page"}],"author":[{"embeddable":true,"href":"https:\/\/virtuscollege.com\/es\/wp-json\/wp\/v2\/users\/2"}],"replies":[{"embeddable":true,"href":"https:\/\/virtuscollege.com\/es\/wp-json\/wp\/v2\/comments?post=62"}],"version-history":[{"count":95,"href":"https:\/\/virtuscollege.com\/es\/wp-json\/wp\/v2\/pages\/62\/revisions"}],"predecessor-version":[{"id":8534,"href":"https:\/\/virtuscollege.com\/es\/wp-json\/wp\/v2\/pages\/62\/revisions\/8534"}],"up":[{"embeddable":true,"href":"https:\/\/virtuscollege.com\/es\/wp-json\/wp\/v2\/pages\/56"}],"wp:featuredmedia":[{"embeddable":true,"href":"https:\/\/virtuscollege.com\/es\/wp-json\/wp\/v2\/media\/1552"}],"wp:attachment":[{"href":"https:\/\/virtuscollege.com\/es\/wp-json\/wp\/v2\/media?parent=62"}],"curies":[{"name":"wp","href":"https:\/\/api.w.org\/{rel}","templated":true}]}}