{"id":60,"date":"2025-04-02T13:07:31","date_gmt":"2025-04-02T11:07:31","guid":{"rendered":"https:\/\/virtuscollege.com\/?page_id=60"},"modified":"2025-11-27T16:45:34","modified_gmt":"2025-11-27T15:45:34","slug":"mentoria-personalizada-para-el-exito-del-alumno","status":"publish","type":"page","link":"https:\/\/virtuscollege.com\/es\/programa-de-mentoria\/mentoria-personalizada-para-el-exito-del-alumno\/","title":{"rendered":"Los beneficios de la mentor\u00eda"},"content":{"rendered":"\t\t<div data-elementor-type=\"wp-page\" data-elementor-id=\"60\" class=\"elementor elementor-60\" data-elementor-post-type=\"page\">\n\t\t\t\t<div class=\"elementor-element elementor-element-ea50f93 e-con-full e-flex e-con e-parent\" data-id=\"ea50f93\" data-element_type=\"container\" data-e-type=\"container\">\n\t\t\t\t<div class=\"elementor-element elementor-element-789903d elementor-widget__width-auto elementor-absolute elementor-widget elementor-widget-heading\" data-id=\"789903d\" data-element_type=\"widget\" data-e-type=\"widget\" data-settings=\"{&quot;_position&quot;:&quot;absolute&quot;}\" data-widget_type=\"heading.default\">\n\t\t\t\t<div class=\"elementor-widget-container\">\n\t\t\t\t\t<h2 class=\"elementor-heading-title elementor-size-default\">Los beneficios<\/h2>\t\t\t\t<\/div>\n\t\t\t\t<\/div>\n\t\t\t\t<div class=\"elementor-element elementor-element-ce64f4b elementor-widget__width-auto elementor-absolute elementor-widget elementor-widget-heading\" data-id=\"ce64f4b\" data-element_type=\"widget\" data-e-type=\"widget\" data-settings=\"{&quot;_position&quot;:&quot;absolute&quot;}\" data-widget_type=\"heading.default\">\n\t\t\t\t<div class=\"elementor-widget-container\">\n\t\t\t\t\t<h2 class=\"elementor-heading-title elementor-size-default\"><span style=\"color: #fff\">   de la mentor\u00eda<\/span>.<\/h2>\t\t\t\t<\/div>\n\t\t\t\t<\/div>\n\t\t\t\t<div class=\"elementor-element elementor-element-617761a elementor-widget elementor-widget-text-editor\" data-id=\"617761a\" data-element_type=\"widget\" data-e-type=\"widget\" data-widget_type=\"text-editor.default\">\n\t\t\t\t<div class=\"elementor-widget-container\">\n\t\t\t\t\t\t\t\t\t<p>Los estudiantes progresan cuando se sienten vistos, apoyados y guiados. Nuestro Sistema de Mentor\u00eda les ayuda a fijar objetivos con prop\u00f3sito, mantenerse motivados y desarrollar las habilidades que conducen al \u00e9xito acad\u00e9mico y a una s\u00f3lida orientaci\u00f3n hacia su futuro.<\/p>\t\t\t\t\t\t\t\t<\/div>\n\t\t\t\t<\/div>\n\t\t\t\t<\/div>\n\t\t<div class=\"elementor-element elementor-element-6406b95 e-con-full e-flex e-con e-parent\" data-id=\"6406b95\" data-element_type=\"container\" data-e-type=\"container\">\n\t\t<div class=\"elementor-element elementor-element-a9eb4db e-flex e-con-boxed e-con e-child\" data-id=\"a9eb4db\" data-element_type=\"container\" data-e-type=\"container\">\n\t\t\t\t\t<div class=\"e-con-inner\">\n\t\t\t\t<div class=\"elementor-element elementor-element-b6298fc elementor-widget elementor-widget-heading\" data-id=\"b6298fc\" data-element_type=\"widget\" data-e-type=\"widget\" data-widget_type=\"heading.default\">\n\t\t\t\t<div class=\"elementor-widget-container\">\n\t\t\t\t\t<h4 class=\"elementor-heading-title elementor-size-default\">El apoyo que los estudiantes<span style=\"color: #BF9A58\"> valoran y con el que triunfan<\/span>.<\/h4>\t\t\t\t<\/div>\n\t\t\t\t<\/div>\n\t\t\t\t<div class=\"elementor-element elementor-element-532d55c elementor-widget elementor-widget-text-editor\" data-id=\"532d55c\" data-element_type=\"widget\" data-e-type=\"widget\" data-widget_type=\"text-editor.default\">\n\t\t\t\t<div class=\"elementor-widget-container\">\n\t\t\t\t\t\t\t\t\t<p><span style=\"font-weight: 400;\">Los alumnos aprecian profundamente la <\/span><b>orientaci\u00f3n personalizada<\/b><span style=\"font-weight: 400;\"> que reciben a trav\u00e9s de nuestro Sistema de Mentor\u00eda.<\/span><\/p><p><span style=\"font-weight: 400;\">Gracias al apoyo a medida, las sesiones individuales regulares y la asesor\u00eda experta para el acceso a la universidad, cada estudiante est\u00e1 capacitado para alcanzar su m\u00e1ximo potencial. <\/span><b>M\u00e1s del 90% afirma haber incrementado su confianza<\/b><span style=\"font-weight: 400;\">, <\/span><b>motivaci\u00f3n<\/b><span style=\"font-weight: 400;\"> y <\/span><b>rendimiento acad\u00e9mico<\/b><span style=\"font-weight: 400;\">, mientras que el <\/span><b>95% se siente mejor preparado para la universidad<\/b><span style=\"font-weight: 400;\"> y su futura carrera profesional. Nuestros mentores trabajan estrechamente con cada alumno para definir objetivos claros, seguir su progreso y desarrollar competencias esenciales para la vida.<\/span><span style=\"font-weight: 400;\"><br \/><\/span><span style=\"font-weight: 400;\">Este enfoque individualizado es una piedra angular de nuestro \u00e9xito y una de las razones por las que los estudiantes de Virtus College prosperan m\u00e1s all\u00e1 del aula.<\/span><\/p>\t\t\t\t\t\t\t\t<\/div>\n\t\t\t\t<\/div>\n\t\t\t\t\t<\/div>\n\t\t\t\t<\/div>\n\t\t<div class=\"elementor-element elementor-element-4b3e6b5 e-con-full e-flex e-con e-child\" data-id=\"4b3e6b5\" data-element_type=\"container\" data-e-type=\"container\" data-settings=\"{&quot;background_background&quot;:&quot;classic&quot;}\">\n\t\t\t\t<div class=\"elementor-element elementor-element-d06e503 elementor-widget elementor-widget-spacer\" data-id=\"d06e503\" data-element_type=\"widget\" data-e-type=\"widget\" data-widget_type=\"spacer.default\">\n\t\t\t\t<div class=\"elementor-widget-container\">\n\t\t\t\t\t\t\t<div class=\"elementor-spacer\">\n\t\t\t<div class=\"elementor-spacer-inner\"><\/div>\n\t\t<\/div>\n\t\t\t\t\t\t<\/div>\n\t\t\t\t<\/div>\n\t\t\t\t<\/div>\n\t\t\t\t<\/div>\n\t\t<div class=\"elementor-element elementor-element-e859751 e-flex e-con-boxed e-con e-parent\" data-id=\"e859751\" data-element_type=\"container\" data-e-type=\"container\">\n\t\t\t\t\t<div class=\"e-con-inner\">\n\t\t\t\t<div class=\"elementor-element elementor-element-e3eed80 elementor-widget elementor-widget-heading\" data-id=\"e3eed80\" data-element_type=\"widget\" data-e-type=\"widget\" data-widget_type=\"heading.default\">\n\t\t\t\t<div class=\"elementor-widget-container\">\n\t\t\t\t\t<h4 class=\"elementor-heading-title elementor-size-default\">Beneficios de la mentor\u00eda<span style=\"color: #BF9A58\"> en Virtus College<\/span>.<\/h4>\t\t\t\t<\/div>\n\t\t\t\t<\/div>\n\t\t\t\t<div class=\"elementor-element elementor-element-4694a5f elementor-widget elementor-widget-text-editor\" data-id=\"4694a5f\" data-element_type=\"widget\" data-e-type=\"widget\" data-widget_type=\"text-editor.default\">\n\t\t\t\t<div class=\"elementor-widget-container\">\n\t\t\t\t\t\t\t\t\t<p>La mentor\u00eda ayuda a establecer objetivos claros y con prop\u00f3sito, potencia una mayor motivaci\u00f3n y confianza, y fomenta el desarrollo de habilidades para la vida. Adem\u00e1s, proporciona una preparaci\u00f3n s\u00f3lida para la universidad y la carrera profesional, asegurando que cada estudiante est\u00e9 listo para afrontar con \u00e9xito los retos del futuro.<\/p>\t\t\t\t\t\t\t\t<\/div>\n\t\t\t\t<\/div>\n\t\t\t\t\t<\/div>\n\t\t\t\t<\/div>\n\t\t<div class=\"elementor-element elementor-element-b16adc7 e-flex e-con-boxed e-con e-parent\" data-id=\"b16adc7\" data-element_type=\"container\" data-e-type=\"container\">\n\t\t\t\t\t<div class=\"e-con-inner\">\n\t\t\t\t<div class=\"elementor-element elementor-element-6ab8813 elementor-widget elementor-widget-heading\" data-id=\"6ab8813\" data-element_type=\"widget\" data-e-type=\"widget\" data-widget_type=\"heading.default\">\n\t\t\t\t<div class=\"elementor-widget-container\">\n\t\t\t\t\t<h4 class=\"elementor-heading-title elementor-size-default\">Desarrollo acad\u00e9mico<\/h4>\t\t\t\t<\/div>\n\t\t\t\t<\/div>\n\t\t<div class=\"elementor-element elementor-element-c8fa1e9 e-con-full e-flex e-con e-child\" data-id=\"c8fa1e9\" data-element_type=\"container\" data-e-type=\"container\">\n\t\t<div class=\"elementor-element elementor-element-b33bdc0 e-con-full e-flex e-con e-child\" data-id=\"b33bdc0\" data-element_type=\"container\" data-e-type=\"container\">\n\t\t\t\t<div class=\"elementor-element elementor-element-cd04f72 elementor-widget elementor-widget-icon-box\" data-id=\"cd04f72\" data-element_type=\"widget\" data-e-type=\"widget\" data-widget_type=\"icon-box.default\">\n\t\t\t\t<div class=\"elementor-widget-container\">\n\t\t\t\t\t\t\t<div class=\"elementor-icon-box-wrapper\">\n\n\t\t\t\n\t\t\t\t\t\t<div class=\"elementor-icon-box-content\">\n\n\t\t\t\t\t\t\t\t\t<h3 class=\"elementor-icon-box-title\">\n\t\t\t\t\t\t<span  >\n\t\t\t\t\t\t\tMejora de la organizaci\u00f3n\t\t\t\t\t\t<\/span>\n\t\t\t\t\t<\/h3>\n\t\t\t\t\n\t\t\t\t\t\t\t\t\t<p class=\"elementor-icon-box-description\">\n\t\t\t\t\t\tLos mentores trabajan con los estudiantes para perfeccionar sus habilidades organizativas, lo que incluye gestionar eficazmente las tareas, elaborar planes de estudio para los ex\u00e1menes, establecer hitos y utilizar las herramientas tecnol\u00f3gicas disponibles a trav\u00e9s de los iPads para organizar de forma eficiente documentos y apuntes.\t\t\t\t\t<\/p>\n\t\t\t\t\n\t\t\t<\/div>\n\t\t\t\n\t\t<\/div>\n\t\t\t\t\t\t<\/div>\n\t\t\t\t<\/div>\n\t\t\t\t<\/div>\n\t\t<div class=\"elementor-element elementor-element-86db803 e-con-full e-flex e-con e-child\" data-id=\"86db803\" data-element_type=\"container\" data-e-type=\"container\">\n\t\t\t\t<div class=\"elementor-element elementor-element-7e0b940 elementor-widget elementor-widget-icon-box\" data-id=\"7e0b940\" data-element_type=\"widget\" data-e-type=\"widget\" data-widget_type=\"icon-box.default\">\n\t\t\t\t<div class=\"elementor-widget-container\">\n\t\t\t\t\t\t\t<div class=\"elementor-icon-box-wrapper\">\n\n\t\t\t\n\t\t\t\t\t\t<div class=\"elementor-icon-box-content\">\n\n\t\t\t\t\t\t\t\t\t<h3 class=\"elementor-icon-box-title\">\n\t\t\t\t\t\t<span  >\n\t\t\t\t\t\t\t\u201cStretch &amp; challenge\u201d \u2013 Ampliando horizontes\t\t\t\t\t\t<\/span>\n\t\t\t\t\t<\/h3>\n\t\t\t\t\n\t\t\t\t\t\t\t\t\t<p class=\"elementor-icon-box-description\">\n\t\t\t\t\t\tComo parte de nuestro enfoque de Stretch &amp; Challenge, los alumnos completan anualmente un libro no curricular y un MOOC relacionado con sus intereses.\nAsimismo, los mentores fomentan la participaci\u00f3n en competiciones acad\u00e9micas como Olimpiadas, Model United Nations, concursos de debate y el prestigioso John Locke Essay Competition, ampliando as\u00ed los horizontes intelectuales m\u00e1s all\u00e1 del curr\u00edculo de A-Level.\n\t\t\t\t\t<\/p>\n\t\t\t\t\n\t\t\t<\/div>\n\t\t\t\n\t\t<\/div>\n\t\t\t\t\t\t<\/div>\n\t\t\t\t<\/div>\n\t\t\t\t<\/div>\n\t\t\t\t<\/div>\n\t\t<div class=\"elementor-element elementor-element-882c7c5 e-con-full e-flex e-con e-child\" data-id=\"882c7c5\" data-element_type=\"container\" data-e-type=\"container\">\n\t\t<div class=\"elementor-element elementor-element-bf4f4e3 e-con-full e-flex e-con e-child\" data-id=\"bf4f4e3\" data-element_type=\"container\" data-e-type=\"container\">\n\t\t\t\t<div class=\"elementor-element elementor-element-d20dbde elementor-widget elementor-widget-icon-box\" data-id=\"d20dbde\" data-element_type=\"widget\" data-e-type=\"widget\" data-widget_type=\"icon-box.default\">\n\t\t\t\t<div class=\"elementor-widget-container\">\n\t\t\t\t\t\t\t<div class=\"elementor-icon-box-wrapper\">\n\n\t\t\t\n\t\t\t\t\t\t<div class=\"elementor-icon-box-content\">\n\n\t\t\t\t\t\t\t\t\t<h3 class=\"elementor-icon-box-title\">\n\t\t\t\t\t\t<span  >\n\t\t\t\t\t\t\tPerfeccionamiento de t\u00e9cnicas de estudio\t\t\t\t\t\t<\/span>\n\t\t\t\t\t<\/h3>\n\t\t\t\t\n\t\t\t\t\t\t\t\t\t<p class=\"elementor-icon-box-description\">\n\t\t\t\t\t\tLos mentores orientan a los alumnos en t\u00e9cnicas de estudio efectivas, m\u00e9todos de toma de apuntes y creaci\u00f3n de materiales de repaso adaptados a cada asignatura.\nAyudan a seguir el progreso acad\u00e9mico, detectar carencias de aprendizaje y supervisar el rendimiento en evaluaciones internas.\nA trav\u00e9s de conversaciones regulares, determinan si se requiere apoyo adicional, ya sea mediante clases espec\u00edficas de asignatura, talleres de t\u00e9cnicas de examen o preparaci\u00f3n enfocada para pruebas peri\u00f3dicas.\nAdem\u00e1s, introducen estrategias de aprendizaje activo que mejoran la retenci\u00f3n y refuerzan la confianza de cara a los ex\u00e1menes de A-Level.\n\t\t\t\t\t<\/p>\n\t\t\t\t\n\t\t\t<\/div>\n\t\t\t\n\t\t<\/div>\n\t\t\t\t\t\t<\/div>\n\t\t\t\t<\/div>\n\t\t\t\t<\/div>\n\t\t<div class=\"elementor-element elementor-element-1b0832e e-con-full e-flex e-con e-child\" data-id=\"1b0832e\" data-element_type=\"container\" data-e-type=\"container\">\n\t\t\t\t<div class=\"elementor-element elementor-element-ed4ec2c elementor-widget elementor-widget-icon-box\" data-id=\"ed4ec2c\" data-element_type=\"widget\" data-e-type=\"widget\" data-widget_type=\"icon-box.default\">\n\t\t\t\t<div class=\"elementor-widget-container\">\n\t\t\t\t\t\t\t<div class=\"elementor-icon-box-wrapper\">\n\n\t\t\t\n\t\t\t\t\t\t<div class=\"elementor-icon-box-content\">\n\n\t\t\t\t\t\t\t\t\t<h3 class=\"elementor-icon-box-title\">\n\t\t\t\t\t\t<span  >\n\t\t\t\t\t\t\tRendimiento acad\u00e9mico y soluciones educativas\t\t\t\t\t\t<\/span>\n\t\t\t\t\t<\/h3>\n\t\t\t\t\n\t\t\t\t\t\t\t\t\t<p class=\"elementor-icon-box-description\">\n\t\t\t\t\t\tEn funci\u00f3n de los resultados obtenidos en evaluaciones internas y ex\u00e1menes oficiales, los mentores aplican estrategias espec\u00edficas para mejorar el rendimiento acad\u00e9mico. Esto puede incluir la programaci\u00f3n de pruebas semanales, talleres de redacci\u00f3n o talleres de \u00e1lgebra, garantizando que cada estudiante reciba la atenci\u00f3n educativa que necesita a lo largo del curso.\t\t\t\t\t<\/p>\n\t\t\t\t\n\t\t\t<\/div>\n\t\t\t\n\t\t<\/div>\n\t\t\t\t\t\t<\/div>\n\t\t\t\t<\/div>\n\t\t\t\t<\/div>\n\t\t\t\t<\/div>\n\t\t\t\t\t<\/div>\n\t\t\t\t<\/div>\n\t\t<div class=\"elementor-element elementor-element-62c3ff8 e-con-full e-flex e-con e-parent\" data-id=\"62c3ff8\" data-element_type=\"container\" data-e-type=\"container\">\n\t\t<div class=\"elementor-element elementor-element-b7d948e e-con-full e-flex e-con e-child\" data-id=\"b7d948e\" data-element_type=\"container\" data-e-type=\"container\" data-settings=\"{&quot;background_background&quot;:&quot;classic&quot;}\">\n\t\t\t\t<div class=\"elementor-element elementor-element-e86a7cd elementor-widget elementor-widget-spacer\" data-id=\"e86a7cd\" data-element_type=\"widget\" data-e-type=\"widget\" data-widget_type=\"spacer.default\">\n\t\t\t\t<div class=\"elementor-widget-container\">\n\t\t\t\t\t\t\t<div class=\"elementor-spacer\">\n\t\t\t<div class=\"elementor-spacer-inner\"><\/div>\n\t\t<\/div>\n\t\t\t\t\t\t<\/div>\n\t\t\t\t<\/div>\n\t\t\t\t<\/div>\n\t\t<div class=\"elementor-element elementor-element-59a539e e-flex e-con-boxed e-con e-child\" data-id=\"59a539e\" data-element_type=\"container\" data-e-type=\"container\" data-settings=\"{&quot;background_background&quot;:&quot;classic&quot;}\">\n\t\t\t\t\t<div class=\"e-con-inner\">\n\t\t\t\t<div class=\"elementor-element elementor-element-bc2c11a elementor-widget elementor-widget-heading\" data-id=\"bc2c11a\" data-element_type=\"widget\" data-e-type=\"widget\" data-widget_type=\"heading.default\">\n\t\t\t\t<div class=\"elementor-widget-container\">\n\t\t\t\t\t<h4 class=\"elementor-heading-title elementor-size-default\">Orientaci\u00f3n profesional<\/h4>\t\t\t\t<\/div>\n\t\t\t\t<\/div>\n\t\t\t\t<div class=\"elementor-element elementor-element-f0cb4cf elementor-widget elementor-widget-heading\" data-id=\"f0cb4cf\" data-element_type=\"widget\" data-e-type=\"widget\" data-widget_type=\"heading.default\">\n\t\t\t\t<div class=\"elementor-widget-container\">\n\t\t\t\t\t<h4 class=\"elementor-heading-title elementor-size-default\">Apoyo en las solicitudes universitarias<\/h4>\t\t\t\t<\/div>\n\t\t\t\t<\/div>\n\t\t\t\t<div class=\"elementor-element elementor-element-71fef0f elementor-widget elementor-widget-text-editor\" data-id=\"71fef0f\" data-element_type=\"widget\" data-e-type=\"widget\" data-widget_type=\"text-editor.default\">\n\t\t\t\t<div class=\"elementor-widget-container\">\n\t\t\t\t\t\t\t\t\t<p><span style=\"font-weight: 400;\">Nuestros mentores desempe\u00f1an un papel crucial en la preparaci\u00f3n de las solicitudes universitarias.<\/span><\/p><p><span style=\"font-weight: 400;\">En estrecha colaboraci\u00f3n con el equipo de orientaci\u00f3n profesional, especializado en procesos de admisi\u00f3n y destinos universitarios, los estudiantes reciben un acompa\u00f1amiento espec\u00edfico que aumenta sus posibilidades de acceso a universidades de prestigio.<\/span><\/p>\t\t\t\t\t\t\t\t<\/div>\n\t\t\t\t<\/div>\n\t\t\t\t\t<\/div>\n\t\t\t\t<\/div>\n\t\t\t\t<\/div>\n\t\t<div class=\"elementor-element elementor-element-274f8a7 e-con-full e-flex e-con e-parent\" data-id=\"274f8a7\" data-element_type=\"container\" data-e-type=\"container\">\n\t\t<div class=\"elementor-element elementor-element-c87d19b e-flex e-con-boxed e-con e-child\" data-id=\"c87d19b\" data-element_type=\"container\" data-e-type=\"container\">\n\t\t\t\t\t<div class=\"e-con-inner\">\n\t\t\t\t<div class=\"elementor-element elementor-element-1ffda21 elementor-widget elementor-widget-heading\" data-id=\"1ffda21\" data-element_type=\"widget\" data-e-type=\"widget\" data-widget_type=\"heading.default\">\n\t\t\t\t<div class=\"elementor-widget-container\">\n\t\t\t\t\t<h4 class=\"elementor-heading-title elementor-size-default\">Bienestar del estudiante<\/h4>\t\t\t\t<\/div>\n\t\t\t\t<\/div>\n\t\t\t\t<div class=\"elementor-element elementor-element-53b8c81 elementor-widget elementor-widget-heading\" data-id=\"53b8c81\" data-element_type=\"widget\" data-e-type=\"widget\" data-widget_type=\"heading.default\">\n\t\t\t\t<div class=\"elementor-widget-container\">\n\t\t\t\t\t<h4 class=\"elementor-heading-title elementor-size-default\">Bienestar y desarrollo personal<\/h4>\t\t\t\t<\/div>\n\t\t\t\t<\/div>\n\t\t\t\t<div class=\"elementor-element elementor-element-e969b2b elementor-widget elementor-widget-text-editor\" data-id=\"e969b2b\" data-element_type=\"widget\" data-e-type=\"widget\" data-widget_type=\"text-editor.default\">\n\t\t\t\t<div class=\"elementor-widget-container\">\n\t\t\t\t\t\t\t\t\t<p><span style=\"font-weight: 400;\">En Virtus College, priorizamos el bienestar psicol\u00f3gico, emocional y f\u00edsico de nuestros alumnos.<\/span><\/p><p><span style=\"font-weight: 400;\">Nuestros mentores cuentan con formaci\u00f3n psicopedag\u00f3gica para abordar estos aspectos y brindar apoyo cuando sea necesario. Tambi\u00e9n participan en la propuesta y seguimiento de actividades comunitarias de Sixth Form, fomentando que los estudiantes se involucren en oportunidades de desarrollo personal.<\/span><\/p>\t\t\t\t\t\t\t\t<\/div>\n\t\t\t\t<\/div>\n\t\t\t\t\t<\/div>\n\t\t\t\t<\/div>\n\t\t<div class=\"elementor-element elementor-element-6d02599 e-con-full e-flex e-con e-child\" data-id=\"6d02599\" data-element_type=\"container\" data-e-type=\"container\" data-settings=\"{&quot;background_background&quot;:&quot;classic&quot;}\">\n\t\t\t\t<div class=\"elementor-element elementor-element-6977148 elementor-widget elementor-widget-spacer\" data-id=\"6977148\" data-element_type=\"widget\" data-e-type=\"widget\" data-widget_type=\"spacer.default\">\n\t\t\t\t<div class=\"elementor-widget-container\">\n\t\t\t\t\t\t\t<div class=\"elementor-spacer\">\n\t\t\t<div class=\"elementor-spacer-inner\"><\/div>\n\t\t<\/div>\n\t\t\t\t\t\t<\/div>\n\t\t\t\t<\/div>\n\t\t\t\t<\/div>\n\t\t\t\t<\/div>\n\t\t\t\t<\/div>\n\t\t","protected":false},"excerpt":{"rendered":"<p>Los beneficios de la mentor\u00eda. Los estudiantes progresan cuando se sienten vistos, apoyados y guiados. Nuestro Sistema de Mentor\u00eda les ayuda a fijar objetivos con prop\u00f3sito, mantenerse motivados y desarrollar las habilidades que conducen al \u00e9xito acad\u00e9mico y a una s\u00f3lida orientaci\u00f3n hacia su futuro. El apoyo que los estudiantes valoran y con el que [&hellip;]<\/p>\n","protected":false},"author":2,"featured_media":1540,"parent":56,"menu_order":0,"comment_status":"closed","ping_status":"closed","template":"","meta":{"_acf_changed":false,"footnotes":""},"class_list":["post-60","page","type-page","status-publish","has-post-thumbnail","hentry"],"acf":[],"_links":{"self":[{"href":"https:\/\/virtuscollege.com\/es\/wp-json\/wp\/v2\/pages\/60","targetHints":{"allow":["GET"]}}],"collection":[{"href":"https:\/\/virtuscollege.com\/es\/wp-json\/wp\/v2\/pages"}],"about":[{"href":"https:\/\/virtuscollege.com\/es\/wp-json\/wp\/v2\/types\/page"}],"author":[{"embeddable":true,"href":"https:\/\/virtuscollege.com\/es\/wp-json\/wp\/v2\/users\/2"}],"replies":[{"embeddable":true,"href":"https:\/\/virtuscollege.com\/es\/wp-json\/wp\/v2\/comments?post=60"}],"version-history":[{"count":80,"href":"https:\/\/virtuscollege.com\/es\/wp-json\/wp\/v2\/pages\/60\/revisions"}],"predecessor-version":[{"id":9677,"href":"https:\/\/virtuscollege.com\/es\/wp-json\/wp\/v2\/pages\/60\/revisions\/9677"}],"up":[{"embeddable":true,"href":"https:\/\/virtuscollege.com\/es\/wp-json\/wp\/v2\/pages\/56"}],"wp:featuredmedia":[{"embeddable":true,"href":"https:\/\/virtuscollege.com\/es\/wp-json\/wp\/v2\/media\/1540"}],"wp:attachment":[{"href":"https:\/\/virtuscollege.com\/es\/wp-json\/wp\/v2\/media?parent=60"}],"curies":[{"name":"wp","href":"https:\/\/api.w.org\/{rel}","templated":true}]}}