{"id":58,"date":"2025-04-02T13:07:16","date_gmt":"2025-04-02T11:07:16","guid":{"rendered":"https:\/\/virtuscollege.com\/?page_id=58"},"modified":"2025-11-17T18:01:47","modified_gmt":"2025-11-17T17:01:47","slug":"como-funciona-la-mentoria","status":"publish","type":"page","link":"https:\/\/virtuscollege.com\/es\/programa-de-mentoria\/como-funciona-la-mentoria\/","title":{"rendered":"C\u00f3mo funciona la mentor\u00eda"},"content":{"rendered":"\t\t<div data-elementor-type=\"wp-page\" data-elementor-id=\"58\" class=\"elementor elementor-58\" data-elementor-post-type=\"page\">\n\t\t\t\t<div class=\"elementor-element elementor-element-1c3c118 e-con-full e-flex e-con e-parent\" data-id=\"1c3c118\" data-element_type=\"container\" data-e-type=\"container\">\n\t\t\t\t<div class=\"elementor-element elementor-element-10ab6f1 elementor-widget__width-auto elementor-absolute elementor-widget elementor-widget-heading\" data-id=\"10ab6f1\" data-element_type=\"widget\" data-e-type=\"widget\" data-settings=\"{&quot;_position&quot;:&quot;absolute&quot;}\" data-widget_type=\"heading.default\">\n\t\t\t\t<div class=\"elementor-widget-container\">\n\t\t\t\t\t<h2 class=\"elementor-heading-title elementor-size-default\">C\u00f3mo funciona<\/h2>\t\t\t\t<\/div>\n\t\t\t\t<\/div>\n\t\t\t\t<div class=\"elementor-element elementor-element-4d2d028 elementor-widget__width-auto elementor-absolute elementor-widget elementor-widget-heading\" data-id=\"4d2d028\" data-element_type=\"widget\" data-e-type=\"widget\" data-settings=\"{&quot;_position&quot;:&quot;absolute&quot;}\" data-widget_type=\"heading.default\">\n\t\t\t\t<div class=\"elementor-widget-container\">\n\t\t\t\t\t<h2 class=\"elementor-heading-title elementor-size-default\"><span style=\"color: #fff\"> la mentor\u00eda<\/span>.<\/h2>\t\t\t\t<\/div>\n\t\t\t\t<\/div>\n\t\t\t\t<div class=\"elementor-element elementor-element-ab803fe elementor-widget elementor-widget-text-editor\" data-id=\"ab803fe\" data-element_type=\"widget\" data-e-type=\"widget\" data-widget_type=\"text-editor.default\">\n\t\t\t\t<div class=\"elementor-widget-container\">\n\t\t\t\t\t\t\t\t\t<p>Inspirado en la tradici\u00f3n de Oxford y Cambridge, nuestro Sistema de Mentor\u00eda ofrece una orientaci\u00f3n individual realmente personalizada. Con apoyo experto cada semana, los estudiantes crecen en confianza, car\u00e1cter y claridad, prepar\u00e1ndose para cada etapa de su camino acad\u00e9mico y personal.<\/p>\t\t\t\t\t\t\t\t<\/div>\n\t\t\t\t<\/div>\n\t\t\t\t<\/div>\n\t\t<div class=\"elementor-element elementor-element-11f01ced e-flex e-con-boxed e-con e-parent\" data-id=\"11f01ced\" data-element_type=\"container\" data-e-type=\"container\">\n\t\t\t\t\t<div class=\"e-con-inner\">\n\t\t<div class=\"elementor-element elementor-element-59b1a434 e-con-full e-grid e-con e-child\" data-id=\"59b1a434\" data-element_type=\"container\" data-e-type=\"container\">\n\t\t<div class=\"elementor-element elementor-element-26182ff5 e-con-full e-flex e-con e-child\" data-id=\"26182ff5\" data-element_type=\"container\" data-e-type=\"container\">\n\t\t\t\t<div class=\"elementor-element elementor-element-44d0d020 elementor-widget elementor-widget-heading\" data-id=\"44d0d020\" data-element_type=\"widget\" data-e-type=\"widget\" data-widget_type=\"heading.default\">\n\t\t\t\t<div class=\"elementor-widget-container\">\n\t\t\t\t\t<h4 class=\"elementor-heading-title elementor-size-default\">Un estudiante,<span style=\"color: #BF9A58\">  un mentor<\/span>.<\/h4>\t\t\t\t<\/div>\n\t\t\t\t<\/div>\n\t\t\t\t<div class=\"elementor-element elementor-element-3659811d elementor-widget elementor-widget-text-editor\" data-id=\"3659811d\" data-element_type=\"widget\" data-e-type=\"widget\" data-widget_type=\"text-editor.default\">\n\t\t\t\t<div class=\"elementor-widget-container\">\n\t\t\t\t\t\t\t\t\t<p><span style=\"font-weight: 400;\">Cada alumno cuenta con su propio mentor dedicado, un profesor que aporta no solo una s\u00f3lida experiencia acad\u00e9mica, sino tambi\u00e9n formaci\u00f3n especializada en mentor\u00eda y coaching.<\/span><span style=\"font-weight: 400;\"><br \/><\/span><span style=\"font-weight: 400;\">Estos mentores est\u00e1n preparados para <\/span><b>guiar a los estudiantes en su desarrollo acad\u00e9mico, personal y profesional,<\/b><span style=\"font-weight: 400;\"> ofreciendo un acompa\u00f1amiento a medida en cada paso del proceso.<\/span><span style=\"font-weight: 400;\"><br \/><\/span><span style=\"font-weight: 400;\">Nuestro enfoque garantiza que cada alumno se sienta verdaderamente conocido, apoyado y retado para convertirse en la mejor versi\u00f3n de s\u00ed mismo.<\/span><\/p>\t\t\t\t\t\t\t\t<\/div>\n\t\t\t\t<\/div>\n\t\t\t\t<div class=\"elementor-element elementor-element-7ebf54f elementor-align-left elementor-widget elementor-widget-button\" data-id=\"7ebf54f\" data-element_type=\"widget\" data-e-type=\"widget\" data-widget_type=\"button.default\">\n\t\t\t\t<div class=\"elementor-widget-container\">\n\t\t\t\t\t\t\t\t\t<div class=\"elementor-button-wrapper\">\n\t\t\t\t\t<a class=\"elementor-button elementor-button-link elementor-size-sm\" href=\"https:\/\/virtuscollege.com\/es\/programa-de-mentoria\/mentoria-personalizada-para-el-exito-del-alumno\/\">\n\t\t\t\t\t\t<span class=\"elementor-button-content-wrapper\">\n\t\t\t\t\t\t\t\t\t<span class=\"elementor-button-text\">Los beneficios de la mentor\u00eda<\/span>\n\t\t\t\t\t<\/span>\n\t\t\t\t\t<\/a>\n\t\t\t\t<\/div>\n\t\t\t\t\t\t\t\t<\/div>\n\t\t\t\t<\/div>\n\t\t\t\t<\/div>\n\t\t<div class=\"elementor-element elementor-element-35808a05 e-con-full e-flex e-con e-child\" data-id=\"35808a05\" data-element_type=\"container\" data-e-type=\"container\" data-settings=\"{&quot;background_background&quot;:&quot;classic&quot;}\">\n\t\t\t\t<div class=\"elementor-element elementor-element-59cfe3a3 elementor-widget elementor-widget-spacer\" data-id=\"59cfe3a3\" data-element_type=\"widget\" data-e-type=\"widget\" data-widget_type=\"spacer.default\">\n\t\t\t\t<div class=\"elementor-widget-container\">\n\t\t\t\t\t\t\t<div class=\"elementor-spacer\">\n\t\t\t<div class=\"elementor-spacer-inner\"><\/div>\n\t\t<\/div>\n\t\t\t\t\t\t<\/div>\n\t\t\t\t<\/div>\n\t\t\t\t<\/div>\n\t\t\t\t<\/div>\n\t\t\t\t<div class=\"elementor-element elementor-element-72421da6 elementor-widget__width-initial elementor-absolute animated-fast elementor-hidden-tablet elementor-hidden-mobile elementor-invisible elementor-widget elementor-widget-spacer\" data-id=\"72421da6\" data-element_type=\"widget\" data-e-type=\"widget\" data-settings=\"{&quot;_position&quot;:&quot;absolute&quot;,&quot;_animation&quot;:&quot;slideInRight&quot;}\" data-widget_type=\"spacer.default\">\n\t\t\t\t<div class=\"elementor-widget-container\">\n\t\t\t\t\t\t\t<div class=\"elementor-spacer\">\n\t\t\t<div class=\"elementor-spacer-inner\"><\/div>\n\t\t<\/div>\n\t\t\t\t\t\t<\/div>\n\t\t\t\t<\/div>\n\t\t\t\t\t<\/div>\n\t\t\t\t<\/div>\n\t\t<footer class=\"elementor-element elementor-element-de497f9 e-con-full e-flex e-con e-parent\" data-id=\"de497f9\" data-element_type=\"container\" data-e-type=\"container\">\n\t\t<div class=\"elementor-element elementor-element-217c8a6 e-con-full e-flex e-con e-child\" data-id=\"217c8a6\" data-element_type=\"container\" data-e-type=\"container\" data-settings=\"{&quot;background_background&quot;:&quot;classic&quot;}\">\n\t\t\t\t<div class=\"elementor-element elementor-element-928d98d elementor-widget__width-initial elementor-absolute animated-fast elementor-hidden-tablet elementor-hidden-mobile elementor-invisible elementor-widget elementor-widget-spacer\" data-id=\"928d98d\" data-element_type=\"widget\" data-e-type=\"widget\" data-settings=\"{&quot;_position&quot;:&quot;absolute&quot;,&quot;_animation&quot;:&quot;slideInLeft&quot;}\" data-widget_type=\"spacer.default\">\n\t\t\t\t<div class=\"elementor-widget-container\">\n\t\t\t\t\t\t\t<div class=\"elementor-spacer\">\n\t\t\t<div class=\"elementor-spacer-inner\"><\/div>\n\t\t<\/div>\n\t\t\t\t\t\t<\/div>\n\t\t\t\t<\/div>\n\t\t\t\t<\/div>\n\t\t<div class=\"elementor-element elementor-element-38f1311 e-con-full e-flex e-con e-child\" data-id=\"38f1311\" data-element_type=\"container\" data-e-type=\"container\" data-settings=\"{&quot;background_background&quot;:&quot;classic&quot;}\">\n\t\t\t\t<div class=\"elementor-element elementor-element-04e54d5 elementor-widget__width-initial elementor-widget elementor-widget-heading\" data-id=\"04e54d5\" data-element_type=\"widget\" data-e-type=\"widget\" data-widget_type=\"heading.default\">\n\t\t\t\t<div class=\"elementor-widget-container\">\n\t\t\t\t\t<h4 class=\"elementor-heading-title elementor-size-default\">\"Elegimos Virtus College porque busc\u00e1bamos una educaci\u00f3n de calidad, y no nos equivocamos. Adem\u00e1s de ofrecer un alto nivel acad\u00e9mico, ayudan a cada alumno a encontrar su propio camino.\"<\/span>\n<\/h4>\t\t\t\t<\/div>\n\t\t\t\t<\/div>\n\t\t\t\t<div class=\"elementor-element elementor-element-2461503 elementor-widget__width-initial elementor-widget elementor-widget-heading\" data-id=\"2461503\" data-element_type=\"widget\" data-e-type=\"widget\" data-widget_type=\"heading.default\">\n\t\t\t\t<div class=\"elementor-widget-container\">\n\t\t\t\t\t<h2 class=\"elementor-heading-title elementor-size-default\">Miriam Corella - madre de H\u00e9ctor (Loughborough University)<\/h2>\t\t\t\t<\/div>\n\t\t\t\t<\/div>\n\t\t\t\t<\/div>\n\t\t\t\t<\/footer>\n\t\t<div class=\"elementor-element elementor-element-5dd9e995 e-flex e-con-boxed e-con e-parent\" data-id=\"5dd9e995\" data-element_type=\"container\" data-e-type=\"container\">\n\t\t\t\t\t<div class=\"e-con-inner\">\n\t\t<div class=\"elementor-element elementor-element-21c98319 e-con-full e-flex e-con e-child\" data-id=\"21c98319\" data-element_type=\"container\" data-e-type=\"container\">\n\t\t\t\t<div class=\"elementor-element elementor-element-4b253780 elementor-widget elementor-widget-heading\" data-id=\"4b253780\" data-element_type=\"widget\" data-e-type=\"widget\" data-widget_type=\"heading.default\">\n\t\t\t\t<div class=\"elementor-widget-container\">\n\t\t\t\t\t<h4 class=\"elementor-heading-title elementor-size-default\">Inspirado en las mejores<span style=\"color: #BF9A58\"> universidades del Reino Unido<\/span>.<\/h4>\t\t\t\t<\/div>\n\t\t\t\t<\/div>\n\t\t\t\t<div class=\"elementor-element elementor-element-66d56cdd elementor-widget elementor-widget-text-editor\" data-id=\"66d56cdd\" data-element_type=\"widget\" data-e-type=\"widget\" data-widget_type=\"text-editor.default\">\n\t\t\t\t<div class=\"elementor-widget-container\">\n\t\t\t\t\t\t\t\t\t<p><span style=\"font-weight: 400;\">Nuestro Sistema de Mentor\u00eda toma como referencia directa la <\/span><b>tradici\u00f3n de las universidades m\u00e1s prestigiosas del Reino Unido<\/b><span style=\"font-weight: 400;\">, especialmente los colleges de Oxford y Cambridge.<\/span><span style=\"font-weight: 400;\"><br \/><\/span><\/p><p><span style=\"font-weight: 400;\">Estas universidades han demostrado durante siglos el valor de la mentor\u00eda individual para cultivar la independencia intelectual y el crecimiento personal. En Virtus College, trasladamos este esp\u00edritu a la experiencia de Sixth Form, creando una estructura din\u00e1mica y adaptable que apoya de forma integral a cada alumno.<\/span><span style=\"font-weight: 400;\"><br \/><\/span><\/p><p><span style=\"font-weight: 400;\">Este <\/span><b>modelo cuenta con una<\/b> <b>trayectoria probada<\/b><span style=\"font-weight: 400;\"> en el desarrollo acad\u00e9mico y en la formaci\u00f3n de car\u00e1cter, resiliencia y ambici\u00f3n. Para nosotros, la mentor\u00eda no es un complemento: es el n\u00facleo de nuestro compromiso con una educaci\u00f3n verdaderamente personalizada.<\/span><\/p>\t\t\t\t\t\t\t\t<\/div>\n\t\t\t\t<\/div>\n\t\t\t\t<\/div>\n\t\t\t\t\t<\/div>\n\t\t\t\t<\/div>\n\t\t<div class=\"elementor-element elementor-element-7fa83f4 e-con-full e-flex e-con e-parent\" data-id=\"7fa83f4\" data-element_type=\"container\" data-e-type=\"container\">\n\t\t<div class=\"elementor-element elementor-element-9eabefb e-con-full e-grid e-con e-child\" data-id=\"9eabefb\" data-element_type=\"container\" data-e-type=\"container\">\n\t\t<div class=\"elementor-element elementor-element-7bd3b07 e-con-full e-flex e-con e-child\" data-id=\"7bd3b07\" data-element_type=\"container\" data-e-type=\"container\">\n\t\t\t\t<div class=\"elementor-element elementor-element-b607fbb elementor-widget elementor-widget-heading\" data-id=\"b607fbb\" data-element_type=\"widget\" data-e-type=\"widget\" data-widget_type=\"heading.default\">\n\t\t\t\t<div class=\"elementor-widget-container\">\n\t\t\t\t\t<h4 class=\"elementor-heading-title elementor-size-default\">\u00bfC\u00f3mo funciona<span style=\"color: #BF9A58\"> la mentor\u00eda en Virtus College<\/span>?<\/h4>\t\t\t\t<\/div>\n\t\t\t\t<\/div>\n\t\t\t\t<div class=\"elementor-element elementor-element-6469e60 elementor-widget elementor-widget-text-editor\" data-id=\"6469e60\" data-element_type=\"widget\" data-e-type=\"widget\" data-widget_type=\"text-editor.default\">\n\t\t\t\t<div class=\"elementor-widget-container\">\n\t\t\t\t\t\t\t\t\t<p><span style=\"font-weight: 400;\">Al inicio de Year 12, cada alumno es asignado a un mentor en funci\u00f3n de su Perfil Vocacional, que tiene en cuenta sus fortalezas, \u00e1reas de mejora y rasgos de personalidad.<\/span><span style=\"font-weight: 400;\"><br \/><\/span><span style=\"font-weight: 400;\">Los <\/span><b>estudiantes se re\u00fanen semanalmente con su mentor<\/b> <b>en sesiones individuales<\/b><span style=\"font-weight: 400;\">, dise\u00f1adas para supervisar el progreso, establecer objetivos y ofrecer apoyo personalizado.<\/span><span style=\"font-weight: 400;\"><br \/><\/span><span style=\"font-weight: 400;\">Se pueden programar sesiones adicionales a petici\u00f3n del estudiante o del mentor.<\/span><\/p><p><span style=\"font-weight: 400;\">Los mentores trabajan en estrecha colaboraci\u00f3n con los profesores de asignatura y los diferentes departamentos del colegio para ofrecer un <\/span><b>acompa\u00f1amiento integral<\/b><span style=\"font-weight: 400;\"> que se adapta a las necesidades cambiantes de cada alumno, ya sean acad\u00e9micas, emocionales o profesionales. Gracias a esta colaboraci\u00f3n continua, cada estudiante mantiene el rumbo, se siente seguro en sus objetivos y preparado para el futuro.<\/span><\/p>\t\t\t\t\t\t\t\t<\/div>\n\t\t\t\t<\/div>\n\t\t\t\t<\/div>\n\t\t<div class=\"elementor-element elementor-element-0325048 e-con-full e-flex e-con e-child\" data-id=\"0325048\" data-element_type=\"container\" data-e-type=\"container\" data-settings=\"{&quot;background_background&quot;:&quot;classic&quot;}\">\n\t\t\t\t<div class=\"elementor-element elementor-element-83eff7d elementor-widget elementor-widget-spacer\" data-id=\"83eff7d\" data-element_type=\"widget\" data-e-type=\"widget\" data-widget_type=\"spacer.default\">\n\t\t\t\t<div class=\"elementor-widget-container\">\n\t\t\t\t\t\t\t<div class=\"elementor-spacer\">\n\t\t\t<div class=\"elementor-spacer-inner\"><\/div>\n\t\t<\/div>\n\t\t\t\t\t\t<\/div>\n\t\t\t\t<\/div>\n\t\t\t\t<\/div>\n\t\t\t\t<\/div>\n\t\t\t\t<\/div>\n\t\t\t\t<\/div>\n\t\t","protected":false},"excerpt":{"rendered":"<p>C\u00f3mo funciona la mentor\u00eda. Inspirado en la tradici\u00f3n de Oxford y Cambridge, nuestro Sistema de Mentor\u00eda ofrece una orientaci\u00f3n individual realmente personalizada. Con apoyo experto cada semana, los estudiantes crecen en confianza, car\u00e1cter y claridad, prepar\u00e1ndose para cada etapa de su camino acad\u00e9mico y personal. Un estudiante, un mentor. Cada alumno cuenta con su propio [&hellip;]<\/p>\n","protected":false},"author":2,"featured_media":3099,"parent":56,"menu_order":0,"comment_status":"closed","ping_status":"closed","template":"","meta":{"_acf_changed":false,"footnotes":""},"class_list":["post-58","page","type-page","status-publish","has-post-thumbnail","hentry"],"acf":[],"_links":{"self":[{"href":"https:\/\/virtuscollege.com\/es\/wp-json\/wp\/v2\/pages\/58","targetHints":{"allow":["GET"]}}],"collection":[{"href":"https:\/\/virtuscollege.com\/es\/wp-json\/wp\/v2\/pages"}],"about":[{"href":"https:\/\/virtuscollege.com\/es\/wp-json\/wp\/v2\/types\/page"}],"author":[{"embeddable":true,"href":"https:\/\/virtuscollege.com\/es\/wp-json\/wp\/v2\/users\/2"}],"replies":[{"embeddable":true,"href":"https:\/\/virtuscollege.com\/es\/wp-json\/wp\/v2\/comments?post=58"}],"version-history":[{"count":75,"href":"https:\/\/virtuscollege.com\/es\/wp-json\/wp\/v2\/pages\/58\/revisions"}],"predecessor-version":[{"id":8527,"href":"https:\/\/virtuscollege.com\/es\/wp-json\/wp\/v2\/pages\/58\/revisions\/8527"}],"up":[{"embeddable":true,"href":"https:\/\/virtuscollege.com\/es\/wp-json\/wp\/v2\/pages\/56"}],"wp:featuredmedia":[{"embeddable":true,"href":"https:\/\/virtuscollege.com\/es\/wp-json\/wp\/v2\/media\/3099"}],"wp:attachment":[{"href":"https:\/\/virtuscollege.com\/es\/wp-json\/wp\/v2\/media?parent=58"}],"curies":[{"name":"wp","href":"https:\/\/api.w.org\/{rel}","templated":true}]}}