{"id":5789,"date":"2025-10-09T10:53:40","date_gmt":"2025-10-09T08:53:40","guid":{"rendered":"https:\/\/virtuscollege.com\/?page_id=5789"},"modified":"2025-11-27T12:46:53","modified_gmt":"2025-11-27T11:46:53","slug":"aviso-legal","status":"publish","type":"page","link":"https:\/\/virtuscollege.com\/es\/aviso-legal\/","title":{"rendered":"Aviso legal"},"content":{"rendered":"\t\t<div data-elementor-type=\"wp-page\" data-elementor-id=\"5789\" class=\"elementor elementor-5789\" data-elementor-post-type=\"page\">\n\t\t\t\t<div class=\"elementor-element elementor-element-5b377e4 e-con-full e-flex e-con e-parent\" data-id=\"5b377e4\" data-element_type=\"container\" data-e-type=\"container\">\n\t\t\t\t<div class=\"elementor-element elementor-element-53b5bf5 elementor-widget__width-auto elementor-absolute elementor-widget elementor-widget-heading\" data-id=\"53b5bf5\" data-element_type=\"widget\" data-e-type=\"widget\" data-settings=\"{&quot;_position&quot;:&quot;absolute&quot;}\" data-widget_type=\"heading.default\">\n\t\t\t\t<div class=\"elementor-widget-container\">\n\t\t\t\t\t<h2 class=\"elementor-heading-title elementor-size-default\">Aviso <span style=\"color: #fff\">legal<\/span>.<\/h2>\t\t\t\t<\/div>\n\t\t\t\t<\/div>\n\t\t\t\t<\/div>\n\t\t\t\t<section class=\"elementor-section elementor-top-section elementor-element elementor-element-dd633b4 elementor-section-boxed elementor-section-height-default elementor-section-height-default\" data-id=\"dd633b4\" data-element_type=\"section\" data-e-type=\"section\">\n\t\t\t\t\t\t<div class=\"elementor-container elementor-column-gap-default\">\n\t\t\t\t\t<div class=\"elementor-column elementor-col-100 elementor-top-column elementor-element elementor-element-05f1d06\" data-id=\"05f1d06\" data-element_type=\"column\" data-e-type=\"column\">\n\t\t\t<div class=\"elementor-widget-wrap elementor-element-populated\">\n\t\t\t\t\t\t<div class=\"elementor-element elementor-element-d6d8741 elementor-widget elementor-widget-text-editor\" data-id=\"d6d8741\" data-element_type=\"widget\" data-e-type=\"widget\" data-widget_type=\"text-editor.default\">\n\t\t\t\t<div class=\"elementor-widget-container\">\n\t\t\t\t\t\t\t\t\t<p>La titularidad de esta web pertenece a THINK AHEAD ACADEMY, SL, con CIF B-87547238, domicilio en Calle Valportillo II, 14, y tel\u00e9fono 656550040, mail: info@virtuscollege.es, inscrita en el Registro Mercantil, el 23\/05\/2016, hora: 13.45, asiento 10\/67\/192 folio 29, Prot. 2016\/374\/N\/21\/04\/2016. N. Entrada: 1\/2016\u00a0 05.<\/p><p>\u00a0<\/p><p><strong>Condiciones de uso<\/strong><\/p><p>Propiedad intelectual e industrial<\/p><p>El dise\u00f1o del portal y sus c\u00f3digos fuente pertenecen a THINK AHEAD ACADEMY, SL, as\u00ed como los logos, marcas y dem\u00e1s signos distintivos que aparecen en el mismo y est\u00e1n protegidos por los correspondientes derechos de propiedad intelectual e industrial.<\/p><p>\u00a0<\/p><p><strong>Responsabilidad de los contenidos<\/strong><\/p><p>THINK AHEAD ACADEMY, SL no se hace responsable de la legalidad de otros sitios web de terceros desde los que pueda accederse al portal. THINK AHEAD ACADEMY, SL tampoco responde por la legalidad de otros sitios web de terceros, que pudieran estar vinculados o enlazados desde este portal.<\/p><p>THINK AHEAD ACADEMY, SL se reserva el derecho a realizar cambios en el sitio web sin previo aviso, al objeto de mantener actualizada su informaci\u00f3n, a\u00f1adiendo, modificando, corrigiendo o eliminando los contenidos publicados o el dise\u00f1o del portal.<\/p><p>THINK AHEAD ACADEMY, SL no ser\u00e1 responsable del uso que terceros hagan de la informaci\u00f3n publicada en el portal, ni tampoco de los da\u00f1os sufridos o p\u00e9rdidas econ\u00f3micas que, de forma directa o indirecta, produzcan o puedan producir perjuicios econ\u00f3micos, materiales o sobre datos, provocados por el uso de dicha informaci\u00f3n.<\/p><p>\u00a0<\/p><p><strong>Reproducci\u00f3n de contenidos<\/strong><\/p><p>Se proh\u00edbe la reproducci\u00f3n total o parcial de los contenidos publicados en el portal.<\/p><p>Ley aplicable<\/p><p>La ley aplicable en caso de disputa o conflicto de interpretaci\u00f3n de los t\u00e9rminos que conforman este aviso legal, as\u00ed como cualquier cuesti\u00f3n relacionada con los servicios del presente portal, ser\u00e1 la ley espa\u00f1ola.<\/p><p>\u00a0<\/p><p><strong>Links o hiperenlaces<\/strong><\/p><p>THINK AHEAD ACADEMY, SL le facilita el acceso a otras p\u00e1ginas web que consideramos pueden ser de su inter\u00e9s. El objetivo de dichos enlaces es \u00fanicamente facilitarle la b\u00fasqueda de los recursos que le puedan interesar a trav\u00e9s de Internet. No obstante, dichas p\u00e1ginas no le pertenecen, ni hace una revisi\u00f3n de sus contenidos y, por ello, no puede hacerse responsable de los mismos, del funcionamiento de la p\u00e1gina enlazada o de los posibles da\u00f1os que puedan derivarse del acceso o uso de la misma.<\/p><p>Los usuarios que se propongan establecer un hiperenlace al portal web de THINK AHEAD ACADEMY, SL deber\u00e1n tener en cuenta lo siguiente:<\/p><ul><li>El establecimiento del hiperenlace no implica en ning\u00fan caso la existencia de relaciones entre THINK AHEAD ACADEMY, SL y el propietario de la p\u00e1gina web en la que se establezca, ni la aceptaci\u00f3n y aprobaci\u00f3n por parte del mismo de sus contenidos o servicios.<\/li><li>No se declarar\u00e1 ni se dar\u00e1 a entender que THINK AHEAD ACADEMY, SL ha autorizado expresamente el hiperenlace ni que ha supervisado o asumido de cualquier forma los servicios ofrecidos o puestos a disposici\u00f3n en la p\u00e1gina web desde la que se establece el hiperenlace.<\/li><li>THINK AHEAD ACADEMY, SL no se responsabiliza en modo alguno ni garantiza la calidad, exactitud, fiabilidad, correcci\u00f3n o moralidad de contenidos o servicios que el establecimiento del hiperenlace pueda ofrecer.<\/li><li>El usuario o la usuaria asumen bajo su exclusiva responsabilidad las consecuencias, da\u00f1os o acciones que pudieran derivarse del acceso a la p\u00e1gina web del hiperenlace.<\/li><li>La p\u00e1gina web en la que se establezca el hiperenlace no podr\u00e1 contener ninguna marca, denominaci\u00f3n, logotipo, eslogan u otros signos distintivos pertenecientes a THINK AHEAD ACADEMY, SL excepto aquellos signos que formen parte del mismo hiperenlace.<\/li><li>La p\u00e1gina web en la que se establezca el hiperenlace no contendr\u00e1 informaciones con contenidos il\u00edcitos, contrarios a la moral y a las buenas costumbres generalmente aceptadas, as\u00ed como tampoco contendr\u00e1 contenidos contrarios a cualesquiera derechos de terceros.<\/li><\/ul><p>\u00a0<\/p><p>\u00a9 2026 THINK AHEAD ACADEMY, SL. Todos los derechos reservados.<\/p>\t\t\t\t\t\t\t\t<\/div>\n\t\t\t\t<\/div>\n\t\t\t\t\t<\/div>\n\t\t<\/div>\n\t\t\t\t\t<\/div>\n\t\t<\/section>\n\t\t\t\t<\/div>\n\t\t","protected":false},"excerpt":{"rendered":"<p>Aviso legal. La titularidad de esta web pertenece a THINK AHEAD ACADEMY, SL, con CIF B-87547238, domicilio en Calle Valportillo II, 14, y tel\u00e9fono 656550040, mail: info@virtuscollege.es, inscrita en el Registro Mercantil, el 23\/05\/2016, hora: 13.45, asiento 10\/67\/192 folio 29, Prot. 2016\/374\/N\/21\/04\/2016. N. Entrada: 1\/2016\u00a0 05. \u00a0 Condiciones de uso Propiedad intelectual e industrial El [&hellip;]<\/p>\n","protected":false},"author":2,"featured_media":1323,"parent":0,"menu_order":0,"comment_status":"closed","ping_status":"closed","template":"","meta":{"_acf_changed":false,"footnotes":""},"class_list":["post-5789","page","type-page","status-publish","has-post-thumbnail","hentry"],"acf":[],"_links":{"self":[{"href":"https:\/\/virtuscollege.com\/es\/wp-json\/wp\/v2\/pages\/5789","targetHints":{"allow":["GET"]}}],"collection":[{"href":"https:\/\/virtuscollege.com\/es\/wp-json\/wp\/v2\/pages"}],"about":[{"href":"https:\/\/virtuscollege.com\/es\/wp-json\/wp\/v2\/types\/page"}],"author":[{"embeddable":true,"href":"https:\/\/virtuscollege.com\/es\/wp-json\/wp\/v2\/users\/2"}],"replies":[{"embeddable":true,"href":"https:\/\/virtuscollege.com\/es\/wp-json\/wp\/v2\/comments?post=5789"}],"version-history":[{"count":35,"href":"https:\/\/virtuscollege.com\/es\/wp-json\/wp\/v2\/pages\/5789\/revisions"}],"predecessor-version":[{"id":9502,"href":"https:\/\/virtuscollege.com\/es\/wp-json\/wp\/v2\/pages\/5789\/revisions\/9502"}],"wp:featuredmedia":[{"embeddable":true,"href":"https:\/\/virtuscollege.com\/es\/wp-json\/wp\/v2\/media\/1323"}],"wp:attachment":[{"href":"https:\/\/virtuscollege.com\/es\/wp-json\/wp\/v2\/media?parent=5789"}],"curies":[{"name":"wp","href":"https:\/\/api.w.org\/{rel}","templated":true}]}}