{"id":5783,"date":"2025-10-09T10:52:45","date_gmt":"2025-10-09T08:52:45","guid":{"rendered":"https:\/\/virtuscollege.com\/?page_id=5783"},"modified":"2025-11-27T12:48:55","modified_gmt":"2025-11-27T11:48:55","slug":"politica-de-privacidad","status":"publish","type":"page","link":"https:\/\/virtuscollege.com\/es\/politica-de-privacidad\/","title":{"rendered":"Pol\u00edtica de privacidad"},"content":{"rendered":"\t\t<div data-elementor-type=\"wp-page\" data-elementor-id=\"5783\" class=\"elementor elementor-5783\" data-elementor-post-type=\"page\">\n\t\t\t\t<div class=\"elementor-element elementor-element-c2f1173 e-con-full e-flex e-con e-parent\" data-id=\"c2f1173\" data-element_type=\"container\" data-e-type=\"container\">\n\t\t\t\t<div class=\"elementor-element elementor-element-c905639 elementor-widget__width-auto elementor-absolute elementor-widget elementor-widget-heading\" data-id=\"c905639\" data-element_type=\"widget\" data-e-type=\"widget\" data-settings=\"{&quot;_position&quot;:&quot;absolute&quot;}\" data-widget_type=\"heading.default\">\n\t\t\t\t<div class=\"elementor-widget-container\">\n\t\t\t\t\t<h2 class=\"elementor-heading-title elementor-size-default\">Pol\u00edtica <span style=\"color: #fff\">de privacidad<\/span>.<\/h2>\t\t\t\t<\/div>\n\t\t\t\t<\/div>\n\t\t\t\t<\/div>\n\t\t<div class=\"elementor-element elementor-element-4dc9627 e-flex e-con-boxed e-con e-parent\" data-id=\"4dc9627\" data-element_type=\"container\" data-e-type=\"container\">\n\t\t\t\t\t<div class=\"e-con-inner\">\n\t\t<div class=\"elementor-element elementor-element-876bb7f e-con-full e-flex e-con e-child\" data-id=\"876bb7f\" data-element_type=\"container\" data-e-type=\"container\">\n\t\t\t\t<div class=\"elementor-element elementor-element-152c57b elementor-widget elementor-widget-text-editor\" data-id=\"152c57b\" data-element_type=\"widget\" data-e-type=\"widget\" data-widget_type=\"text-editor.default\">\n\t\t\t\t<div class=\"elementor-widget-container\">\n\t\t\t\t\t\t\t\t\t<p>La presente pol\u00edtica de privacidad de THINK AHEAD ACADEMY, SL informa del tratamiento que hacemos de los datos personales que faciliten o vayan a facilitar en su navegaci\u00f3n, y de la pol\u00edtica de protecci\u00f3n de datos que se aplicar\u00e1 sobre dichos datos, para que los usuarios determinen libre y voluntariamente si desean facilitarlos, continuando la navegaci\u00f3n.<\/p><p>\u00a0<\/p><p><strong>Titularidad del dominio<\/strong><\/p><p>La entidad titular de\/l lo\/s Dominio\/s:\u00a0<a href=\"https:\/\/virtuscollege.es\/\" target=\"_blank\" rel=\"noopener noreferrer\">www.virtuscollege.es<\/a> (en adelante, LA WEB), es la entidad mercantil THINK AHEAD ACADEMY, SL, con domicilio en Calle Valportillo II, 14 \u2013 \u00a028108, Alcobendas \u00a0Madrid con CIF n\u00ba\u00a0B87547238<\/p><p>\u00a0<\/p><p><strong>Autorizaci\u00f3n para el tratamiento de datos<\/strong><\/p><p>THINK AHEAD ACADEMY, SL le informa que los datos facilitados y el tratamiento de los mismos est\u00e1n documentados en los Registros de Actividades de los que dispone la empresa.<\/p><p>Hemos adoptado todas las medidas t\u00e9cnicas y organizativas necesarias para garantizar la seguridad e integridad de los datos de car\u00e1cter personal que tratamos, as\u00ed como para evitar su p\u00e9rdida, alteraci\u00f3n y\/o acceso por parte de terceros no autorizados. No obstante, debe ser consciente de que las medidas de seguridad en Internet no son inexpugnables.<\/p><p>Todos los datos solicitados a trav\u00e9s del Sitio Web marcados como obligatorios (*) son necesarios para la prestaci\u00f3n de un servicio \u00f3ptimo al usuario. En caso de que no sean facilitados todos los datos, el Prestador no garantiza que la informaci\u00f3n y servicios facilitados sean completamente ajustados a sus necesidades.<\/p><p>Cuando usted acepta la presente Pol\u00edtica de Privacidad, lo hace de forma expresa libre, informada e inequ\u00edvoca a fin de que sus datos personales sean tratados por THINK AHEAD ACADEMY, SL para realizar las siguientes finalidades:<\/p><ol><li>Remisi\u00f3n de comunicaciones comerciales publicitarias por e-mail, SMS, o cualesquier otro medio electr\u00f3nico o f\u00edsico, presente o futuro, que posibilite realizar comunicaci\u00f3n comerciales. Dichas comunicaciones comerciales ser\u00e1n relacionadas sobre productos o servicios que ofrezcamos, ahora o en el futuro, as\u00ed como por parte de nuestros colaboradores. En este caso, los terceros nunca tendr\u00e1n acceso a los datos personales.<\/li><li>Realizar estudios estad\u00edsticos. En este caso se utilizar\u00e1n sistema de aninimizaci\u00f3n de los datos.<\/li><li>Tramitar encargos, solicitudes o cualquier tipo de petici\u00f3n que sea realizada por el usuario a trav\u00e9s de cualquiera de las formas de contacto que se ponen a disposici\u00f3n del usuario en el sitio web).<\/li><\/ol><p>\u00a0<\/p><p><strong>Conservaci\u00f3n de los datos<\/strong><\/p><p>Sus datos personales ser\u00e1n bloqueados cuando hayan dejado de ser necesarios para la finalidad para la que fueron recabados, quedando a disposici\u00f3n exclusiva de Jueces y Tribunales, el Ministerio Fiscal y las Administraciones competentes, en particular la de protecci\u00f3n de datos, para la atenci\u00f3n de las posibles responsabilidades nacidas del tratamiento, durante el plazo de prescripci\u00f3n de estas. Cumplido el indicado plazo se pasar\u00e1 a su destrucci\u00f3n.<\/p><p>\u00a0<\/p><p><strong>No cesi\u00f3n de datos<\/strong><\/p><p>THINK AHEAD ACADEMY, SL informa y garantiza expresamente a los usuarios que sus datos personales no ser\u00e1n cedidos en ning\u00fan caso a terceros. Cualquier excepci\u00f3n a esta norma, requerir\u00e1 su previo consentimiento expreso informado, e inequ\u00edvoco.<\/p><p>\u00a0<\/p><p><strong>Derechos que ostenta en materia de protecci\u00f3n de datos<\/strong><\/p><p>La vigente legislaci\u00f3n en materia de protecci\u00f3n de datos le otorga los siguientes derechos:<\/p><ol><li>Modificaci\u00f3n de su informaci\u00f3n: Tiene derecho a la rectificaci\u00f3n de su informaci\u00f3n personal incorrecta o incompleta.<\/li><li>Acceso a los datos y portabilidad: Tiene acceso en todo momento a la informaci\u00f3n que nos ha facilitado. Puede solicitar copia de esta informaci\u00f3n de uso com\u00fan, y solicitarnos que remitamos dicha informaci\u00f3n a otro proveedor de servicios (en la medida en que resulte t\u00e9cnicamente posible).<\/li><li>Revocaci\u00f3n del consentimiento. Usted puede revocar su consentimiento en cualquier momento, envi\u00e1ndonos una comunicaci\u00f3n en este sentido. Esta revocaci\u00f3n no afecta a la validez del tratamiento de sus datos realizado con anterioridad a la misma.<\/li><li>Restricci\u00f3n del tratamiento de los datos. Usted tiene l derecho a limitar el modo en que hacemos uso de su informaci\u00f3n personal, particularmente en aquellos casos en que: i) usted impugne la veracidad de su informaci\u00f3n personal; ii) el tratamiento de los datos sea il\u00edcito y usted se oponga a la eliminaci\u00f3n de su informaci\u00f3n personal; iii) ya no necesitemos su informaci\u00f3n personal para su tratamiento pero usted solicite la informaci\u00f3n para la incoaci\u00f3n, el ejercicio o la defensa de acciones legales, o iv) usted se haya opuesto al tratamiento.<\/li><li>Oposici\u00f3n al tratamiento de los datos. Usted tiene derecho a que sus datos no sean tratados par fines concretos. En ese caso, dejaremos de tratar sus datos personales para dichos fines salvo que podamos demostrar que existen causas justificadas y convincentes para realizar dicho tratamiento o salvo que dicho tratamiento sea necesario para la incoaci\u00f3n, el ejercicio o la defensa de acciones legales.<\/li><li>Ejercicio de estos derechos: Para el ejercicio de estos derechos, deber\u00e1 remitir una solicitud expresa, junto a una copia de su DNI o documento acreditativo equivalente, a trav\u00e9s de los medios abajo consignados. Si ante la solicitud realizada en ejercicio de sus derechos, no recibiera respuesta en tiempo y forma por nuestra parte, o no encontrar\u00e1 esta satisfactoria, le informamos que la autoridad de control competente es la Agencia Espa\u00f1ola de Protecci\u00f3n de Datos.<\/li><\/ol><ul><li>CORREO ELECTRONICO dirigido a la direcci\u00f3n\u00a0<strong>info@virtuscollege.es<\/strong>\u00a0con asunto\u00a0\u201cProtecci\u00f3n de Datos\u201d. Este env\u00edo deber\u00e1 realizarse desde la direcci\u00f3n de correo electr\u00f3nico que incluy\u00f3 en el\/los formulario\/s. En caso contrario, sus datos no le ser\u00e1n mostrados, por no considerar suficientemente probada su identidad.<\/li><li>CORREO POSTAL: Dirigido a la direcci\u00f3n\u00a0<strong>Calle Valportillo II, 14 \u00a0\u2022 \u00a028108, Alcobendas \u00a0Madrid<\/strong><\/li><li>TELEFONO DE ATENCI\u00d3N AL CLIENTE :\u00a0<strong>+34 91 014 99 65<\/strong>\u00a0donde se le indicara los procedimientos definidos a tal efecto.<\/li><\/ul><p>\u00a0<\/p><p><strong>Redes Sociales<\/strong><\/p><p>THINK AHEAD ACADEMY, SL cuenta con perfil en algunas de las principales redes sociales de Internet (Facebook, Twitter, Instagram, Youtube) El tratamiento que llevaremos a cabo con los datos de los Seguidores ser\u00e1, como m\u00e1ximo, el que la red social permita a los perfiles corporativos. As\u00ed pues, THINK AHEAD ACADEMY, SL podr\u00e1 informar a sus seguidores, por cualquier v\u00eda que la red social permita, sobre sus actividades y ofertas. En ning\u00fan caso THINK AHEAD ACADEMY, SL extraer\u00e1 datos de las redes sociales, si previamente no ha sido autorizado por el USUARIO.<\/p><p>\u00a0<\/p><p><strong>Informaci\u00f3n sobre datos de tr\u00e1fico. Direciones IP<\/strong><\/p><p>Los datos de tr\u00e1fico como nombre del proveedor de acceso, direcci\u00f3n IP, fecha y hora de acceso, enlaces desde los que accede y cualquiera otra informaci\u00f3n de naturaleza parecida o an\u00e1loga que pueda proporcionar en su navegaci\u00f3n por el Sitio web, en caso de recogerse, ser\u00e1n tratados de forma an\u00f3nima y con la \u00fanica finalidad de realizar estad\u00edsticas de visitas de nuestro Sitio web.<\/p><p>Un m\u00e9todo de recoger informaci\u00f3n complementaria de sus visitas a nuestro sitio web, es registrando la direcci\u00f3n o protocolo IP de su equipo. Este protocolo IP es un n\u00famero que autom\u00e1ticamente es asignado a su sistema cada vez que usted navega. Cualquier p\u00e1gina web a la que usted accede detecta inmediatamente la presencia de su terminal por su direcci\u00f3n IP. Cuando usted accede a nuestra p\u00e1gina, su direcci\u00f3n IP queda autom\u00e1ticamente almacenada. Esta recogida tiene como \u00fanica funci\u00f3n, la elaboraci\u00f3n de una estad\u00edstica de visitas a nuestra web que permita conocer el funcionamiento de nuestro servicio y nos permita mejorarlo d\u00eda a d\u00eda, el punto de acceso, etc.<\/p><p>\u00a0<\/p><p><strong>Duraci\u00f3n y modificaci\u00f3n<\/strong><\/p><p>THINK AHEAD ACADEMY, SL se reserva el derecho a modificar, total o parcialmente, la presente Pol\u00edtica de Privacidad, publicando los cambios en el Sitio Web. Asimismo podr\u00e1 efectuar sin previo aviso las modificaciones que considere oportunas en el sitio Web, pudiendo cambiar, suprimir o a\u00f1adir tanto los contenidos y servicios que presta, como la forma en la que \u00e9stos aparezcan presentados o localizados. En consecuencia, se entender\u00e1n como vigentes, las condiciones generales\/Pol\u00edticas que est\u00e9n publicadas en el momento en el que el Usuario acceda al Sitio Web por lo que el Usuario deber\u00e1 leerlas peri\u00f3dicamente.<\/p><p>Con independencia de lo dispuesto, THINK AHEAD ACADEMY, SL podr\u00e1 dar por terminado, suspender o interrumpir, en cualquier momento sin necesidad de preaviso, el acceso a los contenidos de la p\u00e1gina, sin posibilidad por parte del Usuario de exigir indemnizaci\u00f3n alguna.<\/p><p>\u00a0<\/p><p>\u00a9 2026 THINK AHEAD ACADEMY, SL. Todos los derechos reservados.<\/p>\t\t\t\t\t\t\t\t<\/div>\n\t\t\t\t<\/div>\n\t\t\t\t<\/div>\n\t\t\t\t\t<\/div>\n\t\t\t\t<\/div>\n\t\t\t\t<\/div>\n\t\t","protected":false},"excerpt":{"rendered":"<p>Pol\u00edtica de privacidad. La presente pol\u00edtica de privacidad de THINK AHEAD ACADEMY, SL informa del tratamiento que hacemos de los datos personales que faciliten o vayan a facilitar en su navegaci\u00f3n, y de la pol\u00edtica de protecci\u00f3n de datos que se aplicar\u00e1 sobre dichos datos, para que los usuarios determinen libre y voluntariamente si desean [&hellip;]<\/p>\n","protected":false},"author":2,"featured_media":1323,"parent":0,"menu_order":0,"comment_status":"closed","ping_status":"closed","template":"","meta":{"_acf_changed":false,"footnotes":""},"class_list":["post-5783","page","type-page","status-publish","has-post-thumbnail","hentry"],"acf":[],"_links":{"self":[{"href":"https:\/\/virtuscollege.com\/es\/wp-json\/wp\/v2\/pages\/5783","targetHints":{"allow":["GET"]}}],"collection":[{"href":"https:\/\/virtuscollege.com\/es\/wp-json\/wp\/v2\/pages"}],"about":[{"href":"https:\/\/virtuscollege.com\/es\/wp-json\/wp\/v2\/types\/page"}],"author":[{"embeddable":true,"href":"https:\/\/virtuscollege.com\/es\/wp-json\/wp\/v2\/users\/2"}],"replies":[{"embeddable":true,"href":"https:\/\/virtuscollege.com\/es\/wp-json\/wp\/v2\/comments?post=5783"}],"version-history":[{"count":26,"href":"https:\/\/virtuscollege.com\/es\/wp-json\/wp\/v2\/pages\/5783\/revisions"}],"predecessor-version":[{"id":9511,"href":"https:\/\/virtuscollege.com\/es\/wp-json\/wp\/v2\/pages\/5783\/revisions\/9511"}],"wp:featuredmedia":[{"embeddable":true,"href":"https:\/\/virtuscollege.com\/es\/wp-json\/wp\/v2\/media\/1323"}],"wp:attachment":[{"href":"https:\/\/virtuscollege.com\/es\/wp-json\/wp\/v2\/media?parent=5783"}],"curies":[{"name":"wp","href":"https:\/\/api.w.org\/{rel}","templated":true}]}}