{"id":50,"date":"2025-04-02T13:06:15","date_gmt":"2025-04-02T11:06:15","guid":{"rendered":"https:\/\/virtuscollege.com\/?page_id=50"},"modified":"2025-11-27T16:40:55","modified_gmt":"2025-11-27T15:40:55","slug":"metodos-de-ensenanza-innovadores","status":"publish","type":"page","link":"https:\/\/virtuscollege.com\/es\/bachillerato-britanico\/metodos-de-ensenanza-innovadores\/","title":{"rendered":"Metodolog\u00eda"},"content":{"rendered":"\t\t<div data-elementor-type=\"wp-page\" data-elementor-id=\"50\" class=\"elementor elementor-50\" data-elementor-post-type=\"page\">\n\t\t\t\t<div class=\"elementor-element elementor-element-fefbfae e-con-full e-flex e-con e-parent\" data-id=\"fefbfae\" data-element_type=\"container\" data-e-type=\"container\">\n\t\t\t\t<div class=\"elementor-element elementor-element-d772707 elementor-widget__width-auto elementor-absolute elementor-widget elementor-widget-heading\" data-id=\"d772707\" data-element_type=\"widget\" data-e-type=\"widget\" data-settings=\"{&quot;_position&quot;:&quot;absolute&quot;}\" data-widget_type=\"heading.default\">\n\t\t\t\t<div class=\"elementor-widget-container\">\n\t\t\t\t\t<h2 class=\"elementor-heading-title elementor-size-default\">Metodolog\u00eda<span style=\"color: #fff\">.<\/span><\/h2>\t\t\t\t<\/div>\n\t\t\t\t<\/div>\n\t\t\t\t<div class=\"elementor-element elementor-element-757408b elementor-widget elementor-widget-text-editor\" data-id=\"757408b\" data-element_type=\"widget\" data-e-type=\"widget\" data-widget_type=\"text-editor.default\">\n\t\t\t\t<div class=\"elementor-widget-container\">\n\t\t\t\t\t\t\t\t\t<p>En Virtus College, unimos aprendizaje activo, tecnolog\u00eda de vanguardia y acompa\u00f1amiento personalizado para ofrecer una ense\u00f1anza verdaderamente inspiradora. Nuestro enfoque equilibrado fomenta la curiosidad, la creatividad y el amor por aprender durante toda la vida.<\/p>\t\t\t\t\t\t\t\t<\/div>\n\t\t\t\t<\/div>\n\t\t\t\t<\/div>\n\t\t<div class=\"elementor-element elementor-element-228a8d29 e-flex e-con-boxed e-con e-parent\" data-id=\"228a8d29\" data-element_type=\"container\" data-e-type=\"container\">\n\t\t\t\t\t<div class=\"e-con-inner\">\n\t\t<div class=\"elementor-element elementor-element-497802f6 e-con-full e-grid e-con e-child\" data-id=\"497802f6\" data-element_type=\"container\" data-e-type=\"container\">\n\t\t<div class=\"elementor-element elementor-element-7a261c9c e-con-full e-flex e-con e-child\" data-id=\"7a261c9c\" data-element_type=\"container\" data-e-type=\"container\">\n\t\t\t\t<div class=\"elementor-element elementor-element-65d31550 elementor-widget elementor-widget-heading\" data-id=\"65d31550\" data-element_type=\"widget\" data-e-type=\"widget\" data-widget_type=\"heading.default\">\n\t\t\t\t<div class=\"elementor-widget-container\">\n\t\t\t\t\t<h4 class=\"elementor-heading-title elementor-size-default\">Ense\u00f1anza que inspira,<span style=\"color: #BF9A58\"> motiva y empodera<\/span>.<\/h4>\t\t\t\t<\/div>\n\t\t\t\t<\/div>\n\t\t\t\t<\/div>\n\t\t<div class=\"elementor-element elementor-element-50141c1d e-con-full e-flex e-con e-child\" data-id=\"50141c1d\" data-element_type=\"container\" data-e-type=\"container\" data-settings=\"{&quot;background_background&quot;:&quot;classic&quot;}\">\n\t\t\t\t<div class=\"elementor-element elementor-element-7b3079df elementor-widget elementor-widget-spacer\" data-id=\"7b3079df\" data-element_type=\"widget\" data-e-type=\"widget\" data-widget_type=\"spacer.default\">\n\t\t\t\t<div class=\"elementor-widget-container\">\n\t\t\t\t\t\t\t<div class=\"elementor-spacer\">\n\t\t\t<div class=\"elementor-spacer-inner\"><\/div>\n\t\t<\/div>\n\t\t\t\t\t\t<\/div>\n\t\t\t\t<\/div>\n\t\t\t\t<\/div>\n\t\t\t\t<\/div>\n\t\t<div class=\"elementor-element elementor-element-58d5ee62 e-con-full e-flex e-con e-child\" data-id=\"58d5ee62\" data-element_type=\"container\" data-e-type=\"container\">\n\t\t\t\t<div class=\"elementor-element elementor-element-3b0d26ff elementor-widget elementor-widget-text-editor\" data-id=\"3b0d26ff\" data-element_type=\"widget\" data-e-type=\"widget\" data-widget_type=\"text-editor.default\">\n\t\t\t\t<div class=\"elementor-widget-container\">\n\t\t\t\t\t\t\t\t\t<p><span style=\"font-weight: 400;\">En Virtus College, la <\/span><b>excelencia docente<\/b><span style=\"font-weight: 400;\"> est\u00e1 en el coraz\u00f3n de todo lo que hacemos.<\/span><\/p><p><span style=\"font-weight: 400;\">Basado en el <\/span><b>aprendizaje activo<\/b><span style=\"font-weight: 400;\">, nuestro m\u00e9todo profundiza la comprensi\u00f3n, mejora la retenci\u00f3n y anima a los alumnos a pensar de forma cr\u00edtica, comunicarse con seguridad y colaborar eficazmente. Cada clase est\u00e1 dise\u00f1ada para despertar la curiosidad y la creatividad, al tiempo que empodera a los estudiantes para asumir un papel protagonista en su propio camino acad\u00e9mico.<\/span><\/p><p><span style=\"font-weight: 400;\">Cada alumno recibe un <\/span><b>apoyo acad\u00e9mico personalizado<\/b><span style=\"font-weight: 400;\"> adaptado a sus objetivos. Nuestra metodolog\u00eda est\u00e1 guiada por un riguroso an\u00e1lisis de datos y evaluamos de forma continua el impacto de nuestras estrategias para garantizar que cada estudiante alcance su m\u00e1ximo potencial. Esta combinaci\u00f3n de cuidado, precisi\u00f3n e innovaci\u00f3n crea un entorno de aprendizaje vibrante y con altas aspiraciones intelectuales.<\/span><\/p>\t\t\t\t\t\t\t\t<\/div>\n\t\t\t\t<\/div>\n\t\t\t\t<\/div>\n\t\t\t\t<div class=\"elementor-element elementor-element-43253a2 elementor-widget__width-initial elementor-absolute animated-fast elementor-hidden-tablet elementor-hidden-mobile elementor-invisible elementor-widget elementor-widget-spacer\" data-id=\"43253a2\" data-element_type=\"widget\" data-e-type=\"widget\" data-settings=\"{&quot;_position&quot;:&quot;absolute&quot;,&quot;_animation&quot;:&quot;slideInRight&quot;}\" data-widget_type=\"spacer.default\">\n\t\t\t\t<div class=\"elementor-widget-container\">\n\t\t\t\t\t\t\t<div class=\"elementor-spacer\">\n\t\t\t<div class=\"elementor-spacer-inner\"><\/div>\n\t\t<\/div>\n\t\t\t\t\t\t<\/div>\n\t\t\t\t<\/div>\n\t\t\t\t\t<\/div>\n\t\t\t\t<\/div>\n\t\t<footer class=\"elementor-element elementor-element-7b10390e e-con-full e-flex e-con e-parent\" data-id=\"7b10390e\" data-element_type=\"container\" data-e-type=\"container\">\n\t\t<div class=\"elementor-element elementor-element-358a25aa e-con-full e-flex e-con e-child\" data-id=\"358a25aa\" data-element_type=\"container\" data-e-type=\"container\" data-settings=\"{&quot;background_background&quot;:&quot;classic&quot;}\">\n\t\t\t\t<div class=\"elementor-element elementor-element-556afb95 elementor-widget__width-initial elementor-absolute animated-fast elementor-hidden-tablet elementor-hidden-mobile elementor-invisible elementor-widget elementor-widget-spacer\" data-id=\"556afb95\" data-element_type=\"widget\" data-e-type=\"widget\" data-settings=\"{&quot;_position&quot;:&quot;absolute&quot;,&quot;_animation&quot;:&quot;slideInLeft&quot;}\" data-widget_type=\"spacer.default\">\n\t\t\t\t<div class=\"elementor-widget-container\">\n\t\t\t\t\t\t\t<div class=\"elementor-spacer\">\n\t\t\t<div class=\"elementor-spacer-inner\"><\/div>\n\t\t<\/div>\n\t\t\t\t\t\t<\/div>\n\t\t\t\t<\/div>\n\t\t\t\t<\/div>\n\t\t<div class=\"elementor-element elementor-element-7be7a9aa e-con-full e-flex e-con e-child\" data-id=\"7be7a9aa\" data-element_type=\"container\" data-e-type=\"container\" data-settings=\"{&quot;background_background&quot;:&quot;classic&quot;}\">\n\t\t\t\t<div class=\"elementor-element elementor-element-bd5d6d2 elementor-widget__width-initial elementor-widget elementor-widget-heading\" data-id=\"bd5d6d2\" data-element_type=\"widget\" data-e-type=\"widget\" data-widget_type=\"heading.default\">\n\t\t\t\t<div class=\"elementor-widget-container\">\n\t\t\t\t\t<h4 class=\"elementor-heading-title elementor-size-default\">\"Una visi\u00f3n integral de la educaci\u00f3n. Realmente diferente. Una gran experiencia para mis dos hijos. Muy agradecido.\"<\/h4>\t\t\t\t<\/div>\n\t\t\t\t<\/div>\n\t\t\t\t<div class=\"elementor-element elementor-element-a05024a elementor-widget__width-initial elementor-widget elementor-widget-heading\" data-id=\"a05024a\" data-element_type=\"widget\" data-e-type=\"widget\" data-widget_type=\"heading.default\">\n\t\t\t\t<div class=\"elementor-widget-container\">\n\t\t\t\t\t<h2 class=\"elementor-heading-title elementor-size-default\">I\u00f1aki Aguirre \u2013 padre de I\u00f1igo (University of Bath) y Mateo (University of Bath)<\/h2>\t\t\t\t<\/div>\n\t\t\t\t<\/div>\n\t\t\t\t<\/div>\n\t\t\t\t<\/footer>\n\t\t<div class=\"elementor-element elementor-element-1d42df65 e-flex e-con-boxed e-con e-parent\" data-id=\"1d42df65\" data-element_type=\"container\" data-e-type=\"container\">\n\t\t\t\t\t<div class=\"e-con-inner\">\n\t\t<div class=\"elementor-element elementor-element-352c4c30 e-con-full e-flex e-con e-child\" data-id=\"352c4c30\" data-element_type=\"container\" data-e-type=\"container\">\n\t\t\t\t<div class=\"elementor-element elementor-element-65a87901 elementor-widget elementor-widget-heading\" data-id=\"65a87901\" data-element_type=\"widget\" data-e-type=\"widget\" data-widget_type=\"heading.default\">\n\t\t\t\t<div class=\"elementor-widget-container\">\n\t\t\t\t\t<h4 class=\"elementor-heading-title elementor-size-default\">Un uso equilibrado<span style=\"color: #BF9A58\"> de la tecnolog\u00eda<\/span>.<\/h4>\t\t\t\t<\/div>\n\t\t\t\t<\/div>\n\t\t\t\t<div class=\"elementor-element elementor-element-3e37e73b elementor-widget elementor-widget-text-editor\" data-id=\"3e37e73b\" data-element_type=\"widget\" data-e-type=\"widget\" data-widget_type=\"text-editor.default\">\n\t\t\t\t<div class=\"elementor-widget-container\">\n\t\t\t\t\t\t\t\t\t<p><span style=\"font-weight: 400;\">Creemos en el poder de la tecnolog\u00eda para transformar la educaci\u00f3n. En Virtus College, tanto alumnos como profesores utilizan a diario las <\/span><b>herramientas digitales m\u00e1s avanzadas<\/b><span style=\"font-weight: 400;\">. Cada estudiante recibe un iPad de \u00faltima generaci\u00f3n con accesorios \u2014un \u00fanico dispositivo que funciona como ordenador, cuaderno, libro de texto, c\u00e1mara y mucho m\u00e1s. Esta integraci\u00f3n fluida potencia el aprendizaje, estimula la creatividad y dota a los alumnos de las <\/span><b>competencias digitales <\/b><span style=\"font-weight: 400;\">esenciales para la vida en el mundo actual.<\/span><\/p><p><span style=\"font-weight: 400;\">Pero la innovaci\u00f3n no significa abandonar la tradici\u00f3n. Reconocemos la <\/span><b>importancia de los libros de texto<\/b><span style=\"font-weight: 400;\">, la <\/span><b>escritura<\/b> <b>a mano<\/b><span style=\"font-weight: 400;\"> y <\/span><b>las evaluaciones en formato papel<\/b><span style=\"font-weight: 400;\"> para desarrollar s\u00f3lidas capacidades de lectura, redacci\u00f3n y an\u00e1lisis. Nuestro modelo h\u00edbrido <\/span><b>combina lo mejor de las herramientas digitales y tradicionales<\/b><span style=\"font-weight: 400;\">, creando una experiencia educativa equilibrada y completa. Aprovechando las fortalezas de ambos enfoques, aseguramos que los estudiantes est\u00e9n preparados no solo para superar ex\u00e1menes, sino para aprender y crecer durante toda su vida.<\/span><\/p>\t\t\t\t\t\t\t\t<\/div>\n\t\t\t\t<\/div>\n\t\t\t\t<\/div>\n\t\t\t\t\t<\/div>\n\t\t\t\t<\/div>\n\t\t\t\t<\/div>\n\t\t","protected":false},"excerpt":{"rendered":"<p>Metodolog\u00eda. En Virtus College, unimos aprendizaje activo, tecnolog\u00eda de vanguardia y acompa\u00f1amiento personalizado para ofrecer una ense\u00f1anza verdaderamente inspiradora. Nuestro enfoque equilibrado fomenta la curiosidad, la creatividad y el amor por aprender durante toda la vida. Ense\u00f1anza que inspira, motiva y empodera. En Virtus College, la excelencia docente est\u00e1 en el coraz\u00f3n de todo lo [&hellip;]<\/p>\n","protected":false},"author":2,"featured_media":1510,"parent":46,"menu_order":0,"comment_status":"closed","ping_status":"closed","template":"","meta":{"_acf_changed":false,"footnotes":""},"class_list":["post-50","page","type-page","status-publish","has-post-thumbnail","hentry"],"acf":[],"_links":{"self":[{"href":"https:\/\/virtuscollege.com\/es\/wp-json\/wp\/v2\/pages\/50","targetHints":{"allow":["GET"]}}],"collection":[{"href":"https:\/\/virtuscollege.com\/es\/wp-json\/wp\/v2\/pages"}],"about":[{"href":"https:\/\/virtuscollege.com\/es\/wp-json\/wp\/v2\/types\/page"}],"author":[{"embeddable":true,"href":"https:\/\/virtuscollege.com\/es\/wp-json\/wp\/v2\/users\/2"}],"replies":[{"embeddable":true,"href":"https:\/\/virtuscollege.com\/es\/wp-json\/wp\/v2\/comments?post=50"}],"version-history":[{"count":47,"href":"https:\/\/virtuscollege.com\/es\/wp-json\/wp\/v2\/pages\/50\/revisions"}],"predecessor-version":[{"id":9674,"href":"https:\/\/virtuscollege.com\/es\/wp-json\/wp\/v2\/pages\/50\/revisions\/9674"}],"up":[{"embeddable":true,"href":"https:\/\/virtuscollege.com\/es\/wp-json\/wp\/v2\/pages\/46"}],"wp:featuredmedia":[{"embeddable":true,"href":"https:\/\/virtuscollege.com\/es\/wp-json\/wp\/v2\/media\/1510"}],"wp:attachment":[{"href":"https:\/\/virtuscollege.com\/es\/wp-json\/wp\/v2\/media?parent=50"}],"curies":[{"name":"wp","href":"https:\/\/api.w.org\/{rel}","templated":true}]}}