{"id":4264,"date":"2025-07-15T23:44:11","date_gmt":"2025-07-15T21:44:11","guid":{"rendered":"https:\/\/virtuscollege.com\/?page_id=4264"},"modified":"2025-11-18T15:51:53","modified_gmt":"2025-11-18T14:51:53","slug":"programa-de-enriquecimiento-en-medicina","status":"publish","type":"page","link":"https:\/\/virtuscollege.com\/es\/programa-de-enriquecimiento-academico\/programa-de-enriquecimiento-en-medicina\/","title":{"rendered":"Medicina"},"content":{"rendered":"\t\t<div data-elementor-type=\"wp-page\" data-elementor-id=\"4264\" class=\"elementor elementor-4264\" data-elementor-post-type=\"page\">\n\t\t\t\t<div class=\"elementor-element elementor-element-3e63d8b e-con-full e-flex e-con e-parent\" data-id=\"3e63d8b\" data-element_type=\"container\" data-e-type=\"container\">\n\t\t\t\t<div class=\"elementor-element elementor-element-6b28d81 elementor-widget__width-auto elementor-absolute elementor-widget elementor-widget-heading\" data-id=\"6b28d81\" data-element_type=\"widget\" data-e-type=\"widget\" data-settings=\"{&quot;_position&quot;:&quot;absolute&quot;}\" data-widget_type=\"heading.default\">\n\t\t\t\t<div class=\"elementor-widget-container\">\n\t\t\t\t\t<h2 class=\"elementor-heading-title elementor-size-default\"><span style=\"color: #fff\">Medicina<\/span>.<\/h2>\t\t\t\t<\/div>\n\t\t\t\t<\/div>\n\t\t\t\t<div class=\"elementor-element elementor-element-5411260 elementor-widget elementor-widget-text-editor\" data-id=\"5411260\" data-element_type=\"widget\" data-e-type=\"widget\" data-widget_type=\"text-editor.default\">\n\t\t\t\t<div class=\"elementor-widget-container\">\n\t\t\t\t\t\t\t\t\t<p>Un itinerario acad\u00e9mico riguroso dise\u00f1ado para futuros profesionales de la salud. Los estudiantes exploran las ciencias m\u00e9dicas a trav\u00e9s de investigaci\u00f3n independiente, construyendo una base s\u00f3lida para futuros estudios en medicina y campos relacionados.<\/p>\t\t\t\t\t\t\t\t<\/div>\n\t\t\t\t<\/div>\n\t\t\t\t<\/div>\n\t\t<div class=\"elementor-element elementor-element-0bac5e5 e-con-full e-flex e-con e-parent\" data-id=\"0bac5e5\" data-element_type=\"container\" data-e-type=\"container\">\n\t\t<div class=\"elementor-element elementor-element-b6acae3 e-con-full e-grid e-con e-child\" data-id=\"b6acae3\" data-element_type=\"container\" data-e-type=\"container\">\n\t\t<div class=\"elementor-element elementor-element-c634e6f e-con-full e-flex e-con e-child\" data-id=\"c634e6f\" data-element_type=\"container\" data-e-type=\"container\">\n\t\t\t\t<div class=\"elementor-element elementor-element-f7db6d0 elementor-widget elementor-widget-heading\" data-id=\"f7db6d0\" data-element_type=\"widget\" data-e-type=\"widget\" data-widget_type=\"heading.default\">\n\t\t\t\t<div class=\"elementor-widget-container\">\n\t\t\t\t\t<h4 class=\"elementor-heading-title elementor-size-default\">Despertando las<span style=\"color: #BF9A58\">  mentes m\u00e9dicas del ma\u00f1ana<\/span>.<\/h4>\t\t\t\t<\/div>\n\t\t\t\t<\/div>\n\t\t\t\t<div class=\"elementor-element elementor-element-e1d867a elementor-widget elementor-widget-text-editor\" data-id=\"e1d867a\" data-element_type=\"widget\" data-e-type=\"widget\" data-widget_type=\"text-editor.default\">\n\t\t\t\t<div class=\"elementor-widget-container\">\n\t\t\t\t\t\t\t\t\t<p><b>Los futuros m\u00e9dicos y cient\u00edficos<\/b><span style=\"font-weight: 400;\"> tienen la oportunidad de desarrollar competencias de investigaci\u00f3n a nivel universitario mediante este itinerario exigente e inspirador.<\/span><span style=\"font-weight: 400;\"><br \/><\/span><span style=\"font-weight: 400;\">Los estudiantes investigan una amplia gama de enfermedades y condiciones m\u00e9dicas, realizan investigaciones independientes y presentan sus conclusiones en formato oral y escrito.<\/span><\/p><p><span style=\"font-weight: 400;\">Proyectos anteriores han abordado temas como <\/span><b>trastornos gen\u00e9ticos<\/b><span style=\"font-weight: 400;\">, enfermedades cardiovasculares y retos de salud p\u00fablica, con informes finales publicados en el <\/span><i><span style=\"font-weight: 400;\">Virtus Herald<\/span><\/i><span style=\"font-weight: 400;\">. Este curso fortalece la <\/span><b>alfabetizaci\u00f3n cient\u00edfica<\/b><span style=\"font-weight: 400;\">, el pensamiento cr\u00edtico y la confianza, competencias esenciales para quienes aspiran a carreras en <\/span><b>medicina<\/b><span style=\"font-weight: 400;\">, <\/span><b>investigaci\u00f3n<\/b><span style=\"font-weight: 400;\"> o <\/span><b>ciencias de la vida.<\/b><\/p>\t\t\t\t\t\t\t\t<\/div>\n\t\t\t\t<\/div>\n\t\t\t\t<\/div>\n\t\t<div class=\"elementor-element elementor-element-d5cb018 e-con-full e-flex e-con e-child\" data-id=\"d5cb018\" data-element_type=\"container\" data-e-type=\"container\" data-settings=\"{&quot;background_background&quot;:&quot;classic&quot;}\">\n\t\t\t\t<div class=\"elementor-element elementor-element-068fee6 elementor-widget elementor-widget-spacer\" data-id=\"068fee6\" data-element_type=\"widget\" data-e-type=\"widget\" data-widget_type=\"spacer.default\">\n\t\t\t\t<div class=\"elementor-widget-container\">\n\t\t\t\t\t\t\t<div class=\"elementor-spacer\">\n\t\t\t<div class=\"elementor-spacer-inner\"><\/div>\n\t\t<\/div>\n\t\t\t\t\t\t<\/div>\n\t\t\t\t<\/div>\n\t\t\t\t<\/div>\n\t\t\t\t<\/div>\n\t\t\t\t<div class=\"elementor-element elementor-element-0bceb9b elementor-widget__width-initial elementor-absolute animated-fast elementor-hidden-tablet elementor-hidden-mobile elementor-invisible elementor-widget elementor-widget-spacer\" data-id=\"0bceb9b\" data-element_type=\"widget\" data-e-type=\"widget\" data-settings=\"{&quot;_position&quot;:&quot;absolute&quot;,&quot;_animation&quot;:&quot;slideInRight&quot;}\" data-widget_type=\"spacer.default\">\n\t\t\t\t<div class=\"elementor-widget-container\">\n\t\t\t\t\t\t\t<div class=\"elementor-spacer\">\n\t\t\t<div class=\"elementor-spacer-inner\"><\/div>\n\t\t<\/div>\n\t\t\t\t\t\t<\/div>\n\t\t\t\t<\/div>\n\t\t\t\t<\/div>\n\t\t<div class=\"elementor-element elementor-element-02547ee e-con-full e-flex e-con e-parent\" data-id=\"02547ee\" data-element_type=\"container\" data-e-type=\"container\">\n\t\t<div class=\"elementor-element elementor-element-e58b8b3 e-con-full e-flex e-con e-child\" data-id=\"e58b8b3\" data-element_type=\"container\" data-e-type=\"container\">\n\t\t\t\t<div class=\"elementor-element elementor-element-c3d94e4 elementor-widget elementor-widget-heading\" data-id=\"c3d94e4\" data-element_type=\"widget\" data-e-type=\"widget\" data-widget_type=\"heading.default\">\n\t\t\t\t<div class=\"elementor-widget-container\">\n\t\t\t\t\t<h4 class=\"elementor-heading-title elementor-size-default\">Cursos de medicina<span style=\"color: #BF9A58\"> y ciencias<\/span>.<\/h4>\t\t\t\t<\/div>\n\t\t\t\t<\/div>\n\t\t\t\t<div class=\"elementor-element elementor-element-3f61ba3 elementor-widget elementor-widget-spacer\" data-id=\"3f61ba3\" data-element_type=\"widget\" data-e-type=\"widget\" data-widget_type=\"spacer.default\">\n\t\t\t\t<div class=\"elementor-widget-container\">\n\t\t\t\t\t\t\t<div class=\"elementor-spacer\">\n\t\t\t<div class=\"elementor-spacer-inner\"><\/div>\n\t\t<\/div>\n\t\t\t\t\t\t<\/div>\n\t\t\t\t<\/div>\n\t\t<div class=\"elementor-element elementor-element-7da2d30 e-con-full e-flex e-con e-child\" data-id=\"7da2d30\" data-element_type=\"container\" data-e-type=\"container\">\n\t\t<div class=\"elementor-element elementor-element-3880b4f e-con-full e-flex e-con e-child\" data-id=\"3880b4f\" data-element_type=\"container\" data-e-type=\"container\" data-settings=\"{&quot;background_background&quot;:&quot;classic&quot;}\">\n\t\t<div class=\"elementor-element elementor-element-b61a66b e-con-full e-flex e-con e-child\" data-id=\"b61a66b\" data-element_type=\"container\" data-e-type=\"container\">\n\t\t\t\t<div class=\"elementor-element elementor-element-5418db2 elementor-widget elementor-widget-heading\" data-id=\"5418db2\" data-element_type=\"widget\" data-e-type=\"widget\" data-widget_type=\"heading.default\">\n\t\t\t\t<div class=\"elementor-widget-container\">\n\t\t\t\t\t<h2 class=\"elementor-heading-title elementor-size-default\">Investigaci\u00f3n Biom\u00e9dica<\/h2>\t\t\t\t<\/div>\n\t\t\t\t<\/div>\n\t\t\t\t<div class=\"elementor-element elementor-element-2cc69f9 elementor-widget elementor-widget-heading\" data-id=\"2cc69f9\" data-element_type=\"widget\" data-e-type=\"widget\" data-widget_type=\"heading.default\">\n\t\t\t\t<div class=\"elementor-widget-container\">\n\t\t\t\t\t<h2 class=\"elementor-heading-title elementor-size-default\">Una puerta de acceso al descubrimiento cient\u00edfico a trav\u00e9s de la investigaci\u00f3n m\u00e9dica independiente.<\/h2>\t\t\t\t<\/div>\n\t\t\t\t<\/div>\n\t\t\t\t<div class=\"elementor-element elementor-element-be78778 elementor-widget elementor-widget-ucaddon_content_box_background_switcher\" data-id=\"be78778\" data-element_type=\"widget\" data-e-type=\"widget\" data-widget_type=\"ucaddon_content_box_background_switcher.default\">\n\t\t\t\t<div class=\"elementor-widget-container\">\n\t\t\t\t\t\n<!-- start Background Switcher -->\n<style>\/* widget: Background Switcher *\/\n\n#uc_content_box_background_switcher_elementor_be78778 *{\n\t-webkit-box-sizing: border-box;\n\t-moz-box-sizing: border-box;\n\tbox-sizing: border-box;\n}\n\n#uc_content_box_background_switcher_elementor_be78778 .ue-item-overlay{\n  position:absolute;\n  top:0;\n  left:0;\n  right:0;\n  bottom:0;\n  transition:0.3s;\n}\n\n#uc_content_box_background_switcher_elementor_be78778 .uc_hover_switcher_row{\n\tposition: relative;\n\twidth: 100%;\n\toverflow: hidden;\n\tdisplay: flex;\n    background: #001926;\n    direction:ltr;\n}\n\n#uc_content_box_background_switcher_elementor_be78778 .uc_hover_switcher_col{\n\tposition: relative;\n\tz-index: 2;    \n      \n          border-right-color:#FFFFFF00;\n      border-right-width:2px;\n      border-right-style:solid;\n        \t\n    flex:1;\n    overflow: hidden;\n}\n\n#uc_content_box_background_switcher_elementor_be78778 .uc_hover_switcher_content{\n\tdisplay: flex;\n\theight: 100%;\n\tflex-direction: column;\n\tjustify-content: flex-end;\n\tcolor: #fff;\n    text-align:center;\n    position:relative;\n}\n\n#uc_content_box_background_switcher_elementor_be78778 .uc_hover_switcher_title{\n\ttransition: 300ms;\n}\n\n.uc_hover_switcher_title{\n  font-size: 21px;\n}\n\n#uc_content_box_background_switcher_elementor_be78778 .uc_hover_switcher_link{\n\toverflow: hidden;\n\ttransform-origin: bottom;\n\ttransition: 300ms;\n    max-height: 0px;  \n}\n\n#uc_content_box_background_switcher_elementor_be78778 .uc_hover_switcher_col.uc_hover .uc_hover_switcher_link{\n    max-height: 500px;\n\toverflow: visible;\n    transition: 300ms;\n}\n\n#uc_content_box_background_switcher_elementor_be78778[data-remoteid] .uc_hover_switcher_col.uc_hover .uc_hover_switcher_link,\n#uc_content_box_background_switcher_elementor_be78778[data-sync] .uc_hover_switcher_col.uc_hover .uc_hover_switcher_link{\n \tmax-height: 500px;\n\toverflow: visible;\n}\n\n#uc_content_box_background_switcher_elementor_be78778 .uc_button{\t\n\tdisplay: inline-block;\n\ttext-decoration: none;\n    text-align:center;\n}\n\n#uc_content_box_background_switcher_elementor_be78778 .uc_background_img img {\n    width: 100% !important;\n    height: 100% !important;\n    object-fit: cover;\n}\n\n#uc_content_box_background_switcher_elementor_be78778 .uc_hover_switcher_overlay{\t\n\tposition: absolute;\n\ttop: 0;\n\tleft: 0;\n\theight: 100%;\n\twidth: 100%;\n\tz-index: 0;\n\toverflow: hidden;\n}\n\n#uc_content_box_background_switcher_elementor_be78778 .uc_hover_switcher_overlay{\n\tz-index: 1;\n}\n\n#uc_content_box_background_switcher_elementor_be78778 .uc_background_img{\n\tposition: absolute;  \n\ttop: 0;\n          left: 0;\n        \t\t\n\theight: 100%;\n\twidth: 100%;\n\tz-index: 0;\n\toverflow: hidden;\n\tvisibility: hidden;\n\topacity: 0;\n}\n\n#uc_content_box_background_switcher_elementor_be78778 .uc_hover_switcher_col + .uc_background_img{\n\ttransition-duration: 300ms;\n}\n\n#uc_content_box_background_switcher_elementor_be78778 .uc_hover_switcher_col.uc_hover + .uc_background_img{\n\ttransition-duration: 300ms;\n\topacity: 1;\n\tmargin: 0;\n\tvisibility: visible;\n\ttransform: scale(1.05);\n}\n\n#uc_content_box_background_switcher_elementor_be78778 .uc_hover_switcher_col:last-of-type{  \n        border-right: 0px;\n    \n  \t\n}\n\n@media screen and (max-width: 768px) {  \n  #uc_content_box_background_switcher_elementor_be78778 .uc_hover_switcher_row{\n\tdisplay: flex;\n  }\n}\n\n\n  @media screen and (max-width: 768px) {  \n      #uc_content_box_background_switcher_elementor_be78778.uc_list_image_background_hover_switcher .uc_hover_switcher_col{      \n          flex:1 0 250px\n      }\n\n      #uc_content_box_background_switcher_elementor_be78778.uc_list_image_background_hover_switcher .uc_hover_switcher_row{ \n        overflow-x: auto;\n      }\t\n\n      #uc_content_box_background_switcher_elementor_be78778.uc_list_image_background_hover_switcher .uc_hover_switcher_col + .uc_background_img {\n                  width: calc(250px * 3) !important;\n              }  \n  }\n\n\n@media screen and (max-width: 767px) {\n  \n  \n}\n#uc_content_box_background_switcher_elementor_be78778_item1{\n  object-position:center center;\n}\n\n\n@media screen and (max-width: 767px) {\n  }\n#uc_content_box_background_switcher_elementor_be78778_item2{\n  object-position:center center;\n}\n\n\n@media screen and (max-width: 767px) {\n  }\n#uc_content_box_background_switcher_elementor_be78778_item3{\n  object-position:center center;\n}\n\n\n@media screen and (max-width: 767px) {\n  }\n\n\n<\/style>\n\n<div class=\"uc_list_image_background_hover_switcher  uc-remote-parent \" id=\"uc_content_box_background_switcher_elementor_be78778\"  data-remoteid='f1' data-widgetname='Background Switcher' data-sync='true' data-syncid='group9'  data-first-selected=\"false\">\n\t<div class=\"uc_hover_switcher_row uc-items-wrapper\">\n\t\t<div class=\"uc_hover_switcher_col uc_hover_switcher_col-1\" id=\"uc_content_box_background_switcher_elementor_be78778_item1\">\n  <div class=\"ue-item-overlay\"><\/div>\n  <div class=\"uc_hover_switcher_content\">\n                      <div class=\"uc_hover_switcher_title title_space\"><\/div>\n              <div class=\"uc_hover_switcher_link\">\n                <\/div>\n  <\/div>\n<\/div>\n\n<figure class=\"uc_background_img\">\n  <div class=\"uc_hover_switcher_overlay\"><\/div>\n  <img decoding=\"async\" src=\"https:\/\/virtuscollege.com\/wp-content\/uploads\/2025\/10\/17-Biomedica-Research-1.jpg\" alt=\"Screenshot\" id=\"uc_content_box_background_switcher_elementor_be78778_item1\">\n<\/figure>\n<div class=\"uc_hover_switcher_col uc_hover_switcher_col-2\" id=\"uc_content_box_background_switcher_elementor_be78778_item2\">\n  <div class=\"ue-item-overlay\"><\/div>\n  <div class=\"uc_hover_switcher_content\">\n                      <div class=\"uc_hover_switcher_title title_space\"><\/div>\n              <div class=\"uc_hover_switcher_link\">\n                <\/div>\n  <\/div>\n<\/div>\n\n<figure class=\"uc_background_img\">\n  <div class=\"uc_hover_switcher_overlay\"><\/div>\n  <img decoding=\"async\" src=\"https:\/\/virtuscollege.com\/wp-content\/uploads\/2025\/10\/18-Biomedical-Research-2.jpg\" alt=\"Screenshot\" id=\"uc_content_box_background_switcher_elementor_be78778_item2\">\n<\/figure>\n<div class=\"uc_hover_switcher_col uc_hover_switcher_col-3\" id=\"uc_content_box_background_switcher_elementor_be78778_item3\">\n  <div class=\"ue-item-overlay\"><\/div>\n  <div class=\"uc_hover_switcher_content\">\n                      <div class=\"uc_hover_switcher_title title_space\"><\/div>\n              <div class=\"uc_hover_switcher_link\">\n                <\/div>\n  <\/div>\n<\/div>\n\n<figure class=\"uc_background_img\">\n  <div class=\"uc_hover_switcher_overlay\"><\/div>\n  <img decoding=\"async\" src=\"https:\/\/virtuscollege.com\/wp-content\/uploads\/2025\/10\/19-Biomedical-Research-3.jpg\" alt=\"Screenshot\" id=\"uc_content_box_background_switcher_elementor_be78778_item3\">\n<\/figure>\n\n\t<\/div>\n\t<div class=\"uc_hover_remote_container uc-items-wrapper2\">\n  \t\t<div class=\"uc_hover_remote_item\">\n  <div class=\"uc_hover_remote_segment\"><\/div>\n<\/div>\n<div class=\"uc_hover_remote_item\">\n  <div class=\"uc_hover_remote_segment\"><\/div>\n<\/div>\n<div class=\"uc_hover_remote_item\">\n  <div class=\"uc_hover_remote_segment\"><\/div>\n<\/div>\n\n  \t<\/div>\n<\/div>\n<!-- end Background Switcher -->\t\t\t\t<\/div>\n\t\t\t\t<\/div>\n\t\t\t\t<div class=\"elementor-element elementor-element-7cd5abd elementor-widget elementor-widget-ucaddon_arrow_navigation\" data-id=\"7cd5abd\" data-element_type=\"widget\" data-e-type=\"widget\" data-widget_type=\"ucaddon_arrow_navigation.default\">\n\t\t\t\t<div class=\"elementor-widget-container\">\n\t\t\t\t\t\n<!-- start Remote Arrows -->\n\t\t<link id='font-awesome-css' href='https:\/\/virtuscollege.com\/wp-content\/plugins\/unlimited-elements-for-elementor-premium\/assets_libraries\/font-awesome6\/fontawesome-all.min.css' type='text\/css' rel='stylesheet' >\n\t\t<link id='font-awesome-4-shim-css' href='https:\/\/virtuscollege.com\/wp-content\/plugins\/unlimited-elements-for-elementor-premium\/assets_libraries\/font-awesome6\/fontawesome-v4-shims.min.css' type='text\/css' rel='stylesheet' >\n\n<style>\/* widget: Remote Arrows *\/\n\n.ue-remote-carousel-navigation-wrapper\n{\n  display:flex;\n}\n\n.ue-remote-carousel-navigation-wrapper .ue-remote-arrow\n{\n  border:none;\n  border-color:transparent;\n}\n\n.ue-remote-carousel-navigation-wrapper .ue-remote-arrow:hover\n{\n  background-color:transparent;\n \n}\n\n\n#uc_arrow_navigation_elementor_7cd5abd\n{\n  display:inline-flex;\n}\n\n#uc_arrow_navigation_elementor_7cd5abd .ue-remote-arrow\n{\n  flex-grow:0;\n  flex-shrink:0;\n  transition:0.3s;\n  display:inline-flex;\n  align-items:center;\n  justify-content:center;\n  line-height:1em;\n  cursor:pointer;\n}\n\n\n#uc_arrow_navigation_elementor_7cd5abd .ue-remote-arrow .ue-carousel-nav-icon\n{\n  transition:0.3s;\n  line-height:1em;\n}\n\n#uc_arrow_navigation_elementor_7cd5abd .ue-remote-arrow .ue-carousel-nav-icon svg\n{\n  transition:0.3s;\n  height:1em;\n  width:1em;\n}\n\n\n#uc_arrow_navigation_elementor_7cd5abd .ue-carousel-nav-label\n{\n  transition:0.3s;\n}\n\n#uc_arrow_navigation_elementor_7cd5abd .uc-disabled{\n\topacity: 0.3;\n}\n\n<\/style>\n\n<div class=\"ue-remote-carousel-navigation-wrapper\">\n<div id=\"uc_arrow_navigation_elementor_7cd5abd\" class=\"ue-remote-carousel-navigation\"  data-parentid='coding'>\n  \n  \n  \n\t<div class=\"ue-remote-arrow ue-carousel-prev \">\n    <div class=\"ue-carousel-nav-icon\"><i class='fas fa-chevron-left'><\/i><\/div>\n    \t\n  <\/div>   \n\t\n\n  \n \n\n  <div class=\"ue-remote-arrow ue-carousel-next \">\n        <div class=\"ue-carousel-nav-icon\"><i class='fas fa-chevron-right'><\/i><\/div>\n  <\/div>\n  \n  \n<\/div>\n<\/div>\n<!-- end Remote Arrows -->\t\t\t\t<\/div>\n\t\t\t\t<\/div>\n\t\t\t\t<div class=\"elementor-element elementor-element-094b0b9 elementor-widget elementor-widget-ucaddon_card_carousel\" data-id=\"094b0b9\" data-element_type=\"widget\" data-e-type=\"widget\" data-widget_type=\"ucaddon_card_carousel.default\">\n\t\t\t\t<div class=\"elementor-widget-container\">\n\t\t\t\t\t\n<!-- start Card Carousel -->\n\t\t<link id='owl-carousel-css' href='https:\/\/virtuscollege.com\/wp-content\/plugins\/unlimited-elements-for-elementor-premium\/assets_libraries\/owl-carousel-new\/assets\/owl.carousel.css' type='text\/css' rel='stylesheet' >\n\t\t<link id='uc_ac_assets_file_animate_css_77907-css' href='https:\/\/virtuscollege.com\/wp-content\/uploads\/ac_assets\/uc_classic_carousel\/animate.css' type='text\/css' rel='stylesheet' >\n\n<style>\/* widget: Card Carousel *\/\n\n#uc_card_carousel_elementor_094b0b9-wrapper{\n  min-height:1px;\n}\n\n#uc_card_carousel_elementor_094b0b9 *{\n\t-webkit-box-sizing: border-box;\n\t-moz-box-sizing: border-box;\n\tbox-sizing: border-box;\n}\n\n#uc_card_carousel_elementor_094b0b9 .ue-carousel-item{\n  overflow:hidden;\n  transition:0.3s;\n}\n\n#uc_card_carousel_elementor_094b0b9 .uc_classic_carousel_container_holder{\n\tdisplay:block;\n\tposition:relative;\n\twidth:100%;\n    box-sizing: border-box;\n}\n#uc_card_carousel_elementor_094b0b9 .uc_classic_carousel_placeholder{\n   position:relative;\n}\n\n\n#uc_card_carousel_elementor_094b0b9 .uc_classic_carousel_placeholder img, #uc_card_carousel_elementor_094b0b9 .ue_card_carousel_image_overlay{\n  transition: all 300ms;\n}\n\n.card_carousel_title{\n\tfont-size:21px;\n}\n\n.uc_classic_carousel .uc_classic_carousel_border{\n\tdisplay:block;\n    margin:0 auto;\n}\n\n.uc_classic_carousel  .uc_classic_carousel_placeholder img{\n\twidth:100%;    \n    display:block;\n}\n\n.uc_classic_carousel .uc_classic_carousel_content{\n  display: flex;\n  flex-flow: column nowrap;\n}\n\n.uc_classic_carousel .ue_button{\n  margin-top:auto;\n}\n\n.uc_classic_carousel .uc_classic_carousel_content .uc_more_btn {\n\tdisplay:inline-block;\n\ttext-decoration:none;\n\ttransition: all 0.5s ease;\n}\n\n#uc_card_carousel_elementor_094b0b9 .owl-dots {\n  overflow:hidden;\n  text-align:center;\n}\n\n#uc_card_carousel_elementor_094b0b9 .owl-dot {\n  border-radius:50%;\n  display:inline-block;\n}\n\n#uc_card_carousel_elementor_094b0b9 .owl-nav .owl-prev,\n#uc_card_carousel_elementor_094b0b9 .owl-nav .owl-next{\n    position:absolute;\n    display:flex;\n  \tjustify-content: center;\n  \talign-items: center;\n    text-align:center;\n}\n\n#uc_card_carousel_elementor_094b0b9 .owl-nav .disabled{\n    display: none;  \n}\n\n\n#uc_card_carousel_elementor_094b0b9 .ue-item-icon{\n  line-height:1em;\n  display:inline-flex;\n  justify-content:center;\n  align-items:center;  \n}\n\n#uc_card_carousel_elementor_094b0b9 .ue-item-icon svg{\n  height:1em;\n  width:1em;\n}\n\n#uc_card_carousel_elementor_094b0b9 .ue-item-icon-wrapper{\n  display:flex;\n}\n\n#uc_card_carousel_elementor_094b0b9 .uc_classic_carousel_container_holder {\n\t max-width: ;\n}\n\n\n\n@media screen and (max-width: 1024px) {\n  #uc_card_carousel_elementor_094b0b9 .uc_classic_carousel_container_holder {\n\t max-width: ;\n  }\n}\n\n@media screen and (max-width: 767px) {\n  #uc_card_carousel_elementor_094b0b9 .uc_classic_carousel_container_holder {\n    max-width: ;\n  }\n}\n\n<\/style>\n\n<div class=\"uc_classic_carousel\" id=\"uc_card_carousel_elementor_094b0b9-wrapper\">\n  <div class=\"uc_carousel owl-carousel uc-items-wrapper  uc-remote-parent \" id=\"uc_card_carousel_elementor_094b0b9\"  data-remoteid='coding' data-widgetname='Card Carousel' data-sync='true' data-syncid='group9' >\n    \n\n\n<div id=\"uc_card_carousel_elementor_094b0b9_item1\" class=\"uc_classic_carousel_container_holder ue-item elementor-repeater-item-9526ff7\" data-hide-item=\"false\">  \n  <div class=\"ue-carousel-item\">\n    \n        \n    \n    \n    <div class=\"uc_classic_carousel_content\" style=\"direction:ltr;\">    \n\n      \n          <div  class=\"card_carousel_title\">Resumen<\/div>\n        <div class=\"card_carousel_text\">Una oportunidad para explorar conceptos avanzados de biolog\u00eda, m\u00e9todos de investigaci\u00f3n y los \u00faltimos avances en ciencia m\u00e9dica.\nEste itinerario dota a futuros m\u00e9dicos y cient\u00edficos de los fundamentos de la investigaci\u00f3n cient\u00edfica, ense\u00f1\u00e1ndoles a realizar investigaciones independientes sobre una amplia gama de condiciones m\u00e9dicas \u2014desde trastornos gen\u00e9ticos hasta enfermedades infecciosas\u2014 y a presentar sus conclusiones tanto en formato oral como escrito. Los proyectos finales se publican en el Virtus Herald, ofreciendo a los estudiantes una plataforma para comunicar ideas complejas a un p\u00fablico m\u00e1s amplio.<\/div>      \t\n\n      \t\n      \n    <\/div>\n    \n  <\/div>\n<\/div>\n\n\n\n<div id=\"uc_card_carousel_elementor_094b0b9_item2\" class=\"uc_classic_carousel_container_holder ue-item elementor-repeater-item-cead2fd\" data-hide-item=\"false\">  \n  <div class=\"ue-carousel-item\">\n    \n        \n    \n    \n    <div class=\"uc_classic_carousel_content\" style=\"direction:ltr;\">    \n\n      \n          <div  class=\"card_carousel_title\">Proyectos anteriores incluyen<\/div>\n        <div class=\"card_carousel_text\">El papel del estr\u00e9s psicol\u00f3gico en las enfermedades cardiovasculares, perspectivas neuroanat\u00f3micas, gen\u00e9ticas y te\u00f3ricas sobre el Trastorno del Espectro Autista, ataques de p\u00e1nico: comprensi\u00f3n, desencadenantes y opciones de tratamiento, enfoques integrales para la prevenci\u00f3n y cura del VIH: retos e innovaciones.<\/div>      \t\n\n      \t\n      \n    <\/div>\n    \n  <\/div>\n<\/div>\n\n\n\n<div id=\"uc_card_carousel_elementor_094b0b9_item3\" class=\"uc_classic_carousel_container_holder ue-item elementor-repeater-item-d08c4bf\" data-hide-item=\"false\">  \n  <div class=\"ue-carousel-item\">\n    \n        \n    \n    \n    <div class=\"uc_classic_carousel_content\" style=\"direction:ltr;\">    \n\n      \n          <div  class=\"card_carousel_title\">Habilidades<\/div>\n        <div class=\"card_carousel_text\">Este itinerario fomenta el rigor acad\u00e9mico, el an\u00e1lisis cr\u00edtico, la investigaci\u00f3n independiente, la alfabetizaci\u00f3n cient\u00edfica y la comunicaci\u00f3n p\u00fablica, competencias esenciales para cualquier futuro profesional m\u00e9dico.<\/div>      \t\n\n      \t\n      \n    <\/div>\n    \n  <\/div>\n<\/div>\n\n  <\/div>\n<\/div>\n<!-- end Card Carousel -->\t\t\t\t<\/div>\n\t\t\t\t<\/div>\n\t\t\t\t<\/div>\n\t\t\t\t<\/div>\n\t\t\t\t<\/div>\n\t\t\t\t<\/div>\n\t\t\t\t<\/div>\n\t\t\t\t<\/div>\n\t\t","protected":false},"excerpt":{"rendered":"<p>Medicina. Un itinerario acad\u00e9mico riguroso dise\u00f1ado para futuros profesionales de la salud. Los estudiantes exploran las ciencias m\u00e9dicas a trav\u00e9s de investigaci\u00f3n independiente, construyendo una base s\u00f3lida para futuros estudios en medicina y campos relacionados. Despertando las mentes m\u00e9dicas del ma\u00f1ana. Los futuros m\u00e9dicos y cient\u00edficos tienen la oportunidad de desarrollar competencias de investigaci\u00f3n a [&hellip;]<\/p>\n","protected":false},"author":2,"featured_media":6266,"parent":70,"menu_order":0,"comment_status":"closed","ping_status":"closed","template":"","meta":{"_acf_changed":false,"footnotes":""},"class_list":["post-4264","page","type-page","status-publish","has-post-thumbnail","hentry"],"acf":[],"_links":{"self":[{"href":"https:\/\/virtuscollege.com\/es\/wp-json\/wp\/v2\/pages\/4264","targetHints":{"allow":["GET"]}}],"collection":[{"href":"https:\/\/virtuscollege.com\/es\/wp-json\/wp\/v2\/pages"}],"about":[{"href":"https:\/\/virtuscollege.com\/es\/wp-json\/wp\/v2\/types\/page"}],"author":[{"embeddable":true,"href":"https:\/\/virtuscollege.com\/es\/wp-json\/wp\/v2\/users\/2"}],"replies":[{"embeddable":true,"href":"https:\/\/virtuscollege.com\/es\/wp-json\/wp\/v2\/comments?post=4264"}],"version-history":[{"count":47,"href":"https:\/\/virtuscollege.com\/es\/wp-json\/wp\/v2\/pages\/4264\/revisions"}],"predecessor-version":[{"id":8726,"href":"https:\/\/virtuscollege.com\/es\/wp-json\/wp\/v2\/pages\/4264\/revisions\/8726"}],"up":[{"embeddable":true,"href":"https:\/\/virtuscollege.com\/es\/wp-json\/wp\/v2\/pages\/70"}],"wp:featuredmedia":[{"embeddable":true,"href":"https:\/\/virtuscollege.com\/es\/wp-json\/wp\/v2\/media\/6266"}],"wp:attachment":[{"href":"https:\/\/virtuscollege.com\/es\/wp-json\/wp\/v2\/media?parent=4264"}],"curies":[{"name":"wp","href":"https:\/\/api.w.org\/{rel}","templated":true}]}}