{"id":42,"date":"2025-04-02T13:04:49","date_gmt":"2025-04-02T11:04:49","guid":{"rendered":"https:\/\/virtuscollege.com\/?page_id=42"},"modified":"2025-11-17T18:19:09","modified_gmt":"2025-11-17T17:19:09","slug":"mejores-profesores-a-levels-madrid","status":"publish","type":"page","link":"https:\/\/virtuscollege.com\/es\/sobre-nosotros\/mejores-profesores-a-levels-madrid\/","title":{"rendered":"Nuestros profesores"},"content":{"rendered":"\t\t<div data-elementor-type=\"wp-page\" data-elementor-id=\"42\" class=\"elementor elementor-42\" data-elementor-post-type=\"page\">\n\t\t\t\t<div class=\"elementor-element elementor-element-d91f750 e-con-full e-flex e-con e-parent\" data-id=\"d91f750\" data-element_type=\"container\" data-e-type=\"container\">\n\t\t\t\t<div class=\"elementor-element elementor-element-c5f1740 elementor-widget__width-auto elementor-absolute elementor-widget elementor-widget-heading\" data-id=\"c5f1740\" data-element_type=\"widget\" data-e-type=\"widget\" data-settings=\"{&quot;_position&quot;:&quot;absolute&quot;}\" data-widget_type=\"heading.default\">\n\t\t\t\t<div class=\"elementor-widget-container\">\n\t\t\t\t\t<h2 class=\"elementor-heading-title elementor-size-default\">Nuestros<\/h2>\t\t\t\t<\/div>\n\t\t\t\t<\/div>\n\t\t\t\t<div class=\"elementor-element elementor-element-8654c73 elementor-widget__width-auto elementor-absolute elementor-widget elementor-widget-heading\" data-id=\"8654c73\" data-element_type=\"widget\" data-e-type=\"widget\" data-settings=\"{&quot;_position&quot;:&quot;absolute&quot;}\" data-widget_type=\"heading.default\">\n\t\t\t\t<div class=\"elementor-widget-container\">\n\t\t\t\t\t<h2 class=\"elementor-heading-title elementor-size-default\"><span style=\"color: #fff\"> profesores<\/span>.<\/h2>\t\t\t\t<\/div>\n\t\t\t\t<\/div>\n\t\t\t\t<div class=\"elementor-element elementor-element-be93e1f elementor-widget elementor-widget-text-editor\" data-id=\"be93e1f\" data-element_type=\"widget\" data-e-type=\"widget\" data-widget_type=\"text-editor.default\">\n\t\t\t\t<div class=\"elementor-widget-container\">\n\t\t\t\t\t\t\t\t\t<p>Mentes brillantes con una profunda vocaci\u00f3n docente, nuestro profesorado combina la excelencia acad\u00e9mica, la atenci\u00f3n personal y un acompa\u00f1amiento verdaderamente inspirador. Gu\u00edan a cada alumno con experiencia, empat\u00eda y prop\u00f3sito, asegurando que cada uno alcance su m\u00e1ximo potencial, dentro y fuera del aula.<\/p>\t\t\t\t\t\t\t\t<\/div>\n\t\t\t\t<\/div>\n\t\t\t\t<\/div>\n\t\t<div class=\"elementor-element elementor-element-c58e2dd e-flex e-con-boxed e-con e-parent\" data-id=\"c58e2dd\" data-element_type=\"container\" data-e-type=\"container\">\n\t\t\t\t\t<div class=\"e-con-inner\">\n\t\t<div class=\"elementor-element elementor-element-d6b58a6 e-con-full e-grid e-con e-child\" data-id=\"d6b58a6\" data-element_type=\"container\" data-e-type=\"container\">\n\t\t<div class=\"elementor-element elementor-element-a2a4e76 e-con-full e-flex e-con e-child\" data-id=\"a2a4e76\" data-element_type=\"container\" data-e-type=\"container\">\n\t\t\t\t<div class=\"elementor-element elementor-element-5bff165 elementor-widget elementor-widget-heading\" data-id=\"5bff165\" data-element_type=\"widget\" data-e-type=\"widget\" data-widget_type=\"heading.default\">\n\t\t\t\t<div class=\"elementor-widget-container\">\n\t\t\t\t\t<h4 class=\"elementor-heading-title elementor-size-default\">Especializaci\u00f3n,<span style=\"color: #BF9A58\"> vocaci\u00f3n y cercan\u00eda<\/span>.<\/h4>\t\t\t\t<\/div>\n\t\t\t\t<\/div>\n\t\t\t\t<div class=\"elementor-element elementor-element-ec414f8 elementor-widget elementor-widget-text-editor\" data-id=\"ec414f8\" data-element_type=\"widget\" data-e-type=\"widget\" data-widget_type=\"text-editor.default\">\n\t\t\t\t<div class=\"elementor-widget-container\">\n\t\t\t\t\t\t\t\t\t<p><span style=\"font-weight: 400;\">En Virtus College, el profesorado es el verdadero motor del colegio.<\/span><\/p><p><span style=\"font-weight: 400;\">Un equipo de<\/span><b> profesionales apasionados y altamente cualificados<\/b><span style=\"font-weight: 400;\"> que aportan tanto un profundo conocimiento como una aut\u00e9ntica inspiraci\u00f3n en el aula. Con a\u00f1os de experiencia impartiendo el programa de A-Level, fomentan el amor por el aprendizaje permanente, al tiempo que transmiten valores como la <\/span><b>integridad<\/b><span style=\"font-weight: 400;\">, la <\/span><b>autoconfianza<\/b><span style=\"font-weight: 400;\"> y la recompensa del esfuerzo constante.<\/span><\/p><p><span style=\"font-weight: 400;\">Con formaci\u00f3n pedag\u00f3gica en algunas de las universidades m\u00e1s prestigiosas del mundo, como la Universidad de Oxford, la Universidad de Cambridge, LSE o la Universidad de Birmingham, nuestros docentes ofrecen mucho m\u00e1s que conocimiento acad\u00e9mico: son <\/span><b>referentes para el alumnado<\/b><span style=\"font-weight: 400;\">, gui\u00e1ndoles no solo hacia el \u00e9xito, sino hacia una vida plena.<\/span><\/p>\t\t\t\t\t\t\t\t<\/div>\n\t\t\t\t<\/div>\n\t\t\t\t<\/div>\n\t\t<div class=\"elementor-element elementor-element-bb81ba8 e-con-full e-flex e-con e-child\" data-id=\"bb81ba8\" data-element_type=\"container\" data-e-type=\"container\" data-settings=\"{&quot;background_background&quot;:&quot;classic&quot;}\">\n\t\t\t\t<div class=\"elementor-element elementor-element-606816f elementor-widget elementor-widget-spacer\" data-id=\"606816f\" data-element_type=\"widget\" data-e-type=\"widget\" data-widget_type=\"spacer.default\">\n\t\t\t\t<div class=\"elementor-widget-container\">\n\t\t\t\t\t\t\t<div class=\"elementor-spacer\">\n\t\t\t<div class=\"elementor-spacer-inner\"><\/div>\n\t\t<\/div>\n\t\t\t\t\t\t<\/div>\n\t\t\t\t<\/div>\n\t\t\t\t<\/div>\n\t\t\t\t<\/div>\n\t\t\t\t<div class=\"elementor-element elementor-element-a6bb5c0 elementor-widget__width-initial elementor-absolute animated-fast elementor-hidden-tablet elementor-hidden-mobile elementor-invisible elementor-widget elementor-widget-spacer\" data-id=\"a6bb5c0\" data-element_type=\"widget\" data-e-type=\"widget\" data-settings=\"{&quot;_position&quot;:&quot;absolute&quot;,&quot;_animation&quot;:&quot;slideInRight&quot;}\" data-widget_type=\"spacer.default\">\n\t\t\t\t<div class=\"elementor-widget-container\">\n\t\t\t\t\t\t\t<div class=\"elementor-spacer\">\n\t\t\t<div class=\"elementor-spacer-inner\"><\/div>\n\t\t<\/div>\n\t\t\t\t\t\t<\/div>\n\t\t\t\t<\/div>\n\t\t\t\t\t<\/div>\n\t\t\t\t<\/div>\n\t\t<footer class=\"elementor-element elementor-element-8d7c833 e-con-full e-flex e-con e-parent\" data-id=\"8d7c833\" data-element_type=\"container\" data-e-type=\"container\">\n\t\t<div class=\"elementor-element elementor-element-8177578 e-con-full e-flex e-con e-child\" data-id=\"8177578\" data-element_type=\"container\" data-e-type=\"container\" data-settings=\"{&quot;background_background&quot;:&quot;classic&quot;}\">\n\t\t\t\t<div class=\"elementor-element elementor-element-2244e45 elementor-widget__width-initial elementor-absolute animated-fast elementor-hidden-tablet elementor-hidden-mobile elementor-invisible elementor-widget elementor-widget-spacer\" data-id=\"2244e45\" data-element_type=\"widget\" data-e-type=\"widget\" data-settings=\"{&quot;_position&quot;:&quot;absolute&quot;,&quot;_animation&quot;:&quot;slideInLeft&quot;}\" data-widget_type=\"spacer.default\">\n\t\t\t\t<div class=\"elementor-widget-container\">\n\t\t\t\t\t\t\t<div class=\"elementor-spacer\">\n\t\t\t<div class=\"elementor-spacer-inner\"><\/div>\n\t\t<\/div>\n\t\t\t\t\t\t<\/div>\n\t\t\t\t<\/div>\n\t\t\t\t<\/div>\n\t\t<div class=\"elementor-element elementor-element-32d4fb2 e-con-full e-flex e-con e-child\" data-id=\"32d4fb2\" data-element_type=\"container\" data-e-type=\"container\" data-settings=\"{&quot;background_background&quot;:&quot;classic&quot;}\">\n\t\t\t\t<div class=\"elementor-element elementor-element-97cb290 elementor-widget__width-initial elementor-widget elementor-widget-heading\" data-id=\"97cb290\" data-element_type=\"widget\" data-e-type=\"widget\" data-widget_type=\"heading.default\">\n\t\t\t\t<div class=\"elementor-widget-container\">\n\t\t\t\t\t<h4 class=\"elementor-heading-title elementor-size-default\">\"Tuve la suerte de estudiar con mis mejores amigos, y nunca imagin\u00e9 que lo pasar\u00eda tan bien, adem\u00e1s de aprender y crecer de una manera inimaginable.\"<\/h4>\t\t\t\t<\/div>\n\t\t\t\t<\/div>\n\t\t\t\t<div class=\"elementor-element elementor-element-3549632 elementor-widget__width-initial elementor-widget-mobile__width-inherit elementor-widget elementor-widget-heading\" data-id=\"3549632\" data-element_type=\"widget\" data-e-type=\"widget\" data-widget_type=\"heading.default\">\n\t\t\t\t<div class=\"elementor-widget-container\">\n\t\t\t\t\t<h2 class=\"elementor-heading-title elementor-size-default\">Yago - alumno de Engineering Business Management en University of Warwick.<\/h2>\t\t\t\t<\/div>\n\t\t\t\t<\/div>\n\t\t\t\t<\/div>\n\t\t\t\t<\/footer>\n\t\t<footer class=\"elementor-element elementor-element-41bc1e7 e-con-full e-flex e-con e-parent\" data-id=\"41bc1e7\" data-element_type=\"container\" data-e-type=\"container\">\n\t\t<div class=\"elementor-element elementor-element-8b2c01c e-con-full e-flex e-con e-child\" data-id=\"8b2c01c\" data-element_type=\"container\" data-e-type=\"container\" data-settings=\"{&quot;background_background&quot;:&quot;classic&quot;}\">\n\t\t\t\t<div class=\"elementor-element elementor-element-7871168 elementor-widget elementor-widget-spacer\" data-id=\"7871168\" data-element_type=\"widget\" data-e-type=\"widget\" data-widget_type=\"spacer.default\">\n\t\t\t\t<div class=\"elementor-widget-container\">\n\t\t\t\t\t\t\t<div class=\"elementor-spacer\">\n\t\t\t<div class=\"elementor-spacer-inner\"><\/div>\n\t\t<\/div>\n\t\t\t\t\t\t<\/div>\n\t\t\t\t<\/div>\n\t\t\t\t<\/div>\n\t\t<div class=\"elementor-element elementor-element-f8e26c6 e-con-full e-flex e-con e-child\" data-id=\"f8e26c6\" data-element_type=\"container\" data-e-type=\"container\" data-settings=\"{&quot;background_background&quot;:&quot;classic&quot;}\">\n\t\t\t\t<div class=\"elementor-element elementor-element-1aacc6d elementor-widget elementor-widget-heading\" data-id=\"1aacc6d\" data-element_type=\"widget\" data-e-type=\"widget\" data-widget_type=\"heading.default\">\n\t\t\t\t<div class=\"elementor-widget-container\">\n\t\t\t\t\t<h4 class=\"elementor-heading-title elementor-size-default\">Talento que va m\u00e1s all\u00e1<span style=\"color: #BF9A58\"> del curr\u00edculo<\/span>.<\/h4>\t\t\t\t<\/div>\n\t\t\t\t<\/div>\n\t\t\t\t<div class=\"elementor-element elementor-element-428b6274 elementor-widget elementor-widget-text-editor\" data-id=\"428b6274\" data-element_type=\"widget\" data-e-type=\"widget\" data-widget_type=\"text-editor.default\">\n\t\t\t\t<div class=\"elementor-widget-container\">\n\t\t\t\t\t\t\t\t\t<p><span style=\"font-weight: 400;\">Cada miembro de nuestro equipo docente ha sido cuidadosamente seleccionado a trav\u00e9s de un proceso de contrataci\u00f3n riguroso y exigente.<\/span><\/p><p><span style=\"font-weight: 400;\">Buscamos no solo especialistas en su materia, sino tambi\u00e9n personas con talentos y pasiones que enriquezcan la vida del colegio. Desde finanzas y psicolog\u00eda hasta programaci\u00f3n, nuestros profesores <\/span><b>lideran una amplia variedad de cursos dentro del Programa de Enriquecimiento Acad\u00e9mico<\/b><span style=\"font-weight: 400;\">, incorporando sus intereses personales en la experiencia educativa y despertando la curiosidad en cada estudiante.<\/span><\/p>\t\t\t\t\t\t\t\t<\/div>\n\t\t\t\t<\/div>\n\t\t\t\t<\/div>\n\t\t\t\t<\/footer>\n\t\t<div class=\"elementor-element elementor-element-9c0ec60 e-flex e-con-boxed e-con e-parent\" data-id=\"9c0ec60\" data-element_type=\"container\" data-e-type=\"container\" data-settings=\"{&quot;background_background&quot;:&quot;classic&quot;}\">\n\t\t\t\t\t<div class=\"e-con-inner\">\n\t\t<div class=\"elementor-element elementor-element-8e8e227 e-con-full e-flex e-con e-child\" data-id=\"8e8e227\" data-element_type=\"container\" data-e-type=\"container\" data-settings=\"{&quot;background_background&quot;:&quot;classic&quot;}\">\n\t\t\t\t<div class=\"elementor-element elementor-element-4e475ab elementor-widget elementor-widget-heading\" data-id=\"4e475ab\" data-element_type=\"widget\" data-e-type=\"widget\" data-widget_type=\"heading.default\">\n\t\t\t\t<div class=\"elementor-widget-container\">\n\t\t\t\t\t<h4 class=\"elementor-heading-title elementor-size-default\">Docentes que gu\u00edan,<span style=\"color: #BF9A58\">  apoyan <br>y orientan<\/span>.<\/h4>\t\t\t\t<\/div>\n\t\t\t\t<\/div>\n\t\t<div class=\"elementor-element elementor-element-2b4883d e-con-full e-flex e-con e-child\" data-id=\"2b4883d\" data-element_type=\"container\" data-e-type=\"container\">\n\t\t<div class=\"elementor-element elementor-element-bd9b2fb e-con-full e-flex e-con e-child\" data-id=\"bd9b2fb\" data-element_type=\"container\" data-e-type=\"container\" data-settings=\"{&quot;animation_mobile&quot;:&quot;none&quot;}\">\n\t\t\t\t<div class=\"elementor-element elementor-element-763515c elementor-widget elementor-widget-text-editor\" data-id=\"763515c\" data-element_type=\"widget\" data-e-type=\"widget\" data-widget_type=\"text-editor.default\">\n\t\t\t\t<div class=\"elementor-widget-container\">\n\t\t\t\t\t\t\t\t\t<p><span style=\"font-weight: 400;\">En Virtus College, cada profesor tiene tambi\u00e9n un rol independiente como mentor, aportando mucho m\u00e1s que una ense\u00f1anza estrictamente acad\u00e9mica.<\/span><\/p><p><span style=\"font-weight: 400;\">Cada alumno es asignado cuidadosamente al<\/span><b> mentor que mejor se adapta a sus necesidades individuales<\/b><span style=\"font-weight: 400;\">, teniendo en cuenta sus fortalezas, retos y personalidad. Esta asignaci\u00f3n reflexiva garantiza que cada estudiante reciba el acompa\u00f1amiento que m\u00e1s le beneficia, ya sea acad\u00e9mico, emocional o orientado a sus metas personales.<\/span><\/p><p><span style=\"font-weight: 400;\">A trav\u00e9s de sesiones semanales individuales, los mentores proporcionan un seguimiento personalizado y constante, ayudando al alumno a perfeccionar sus h\u00e1bitos de estudio, afrontar desaf\u00edos y desarrollar la confianza necesaria para destacar. La mentor\u00eda en Virtus College no es solo un sistema de apoyo, sino una cultura: el profesorado trabaja en estrecha colaboraci\u00f3n con el Equipo de Liderazgo Estudiantil, garantizando una atenci\u00f3n coordinada y basada en un conocimiento profundo del d\u00eda a d\u00eda de cada alumno.<\/span><\/p><p><span style=\"font-weight: 400;\">Es esta atenci\u00f3n cuidada a la individualidad lo que permite a nuestros estudiantes crecer, desarrollarse y sentirse verdaderamente acompa\u00f1ados.<\/span><\/p>\t\t\t\t\t\t\t\t<\/div>\n\t\t\t\t<\/div>\n\t\t\t\t<\/div>\n\t\t\t\t<\/div>\n\t\t\t\t<\/div>\n\t\t\t\t\t<\/div>\n\t\t\t\t<\/div>\n\t\t\t\t<\/div>\n\t\t","protected":false},"excerpt":{"rendered":"<p>Nuestros profesores. Mentes brillantes con una profunda vocaci\u00f3n docente, nuestro profesorado combina la excelencia acad\u00e9mica, la atenci\u00f3n personal y un acompa\u00f1amiento verdaderamente inspirador. Gu\u00edan a cada alumno con experiencia, empat\u00eda y prop\u00f3sito, asegurando que cada uno alcance su m\u00e1ximo potencial, dentro y fuera del aula. Especializaci\u00f3n, vocaci\u00f3n y cercan\u00eda. En Virtus College, el profesorado es [&hellip;]<\/p>\n","protected":false},"author":2,"featured_media":1395,"parent":32,"menu_order":0,"comment_status":"closed","ping_status":"closed","template":"","meta":{"_acf_changed":false,"footnotes":""},"class_list":["post-42","page","type-page","status-publish","has-post-thumbnail","hentry"],"acf":[],"_links":{"self":[{"href":"https:\/\/virtuscollege.com\/es\/wp-json\/wp\/v2\/pages\/42","targetHints":{"allow":["GET"]}}],"collection":[{"href":"https:\/\/virtuscollege.com\/es\/wp-json\/wp\/v2\/pages"}],"about":[{"href":"https:\/\/virtuscollege.com\/es\/wp-json\/wp\/v2\/types\/page"}],"author":[{"embeddable":true,"href":"https:\/\/virtuscollege.com\/es\/wp-json\/wp\/v2\/users\/2"}],"replies":[{"embeddable":true,"href":"https:\/\/virtuscollege.com\/es\/wp-json\/wp\/v2\/comments?post=42"}],"version-history":[{"count":68,"href":"https:\/\/virtuscollege.com\/es\/wp-json\/wp\/v2\/pages\/42\/revisions"}],"predecessor-version":[{"id":8537,"href":"https:\/\/virtuscollege.com\/es\/wp-json\/wp\/v2\/pages\/42\/revisions\/8537"}],"up":[{"embeddable":true,"href":"https:\/\/virtuscollege.com\/es\/wp-json\/wp\/v2\/pages\/32"}],"wp:featuredmedia":[{"embeddable":true,"href":"https:\/\/virtuscollege.com\/es\/wp-json\/wp\/v2\/media\/1395"}],"wp:attachment":[{"href":"https:\/\/virtuscollege.com\/es\/wp-json\/wp\/v2\/media?parent=42"}],"curies":[{"name":"wp","href":"https:\/\/api.w.org\/{rel}","templated":true}]}}