{"id":4175,"date":"2025-07-15T17:26:40","date_gmt":"2025-07-15T15:26:40","guid":{"rendered":"https:\/\/virtuscollege.com\/?page_id=4175"},"modified":"2026-03-03T13:48:18","modified_gmt":"2026-03-03T12:48:18","slug":"equipo-directivo-virtus-college","status":"publish","type":"page","link":"https:\/\/virtuscollege.com\/es\/sobre-nosotros\/equipo-directivo-virtus-college\/","title":{"rendered":"Equipo directivo"},"content":{"rendered":"\t\t<div data-elementor-type=\"wp-page\" data-elementor-id=\"4175\" class=\"elementor elementor-4175\" data-elementor-post-type=\"page\">\n\t\t\t\t<div class=\"elementor-element elementor-element-601f69b e-con-full e-flex e-con e-parent\" data-id=\"601f69b\" data-element_type=\"container\" data-e-type=\"container\">\n\t\t\t\t<div class=\"elementor-element elementor-element-93e1263 elementor-widget__width-auto elementor-absolute elementor-widget elementor-widget-heading\" data-id=\"93e1263\" data-element_type=\"widget\" data-e-type=\"widget\" data-settings=\"{&quot;_position&quot;:&quot;absolute&quot;}\" data-widget_type=\"heading.default\">\n\t\t\t\t<div class=\"elementor-widget-container\">\n\t\t\t\t\t<h2 class=\"elementor-heading-title elementor-size-default\">Equipo<\/h2>\t\t\t\t<\/div>\n\t\t\t\t<\/div>\n\t\t\t\t<div class=\"elementor-element elementor-element-fe08841 elementor-widget__width-auto elementor-absolute elementor-widget elementor-widget-heading\" data-id=\"fe08841\" data-element_type=\"widget\" data-e-type=\"widget\" data-settings=\"{&quot;_position&quot;:&quot;absolute&quot;}\" data-widget_type=\"heading.default\">\n\t\t\t\t<div class=\"elementor-widget-container\">\n\t\t\t\t\t<h2 class=\"elementor-heading-title elementor-size-default\"><span style=\"color: #fff\"> directivo<\/span>.<\/h2>\t\t\t\t<\/div>\n\t\t\t\t<\/div>\n\t\t\t\t<div class=\"elementor-element elementor-element-3a7be6a elementor-widget elementor-widget-text-editor\" data-id=\"3a7be6a\" data-element_type=\"widget\" data-e-type=\"widget\" data-widget_type=\"text-editor.default\">\n\t\t\t\t<div class=\"elementor-widget-container\">\n\t\t\t\t\t\t\t\t\t<p>Un equipo de liderazgo guiado por valores, unido por una visi\u00f3n com\u00fan: fomentar la excelencia, la ambici\u00f3n y el car\u00e1cter en cada alumno. Juntos, marcan el rumbo de Virtus College y garantizan una cultura de altas aspiraciones y atenci\u00f3n personalizada.<\/p>\t\t\t\t\t\t\t\t<\/div>\n\t\t\t\t<\/div>\n\t\t\t\t<\/div>\n\t\t<div class=\"elementor-element elementor-element-121a7d5 e-flex e-con-boxed e-con e-parent\" data-id=\"121a7d5\" data-element_type=\"container\" data-e-type=\"container\">\n\t\t\t\t\t<div class=\"e-con-inner\">\n\t\t\t\t<div class=\"elementor-element elementor-element-5727f03 elementor-widget elementor-widget-heading\" data-id=\"5727f03\" data-element_type=\"widget\" data-e-type=\"widget\" data-widget_type=\"heading.default\">\n\t\t\t\t<div class=\"elementor-widget-container\">\n\t\t\t\t\t<h4 class=\"elementor-heading-title elementor-size-default\">Una visi\u00f3n clara<span style=\"color: #BF9A58\"> que impulsa la excelencia<\/span>.<\/h4>\t\t\t\t<\/div>\n\t\t\t\t<\/div>\n\t\t\t\t<div class=\"elementor-element elementor-element-5dde78b elementor-widget elementor-widget-text-editor\" data-id=\"5dde78b\" data-element_type=\"widget\" data-e-type=\"widget\" data-widget_type=\"text-editor.default\">\n\t\t\t\t<div class=\"elementor-widget-container\">\n\t\t\t\t\t\t\t\t\t<p><span style=\"font-weight: 400;\">El equipo directivo de Virtus College gu\u00eda la visi\u00f3n del colegio con claridad, prop\u00f3sito y ambici\u00f3n. Unidos por el compromiso con la <\/span><b>excelencia acad\u00e9mica<\/b><span style=\"font-weight: 400;\">, el <\/span><b>crecimiento personal<\/b><span style=\"font-weight: 400;\"> y una <\/span><b>mentalidad global<\/b><span style=\"font-weight: 400;\">, se aseguran de que estos valores est\u00e9n presentes en todos los aspectos de la vida escolar. A trav\u00e9s de un liderazgo reflexivo y una profunda experiencia educativa, crean un entorno donde los alumnos se sienten estimulados, acompa\u00f1ados e inspirados para alcanzar su m\u00e1ximo potencial, dentro y fuera del colegio.<\/span><\/p>\t\t\t\t\t\t\t\t<\/div>\n\t\t\t\t<\/div>\n\t\t\t\t\t<\/div>\n\t\t\t\t<\/div>\n\t\t<div class=\"elementor-element elementor-element-14f74d4 e-flex e-con-boxed e-con e-parent\" data-id=\"14f74d4\" data-element_type=\"container\" data-e-type=\"container\" data-settings=\"{&quot;background_background&quot;:&quot;classic&quot;}\">\n\t\t\t\t\t<div class=\"e-con-inner\">\n\t\t<div class=\"elementor-element elementor-element-5c79ef5 e-con-full e-flex e-con e-child\" data-id=\"5c79ef5\" data-element_type=\"container\" data-e-type=\"container\" data-settings=\"{&quot;background_background&quot;:&quot;classic&quot;}\">\n\t\t<div class=\"elementor-element elementor-element-8e42e98 e-con-full e-flex e-con e-child\" data-id=\"8e42e98\" data-element_type=\"container\" data-e-type=\"container\">\n\t\t<div class=\"elementor-element elementor-element-2832e3f e-con-full e-flex e-con e-child\" data-id=\"2832e3f\" data-element_type=\"container\" data-e-type=\"container\" data-settings=\"{&quot;background_background&quot;:&quot;classic&quot;}\">\n\t\t\t\t<div class=\"elementor-element elementor-element-a5afb40 elementor-widget elementor-widget-heading\" data-id=\"a5afb40\" data-element_type=\"widget\" data-e-type=\"widget\" data-widget_type=\"heading.default\">\n\t\t\t\t<div class=\"elementor-widget-container\">\n\t\t\t\t\t<h2 class=\"elementor-heading-title elementor-size-default\">Sandra Radford<\/h2>\t\t\t\t<\/div>\n\t\t\t\t<\/div>\n\t\t\t\t<div class=\"elementor-element elementor-element-6231c3d elementor-widget elementor-widget-heading\" data-id=\"6231c3d\" data-element_type=\"widget\" data-e-type=\"widget\" data-widget_type=\"heading.default\">\n\t\t\t\t<div class=\"elementor-widget-container\">\n\t\t\t\t\t<h2 class=\"elementor-heading-title elementor-size-default\">Directora de Virtus College<\/h2>\t\t\t\t<\/div>\n\t\t\t\t<\/div>\n\t\t\t\t<div class=\"elementor-element elementor-element-d25b902 elementor-widget elementor-widget-text-editor\" data-id=\"d25b902\" data-element_type=\"widget\" data-e-type=\"widget\" data-widget_type=\"text-editor.default\">\n\t\t\t\t<div class=\"elementor-widget-container\">\n\t\t\t\t\t\t\t\t\t<p><span style=\"font-weight: 400;\">Sandra Radford es la directora de Virtus College y cuenta con una trayectoria destacada en liderazgo educativo, desarrollo curricular y orientaci\u00f3n acad\u00e9mica. Es titulada en<\/span> <i><span style=\"font-weight: 400;\">Psychology and Social Sciences<\/span><\/i><span style=\"font-weight: 400;\">, y posee un m\u00e1ster en<\/span> <i><span style=\"font-weight: 400;\">Learning and Teaching<\/span><\/i><span style=\"font-weight: 400;\"> por la Universidad de Oxford. Adem\u00e1s, est\u00e1 certificada como<\/span><i><span style=\"font-weight: 400;\"> Level 6 Certified Career Counsellor<\/span><\/i><span style=\"font-weight: 400;\"> y ha completado la <\/span><span style=\"font-weight: 400;\">\u00a0<\/span><i><span style=\"font-weight: 400;\">National Professional Qualification for Headship<\/span><\/i><span style=\"font-weight: 400;\"> (NPQH).<\/span><\/p><p><span style=\"font-weight: 400;\">Ha ocupado puestos de liderazgo tanto en colegios como en el \u00e1mbito universitario. Fue subdirectora en Gordon\u2019s School, uno de los mejores internados p\u00fablicos del Reino Unido, bajo el patrocinio de Su Majestad el Rey, y ha desempe\u00f1ado cargos clave como directora de bachillerato, responsable de orientaci\u00f3n universitaria y coordinadora del EPQ (<\/span><i><span style=\"font-weight: 400;\">Extended Project Qualification<\/span><\/i><span style=\"font-weight: 400;\">).<\/span><\/p><p><span style=\"font-weight: 400;\">En educaci\u00f3n superior, fue directora de programas de grados en <\/span><i><span style=\"font-weight: 400;\">BSc Psychology, Criminology, Psychology &amp; Sociology<\/span><\/i><span style=\"font-weight: 400;\">, en colaboraci\u00f3n con la Universidad de Surrey. En ese rol, dise\u00f1\u00f3 y dirigi\u00f3 programas acad\u00e9micos que combinaban el rigor intelectual con la aplicabilidad pr\u00e1ctica, preparando a los estudiantes para alcanzar el \u00e9xito en la universidad y m\u00e1s all\u00e1.<\/span><\/p><p><span style=\"font-weight: 400;\">Mrs. Radford lidera Virtus College con una visi\u00f3n clara: cultivar la excelencia acad\u00e9mica, el car\u00e1cter y la confianza de cada alumno, prepar\u00e1ndolos para prosperar en un mundo complejo y din\u00e1mico.<\/span><\/p>\t\t\t\t\t\t\t\t<\/div>\n\t\t\t\t<\/div>\n\t\t\t\t<\/div>\n\t\t<div class=\"elementor-element elementor-element-97ba924 e-con-full e-flex e-con e-child\" data-id=\"97ba924\" data-element_type=\"container\" data-e-type=\"container\" data-settings=\"{&quot;background_background&quot;:&quot;classic&quot;}\">\n\t\t\t\t<div class=\"elementor-element elementor-element-e4747c9 elementor-widget elementor-widget-image\" data-id=\"e4747c9\" data-element_type=\"widget\" data-e-type=\"widget\" data-widget_type=\"image.default\">\n\t\t\t\t<div class=\"elementor-widget-container\">\n\t\t\t\t\t\t\t\t\t\t\t\t\t\t\t<img fetchpriority=\"high\" decoding=\"async\" width=\"640\" height=\"800\" src=\"https:\/\/virtuscollege.com\/wp-content\/uploads\/2025\/04\/Sandra-Radford-Headteacher-Virtus-College-2024.jpg\" class=\"attachment-large size-large wp-image-290\" alt=\"\" srcset=\"https:\/\/virtuscollege.com\/wp-content\/uploads\/2025\/04\/Sandra-Radford-Headteacher-Virtus-College-2024.jpg 640w, https:\/\/virtuscollege.com\/wp-content\/uploads\/2025\/04\/Sandra-Radford-Headteacher-Virtus-College-2024-240x300.jpg 240w\" sizes=\"(max-width: 640px) 100vw, 640px\" \/>\t\t\t\t\t\t\t\t\t\t\t\t\t\t\t<\/div>\n\t\t\t\t<\/div>\n\t\t\t\t<\/div>\n\t\t\t\t<\/div>\n\t\t<div class=\"elementor-element elementor-element-dc2c433 e-con-full e-flex e-con e-child\" data-id=\"dc2c433\" data-element_type=\"container\" data-e-type=\"container\" data-settings=\"{&quot;background_background&quot;:&quot;classic&quot;}\">\n\t\t<div class=\"elementor-element elementor-element-2dc9e6c e-con-full e-flex e-con e-child\" data-id=\"2dc9e6c\" data-element_type=\"container\" data-e-type=\"container\">\n\t\t\t\t<div class=\"elementor-element elementor-element-f98d872 elementor-widget elementor-widget-image\" data-id=\"f98d872\" data-element_type=\"widget\" data-e-type=\"widget\" data-widget_type=\"image.default\">\n\t\t\t\t<div class=\"elementor-widget-container\">\n\t\t\t\t\t\t\t\t\t\t\t\t\t\t\t<img decoding=\"async\" width=\"640\" height=\"800\" src=\"https:\/\/virtuscollege.com\/wp-content\/uploads\/2025\/07\/Natasha-Sharoff-\u2013-Deputy-Head-Academic.jpg\" class=\"attachment-large size-large wp-image-4216\" alt=\"\" srcset=\"https:\/\/virtuscollege.com\/wp-content\/uploads\/2025\/07\/Natasha-Sharoff-\u2013-Deputy-Head-Academic.jpg 640w, https:\/\/virtuscollege.com\/wp-content\/uploads\/2025\/07\/Natasha-Sharoff-\u2013-Deputy-Head-Academic-240x300.jpg 240w\" sizes=\"(max-width: 640px) 100vw, 640px\" \/>\t\t\t\t\t\t\t\t\t\t\t\t\t\t\t<\/div>\n\t\t\t\t<\/div>\n\t\t\t\t<\/div>\n\t\t<div class=\"elementor-element elementor-element-2e6c51b e-con-full e-flex e-con e-child\" data-id=\"2e6c51b\" data-element_type=\"container\" data-e-type=\"container\" data-settings=\"{&quot;background_background&quot;:&quot;classic&quot;}\">\n\t\t\t\t<div class=\"elementor-element elementor-element-6a2248d elementor-widget elementor-widget-heading\" data-id=\"6a2248d\" data-element_type=\"widget\" data-e-type=\"widget\" data-widget_type=\"heading.default\">\n\t\t\t\t<div class=\"elementor-widget-container\">\n\t\t\t\t\t<h2 class=\"elementor-heading-title elementor-size-default\">Natasha Sharoff<\/h2>\t\t\t\t<\/div>\n\t\t\t\t<\/div>\n\t\t\t\t<div class=\"elementor-element elementor-element-30a514e elementor-widget elementor-widget-heading\" data-id=\"30a514e\" data-element_type=\"widget\" data-e-type=\"widget\" data-widget_type=\"heading.default\">\n\t\t\t\t<div class=\"elementor-widget-container\">\n\t\t\t\t\t<h2 class=\"elementor-heading-title elementor-size-default\">Subdirectora Acad\u00e9mica<\/h2>\t\t\t\t<\/div>\n\t\t\t\t<\/div>\n\t\t\t\t<div class=\"elementor-element elementor-element-e76b1f7 elementor-widget elementor-widget-text-editor\" data-id=\"e76b1f7\" data-element_type=\"widget\" data-e-type=\"widget\" data-widget_type=\"text-editor.default\">\n\t\t\t\t<div class=\"elementor-widget-container\">\n\t\t\t\t\t\t\t\t\t<p><span style=\"font-weight: 400;\">Natasha Sharoff estudi\u00f3 <\/span><i><span style=\"font-weight: 400;\">Law<\/span><\/i><span style=\"font-weight: 400;\"> en la London School of Economics y acumula m\u00e1s de 15 a\u00f1os de experiencia en educaci\u00f3n internacional. Actualmente es subdirectora acad\u00e9mica en Virtus College, donde tambi\u00e9n imparte Econom\u00eda en A-level.<\/span><\/p><p><span style=\"font-weight: 400;\">Es examinadora oficial de Pearson Edexcel para <\/span><i><span style=\"font-weight: 400;\">Economics A-Level<\/span><\/i><span style=\"font-weight: 400;\"> y est\u00e1 acreditada como orientadora universitaria mediante el programa CAP (<\/span><i><span style=\"font-weight: 400;\">Counsellor Accreditation Programme<\/span><\/i><span style=\"font-weight: 400;\">). Ha trabajado como docente en Runnymede College y fund\u00f3 su propio centro de apoyo acad\u00e9mico. Cuenta con un iPGCE del TES Institute y est\u00e1 finalizando la cualificaci\u00f3n nacional para liderazgo escolar (NPQSL) para consolidar su perfil directivo. Asimismo, es miembro de la junta directiva de la Indian Women\u2019s Charity Association en Madrid, apoyando iniciativas comunitarias y educativas.<\/span><\/p>\t\t\t\t\t\t\t\t<\/div>\n\t\t\t\t<\/div>\n\t\t\t\t<\/div>\n\t\t\t\t<\/div>\n\t\t\t\t<\/div>\n\t\t\t\t\t<\/div>\n\t\t\t\t<\/div>\n\t\t\t\t<\/div>\n\t\t","protected":false},"excerpt":{"rendered":"<p>Equipo directivo. Un equipo de liderazgo guiado por valores, unido por una visi\u00f3n com\u00fan: fomentar la excelencia, la ambici\u00f3n y el car\u00e1cter en cada alumno. Juntos, marcan el rumbo de Virtus College y garantizan una cultura de altas aspiraciones y atenci\u00f3n personalizada. Una visi\u00f3n clara que impulsa la excelencia. El equipo directivo de Virtus College [&hellip;]<\/p>\n","protected":false},"author":2,"featured_media":1844,"parent":32,"menu_order":0,"comment_status":"closed","ping_status":"closed","template":"","meta":{"_acf_changed":false,"footnotes":""},"class_list":["post-4175","page","type-page","status-publish","has-post-thumbnail","hentry"],"acf":[],"_links":{"self":[{"href":"https:\/\/virtuscollege.com\/es\/wp-json\/wp\/v2\/pages\/4175","targetHints":{"allow":["GET"]}}],"collection":[{"href":"https:\/\/virtuscollege.com\/es\/wp-json\/wp\/v2\/pages"}],"about":[{"href":"https:\/\/virtuscollege.com\/es\/wp-json\/wp\/v2\/types\/page"}],"author":[{"embeddable":true,"href":"https:\/\/virtuscollege.com\/es\/wp-json\/wp\/v2\/users\/2"}],"replies":[{"embeddable":true,"href":"https:\/\/virtuscollege.com\/es\/wp-json\/wp\/v2\/comments?post=4175"}],"version-history":[{"count":131,"href":"https:\/\/virtuscollege.com\/es\/wp-json\/wp\/v2\/pages\/4175\/revisions"}],"predecessor-version":[{"id":10938,"href":"https:\/\/virtuscollege.com\/es\/wp-json\/wp\/v2\/pages\/4175\/revisions\/10938"}],"up":[{"embeddable":true,"href":"https:\/\/virtuscollege.com\/es\/wp-json\/wp\/v2\/pages\/32"}],"wp:featuredmedia":[{"embeddable":true,"href":"https:\/\/virtuscollege.com\/es\/wp-json\/wp\/v2\/media\/1844"}],"wp:attachment":[{"href":"https:\/\/virtuscollege.com\/es\/wp-json\/wp\/v2\/media?parent=4175"}],"curies":[{"name":"wp","href":"https:\/\/api.w.org\/{rel}","templated":true}]}}