{"id":277,"date":"2025-04-07T11:48:54","date_gmt":"2025-04-07T09:48:54","guid":{"rendered":"https:\/\/virtuscollege.com\/?page_id=277"},"modified":"2025-11-27T16:10:39","modified_gmt":"2025-11-27T15:10:39","slug":"colegio-britanico-a-levels-madrid","status":"publish","type":"page","link":"https:\/\/virtuscollege.com\/es\/sobre-nosotros\/colegio-britanico-a-levels-madrid\/","title":{"rendered":"Historia del colegio"},"content":{"rendered":"\t\t<div data-elementor-type=\"wp-page\" data-elementor-id=\"277\" class=\"elementor elementor-277\" data-elementor-post-type=\"page\">\n\t\t\t\t<div class=\"elementor-element elementor-element-37fea77 e-con-full e-flex e-con e-parent\" data-id=\"37fea77\" data-element_type=\"container\" data-e-type=\"container\">\n\t\t\t\t<div class=\"elementor-element elementor-element-efaee4e elementor-widget__width-auto elementor-absolute elementor-widget elementor-widget-heading\" data-id=\"efaee4e\" data-element_type=\"widget\" data-e-type=\"widget\" data-settings=\"{&quot;_position&quot;:&quot;absolute&quot;}\" data-widget_type=\"heading.default\">\n\t\t\t\t<div class=\"elementor-widget-container\">\n\t\t\t\t\t<h2 class=\"elementor-heading-title elementor-size-default\">Historia<\/h2>\t\t\t\t<\/div>\n\t\t\t\t<\/div>\n\t\t\t\t<div class=\"elementor-element elementor-element-540cb31 elementor-widget__width-auto elementor-absolute elementor-widget elementor-widget-heading\" data-id=\"540cb31\" data-element_type=\"widget\" data-e-type=\"widget\" data-settings=\"{&quot;_position&quot;:&quot;absolute&quot;}\" data-widget_type=\"heading.default\">\n\t\t\t\t<div class=\"elementor-widget-container\">\n\t\t\t\t\t<h2 class=\"elementor-heading-title elementor-size-default\"><span style=\"color: #fff\"> del colegio<\/span>.<\/h2>\t\t\t\t<\/div>\n\t\t\t\t<\/div>\n\t\t\t\t<div class=\"elementor-element elementor-element-9024d25 elementor-widget elementor-widget-text-editor\" data-id=\"9024d25\" data-element_type=\"widget\" data-e-type=\"widget\" data-widget_type=\"text-editor.default\">\n\t\t\t\t<div class=\"elementor-widget-container\">\n\t\t\t\t\t\t\t\t\t<p>Fundado en 2016, Virtus College combina la tradici\u00f3n de la educaci\u00f3n brit\u00e1nica con un enfoque innovador y personalizado. Desde nuestro campus dise\u00f1ado a medida hasta un profesorado de primer nivel internacional, cada elemento ha sido concebido para fomentar la excelencia acad\u00e9mica y el crecimiento individual de nuestros alumnos.<\/p>\t\t\t\t\t\t\t\t<\/div>\n\t\t\t\t<\/div>\n\t\t\t\t<\/div>\n\t\t<div class=\"elementor-element elementor-element-96b6e7d e-con-full e-flex e-con e-parent\" data-id=\"96b6e7d\" data-element_type=\"container\" data-e-type=\"container\">\n\t\t<div class=\"elementor-element elementor-element-21531a6 e-flex e-con-boxed e-con e-child\" data-id=\"21531a6\" data-element_type=\"container\" data-e-type=\"container\">\n\t\t\t\t\t<div class=\"e-con-inner\">\n\t\t\t\t<div class=\"elementor-element elementor-element-8084926 elementor-widget elementor-widget-heading\" data-id=\"8084926\" data-element_type=\"widget\" data-e-type=\"widget\" data-widget_type=\"heading.default\">\n\t\t\t\t<div class=\"elementor-widget-container\">\n\t\t\t\t\t<h4 class=\"elementor-heading-title elementor-size-default\">Los comienzos<span style=\"color: #BF9A58\"> de Virtus College<\/span>.<\/h4>\t\t\t\t<\/div>\n\t\t\t\t<\/div>\n\t\t\t\t<div class=\"elementor-element elementor-element-215e310 elementor-widget elementor-widget-text-editor\" data-id=\"215e310\" data-element_type=\"widget\" data-e-type=\"widget\" data-widget_type=\"text-editor.default\">\n\t\t\t\t<div class=\"elementor-widget-container\">\n\t\t\t\t\t\t\t\t\t<p><span style=\"font-weight: 400;\">Fundado en 2016 por antiguos alumnos de Oxford e Imperial College, <\/span><b>Virtus College <\/b><span style=\"font-weight: 400;\">es un prestigioso colegio de <\/span><i><span style=\"font-weight: 400;\">Sixth Form <\/span><\/i><span style=\"font-weight: 400;\">(<\/span><b>bachillerato<\/b> <b>brit\u00e1nico<\/b><span style=\"font-weight: 400;\">) ubicado en el coraz\u00f3n de Madrid.<\/span><\/p><p><span style=\"font-weight: 400;\">Nos especializamos en los dos \u00faltimos cursos de la etapa escolar, con una misi\u00f3n clara: ofrecer una educaci\u00f3n basada en la <\/span><b>excelencia acad\u00e9mica<\/b><span style=\"font-weight: 400;\">, el <\/span><b>aprendizaje personalizado<\/b><span style=\"font-weight: 400;\"> y la <\/span><b>innovaci\u00f3n educativa<\/b><span style=\"font-weight: 400;\">.<\/span><\/p><p><span style=\"font-weight: 400;\">Gracias a grupos reducidos, que nunca superan los diez alumnos por aula, garantizamos una <\/span><b>ense\u00f1anza verdaderamente personalizada<\/b><span style=\"font-weight: 400;\">, que potencia el talento individual y las aspiraciones de cada estudiante. Inspirados por la tradici\u00f3n de los colegios brit\u00e1nicos, fomentamos una relaci\u00f3n cercana entre alumnos y profesores, dentro de una cultura acad\u00e9mica din\u00e1mica y exigente. Nuestro equipo docente, altamente cualificado y comprometido, acompa\u00f1a a cada estudiante no solo en su crecimiento intelectual, sino tambi\u00e9n en su desarrollo emocional y personal. En Virtus College no seguimos tendencias: las creamos. Guiamos a nuestros alumnos hacia las <\/span><b>mejores universidades del mundo,<\/b><span style=\"font-weight: 400;\"> ayud\u00e1ndoles a construir un futuro s\u00f3lido y lleno de posibilidades.<\/span><\/p>\t\t\t\t\t\t\t\t<\/div>\n\t\t\t\t<\/div>\n\t\t\t\t\t<\/div>\n\t\t\t\t<\/div>\n\t\t<div class=\"elementor-element elementor-element-f9d9900 e-con-full e-flex e-con e-child\" data-id=\"f9d9900\" data-element_type=\"container\" data-e-type=\"container\" data-settings=\"{&quot;background_background&quot;:&quot;classic&quot;}\">\n\t\t\t\t<div class=\"elementor-element elementor-element-70a6487 elementor-widget elementor-widget-spacer\" data-id=\"70a6487\" data-element_type=\"widget\" data-e-type=\"widget\" data-widget_type=\"spacer.default\">\n\t\t\t\t<div class=\"elementor-widget-container\">\n\t\t\t\t\t\t\t<div class=\"elementor-spacer\">\n\t\t\t<div class=\"elementor-spacer-inner\"><\/div>\n\t\t<\/div>\n\t\t\t\t\t\t<\/div>\n\t\t\t\t<\/div>\n\t\t\t\t<\/div>\n\t\t\t\t<\/div>\n\t\t<div class=\"elementor-element elementor-element-59e0f17f e-con-full e-flex e-con e-parent\" data-id=\"59e0f17f\" data-element_type=\"container\" data-e-type=\"container\">\n\t\t<div class=\"elementor-element elementor-element-7b91e2b7 e-con-full e-flex e-con e-child\" data-id=\"7b91e2b7\" data-element_type=\"container\" data-e-type=\"container\" data-settings=\"{&quot;background_background&quot;:&quot;classic&quot;}\">\n\t\t\t\t<div class=\"elementor-element elementor-element-5d8cce9e elementor-widget elementor-widget-heading\" data-id=\"5d8cce9e\" data-element_type=\"widget\" data-e-type=\"widget\" data-widget_type=\"heading.default\">\n\t\t\t\t<div class=\"elementor-widget-container\">\n\t\t\t\t\t<h4 class=\"elementor-heading-title elementor-size-default\">Un campus<span style=\"color: #BF9A58\"> <br>pre-universitario<\/span>.<\/h4>\t\t\t\t<\/div>\n\t\t\t\t<\/div>\n\t\t<div class=\"elementor-element elementor-element-4d993c17 e-con-full e-flex e-con e-child\" data-id=\"4d993c17\" data-element_type=\"container\" data-e-type=\"container\">\n\t\t<div class=\"elementor-element elementor-element-464d0937 e-con-full e-flex e-con e-child\" data-id=\"464d0937\" data-element_type=\"container\" data-e-type=\"container\" data-settings=\"{&quot;animation_mobile&quot;:&quot;none&quot;}\">\n\t\t\t\t<div class=\"elementor-element elementor-element-5c34d915 elementor-widget elementor-widget-text-editor\" data-id=\"5c34d915\" data-element_type=\"widget\" data-e-type=\"widget\" data-widget_type=\"text-editor.default\">\n\t\t\t\t<div class=\"elementor-widget-container\">\n\t\t\t\t\t\t\t\t\t<p><span style=\"font-weight: 400;\">En 2023, Virtus College inaugur\u00f3 su nuevo campus, un espacio concebido espec\u00edficamente para reflejar el entorno de una universidad moderna.<\/span><\/p><p><span style=\"font-weight: 400;\">Cada rinc\u00f3n ha sido dise\u00f1ado para responder a las necesidades concretas del alumnado de A-Level: aulas luminosas, zonas tranquilas de estudio y espacios comunes inspiradores que favorecen la colaboraci\u00f3n y el bienestar.<\/span><\/p>\t\t\t\t\t\t\t\t<\/div>\n\t\t\t\t<\/div>\n\t\t\t\t<\/div>\n\t\t<div class=\"elementor-element elementor-element-1f024a34 e-con-full e-flex e-con e-child\" data-id=\"1f024a34\" data-element_type=\"container\" data-e-type=\"container\" data-settings=\"{&quot;animation_mobile&quot;:&quot;none&quot;}\">\n\t\t\t\t<div class=\"elementor-element elementor-element-4b8a4db4 elementor-widget elementor-widget-text-editor\" data-id=\"4b8a4db4\" data-element_type=\"widget\" data-e-type=\"widget\" data-widget_type=\"text-editor.default\">\n\t\t\t\t<div class=\"elementor-widget-container\">\n\t\t\t\t\t\t\t\t\t<p><span style=\"font-weight: 400;\">Rodeados de excelentes <\/span><b>instalaciones deportivas<\/b><span style=\"font-weight: 400;\">, nuestros estudiantes disfrutan de una formaci\u00f3n equilibrada que cuida tanto la mente como el cuerpo. Para quienes vienen desde fuera de Madrid o del extranjero, ofrecemos <\/span><b>residencia estudiantil<\/b><span style=\"font-weight: 400;\">, en un entorno seguro, c\u00f3modo y estimulante que act\u00faa como un hogar lejos de casa, promoviendo la autonom\u00eda dentro de una comunidad estructurada y acogedora.<\/span><\/p>\t\t\t\t\t\t\t\t<\/div>\n\t\t\t\t<\/div>\n\t\t\t\t<\/div>\n\t\t\t\t<\/div>\n\t\t\t\t<div class=\"elementor-element elementor-element-da3463a elementor-align-center elementor-widget elementor-widget-button\" data-id=\"da3463a\" data-element_type=\"widget\" data-e-type=\"widget\" data-widget_type=\"button.default\">\n\t\t\t\t<div class=\"elementor-widget-container\">\n\t\t\t\t\t\t\t\t\t<div class=\"elementor-button-wrapper\">\n\t\t\t\t\t<a class=\"elementor-button elementor-button-link elementor-size-sm\" href=\"https:\/\/virtuscollege.com\/es\/campus\/instalaciones-de-virtus-college\/\">\n\t\t\t\t\t\t<span class=\"elementor-button-content-wrapper\">\n\t\t\t\t\t\t\t\t\t<span class=\"elementor-button-text\">Campus del colegio<\/span>\n\t\t\t\t\t<\/span>\n\t\t\t\t\t<\/a>\n\t\t\t\t<\/div>\n\t\t\t\t\t\t\t\t<\/div>\n\t\t\t\t<\/div>\n\t\t\t\t<\/div>\n\t\t\t\t<\/div>\n\t\t<div class=\"elementor-element elementor-element-ff55eb2 e-con-full e-flex e-con e-parent\" data-id=\"ff55eb2\" data-element_type=\"container\" data-e-type=\"container\">\n\t\t<div class=\"elementor-element elementor-element-3b65bdd2 e-con-full e-flex e-con e-child\" data-id=\"3b65bdd2\" data-element_type=\"container\" data-e-type=\"container\">\n\t\t\t\t<div class=\"elementor-element elementor-element-1821bee1 elementor-widget elementor-widget-heading\" data-id=\"1821bee1\" data-element_type=\"widget\" data-e-type=\"widget\" data-widget_type=\"heading.default\">\n\t\t\t\t<div class=\"elementor-widget-container\">\n\t\t\t\t\t<h4 class=\"elementor-heading-title elementor-size-default\">Un colegio<span style=\"color: #BF9A58\"> independiente<\/span>.<\/h4>\t\t\t\t<\/div>\n\t\t\t\t<\/div>\n\t\t\t\t<div class=\"elementor-element elementor-element-7db2082 elementor-widget__width-initial elementor-absolute animated-fast elementor-hidden-tablet elementor-hidden-mobile elementor-invisible elementor-widget elementor-widget-spacer\" data-id=\"7db2082\" data-element_type=\"widget\" data-e-type=\"widget\" data-settings=\"{&quot;_position&quot;:&quot;absolute&quot;,&quot;_animation&quot;:&quot;slideInLeft&quot;}\" data-widget_type=\"spacer.default\">\n\t\t\t\t<div class=\"elementor-widget-container\">\n\t\t\t\t\t\t\t<div class=\"elementor-spacer\">\n\t\t\t<div class=\"elementor-spacer-inner\"><\/div>\n\t\t<\/div>\n\t\t\t\t\t\t<\/div>\n\t\t\t\t<\/div>\n\t\t<div class=\"elementor-element elementor-element-46e0f95 e-con-full e-flex e-con e-child\" data-id=\"46e0f95\" data-element_type=\"container\" data-e-type=\"container\">\n\t\t<div class=\"elementor-element elementor-element-341b65e e-con-full e-flex e-con e-child\" data-id=\"341b65e\" data-element_type=\"container\" data-e-type=\"container\">\n\t\t\t\t<div class=\"elementor-element elementor-element-d286218 elementor-widget elementor-widget-text-editor\" data-id=\"d286218\" data-element_type=\"widget\" data-e-type=\"widget\" data-widget_type=\"text-editor.default\">\n\t\t\t\t<div class=\"elementor-widget-container\">\n\t\t\t\t\t\t\t\t\t<p><span style=\"font-weight: 400;\">Virtus College es un colegio brit\u00e1nico totalmente independiente, sin sujeci\u00f3n a ning\u00fan fondo externo.<\/span><\/p><p><span style=\"font-weight: 400;\">Esta autonom\u00eda es esencial para nuestra filosof\u00eda: nos permite mantener los m\u00e1s <\/span><b>altos est\u00e1ndares educativos<\/b><span style=\"font-weight: 400;\">, tomar decisiones centradas exclusivamente en el bienestar del alumno y desarrollar una visi\u00f3n educativa propia, sin concesiones.<\/span><\/p><p><span style=\"font-weight: 400;\">A la vez, somos<\/span><b> socios acreditados de\u00a0<a href=\"https:\/\/www.britishschools.net\/\" target=\"_blank\" rel=\"noopener\">The Schools Trust<\/a><span style=\"font-weight: 400;\">,<\/span><\/b><span style=\"font-weight: 400;\"> una organizaci\u00f3n registrada en Reino Unido que respalda a colegios internacionales de primer nivel en todo el mundo. Esta colaboraci\u00f3n refuerza nuestra perspectiva global y nuestro compromiso compartido: inspirar el amor por el aprendizaje, defender los valores brit\u00e1nicos y fomentar la b\u00fasqueda de metas acad\u00e9micas y personales ambiciosas.<\/span><span style=\"font-weight: 400;\"><br \/><\/span><\/p><p><span style=\"font-weight: 400;\">Nuestra evoluci\u00f3n continua cuenta con el respaldo de un consejo asesor formado por profesionales con m\u00e1s de cinco d\u00e9cadas de experiencia en la creaci\u00f3n y liderazgo de colegios internacionales de excelencia. Su visi\u00f3n estrat\u00e9gica garantiza que Virtus College se mantenga a la vanguardia de la educaci\u00f3n brit\u00e1nica innovadora, preparando a nuestros alumnos no solo con titulaciones, sino con las habilidades, mentalidad y car\u00e1cter necesarios para prosperar en un mundo cambiante<\/span><span style=\"font-family: -apple-system, BlinkMacSystemFont, 'Segoe UI', Roboto, 'Helvetica Neue', Arial, 'Noto Sans', sans-serif, 'Apple Color Emoji', 'Segoe UI Emoji', 'Segoe UI Symbol', 'Noto Color Emoji';\">.<\/span><\/p>\t\t\t\t\t\t\t\t<\/div>\n\t\t\t\t<\/div>\n\t\t\t\t<\/div>\n\t\t<div class=\"elementor-element elementor-element-2561271 e-con-full e-flex e-con e-child\" data-id=\"2561271\" data-element_type=\"container\" data-e-type=\"container\">\n\t\t\t\t<div class=\"elementor-element elementor-element-96b1e4e elementor-widget elementor-widget-image\" data-id=\"96b1e4e\" data-element_type=\"widget\" data-e-type=\"widget\" data-widget_type=\"image.default\">\n\t\t\t\t<div class=\"elementor-widget-container\">\n\t\t\t\t\t\t\t\t\t\t\t\t\t\t\t<img fetchpriority=\"high\" decoding=\"async\" width=\"800\" height=\"534\" src=\"https:\/\/virtuscollege.com\/wp-content\/uploads\/2025\/05\/An-independent-school-ok-1024x683.jpg\" class=\"attachment-large size-large wp-image-1314\" alt=\"\" srcset=\"https:\/\/virtuscollege.com\/wp-content\/uploads\/2025\/05\/An-independent-school-ok-1024x683.jpg 1024w, https:\/\/virtuscollege.com\/wp-content\/uploads\/2025\/05\/An-independent-school-ok-300x200.jpg 300w, https:\/\/virtuscollege.com\/wp-content\/uploads\/2025\/05\/An-independent-school-ok-768x512.jpg 768w, https:\/\/virtuscollege.com\/wp-content\/uploads\/2025\/05\/An-independent-school-ok-1536x1024.jpg 1536w, https:\/\/virtuscollege.com\/wp-content\/uploads\/2025\/05\/An-independent-school-ok.jpg 1920w\" sizes=\"(max-width: 800px) 100vw, 800px\" \/>\t\t\t\t\t\t\t\t\t\t\t\t\t\t\t<\/div>\n\t\t\t\t<\/div>\n\t\t\t\t<\/div>\n\t\t\t\t<\/div>\n\t\t\t\t<\/div>\n\t\t\t\t<\/div>\n\t\t\t\t<\/div>\n\t\t","protected":false},"excerpt":{"rendered":"<p>Historia del colegio. Fundado en 2016, Virtus College combina la tradici\u00f3n de la educaci\u00f3n brit\u00e1nica con un enfoque innovador y personalizado. Desde nuestro campus dise\u00f1ado a medida hasta un profesorado de primer nivel internacional, cada elemento ha sido concebido para fomentar la excelencia acad\u00e9mica y el crecimiento individual de nuestros alumnos. Los comienzos de Virtus [&hellip;]<\/p>\n","protected":false},"author":2,"featured_media":1323,"parent":32,"menu_order":0,"comment_status":"closed","ping_status":"closed","template":"","meta":{"_acf_changed":false,"footnotes":""},"class_list":["post-277","page","type-page","status-publish","has-post-thumbnail","hentry"],"acf":[],"_links":{"self":[{"href":"https:\/\/virtuscollege.com\/es\/wp-json\/wp\/v2\/pages\/277","targetHints":{"allow":["GET"]}}],"collection":[{"href":"https:\/\/virtuscollege.com\/es\/wp-json\/wp\/v2\/pages"}],"about":[{"href":"https:\/\/virtuscollege.com\/es\/wp-json\/wp\/v2\/types\/page"}],"author":[{"embeddable":true,"href":"https:\/\/virtuscollege.com\/es\/wp-json\/wp\/v2\/users\/2"}],"replies":[{"embeddable":true,"href":"https:\/\/virtuscollege.com\/es\/wp-json\/wp\/v2\/comments?post=277"}],"version-history":[{"count":430,"href":"https:\/\/virtuscollege.com\/es\/wp-json\/wp\/v2\/pages\/277\/revisions"}],"predecessor-version":[{"id":9640,"href":"https:\/\/virtuscollege.com\/es\/wp-json\/wp\/v2\/pages\/277\/revisions\/9640"}],"up":[{"embeddable":true,"href":"https:\/\/virtuscollege.com\/es\/wp-json\/wp\/v2\/pages\/32"}],"wp:featuredmedia":[{"embeddable":true,"href":"https:\/\/virtuscollege.com\/es\/wp-json\/wp\/v2\/media\/1323"}],"wp:attachment":[{"href":"https:\/\/virtuscollege.com\/es\/wp-json\/wp\/v2\/media?parent=277"}],"curies":[{"name":"wp","href":"https:\/\/api.w.org\/{rel}","templated":true}]}}